{"id":66824,"date":"2022-11-24T14:02:42","date_gmt":"2022-11-24T13:02:42","guid":{"rendered":"https:\/\/mont-roig.cat\/?page_id=66824"},"modified":"2026-03-04T16:56:41","modified_gmt":"2026-03-04T15:56:41","slug":"presupuestos-participativos","status":"publish","type":"page","link":"https:\/\/mont-roig.cat\/es\/govern-obert\/participacion-ciudadana\/procesos-participativos\/presupuestos-participativos\/","title":{"rendered":"Presupuestos participativos"},"content":{"rendered":"<div class=\"wpb-content-wrapper\">[vc_row][vc_column][vc_column_text]<a href=\"https:\/\/mont-roig.cat\/wp-content\/uploads\/mm_pressupostos_cartellA3.png\" target=\"_blank\" rel=\"noopener\"><img loading=\"lazy\" decoding=\"async\" class=\"alignright wp-image-67058\" src=\"https:\/\/mont-roig.cat\/wp-content\/uploads\/mm_pressupostos_cartellA3-353x500.png\" alt=\"\" width=\"250\" height=\"354\" \/><\/a>El Ayuntamiento ha puesto en marcha la primera edici\u00f3n de presupuestos participativos, un proceso participativo donde la ciudadan\u00eda puede decidir en qu\u00e9 proyectos de inversi\u00f3n se destinar\u00e1n 300.000\u20ac del presupuesto municipal.<\/p>\n<p>Los presupuestos participativos son una apuesta por que la ciudadan\u00eda se implique en el desarrollo de pol\u00edticas p\u00fablicas y, por tanto, en la elaboraci\u00f3n de una parte de los presupuestos municipales.<\/p>\n<p>Este proceso participativo posibilita la reflexi\u00f3n de necesidades, la identificaci\u00f3n de demandas, la priorizaci\u00f3n de los presupuestos y el seguimiento de la ejecuci\u00f3n del presupuesto y, por tanto, la rendici\u00f3n de cuentas continuada por parte del equipo de gobierno. Adem\u00e1s, los presupuestos participativos aportan importantes beneficios en cuanto a la convivencia, la cohesi\u00f3n social, el sentimiento de pertenencia a la comunidad y puede convertirse en un importante espacio de aprendizaje en participaci\u00f3n.[\/vc_column_text][vc_column_text css=&#8221;&#8221;]<strong>Ejecuci\u00f3n: <\/strong><\/p>\n<ul>\n<li><a href=\"https:\/\/mont-roig.cat\/actualitat\/noticies\/lajuntament-de-mont-roig-del-camp-finalitza-el-primer-projecte-dels-pressupostos-participatius-2022\/\" target=\"_blank\" rel=\"noopener\" data-wpel-link=\"internal\">El Ayuntamiento de Mont-roig del Camp finaliza el primer proyecto de los Presupuestos Participativos 2022<\/a><\/li>\n<\/ul>\n[\/vc_column_text][vc_column_text]<strong>Resultados<\/strong>:<\/p>\n<p>Los proyectos ganadores se ejecutar\u00e1n con la partida de 300.000 \u20ac del presupuesto de 2023.<\/p>\n<ul>\n<li><a href=\"https:\/\/mont-roig.cat\/es\/actualitat\/noticies\/la-ciutadania-ja-ha-escollit-els-8-projectes-que-es-financaran-amb-els-300-000-euros-dels-pressupostos-participatius\/\" target=\"_blank\" rel=\"noopener\">La ciudadan\u00eda ya ha escogido los 8 proyectos que se financiar\u00e1n con los 300.000 euros de los presupuestos participativos<\/a><\/li>\n<\/ul>\n[\/vc_column_text][vc_btn title=&#8221;Proyectos ganadores&#8221; color=&#8221;ajmrcc&#8221; link=&#8221;url:https%3A%2F%2Fmont-roig.cat%2Fwp-content%2Fuploads%2FRESULTATS-PRESSUPOSTOS-PARTICIPATIUS-2023.pdf|target:_blank&#8221;][vc_column_text]<strong>Votaciones<\/strong><\/p>\n<p>La fase de votaciones se inici\u00f3 el 6 de marzo y finaliz\u00f3 el 17 de marzo de 2023<\/p>\n<p>En esta fase, la ciudadan\u00eda mayor de 16 a\u00f1os empadronada en el municipio, decidi\u00f3 cu\u00e1les son los proyectos ganadores en los que se invertir\u00e1n los 300.000\u20ac del presupuesto municipal. Se pod\u00edan escoger los proyectos favoritos hasta agotar el presupuesto disponible.<\/p>\n<p>La votaci\u00f3n se realiz\u00f3 presencialmente a trav\u00e9s de las OMAC y telem\u00e1ticamente a trav\u00e9s de la App eAgora <a href=\"https:\/\/mont-roig.cat\/wp-content\/uploads\/BUTLLETA-DE-VOTACIO-A4.pdf\" target=\"_blank\" rel=\"noopener\">(descarga el pdf).<\/a>[\/vc_column_text][vc_column_text]<strong>Valoraci\u00f3n t\u00e9cnica<\/strong><\/p>\n<p>Una vez cerrada la fase de presentaci\u00f3n de propuestas, los servicios t\u00e9cnicos municipales realizaron la validaci\u00f3n t\u00e9cnica y la valoraci\u00f3n econ\u00f3mica aproximada de cada una de las propuestas. De esta fase, salieron los proyectos finalistas que pasaron a la votaci\u00f3n por parte de la ciudadan\u00eda.<\/p>\n<ul>\n<li><a href=\"https:\/\/mont-roig.cat\/es\/actualitat\/noticies\/un-total-de-23-proyectos-pasan-a-la-fase-de-votaciones-de-los-presupuestos-participativos\/\" target=\"_blank\" rel=\"noopener\">Un total de 23 proyectos pasan a la fase de votaciones de los presupuestos participativos<\/a><\/li>\n<\/ul>\n[\/vc_column_text][vc_btn title=&#8221;Propuestas presentadas&#8221; color=&#8221;ajmrcc&#8221; link=&#8221;url:https%3A%2F%2Fmont-roig.cat%2Fes%2Fgovern-obert%2Fparticipacion-ciudadana%2Fprocesos-participativos%2Fpresupuestos-participativos%2Fpropuestas-presentadas%2F|target:_blank&#8221;][vc_column_text]<strong>Propuestas<\/strong><\/p>\n<p>La recogida de propuestas se inici\u00f3 el 9 de enero y finaliz\u00f3 el 30 de enero de 2023<\/p>\n<p>En esta fase, cualquier persona a t\u00edtulo individual o entidad pod\u00eda realizar propuestas a trav\u00e9s de la App eAgora (descarga para <a href=\"https:\/\/play.google.com\/store\/apps\/details?id=com.changers.eagora&amp;hl=es_419&amp;gl=US\" target=\"_blank\" rel=\"noopener\">android<\/a> o <a href=\"https:\/\/apps.apple.com\/es\/app\/eagora\/id1561556628\" target=\"_blank\" rel=\"noopener\">apple<\/a>, las OMAC\u00a0 y las Bibliotecas Municipales (<a href=\"https:\/\/mont-roig.cat\/wp-content\/uploads\/FORMULARI-PROPOSTES-DEF.pdf\" target=\"_blank\" rel=\"noopener\">descargar el formulario)<\/a>.<\/p>\n<p>En el formulario de propuestas consta un t\u00edtulo y una descripci\u00f3n del proyecto donde conste la ubicaci\u00f3n, los objetivos y un coste aproximado del proyecto. En el formulario tambi\u00e9n era necesario hacer constar con claridad los datos de contacto de la persona que realiza las propuestas: nombre y apellidos, tel\u00e9fono y\/o correo electr\u00f3nico, para que en caso necesario, poder contactar y clarificar posibles dudas.<\/p>\n<p>Las propuestas deb\u00edan cumplir una serie de criterios:<\/p>\n<p>Que sean legales.<br \/>\nDe competencia municipal.<br \/>\nQue hagan referencia a inversiones.<br \/>\nQue sean concretas y evaluables econ\u00f3micamente.<br \/>\nQue sean viables t\u00e9cnicamente.<br \/>\nQue no planteen acciones insostenibles ni de exclusi\u00f3n social.<br \/>\nQue sean de inter\u00e9s general y de disfrute para toda la poblaci\u00f3n.<\/p>\n<ul>\n<li><strong><a href=\"https:\/\/mont-roig.cat\/wp-content\/uploads\/ES_REGLAMENTO-DE-PRESUPUESTOS-PARTICIPATIVOS.pdf\" target=\"_blank\" rel=\"noopener\">Reglamento de los presupuestos participativos<\/a><\/strong><\/li>\n<li><strong><a href=\"https:\/\/mont-roig.cat\/wp-content\/uploads\/GUIA-PRACTICA-PRESSUPOSTOS-PARTICIPATIUS-1.pdf\" target=\"_blank\" rel=\"noopener\">Gu\u00eda pr\u00e1ctica Presupuestos participativos<\/a><\/strong><\/li>\n<li><strong><a href=\"https:\/\/mont-roig.cat\/wp-content\/uploads\/MEMORIA-DELS-PRESSUPOSTOS-PARTICIPATIUS-2023.pdf\" target=\"_blank\" rel=\"noopener\">Memoria de los Presupuestos Participativos 2023<\/a><\/strong><\/li>\n<\/ul>\n[\/vc_column_text][\/vc_column][\/vc_row]\n<\/div>","protected":false},"excerpt":{"rendered":"<p>[vc_row][vc_column][vc_column_text]El Ayuntamiento ha puesto en marcha la primera edici\u00f3n de presupuestos participativos, un proceso participativo donde la ciudadan\u00eda puede decidir en qu\u00e9 proyectos de inversi\u00f3n se destinar\u00e1n 300.000\u20ac del presupuesto municipal. Los presupuestos participativos son una apuesta por que la ciudadan\u00eda se implique en el desarrollo de pol\u00edticas p\u00fablicas y, por tanto, en la elaboraci\u00f3n [&hellip;]<\/p>\n","protected":false},"author":13,"featured_media":0,"parent":68844,"menu_order":0,"comment_status":"closed","ping_status":"closed","template":"","meta":{"inline_featured_image":false,"_monsterinsights_skip_tracking":false,"_monsterinsights_sitenote_active":false,"_monsterinsights_sitenote_note":"","_monsterinsights_sitenote_category":0,"footnotes":""},"class_list":["post-66824","page","type-page","status-publish","hentry"],"yoast_head":"<!-- This site is optimized with the Yoast SEO plugin v27.1.1 - https:\/\/yoast.com\/product\/yoast-seo-wordpress\/ -->\n<title>Presupuestos participativos - Ajuntament de Mont-roig del Camp<\/title>\n<meta name=\"robots\" content=\"index, follow, max-snippet:-1, max-image-preview:large, max-video-preview:-1\" \/>\n<link rel=\"canonical\" href=\"https:\/\/mont-roig.cat\/es\/govern-obert\/participacion-ciudadana\/procesos-participativos\/presupuestos-participativos\/\" \/>\n<meta property=\"og:locale\" content=\"es_ES\" \/>\n<meta property=\"og:type\" content=\"article\" \/>\n<meta property=\"og:title\" content=\"Presupuestos participativos - Ajuntament de Mont-roig del Camp\" \/>\n<meta property=\"og:description\" content=\"[vc_row][vc_column][vc_column_text]El Ayuntamiento ha puesto en marcha la primera edici\u00f3n de presupuestos participativos, un proceso participativo donde la ciudadan\u00eda puede decidir en qu\u00e9 proyectos de inversi\u00f3n se destinar\u00e1n 300.000\u20ac del presupuesto municipal. Los presupuestos participativos son una apuesta por que la ciudadan\u00eda se implique en el desarrollo de pol\u00edticas p\u00fablicas y, por tanto, en la elaboraci\u00f3n [&hellip;]\" \/>\n<meta property=\"og:url\" content=\"https:\/\/mont-roig.cat\/es\/govern-obert\/participacion-ciudadana\/procesos-participativos\/presupuestos-participativos\/\" \/>\n<meta property=\"og:site_name\" content=\"Ajuntament de Mont-roig del Camp\" \/>\n<meta property=\"article:modified_time\" content=\"2026-03-04T15:56:41+00:00\" \/>\n<meta property=\"og:image\" content=\"https:\/\/mont-roig.cat\/wp-content\/uploads\/aj-mont-roig-2.jpg\" \/>\n\t<meta property=\"og:image:width\" content=\"1200\" \/>\n\t<meta property=\"og:image:height\" content=\"600\" \/>\n\t<meta property=\"og:image:type\" content=\"image\/jpeg\" \/>\n<meta name=\"twitter:card\" content=\"summary_large_image\" \/>\n<meta name=\"twitter:label1\" content=\"Tiempo de lectura\" \/>\n\t<meta name=\"twitter:data1\" content=\"4 minutos\" \/>\n<script type=\"application\/ld+json\" class=\"yoast-schema-graph\">{\"@context\":\"https:\/\/schema.org\",\"@graph\":[{\"@type\":\"WebPage\",\"@id\":\"https:\/\/mont-roig.cat\/es\/govern-obert\/participacion-ciudadana\/procesos-participativos\/presupuestos-participativos\/\",\"url\":\"https:\/\/mont-roig.cat\/es\/govern-obert\/participacion-ciudadana\/procesos-participativos\/presupuestos-participativos\/\",\"name\":\"Presupuestos participativos - Ajuntament de Mont-roig del Camp\",\"isPartOf\":{\"@id\":\"https:\/\/mont-roig.cat\/es\/#website\"},\"primaryImageOfPage\":{\"@id\":\"https:\/\/mont-roig.cat\/es\/govern-obert\/participacion-ciudadana\/procesos-participativos\/presupuestos-participativos\/#primaryimage\"},\"image\":{\"@id\":\"https:\/\/mont-roig.cat\/es\/govern-obert\/participacion-ciudadana\/procesos-participativos\/presupuestos-participativos\/#primaryimage\"},\"thumbnailUrl\":\"https:\/\/mont-roig.cat\/wp-content\/uploads\/mm_pressupostos_cartellA3-353x500.png\",\"datePublished\":\"2022-11-24T13:02:42+00:00\",\"dateModified\":\"2026-03-04T15:56:41+00:00\",\"breadcrumb\":{\"@id\":\"https:\/\/mont-roig.cat\/es\/govern-obert\/participacion-ciudadana\/procesos-participativos\/presupuestos-participativos\/#breadcrumb\"},\"inLanguage\":\"es\",\"potentialAction\":[{\"@type\":\"ReadAction\",\"target\":[\"https:\/\/mont-roig.cat\/es\/govern-obert\/participacion-ciudadana\/procesos-participativos\/presupuestos-participativos\/\"]}]},{\"@type\":\"ImageObject\",\"inLanguage\":\"es\",\"@id\":\"https:\/\/mont-roig.cat\/es\/govern-obert\/participacion-ciudadana\/procesos-participativos\/presupuestos-participativos\/#primaryimage\",\"url\":\"https:\/\/mont-roig.cat\/wp-content\/uploads\/mm_pressupostos_cartellA3-353x500.png\",\"contentUrl\":\"https:\/\/mont-roig.cat\/wp-content\/uploads\/mm_pressupostos_cartellA3-353x500.png\"},{\"@type\":\"BreadcrumbList\",\"@id\":\"https:\/\/mont-roig.cat\/es\/govern-obert\/participacion-ciudadana\/procesos-participativos\/presupuestos-participativos\/#breadcrumb\",\"itemListElement\":[{\"@type\":\"ListItem\",\"position\":1,\"name\":\"Inici\",\"item\":\"https:\/\/mont-roig.cat\/es\/pagina-de-inicio\/\"},{\"@type\":\"ListItem\",\"position\":2,\"name\":\"Gobierno abierto\",\"item\":\"https:\/\/mont-roig.cat\/es\/govern-obert\/\"},{\"@type\":\"ListItem\",\"position\":3,\"name\":\"Participaci\u00f3n ciudadana\",\"item\":\"https:\/\/mont-roig.cat\/es\/govern-obert\/participacion-ciudadana\/\"},{\"@type\":\"ListItem\",\"position\":4,\"name\":\"Procesos participativos\",\"item\":\"https:\/\/mont-roig.cat\/es\/govern-obert\/participacion-ciudadana\/procesos-participativos\/\"},{\"@type\":\"ListItem\",\"position\":5,\"name\":\"Presupuestos participativos\"}]},{\"@type\":\"WebSite\",\"@id\":\"https:\/\/mont-roig.cat\/es\/#website\",\"url\":\"https:\/\/mont-roig.cat\/es\/\",\"name\":\"Ajuntament de Mont-roig del Camp\",\"description\":\"Tota la informaci\u00f3 sobre la instituci\u00f3, els seus \u00f2rgans de govern, actualitat, serveis i molt m\u00e9s.\",\"potentialAction\":[{\"@type\":\"SearchAction\",\"target\":{\"@type\":\"EntryPoint\",\"urlTemplate\":\"https:\/\/mont-roig.cat\/es\/?s={search_term_string}\"},\"query-input\":{\"@type\":\"PropertyValueSpecification\",\"valueRequired\":true,\"valueName\":\"search_term_string\"}}],\"inLanguage\":\"es\"}]}<\/script>\n<!-- \/ Yoast SEO plugin. -->","yoast_head_json":{"title":"Presupuestos participativos - Ajuntament de Mont-roig del Camp","robots":{"index":"index","follow":"follow","max-snippet":"max-snippet:-1","max-image-preview":"max-image-preview:large","max-video-preview":"max-video-preview:-1"},"canonical":"https:\/\/mont-roig.cat\/es\/govern-obert\/participacion-ciudadana\/procesos-participativos\/presupuestos-participativos\/","og_locale":"es_ES","og_type":"article","og_title":"Presupuestos participativos - Ajuntament de Mont-roig del Camp","og_description":"[vc_row][vc_column][vc_column_text]El Ayuntamiento ha puesto en marcha la primera edici\u00f3n de presupuestos participativos, un proceso participativo donde la ciudadan\u00eda puede decidir en qu\u00e9 proyectos de inversi\u00f3n se destinar\u00e1n 300.000\u20ac del presupuesto municipal. Los presupuestos participativos son una apuesta por que la ciudadan\u00eda se implique en el desarrollo de pol\u00edticas p\u00fablicas y, por tanto, en la elaboraci\u00f3n [&hellip;]","og_url":"https:\/\/mont-roig.cat\/es\/govern-obert\/participacion-ciudadana\/procesos-participativos\/presupuestos-participativos\/","og_site_name":"Ajuntament de Mont-roig del Camp","article_modified_time":"2026-03-04T15:56:41+00:00","og_image":[{"width":1200,"height":600,"url":"https:\/\/mont-roig.cat\/wp-content\/uploads\/aj-mont-roig-2.jpg","type":"image\/jpeg"}],"twitter_card":"summary_large_image","twitter_misc":{"Tiempo de lectura":"4 minutos"},"schema":{"@context":"https:\/\/schema.org","@graph":[{"@type":"WebPage","@id":"https:\/\/mont-roig.cat\/es\/govern-obert\/participacion-ciudadana\/procesos-participativos\/presupuestos-participativos\/","url":"https:\/\/mont-roig.cat\/es\/govern-obert\/participacion-ciudadana\/procesos-participativos\/presupuestos-participativos\/","name":"Presupuestos participativos - Ajuntament de Mont-roig del Camp","isPartOf":{"@id":"https:\/\/mont-roig.cat\/es\/#website"},"primaryImageOfPage":{"@id":"https:\/\/mont-roig.cat\/es\/govern-obert\/participacion-ciudadana\/procesos-participativos\/presupuestos-participativos\/#primaryimage"},"image":{"@id":"https:\/\/mont-roig.cat\/es\/govern-obert\/participacion-ciudadana\/procesos-participativos\/presupuestos-participativos\/#primaryimage"},"thumbnailUrl":"https:\/\/mont-roig.cat\/wp-content\/uploads\/mm_pressupostos_cartellA3-353x500.png","datePublished":"2022-11-24T13:02:42+00:00","dateModified":"2026-03-04T15:56:41+00:00","breadcrumb":{"@id":"https:\/\/mont-roig.cat\/es\/govern-obert\/participacion-ciudadana\/procesos-participativos\/presupuestos-participativos\/#breadcrumb"},"inLanguage":"es","potentialAction":[{"@type":"ReadAction","target":["https:\/\/mont-roig.cat\/es\/govern-obert\/participacion-ciudadana\/procesos-participativos\/presupuestos-participativos\/"]}]},{"@type":"ImageObject","inLanguage":"es","@id":"https:\/\/mont-roig.cat\/es\/govern-obert\/participacion-ciudadana\/procesos-participativos\/presupuestos-participativos\/#primaryimage","url":"https:\/\/mont-roig.cat\/wp-content\/uploads\/mm_pressupostos_cartellA3-353x500.png","contentUrl":"https:\/\/mont-roig.cat\/wp-content\/uploads\/mm_pressupostos_cartellA3-353x500.png"},{"@type":"BreadcrumbList","@id":"https:\/\/mont-roig.cat\/es\/govern-obert\/participacion-ciudadana\/procesos-participativos\/presupuestos-participativos\/#breadcrumb","itemListElement":[{"@type":"ListItem","position":1,"name":"Inici","item":"https:\/\/mont-roig.cat\/es\/pagina-de-inicio\/"},{"@type":"ListItem","position":2,"name":"Gobierno abierto","item":"https:\/\/mont-roig.cat\/es\/govern-obert\/"},{"@type":"ListItem","position":3,"name":"Participaci\u00f3n ciudadana","item":"https:\/\/mont-roig.cat\/es\/govern-obert\/participacion-ciudadana\/"},{"@type":"ListItem","position":4,"name":"Procesos participativos","item":"https:\/\/mont-roig.cat\/es\/govern-obert\/participacion-ciudadana\/procesos-participativos\/"},{"@type":"ListItem","position":5,"name":"Presupuestos participativos"}]},{"@type":"WebSite","@id":"https:\/\/mont-roig.cat\/es\/#website","url":"https:\/\/mont-roig.cat\/es\/","name":"Ajuntament de Mont-roig del Camp","description":"Tota la informaci\u00f3 sobre la instituci\u00f3, els seus \u00f2rgans de govern, actualitat, serveis i molt m\u00e9s.","potentialAction":[{"@type":"SearchAction","target":{"@type":"EntryPoint","urlTemplate":"https:\/\/mont-roig.cat\/es\/?s={search_term_string}"},"query-input":{"@type":"PropertyValueSpecification","valueRequired":true,"valueName":"search_term_string"}}],"inLanguage":"es"}]}},"_links":{"self":[{"href":"https:\/\/mont-roig.cat\/es\/wp-json\/wp\/v2\/pages\/66824","targetHints":{"allow":["GET"]}}],"collection":[{"href":"https:\/\/mont-roig.cat\/es\/wp-json\/wp\/v2\/pages"}],"about":[{"href":"https:\/\/mont-roig.cat\/es\/wp-json\/wp\/v2\/types\/page"}],"author":[{"embeddable":true,"href":"https:\/\/mont-roig.cat\/es\/wp-json\/wp\/v2\/users\/13"}],"replies":[{"embeddable":true,"href":"https:\/\/mont-roig.cat\/es\/wp-json\/wp\/v2\/comments?post=66824"}],"version-history":[{"count":15,"href":"https:\/\/mont-roig.cat\/es\/wp-json\/wp\/v2\/pages\/66824\/revisions"}],"predecessor-version":[{"id":89867,"href":"https:\/\/mont-roig.cat\/es\/wp-json\/wp\/v2\/pages\/66824\/revisions\/89867"}],"up":[{"embeddable":true,"href":"https:\/\/mont-roig.cat\/es\/wp-json\/wp\/v2\/pages\/68844"}],"wp:attachment":[{"href":"https:\/\/mont-roig.cat\/es\/wp-json\/wp\/v2\/media?parent=66824"}],"curies":[{"name":"wp","href":"https:\/\/api.w.org\/{rel}","templated":true}]}}