{"id":67637,"date":"2023-01-23T13:00:34","date_gmt":"2023-01-23T12:00:34","guid":{"rendered":"https:\/\/mont-roig.cat\/?page_id=67637"},"modified":"2024-05-23T12:20:27","modified_gmt":"2024-05-23T10:20:27","slug":"certificado-digital","status":"publish","type":"page","link":"https:\/\/mont-roig.cat\/es\/certificado-digital\/","title":{"rendered":"Certificado digital"},"content":{"rendered":"<p><strong>\u00bfQu\u00e9 hay que saber sobre la firma electr\u00f3nica?<\/strong><\/p>\n<p>La firma electr\u00f3nica es el equivalente electr\u00f3nico de la firma manuscrita, y contiene tus datos identificativos en un certificado digital, que puedes utilizar para identificarte instant\u00e1neamente en webs que incluyan este m\u00e9todo de acceso, como las sedes electr\u00f3nicas de la mayor\u00eda de administraciones p\u00fablicas.<\/p>\n<p><strong>\u00bfCu\u00e1les son las funciones principales de la firma electr\u00f3nica?<\/strong><\/p>\n<ul>\n<li>Identificarte como firmante<\/li>\n<li>Permite saber que el contenido del documento es el original y que no se ha modificado posteriormente<\/li>\n<li>El no repudio (se puede demostrar qui\u00e9n lo ha firmado)<\/li>\n<\/ul>\n<p><strong>\u00a0\u00bfQu\u00e9 es un certificado digital y para qu\u00e9 se necesita<\/strong><strong>?<\/strong><\/p>\n<p>Un certificado digital, emitido por una autoridad de certificaci\u00f3n, te permite realizar tr\u00e1mites online con plenas garant\u00edas jur\u00eddicas. Adem\u00e1s de identificarte, con algunos certificados puedes firmar los documentos electr\u00f3nicos con igual validez legal que la firma manuscrita. A diferencia de otros m\u00e9todos de identificaci\u00f3n, como el c\u00f3digo de usuario y la contrase\u00f1a, con un certificado digital puedes firmar documentos electr\u00f3nicos con validez legal.<\/p>\n<p>Gracias a tu certificado digital, puedes realizar tus tr\u00e1mites sin tener que desplazarte y sin esperas innecesarias, como por ejemplo firmar documentos electr\u00f3nicos y formularios web, firmar correos electr\u00f3nicos o identificarte ante la Administraci\u00f3n. Por tanto, es posible garantizar tu identidad en una transacci\u00f3n electr\u00f3nica.<\/p>\n<p>El certificado digital lo emite una autoridad de certificaci\u00f3n que identifica la persona (f\u00edsica o jur\u00eddica) y certifica que una firma electr\u00f3nica se corresponde con una persona o entidad concreta.<\/p>\n<p><strong>\u00bfC\u00f3mo puedes conseguir tu certificado digital de forma presencial?<\/strong><\/p>\n<ul>\n<li><strong>DNIe<\/strong><\/li>\n<\/ul>\n<p>La tramitaci\u00f3n del DNIe la puedes realizar en la Polic\u00eda Nacional, solicitando <a href=\"https:\/\/www.citapreviadnie.es\/citaPreviaDni\" target=\"_blank\" rel=\"noopener\">cita previa<\/a>. Cuando se emite un nuevo DNI ya se encuentra incorporada la firma electr\u00f3nica. Si no te acuerdas del PIN que te comunicaron, te puedes dirigir a la oficina de la Polic\u00eda Nacional de Reus (c. Antoni Gaud\u00ed, 9) y, <strong>sin cita previa<\/strong>, te ayudaran a activar la firma digital.<\/p>\n<ul>\n<li><strong>idCAT<\/strong>\n<ul>\n<li>Dirigi\u00e9ndote a las OMAC de Mont-roig o Miami Platja, que trabajan como Entidades de Registro idCAT, y te solicitaran un certificado idCAT de programario, que puedes descargar en cualquier dispositivo.<\/li>\n<li>Dirigi\u00e9ndote a las oficinas de BASE Diputaci\u00f3 de Tarragona de Mont-roig o Miami Platja tambi\u00e9n te podr\u00e1n solicitar el idCAT de programario.<\/li>\n<li>Si tienes dudas sobre c\u00f3mo descargar tu certificado digital puedes ponerte en contacto con <a href=\"https:\/\/mont-roig.cat\/servei-oac-360\/\" target=\"_blank\" rel=\"noopener\">OAC360<\/a>\u00ba y te ayudar\u00e1n.<\/li>\n<\/ul>\n<\/li>\n<\/ul>\n<ul>\n<li><strong>HACIENDA<\/strong><\/li>\n<\/ul>\n<p>En las oficinas de Hacienda puedes tramitar la petici\u00f3n de certificado electr\u00f3nico de persona f\u00edsica o jur\u00eddica. Puedes conseguir un certificado digital de la Fabrica Nacional de Moneda y Timbre (FNMT), presencialmente o\u00a0<a href=\"https:\/\/www.sede.fnmt.gob.es\/certificados\/persona-fisica\" target=\"_blank\" rel=\"noopener\">en l\u00ednea.<\/a><\/p>\n<p>&nbsp;<\/p>\n","protected":false},"excerpt":{"rendered":"<p>\u00bfQu\u00e9 hay que saber sobre la firma electr\u00f3nica? La firma electr\u00f3nica es el equivalente electr\u00f3nico de la firma manuscrita, y contiene tus datos identificativos en un certificado digital, que puedes utilizar para identificarte instant\u00e1neamente en webs que incluyan este m\u00e9todo de acceso, como las sedes electr\u00f3nicas de la mayor\u00eda de administraciones p\u00fablicas. \u00bfCu\u00e1les son las [&hellip;]<\/p>\n","protected":false},"author":13,"featured_media":0,"parent":0,"menu_order":0,"comment_status":"closed","ping_status":"closed","template":"","meta":{"inline_featured_image":false,"_monsterinsights_skip_tracking":false,"_monsterinsights_sitenote_active":false,"_monsterinsights_sitenote_note":"","_monsterinsights_sitenote_category":0,"footnotes":""},"class_list":["post-67637","page","type-page","status-publish","hentry"],"yoast_head":"<!-- This site is optimized with the Yoast SEO plugin v27.4 - https:\/\/yoast.com\/product\/yoast-seo-wordpress\/ -->\n<title>Certificado digital - Ajuntament de Mont-roig del Camp<\/title>\n<meta name=\"robots\" content=\"index, follow, max-snippet:-1, max-image-preview:large, max-video-preview:-1\" \/>\n<link rel=\"canonical\" href=\"https:\/\/mont-roig.cat\/es\/certificado-digital\/\" \/>\n<meta property=\"og:locale\" content=\"es_ES\" \/>\n<meta property=\"og:type\" content=\"article\" \/>\n<meta property=\"og:title\" content=\"Certificado digital - Ajuntament de Mont-roig del Camp\" \/>\n<meta property=\"og:description\" content=\"\u00bfQu\u00e9 hay que saber sobre la firma electr\u00f3nica? La firma electr\u00f3nica es el equivalente electr\u00f3nico de la firma manuscrita, y contiene tus datos identificativos en un certificado digital, que puedes utilizar para identificarte instant\u00e1neamente en webs que incluyan este m\u00e9todo de acceso, como las sedes electr\u00f3nicas de la mayor\u00eda de administraciones p\u00fablicas. \u00bfCu\u00e1les son las [&hellip;]\" \/>\n<meta property=\"og:url\" content=\"https:\/\/mont-roig.cat\/es\/certificado-digital\/\" \/>\n<meta property=\"og:site_name\" content=\"Ajuntament de Mont-roig del Camp\" \/>\n<meta property=\"article:modified_time\" content=\"2024-05-23T10:20:27+00:00\" \/>\n<meta property=\"og:image\" content=\"https:\/\/mont-roig.cat\/wp-content\/uploads\/aj-mont-roig-2.jpg\" \/>\n\t<meta property=\"og:image:width\" content=\"1200\" \/>\n\t<meta property=\"og:image:height\" content=\"600\" \/>\n\t<meta property=\"og:image:type\" content=\"image\/jpeg\" \/>\n<meta name=\"twitter:card\" content=\"summary_large_image\" \/>\n<meta name=\"twitter:label1\" content=\"Tiempo de lectura\" \/>\n\t<meta name=\"twitter:data1\" content=\"3 minutos\" \/>\n<script type=\"application\/ld+json\" class=\"yoast-schema-graph\">{\"@context\":\"https:\\\/\\\/schema.org\",\"@graph\":[{\"@type\":\"WebPage\",\"@id\":\"https:\\\/\\\/mont-roig.cat\\\/es\\\/certificado-digital\\\/\",\"url\":\"https:\\\/\\\/mont-roig.cat\\\/es\\\/certificado-digital\\\/\",\"name\":\"Certificado digital - Ajuntament de Mont-roig del Camp\",\"isPartOf\":{\"@id\":\"https:\\\/\\\/mont-roig.cat\\\/es\\\/#website\"},\"datePublished\":\"2023-01-23T12:00:34+00:00\",\"dateModified\":\"2024-05-23T10:20:27+00:00\",\"breadcrumb\":{\"@id\":\"https:\\\/\\\/mont-roig.cat\\\/es\\\/certificado-digital\\\/#breadcrumb\"},\"inLanguage\":\"es\",\"potentialAction\":[{\"@type\":\"ReadAction\",\"target\":[\"https:\\\/\\\/mont-roig.cat\\\/es\\\/certificado-digital\\\/\"]}]},{\"@type\":\"BreadcrumbList\",\"@id\":\"https:\\\/\\\/mont-roig.cat\\\/es\\\/certificado-digital\\\/#breadcrumb\",\"itemListElement\":[{\"@type\":\"ListItem\",\"position\":1,\"name\":\"Inici\",\"item\":\"https:\\\/\\\/mont-roig.cat\\\/es\\\/pagina-de-inicio\\\/\"},{\"@type\":\"ListItem\",\"position\":2,\"name\":\"Certificado digital\"}]},{\"@type\":\"WebSite\",\"@id\":\"https:\\\/\\\/mont-roig.cat\\\/es\\\/#website\",\"url\":\"https:\\\/\\\/mont-roig.cat\\\/es\\\/\",\"name\":\"Ajuntament de Mont-roig del Camp\",\"description\":\"Tota la informaci\u00f3 sobre la instituci\u00f3, els seus \u00f2rgans de govern, actualitat, serveis i molt m\u00e9s.\",\"potentialAction\":[{\"@type\":\"SearchAction\",\"target\":{\"@type\":\"EntryPoint\",\"urlTemplate\":\"https:\\\/\\\/mont-roig.cat\\\/es\\\/?s={search_term_string}\"},\"query-input\":{\"@type\":\"PropertyValueSpecification\",\"valueRequired\":true,\"valueName\":\"search_term_string\"}}],\"inLanguage\":\"es\"}]}<\/script>\n<!-- \/ Yoast SEO plugin. -->","yoast_head_json":{"title":"Certificado digital - Ajuntament de Mont-roig del Camp","robots":{"index":"index","follow":"follow","max-snippet":"max-snippet:-1","max-image-preview":"max-image-preview:large","max-video-preview":"max-video-preview:-1"},"canonical":"https:\/\/mont-roig.cat\/es\/certificado-digital\/","og_locale":"es_ES","og_type":"article","og_title":"Certificado digital - Ajuntament de Mont-roig del Camp","og_description":"\u00bfQu\u00e9 hay que saber sobre la firma electr\u00f3nica? La firma electr\u00f3nica es el equivalente electr\u00f3nico de la firma manuscrita, y contiene tus datos identificativos en un certificado digital, que puedes utilizar para identificarte instant\u00e1neamente en webs que incluyan este m\u00e9todo de acceso, como las sedes electr\u00f3nicas de la mayor\u00eda de administraciones p\u00fablicas. \u00bfCu\u00e1les son las [&hellip;]","og_url":"https:\/\/mont-roig.cat\/es\/certificado-digital\/","og_site_name":"Ajuntament de Mont-roig del Camp","article_modified_time":"2024-05-23T10:20:27+00:00","og_image":[{"width":1200,"height":600,"url":"https:\/\/mont-roig.cat\/wp-content\/uploads\/aj-mont-roig-2.jpg","type":"image\/jpeg"}],"twitter_card":"summary_large_image","twitter_misc":{"Tiempo de lectura":"3 minutos"},"schema":{"@context":"https:\/\/schema.org","@graph":[{"@type":"WebPage","@id":"https:\/\/mont-roig.cat\/es\/certificado-digital\/","url":"https:\/\/mont-roig.cat\/es\/certificado-digital\/","name":"Certificado digital - Ajuntament de Mont-roig del Camp","isPartOf":{"@id":"https:\/\/mont-roig.cat\/es\/#website"},"datePublished":"2023-01-23T12:00:34+00:00","dateModified":"2024-05-23T10:20:27+00:00","breadcrumb":{"@id":"https:\/\/mont-roig.cat\/es\/certificado-digital\/#breadcrumb"},"inLanguage":"es","potentialAction":[{"@type":"ReadAction","target":["https:\/\/mont-roig.cat\/es\/certificado-digital\/"]}]},{"@type":"BreadcrumbList","@id":"https:\/\/mont-roig.cat\/es\/certificado-digital\/#breadcrumb","itemListElement":[{"@type":"ListItem","position":1,"name":"Inici","item":"https:\/\/mont-roig.cat\/es\/pagina-de-inicio\/"},{"@type":"ListItem","position":2,"name":"Certificado digital"}]},{"@type":"WebSite","@id":"https:\/\/mont-roig.cat\/es\/#website","url":"https:\/\/mont-roig.cat\/es\/","name":"Ajuntament de Mont-roig del Camp","description":"Tota la informaci\u00f3 sobre la instituci\u00f3, els seus \u00f2rgans de govern, actualitat, serveis i molt m\u00e9s.","potentialAction":[{"@type":"SearchAction","target":{"@type":"EntryPoint","urlTemplate":"https:\/\/mont-roig.cat\/es\/?s={search_term_string}"},"query-input":{"@type":"PropertyValueSpecification","valueRequired":true,"valueName":"search_term_string"}}],"inLanguage":"es"}]}},"_links":{"self":[{"href":"https:\/\/mont-roig.cat\/es\/wp-json\/wp\/v2\/pages\/67637","targetHints":{"allow":["GET"]}}],"collection":[{"href":"https:\/\/mont-roig.cat\/es\/wp-json\/wp\/v2\/pages"}],"about":[{"href":"https:\/\/mont-roig.cat\/es\/wp-json\/wp\/v2\/types\/page"}],"author":[{"embeddable":true,"href":"https:\/\/mont-roig.cat\/es\/wp-json\/wp\/v2\/users\/13"}],"replies":[{"embeddable":true,"href":"https:\/\/mont-roig.cat\/es\/wp-json\/wp\/v2\/comments?post=67637"}],"version-history":[{"count":25,"href":"https:\/\/mont-roig.cat\/es\/wp-json\/wp\/v2\/pages\/67637\/revisions"}],"predecessor-version":[{"id":76573,"href":"https:\/\/mont-roig.cat\/es\/wp-json\/wp\/v2\/pages\/67637\/revisions\/76573"}],"wp:attachment":[{"href":"https:\/\/mont-roig.cat\/es\/wp-json\/wp\/v2\/media?parent=67637"}],"curies":[{"name":"wp","href":"https:\/\/api.w.org\/{rel}","templated":true}]}}