{"id":67948,"date":"2023-01-31T12:08:45","date_gmt":"2023-01-31T11:08:45","guid":{"rendered":"https:\/\/mont-roig.cat\/?page_id=67948"},"modified":"2023-01-31T12:08:45","modified_gmt":"2023-01-31T11:08:45","slug":"carnaval-copia","status":"publish","type":"page","link":"https:\/\/mont-roig.cat\/es\/ayuntamiento\/areas\/fiestas\/carnaval-copia\/","title":{"rendered":"Carnaval (c\u00f2pia)"},"content":{"rendered":"<div class=\"body\">\n<div>\n<p><a href=\"https:\/\/mont-roig.cat\/wp-content\/uploads\/MM_CARNAVAL_23_data-2.png\" target=\"_blank\" rel=\"noopener\"><img loading=\"lazy\" decoding=\"async\" class=\"alignright wp-image-67936\" src=\"https:\/\/mont-roig.cat\/wp-content\/uploads\/MM_CARNAVAL_23_data-2-354x500.png\" alt=\"\" width=\"251\" height=\"355\" srcset=\"https:\/\/mont-roig.cat\/wp-content\/uploads\/MM_CARNAVAL_23_data-2-354x500.png 354w, https:\/\/mont-roig.cat\/wp-content\/uploads\/MM_CARNAVAL_23_data-2-724x1024.png 724w, https:\/\/mont-roig.cat\/wp-content\/uploads\/MM_CARNAVAL_23_data-2-768x1086.png 768w, https:\/\/mont-roig.cat\/wp-content\/uploads\/MM_CARNAVAL_23_data-2-1086x1536.png 1086w, https:\/\/mont-roig.cat\/wp-content\/uploads\/MM_CARNAVAL_23_data-2-1448x2048.png 1448w\" sizes=\"auto, (max-width: 251px) 100vw, 251px\" \/><\/a>Las fiestas de Carnaval se caracterizan por los desfiles de comparsas y r\u00faas y por los excesos carnales y gastron\u00f3micos previos a la llegada de la meditaci\u00f3n y los ayunos propios de la Cuaresma.<\/p>\n<p>En Mont-roig y en Miami Platja las r\u00faas de lucimiento son algunos de los actos m\u00e1s multitudinarios, pero la programaci\u00f3n cuenta con varias propuestas como los bailes de disfraces, actos gastron\u00f3micos o el esperado concurso de comparsas y carrozas.<\/p>\n<p>En breve, toda la programaci\u00f3n del Carnaval 2023.<\/p>\n<p>Consulta las bases del concurso 2023:<\/p>\n<\/div>\n<p><a href=\"https:\/\/mont-roig.cat\/wp-content\/uploads\/Bases-especifiques-Concurs-de-la-Rua-de-Carnaval-2023-1.pdf\" target=\"_blank\" rel=\"noopener\">Bases espec\u00edficas Concurso de la R\u00faa de Carnaval 2023<\/a><\/p>\n<ul>\n<li><a href=\"https:\/\/mont-roig.eadministracio.cat\/catalog\/t\/a35f7aaf-4aea-42ab-94bf-052d26428be0\" target=\"_blank\" rel=\"noopener\">Inscripciones a trav\u00e9s de la Sede Electr\u00f3nica<\/a><\/li>\n<\/ul>\n<\/div>\n","protected":false},"excerpt":{"rendered":"<p>Las fiestas de Carnaval se caracterizan por los desfiles de comparsas y r\u00faas y por los excesos carnales y gastron\u00f3micos previos a la llegada de la meditaci\u00f3n y los ayunos propios de la Cuaresma. En Mont-roig y en Miami Platja las r\u00faas de lucimiento son algunos de los actos m\u00e1s multitudinarios, pero la programaci\u00f3n cuenta [&hellip;]<\/p>\n","protected":false},"author":13,"featured_media":0,"parent":4479,"menu_order":0,"comment_status":"closed","ping_status":"closed","template":"","meta":{"inline_featured_image":false,"_monsterinsights_skip_tracking":false,"_monsterinsights_sitenote_active":false,"_monsterinsights_sitenote_note":"","_monsterinsights_sitenote_category":0,"footnotes":""},"class_list":["post-67948","page","type-page","status-publish","hentry"],"yoast_head":"<!-- This site is optimized with the Yoast SEO plugin v27.1.1 - https:\/\/yoast.com\/product\/yoast-seo-wordpress\/ -->\n<title>Carnaval (c\u00f2pia) - Ajuntament de Mont-roig del Camp<\/title>\n<meta name=\"robots\" content=\"index, follow, max-snippet:-1, max-image-preview:large, max-video-preview:-1\" \/>\n<link rel=\"canonical\" href=\"https:\/\/mont-roig.cat\/es\/ayuntamiento\/areas\/fiestas\/carnaval-copia\/\" \/>\n<meta property=\"og:locale\" content=\"es_ES\" \/>\n<meta property=\"og:type\" content=\"article\" \/>\n<meta property=\"og:title\" content=\"Carnaval (c\u00f2pia) - Ajuntament de Mont-roig del Camp\" \/>\n<meta property=\"og:description\" content=\"Las fiestas de Carnaval se caracterizan por los desfiles de comparsas y r\u00faas y por los excesos carnales y gastron\u00f3micos previos a la llegada de la meditaci\u00f3n y los ayunos propios de la Cuaresma. En Mont-roig y en Miami Platja las r\u00faas de lucimiento son algunos de los actos m\u00e1s multitudinarios, pero la programaci\u00f3n cuenta [&hellip;]\" \/>\n<meta property=\"og:url\" content=\"https:\/\/mont-roig.cat\/es\/ayuntamiento\/areas\/fiestas\/carnaval-copia\/\" \/>\n<meta property=\"og:site_name\" content=\"Ajuntament de Mont-roig del Camp\" \/>\n<meta property=\"og:image\" content=\"https:\/\/mont-roig.cat\/wp-content\/uploads\/MM_CARNAVAL_23_data-2-354x500.png\" \/>\n<meta name=\"twitter:card\" content=\"summary_large_image\" \/>\n<meta name=\"twitter:label1\" content=\"Tiempo de lectura\" \/>\n\t<meta name=\"twitter:data1\" content=\"1 minuto\" \/>\n<script type=\"application\/ld+json\" class=\"yoast-schema-graph\">{\"@context\":\"https:\/\/schema.org\",\"@graph\":[{\"@type\":\"WebPage\",\"@id\":\"https:\/\/mont-roig.cat\/es\/ayuntamiento\/areas\/fiestas\/carnaval-copia\/\",\"url\":\"https:\/\/mont-roig.cat\/es\/ayuntamiento\/areas\/fiestas\/carnaval-copia\/\",\"name\":\"Carnaval (c\u00f2pia) - Ajuntament de Mont-roig del Camp\",\"isPartOf\":{\"@id\":\"https:\/\/mont-roig.cat\/es\/#website\"},\"primaryImageOfPage\":{\"@id\":\"https:\/\/mont-roig.cat\/es\/ayuntamiento\/areas\/fiestas\/carnaval-copia\/#primaryimage\"},\"image\":{\"@id\":\"https:\/\/mont-roig.cat\/es\/ayuntamiento\/areas\/fiestas\/carnaval-copia\/#primaryimage\"},\"thumbnailUrl\":\"https:\/\/mont-roig.cat\/wp-content\/uploads\/MM_CARNAVAL_23_data-2-354x500.png\",\"datePublished\":\"2023-01-31T11:08:45+00:00\",\"breadcrumb\":{\"@id\":\"https:\/\/mont-roig.cat\/es\/ayuntamiento\/areas\/fiestas\/carnaval-copia\/#breadcrumb\"},\"inLanguage\":\"es\",\"potentialAction\":[{\"@type\":\"ReadAction\",\"target\":[\"https:\/\/mont-roig.cat\/es\/ayuntamiento\/areas\/fiestas\/carnaval-copia\/\"]}]},{\"@type\":\"ImageObject\",\"inLanguage\":\"es\",\"@id\":\"https:\/\/mont-roig.cat\/es\/ayuntamiento\/areas\/fiestas\/carnaval-copia\/#primaryimage\",\"url\":\"https:\/\/mont-roig.cat\/wp-content\/uploads\/MM_CARNAVAL_23_data-2-354x500.png\",\"contentUrl\":\"https:\/\/mont-roig.cat\/wp-content\/uploads\/MM_CARNAVAL_23_data-2-354x500.png\"},{\"@type\":\"BreadcrumbList\",\"@id\":\"https:\/\/mont-roig.cat\/es\/ayuntamiento\/areas\/fiestas\/carnaval-copia\/#breadcrumb\",\"itemListElement\":[{\"@type\":\"ListItem\",\"position\":1,\"name\":\"Inici\",\"item\":\"https:\/\/mont-roig.cat\/es\/pagina-de-inicio\/\"},{\"@type\":\"ListItem\",\"position\":2,\"name\":\"Ayuntamiento\",\"item\":\"https:\/\/mont-roig.cat\/es\/ayuntamiento\/\"},{\"@type\":\"ListItem\",\"position\":3,\"name\":\"\u00c1reas\",\"item\":\"https:\/\/mont-roig.cat\/es\/ayuntamiento\/areas\/\"},{\"@type\":\"ListItem\",\"position\":4,\"name\":\"Fiestas\",\"item\":\"https:\/\/mont-roig.cat\/es\/ayuntamiento\/areas\/fiestas\/\"},{\"@type\":\"ListItem\",\"position\":5,\"name\":\"Carnaval (c\u00f2pia)\"}]},{\"@type\":\"WebSite\",\"@id\":\"https:\/\/mont-roig.cat\/es\/#website\",\"url\":\"https:\/\/mont-roig.cat\/es\/\",\"name\":\"Ajuntament de Mont-roig del Camp\",\"description\":\"Tota la informaci\u00f3 sobre la instituci\u00f3, els seus \u00f2rgans de govern, actualitat, serveis i molt m\u00e9s.\",\"potentialAction\":[{\"@type\":\"SearchAction\",\"target\":{\"@type\":\"EntryPoint\",\"urlTemplate\":\"https:\/\/mont-roig.cat\/es\/?s={search_term_string}\"},\"query-input\":{\"@type\":\"PropertyValueSpecification\",\"valueRequired\":true,\"valueName\":\"search_term_string\"}}],\"inLanguage\":\"es\"}]}<\/script>\n<!-- \/ Yoast SEO plugin. -->","yoast_head_json":{"title":"Carnaval (c\u00f2pia) - Ajuntament de Mont-roig del Camp","robots":{"index":"index","follow":"follow","max-snippet":"max-snippet:-1","max-image-preview":"max-image-preview:large","max-video-preview":"max-video-preview:-1"},"canonical":"https:\/\/mont-roig.cat\/es\/ayuntamiento\/areas\/fiestas\/carnaval-copia\/","og_locale":"es_ES","og_type":"article","og_title":"Carnaval (c\u00f2pia) - Ajuntament de Mont-roig del Camp","og_description":"Las fiestas de Carnaval se caracterizan por los desfiles de comparsas y r\u00faas y por los excesos carnales y gastron\u00f3micos previos a la llegada de la meditaci\u00f3n y los ayunos propios de la Cuaresma. En Mont-roig y en Miami Platja las r\u00faas de lucimiento son algunos de los actos m\u00e1s multitudinarios, pero la programaci\u00f3n cuenta [&hellip;]","og_url":"https:\/\/mont-roig.cat\/es\/ayuntamiento\/areas\/fiestas\/carnaval-copia\/","og_site_name":"Ajuntament de Mont-roig del Camp","og_image":[{"url":"https:\/\/mont-roig.cat\/wp-content\/uploads\/MM_CARNAVAL_23_data-2-354x500.png","type":"","width":"","height":""}],"twitter_card":"summary_large_image","twitter_misc":{"Tiempo de lectura":"1 minuto"},"schema":{"@context":"https:\/\/schema.org","@graph":[{"@type":"WebPage","@id":"https:\/\/mont-roig.cat\/es\/ayuntamiento\/areas\/fiestas\/carnaval-copia\/","url":"https:\/\/mont-roig.cat\/es\/ayuntamiento\/areas\/fiestas\/carnaval-copia\/","name":"Carnaval (c\u00f2pia) - Ajuntament de Mont-roig del Camp","isPartOf":{"@id":"https:\/\/mont-roig.cat\/es\/#website"},"primaryImageOfPage":{"@id":"https:\/\/mont-roig.cat\/es\/ayuntamiento\/areas\/fiestas\/carnaval-copia\/#primaryimage"},"image":{"@id":"https:\/\/mont-roig.cat\/es\/ayuntamiento\/areas\/fiestas\/carnaval-copia\/#primaryimage"},"thumbnailUrl":"https:\/\/mont-roig.cat\/wp-content\/uploads\/MM_CARNAVAL_23_data-2-354x500.png","datePublished":"2023-01-31T11:08:45+00:00","breadcrumb":{"@id":"https:\/\/mont-roig.cat\/es\/ayuntamiento\/areas\/fiestas\/carnaval-copia\/#breadcrumb"},"inLanguage":"es","potentialAction":[{"@type":"ReadAction","target":["https:\/\/mont-roig.cat\/es\/ayuntamiento\/areas\/fiestas\/carnaval-copia\/"]}]},{"@type":"ImageObject","inLanguage":"es","@id":"https:\/\/mont-roig.cat\/es\/ayuntamiento\/areas\/fiestas\/carnaval-copia\/#primaryimage","url":"https:\/\/mont-roig.cat\/wp-content\/uploads\/MM_CARNAVAL_23_data-2-354x500.png","contentUrl":"https:\/\/mont-roig.cat\/wp-content\/uploads\/MM_CARNAVAL_23_data-2-354x500.png"},{"@type":"BreadcrumbList","@id":"https:\/\/mont-roig.cat\/es\/ayuntamiento\/areas\/fiestas\/carnaval-copia\/#breadcrumb","itemListElement":[{"@type":"ListItem","position":1,"name":"Inici","item":"https:\/\/mont-roig.cat\/es\/pagina-de-inicio\/"},{"@type":"ListItem","position":2,"name":"Ayuntamiento","item":"https:\/\/mont-roig.cat\/es\/ayuntamiento\/"},{"@type":"ListItem","position":3,"name":"\u00c1reas","item":"https:\/\/mont-roig.cat\/es\/ayuntamiento\/areas\/"},{"@type":"ListItem","position":4,"name":"Fiestas","item":"https:\/\/mont-roig.cat\/es\/ayuntamiento\/areas\/fiestas\/"},{"@type":"ListItem","position":5,"name":"Carnaval (c\u00f2pia)"}]},{"@type":"WebSite","@id":"https:\/\/mont-roig.cat\/es\/#website","url":"https:\/\/mont-roig.cat\/es\/","name":"Ajuntament de Mont-roig del Camp","description":"Tota la informaci\u00f3 sobre la instituci\u00f3, els seus \u00f2rgans de govern, actualitat, serveis i molt m\u00e9s.","potentialAction":[{"@type":"SearchAction","target":{"@type":"EntryPoint","urlTemplate":"https:\/\/mont-roig.cat\/es\/?s={search_term_string}"},"query-input":{"@type":"PropertyValueSpecification","valueRequired":true,"valueName":"search_term_string"}}],"inLanguage":"es"}]}},"_links":{"self":[{"href":"https:\/\/mont-roig.cat\/es\/wp-json\/wp\/v2\/pages\/67948","targetHints":{"allow":["GET"]}}],"collection":[{"href":"https:\/\/mont-roig.cat\/es\/wp-json\/wp\/v2\/pages"}],"about":[{"href":"https:\/\/mont-roig.cat\/es\/wp-json\/wp\/v2\/types\/page"}],"author":[{"embeddable":true,"href":"https:\/\/mont-roig.cat\/es\/wp-json\/wp\/v2\/users\/13"}],"replies":[{"embeddable":true,"href":"https:\/\/mont-roig.cat\/es\/wp-json\/wp\/v2\/comments?post=67948"}],"version-history":[{"count":1,"href":"https:\/\/mont-roig.cat\/es\/wp-json\/wp\/v2\/pages\/67948\/revisions"}],"predecessor-version":[{"id":67950,"href":"https:\/\/mont-roig.cat\/es\/wp-json\/wp\/v2\/pages\/67948\/revisions\/67950"}],"up":[{"embeddable":true,"href":"https:\/\/mont-roig.cat\/es\/wp-json\/wp\/v2\/pages\/4479"}],"wp:attachment":[{"href":"https:\/\/mont-roig.cat\/es\/wp-json\/wp\/v2\/media?parent=67948"}],"curies":[{"name":"wp","href":"https:\/\/api.w.org\/{rel}","templated":true}]}}