{"id":68229,"date":"2023-02-09T12:16:53","date_gmt":"2023-02-09T11:16:53","guid":{"rendered":"https:\/\/mont-roig.cat\/?page_id=68229"},"modified":"2025-06-25T14:11:43","modified_gmt":"2025-06-25T12:11:43","slug":"cargadores-electricos","status":"publish","type":"page","link":"https:\/\/mont-roig.cat\/es\/cargadores-electricos\/","title":{"rendered":"Cargadores el\u00e9ctricos"},"content":{"rendered":"<div class=\"wpb-content-wrapper\">[vc_row][vc_column][vc_column_text css=&#8221;&#8221;]<strong>Puntos de recarga en el municipio<\/strong><\/p>\n<p>Actualmente el municipio de Mont-roig del Camp dispone de 4 Puntos de Recarga para Veh\u00edculos El\u00e9ctricos (PRVE):<\/p>\n<ul>\n<li>3 Puntos de recarga semi-r\u00e1pida: m\u00e1ximo 2 horas (de hasta 22 kW, con conectores tipo 2 de acuerdo con la norma IEC 62196-2). El cable de conexi\u00f3n en este tipo de PRVE debe aportarlo cada usuario.<\/li>\n<li>1 Punto de recarga r\u00e1pida: m\u00e1ximo 1 hora (de hasta 50 kW DC, con tres tipos de conectores, CHAdeMO, CCS de acuerdo con la norma IEC 62196-2, y un conector tipo 2 de acuerdo con la norma IEC 62196- 2 para carga semi-r\u00e1pida). Los cables de conexi\u00f3n en este PRVE est\u00e1n disponibles en el mismo equipo.<\/li>\n<\/ul>\n<p><strong>Utilizaci\u00f3n de los cargadores<\/strong><\/p>\n<p>Para la utilizaci\u00f3n de los puntos de recarga los usuarios y las usuarias tendr\u00e1n que tener instalada una la aplicaci\u00f3n gratuita EVcharge, que se puede descargar de aqu\u00ed:<\/p>\n<p>Para ANDROID: <a href=\"https:\/\/apps.apple.com\/us\/app\" target=\"_blank\" rel=\"noopener\">https:\/\/apps.apple.com\/us\/app<\/a><\/p>\n<p>Para IOS APPLE: <a href=\"https:\/\/play.google.com\/store\/apps\" target=\"_blank\" rel=\"noopener\">https:\/\/play.google.com\/store\/apps<\/a><\/p>\n<p>\u00c9sta es una aplicaci\u00f3n m\u00f3vil multiplataforma que muestra la ubicaci\u00f3n, la informaci\u00f3n y el estado de los diferentes cargadores, permite al cliente activarlos e iniciar una carga, mostrando gr\u00e1ficamente el proceso en tiempo real, as\u00ed como gestionar y realizar el pago de las recargas.<\/p>\n<p><strong>Funcionamiento de la aplicaci\u00f3n<\/strong><\/p>\n<p>En estos enlaces se puede encontrar la informaci\u00f3n necesaria:<\/p>\n<p>V\u00eddeo explicativo: <a href=\"https:\/\/www.youtube.com\/watch?v=J8fYnR1rkgQ\">https:\/\/www.youtube.com\/watch?v=J8fYnR1rkgQ<\/a><\/p>\n<p>Gu\u00eda paso a paso: <a href=\"https:\/\/evcharge.net\/soporte\/\">https:\/\/evcharge.net\/soporte\/<\/a><\/p>\n<p>En los cargadores se muestra un tel\u00e9fono de teleasistencia 24h para cualquier incidencia que pueda surgir.<\/p>\n<p><strong>Servicio de recarga de veh\u00edculos el\u00e9ctricos<\/strong><\/p>\n<p>Para permitir la recarga ser\u00e1 necesario que el veh\u00edculo estacione en alguna de las plazas exclusivas a tal efecto.<\/p>\n<p>El tiempo m\u00e1ximo de recarga es de dos (2) horas en caso de PVRE semi-r\u00e1pidos y de una (1) hora en caso de PVRE r\u00e1pidos, que podr\u00e1 limitarse por razones de necesidad o cuando la intensidad de la demanda as\u00ed lo requiriese, lo que se se\u00f1alizar\u00e1 convenientemente en el propio punto de recarga.<\/p>\n<p>Los precios de las recargas est\u00e1n regulados por reglamento y se revisar\u00e1n peri\u00f3dicamente de acuerdo con el precio de la energ\u00eda. Para m\u00e1s informaci\u00f3n puede consultar el <a href=\"https:\/\/mont-roig.cat\/wp-content\/uploads\/Ordenanca-recarrega-vehicles.pdf\" target=\"_blank\" rel=\"noopener\">Reglamento regulador del servicio de recarga de veh\u00edculos el\u00e9ctricos de Mont-roig del Camp<\/a>.<\/p>\n<p>Para fomentar la transici\u00f3n hacia el veh\u00edculo el\u00e9ctrico e impulsar la energ\u00eda renovable, la eficiencia energ\u00e9tica y el desarrollo sostenible, desde 2018 se han puesto en marcha los Puntos de Recarga para Veh\u00edculos El\u00e9ctricos (PRVE) en los n\u00facleos de Mont-roig y Miami Playa.[\/vc_column_text][\/vc_column][\/vc_row][vc_row][vc_column width=&#8221;1\/4&#8243;][vc_column_text]\n<div id=\"attachment_68198\" style=\"width: 236px\" class=\"wp-caption alignnone\"><a href=\"https:\/\/mont-roig.cat\/wp-content\/uploads\/IMG_20230208_080334-scaled.jpg\"><img loading=\"lazy\" decoding=\"async\" aria-describedby=\"caption-attachment-68198\" class=\"wp-image-68198\" src=\"https:\/\/mont-roig.cat\/wp-content\/uploads\/IMG_20230208_080334-376x500.jpg\" alt=\"\" width=\"226\" height=\"300\" srcset=\"https:\/\/mont-roig.cat\/wp-content\/uploads\/IMG_20230208_080334-376x500.jpg 376w, https:\/\/mont-roig.cat\/wp-content\/uploads\/IMG_20230208_080334-771x1024.jpg 771w, https:\/\/mont-roig.cat\/wp-content\/uploads\/IMG_20230208_080334-768x1020.jpg 768w, https:\/\/mont-roig.cat\/wp-content\/uploads\/IMG_20230208_080334-1157x1536.jpg 1157w, https:\/\/mont-roig.cat\/wp-content\/uploads\/IMG_20230208_080334-scaled.jpg 1542w\" sizes=\"auto, (max-width: 226px) 100vw, 226px\" \/><\/a><p id=\"caption-attachment-68198\" class=\"wp-caption-text\">Ctra. de Colldejou, S\/N &#8211; 43300, Mont-roig<\/p><\/div>\n[\/vc_column_text][\/vc_column][vc_column width=&#8221;1\/4&#8243;][vc_column_text]\n<div id=\"attachment_68179\" style=\"width: 236px\" class=\"wp-caption alignnone\"><a href=\"https:\/\/mont-roig.cat\/wp-content\/uploads\/IMG_20221115_130123-1-scaled.jpg\"><img loading=\"lazy\" decoding=\"async\" aria-describedby=\"caption-attachment-68179\" class=\"wp-image-68179\" src=\"https:\/\/mont-roig.cat\/wp-content\/uploads\/IMG_20221115_130123-1-376x500.jpg\" alt=\"\" width=\"226\" height=\"300\" srcset=\"https:\/\/mont-roig.cat\/wp-content\/uploads\/IMG_20221115_130123-1-376x500.jpg 376w, https:\/\/mont-roig.cat\/wp-content\/uploads\/IMG_20221115_130123-1-771x1024.jpg 771w, https:\/\/mont-roig.cat\/wp-content\/uploads\/IMG_20221115_130123-1-768x1020.jpg 768w, https:\/\/mont-roig.cat\/wp-content\/uploads\/IMG_20221115_130123-1-1157x1536.jpg 1157w, https:\/\/mont-roig.cat\/wp-content\/uploads\/IMG_20221115_130123-1-scaled.jpg 1542w\" sizes=\"auto, (max-width: 226px) 100vw, 226px\" \/><\/a><p id=\"caption-attachment-68179\" class=\"wp-caption-text\">C. Soria, 14 &#8211; 43892, Miami Platja<\/p><\/div>\n[\/vc_column_text][\/vc_column][vc_column width=&#8221;1\/4&#8243;][vc_column_text]\n<div id=\"attachment_68211\" style=\"width: 236px\" class=\"wp-caption alignnone\"><a href=\"https:\/\/mont-roig.cat\/wp-content\/uploads\/IMG_20220309_085614-3-scaled.jpg\"><img loading=\"lazy\" decoding=\"async\" aria-describedby=\"caption-attachment-68211\" class=\"wp-image-68211\" src=\"https:\/\/mont-roig.cat\/wp-content\/uploads\/IMG_20220309_085614-3-377x500.jpg\" alt=\"\" width=\"226\" height=\"300\" srcset=\"https:\/\/mont-roig.cat\/wp-content\/uploads\/IMG_20220309_085614-3-377x500.jpg 377w, https:\/\/mont-roig.cat\/wp-content\/uploads\/IMG_20220309_085614-3-773x1024.jpg 773w, https:\/\/mont-roig.cat\/wp-content\/uploads\/IMG_20220309_085614-3-768x1018.jpg 768w, https:\/\/mont-roig.cat\/wp-content\/uploads\/IMG_20220309_085614-3-1159x1536.jpg 1159w, https:\/\/mont-roig.cat\/wp-content\/uploads\/IMG_20220309_085614-3-scaled.jpg 1546w\" sizes=\"auto, (max-width: 226px) 100vw, 226px\" \/><\/a><p id=\"caption-attachment-68211\" class=\"wp-caption-text\">Av. de Calif\u00f2rnia, 15 &#8211; 43892, Miami Platja<\/p><\/div>\n[\/vc_column_text][\/vc_column][vc_column width=&#8221;1\/4&#8243;][vc_column_text]\n<div id=\"attachment_68177\" style=\"width: 236px\" class=\"wp-caption alignnone\"><a href=\"https:\/\/mont-roig.cat\/wp-content\/uploads\/WhatsApp-Image-2023-01-19-at-10.20.37-1.jpeg\"><img loading=\"lazy\" decoding=\"async\" aria-describedby=\"caption-attachment-68177\" class=\"wp-image-68177\" src=\"https:\/\/mont-roig.cat\/wp-content\/uploads\/WhatsApp-Image-2023-01-19-at-10.20.37-1-376x500.jpeg\" alt=\"\" width=\"226\" height=\"300\" srcset=\"https:\/\/mont-roig.cat\/wp-content\/uploads\/WhatsApp-Image-2023-01-19-at-10.20.37-1-376x500.jpeg 376w, https:\/\/mont-roig.cat\/wp-content\/uploads\/WhatsApp-Image-2023-01-19-at-10.20.37-1-771x1024.jpeg 771w, https:\/\/mont-roig.cat\/wp-content\/uploads\/WhatsApp-Image-2023-01-19-at-10.20.37-1-768x1021.jpeg 768w, https:\/\/mont-roig.cat\/wp-content\/uploads\/WhatsApp-Image-2023-01-19-at-10.20.37-1-1156x1536.jpeg 1156w, https:\/\/mont-roig.cat\/wp-content\/uploads\/WhatsApp-Image-2023-01-19-at-10.20.37-1.jpeg 1204w\" sizes=\"auto, (max-width: 226px) 100vw, 226px\" \/><\/a><p id=\"caption-attachment-68177\" class=\"wp-caption-text\">Av. del Mar, 21 &#8211; 43892, Miami Platja PUNTO DE CARGA R\u00c1PIDA<\/p><\/div>\n[\/vc_column_text][\/vc_column][\/vc_row][vc_row][vc_column][vc_column_text css=&#8221;&#8221;]<a href=\"https:\/\/mont-roig.cat\/wp-content\/uploads\/LOGOS-PDST.png\"><img loading=\"lazy\" decoding=\"async\" class=\"size-medium wp-image-84122 alignleft\" src=\"https:\/\/mont-roig.cat\/wp-content\/uploads\/LOGOS-PDST-500x67.png\" alt=\"\" width=\"500\" height=\"67\" srcset=\"https:\/\/mont-roig.cat\/wp-content\/uploads\/LOGOS-PDST-500x67.png 500w, https:\/\/mont-roig.cat\/wp-content\/uploads\/LOGOS-PDST-1024x136.png 1024w, https:\/\/mont-roig.cat\/wp-content\/uploads\/LOGOS-PDST-768x102.png 768w, https:\/\/mont-roig.cat\/wp-content\/uploads\/LOGOS-PDST.png 1240w\" sizes=\"auto, (max-width: 500px) 100vw, 500px\" \/><\/a>[\/vc_column_text][\/vc_column][\/vc_row]\n<\/div>","protected":false},"excerpt":{"rendered":"<p>[vc_row][vc_column][vc_column_text css=&#8221;&#8221;]Puntos de recarga en el municipio Actualmente el municipio de Mont-roig del Camp dispone de 4 Puntos de Recarga para Veh\u00edculos El\u00e9ctricos (PRVE): 3 Puntos de recarga semi-r\u00e1pida: m\u00e1ximo 2 horas (de hasta 22 kW, con conectores tipo 2 de acuerdo con la norma IEC 62196-2). El cable de conexi\u00f3n en este tipo de [&hellip;]<\/p>\n","protected":false},"author":13,"featured_media":0,"parent":0,"menu_order":0,"comment_status":"closed","ping_status":"closed","template":"","meta":{"inline_featured_image":false,"_monsterinsights_skip_tracking":false,"_monsterinsights_sitenote_active":false,"_monsterinsights_sitenote_note":"","_monsterinsights_sitenote_category":0,"footnotes":""},"class_list":["post-68229","page","type-page","status-publish","hentry"],"yoast_head":"<!-- This site is optimized with the Yoast SEO plugin v27.4 - https:\/\/yoast.com\/product\/yoast-seo-wordpress\/ -->\n<title>Cargadores el\u00e9ctricos - Ajuntament de Mont-roig del Camp<\/title>\n<meta name=\"robots\" content=\"index, follow, max-snippet:-1, max-image-preview:large, max-video-preview:-1\" \/>\n<link rel=\"canonical\" href=\"https:\/\/mont-roig.cat\/es\/cargadores-electricos\/\" \/>\n<meta property=\"og:locale\" content=\"es_ES\" \/>\n<meta property=\"og:type\" content=\"article\" \/>\n<meta property=\"og:title\" content=\"Cargadores el\u00e9ctricos - Ajuntament de Mont-roig del Camp\" \/>\n<meta property=\"og:description\" content=\"[vc_row][vc_column][vc_column_text css=&#8221;&#8221;]Puntos de recarga en el municipio Actualmente el municipio de Mont-roig del Camp dispone de 4 Puntos de Recarga para Veh\u00edculos El\u00e9ctricos (PRVE): 3 Puntos de recarga semi-r\u00e1pida: m\u00e1ximo 2 horas (de hasta 22 kW, con conectores tipo 2 de acuerdo con la norma IEC 62196-2). El cable de conexi\u00f3n en este tipo de [&hellip;]\" \/>\n<meta property=\"og:url\" content=\"https:\/\/mont-roig.cat\/es\/cargadores-electricos\/\" \/>\n<meta property=\"og:site_name\" content=\"Ajuntament de Mont-roig del Camp\" \/>\n<meta property=\"article:modified_time\" content=\"2025-06-25T12:11:43+00:00\" \/>\n<meta property=\"og:image\" content=\"https:\/\/mont-roig.cat\/wp-content\/uploads\/IMG_20230208_080334-scaled.jpg\" \/>\n\t<meta property=\"og:image:width\" content=\"1542\" \/>\n\t<meta property=\"og:image:height\" content=\"2048\" \/>\n\t<meta property=\"og:image:type\" content=\"image\/jpeg\" \/>\n<meta name=\"twitter:card\" content=\"summary_large_image\" \/>\n<meta name=\"twitter:label1\" content=\"Tiempo de lectura\" \/>\n\t<meta name=\"twitter:data1\" content=\"4 minutos\" \/>\n<script type=\"application\/ld+json\" class=\"yoast-schema-graph\">{\"@context\":\"https:\\\/\\\/schema.org\",\"@graph\":[{\"@type\":\"WebPage\",\"@id\":\"https:\\\/\\\/mont-roig.cat\\\/es\\\/cargadores-electricos\\\/\",\"url\":\"https:\\\/\\\/mont-roig.cat\\\/es\\\/cargadores-electricos\\\/\",\"name\":\"Cargadores el\u00e9ctricos - Ajuntament de Mont-roig del Camp\",\"isPartOf\":{\"@id\":\"https:\\\/\\\/mont-roig.cat\\\/es\\\/#website\"},\"primaryImageOfPage\":{\"@id\":\"https:\\\/\\\/mont-roig.cat\\\/es\\\/cargadores-electricos\\\/#primaryimage\"},\"image\":{\"@id\":\"https:\\\/\\\/mont-roig.cat\\\/es\\\/cargadores-electricos\\\/#primaryimage\"},\"thumbnailUrl\":\"https:\\\/\\\/mont-roig.cat\\\/wp-content\\\/uploads\\\/IMG_20230208_080334-376x500.jpg\",\"datePublished\":\"2023-02-09T11:16:53+00:00\",\"dateModified\":\"2025-06-25T12:11:43+00:00\",\"breadcrumb\":{\"@id\":\"https:\\\/\\\/mont-roig.cat\\\/es\\\/cargadores-electricos\\\/#breadcrumb\"},\"inLanguage\":\"es\",\"potentialAction\":[{\"@type\":\"ReadAction\",\"target\":[\"https:\\\/\\\/mont-roig.cat\\\/es\\\/cargadores-electricos\\\/\"]}]},{\"@type\":\"ImageObject\",\"inLanguage\":\"es\",\"@id\":\"https:\\\/\\\/mont-roig.cat\\\/es\\\/cargadores-electricos\\\/#primaryimage\",\"url\":\"https:\\\/\\\/mont-roig.cat\\\/wp-content\\\/uploads\\\/IMG_20230208_080334-376x500.jpg\",\"contentUrl\":\"https:\\\/\\\/mont-roig.cat\\\/wp-content\\\/uploads\\\/IMG_20230208_080334-376x500.jpg\"},{\"@type\":\"BreadcrumbList\",\"@id\":\"https:\\\/\\\/mont-roig.cat\\\/es\\\/cargadores-electricos\\\/#breadcrumb\",\"itemListElement\":[{\"@type\":\"ListItem\",\"position\":1,\"name\":\"Inici\",\"item\":\"https:\\\/\\\/mont-roig.cat\\\/es\\\/pagina-de-inicio\\\/\"},{\"@type\":\"ListItem\",\"position\":2,\"name\":\"Cargadores el\u00e9ctricos\"}]},{\"@type\":\"WebSite\",\"@id\":\"https:\\\/\\\/mont-roig.cat\\\/es\\\/#website\",\"url\":\"https:\\\/\\\/mont-roig.cat\\\/es\\\/\",\"name\":\"Ajuntament de Mont-roig del Camp\",\"description\":\"Tota la informaci\u00f3 sobre la instituci\u00f3, els seus \u00f2rgans de govern, actualitat, serveis i molt m\u00e9s.\",\"potentialAction\":[{\"@type\":\"SearchAction\",\"target\":{\"@type\":\"EntryPoint\",\"urlTemplate\":\"https:\\\/\\\/mont-roig.cat\\\/es\\\/?s={search_term_string}\"},\"query-input\":{\"@type\":\"PropertyValueSpecification\",\"valueRequired\":true,\"valueName\":\"search_term_string\"}}],\"inLanguage\":\"es\"}]}<\/script>\n<!-- \/ Yoast SEO plugin. -->","yoast_head_json":{"title":"Cargadores el\u00e9ctricos - Ajuntament de Mont-roig del Camp","robots":{"index":"index","follow":"follow","max-snippet":"max-snippet:-1","max-image-preview":"max-image-preview:large","max-video-preview":"max-video-preview:-1"},"canonical":"https:\/\/mont-roig.cat\/es\/cargadores-electricos\/","og_locale":"es_ES","og_type":"article","og_title":"Cargadores el\u00e9ctricos - Ajuntament de Mont-roig del Camp","og_description":"[vc_row][vc_column][vc_column_text css=&#8221;&#8221;]Puntos de recarga en el municipio Actualmente el municipio de Mont-roig del Camp dispone de 4 Puntos de Recarga para Veh\u00edculos El\u00e9ctricos (PRVE): 3 Puntos de recarga semi-r\u00e1pida: m\u00e1ximo 2 horas (de hasta 22 kW, con conectores tipo 2 de acuerdo con la norma IEC 62196-2). El cable de conexi\u00f3n en este tipo de [&hellip;]","og_url":"https:\/\/mont-roig.cat\/es\/cargadores-electricos\/","og_site_name":"Ajuntament de Mont-roig del Camp","article_modified_time":"2025-06-25T12:11:43+00:00","og_image":[{"width":1542,"height":2048,"url":"https:\/\/mont-roig.cat\/wp-content\/uploads\/IMG_20230208_080334-scaled.jpg","type":"image\/jpeg"}],"twitter_card":"summary_large_image","twitter_misc":{"Tiempo de lectura":"4 minutos"},"schema":{"@context":"https:\/\/schema.org","@graph":[{"@type":"WebPage","@id":"https:\/\/mont-roig.cat\/es\/cargadores-electricos\/","url":"https:\/\/mont-roig.cat\/es\/cargadores-electricos\/","name":"Cargadores el\u00e9ctricos - Ajuntament de Mont-roig del Camp","isPartOf":{"@id":"https:\/\/mont-roig.cat\/es\/#website"},"primaryImageOfPage":{"@id":"https:\/\/mont-roig.cat\/es\/cargadores-electricos\/#primaryimage"},"image":{"@id":"https:\/\/mont-roig.cat\/es\/cargadores-electricos\/#primaryimage"},"thumbnailUrl":"https:\/\/mont-roig.cat\/wp-content\/uploads\/IMG_20230208_080334-376x500.jpg","datePublished":"2023-02-09T11:16:53+00:00","dateModified":"2025-06-25T12:11:43+00:00","breadcrumb":{"@id":"https:\/\/mont-roig.cat\/es\/cargadores-electricos\/#breadcrumb"},"inLanguage":"es","potentialAction":[{"@type":"ReadAction","target":["https:\/\/mont-roig.cat\/es\/cargadores-electricos\/"]}]},{"@type":"ImageObject","inLanguage":"es","@id":"https:\/\/mont-roig.cat\/es\/cargadores-electricos\/#primaryimage","url":"https:\/\/mont-roig.cat\/wp-content\/uploads\/IMG_20230208_080334-376x500.jpg","contentUrl":"https:\/\/mont-roig.cat\/wp-content\/uploads\/IMG_20230208_080334-376x500.jpg"},{"@type":"BreadcrumbList","@id":"https:\/\/mont-roig.cat\/es\/cargadores-electricos\/#breadcrumb","itemListElement":[{"@type":"ListItem","position":1,"name":"Inici","item":"https:\/\/mont-roig.cat\/es\/pagina-de-inicio\/"},{"@type":"ListItem","position":2,"name":"Cargadores el\u00e9ctricos"}]},{"@type":"WebSite","@id":"https:\/\/mont-roig.cat\/es\/#website","url":"https:\/\/mont-roig.cat\/es\/","name":"Ajuntament de Mont-roig del Camp","description":"Tota la informaci\u00f3 sobre la instituci\u00f3, els seus \u00f2rgans de govern, actualitat, serveis i molt m\u00e9s.","potentialAction":[{"@type":"SearchAction","target":{"@type":"EntryPoint","urlTemplate":"https:\/\/mont-roig.cat\/es\/?s={search_term_string}"},"query-input":{"@type":"PropertyValueSpecification","valueRequired":true,"valueName":"search_term_string"}}],"inLanguage":"es"}]}},"_links":{"self":[{"href":"https:\/\/mont-roig.cat\/es\/wp-json\/wp\/v2\/pages\/68229","targetHints":{"allow":["GET"]}}],"collection":[{"href":"https:\/\/mont-roig.cat\/es\/wp-json\/wp\/v2\/pages"}],"about":[{"href":"https:\/\/mont-roig.cat\/es\/wp-json\/wp\/v2\/types\/page"}],"author":[{"embeddable":true,"href":"https:\/\/mont-roig.cat\/es\/wp-json\/wp\/v2\/users\/13"}],"replies":[{"embeddable":true,"href":"https:\/\/mont-roig.cat\/es\/wp-json\/wp\/v2\/comments?post=68229"}],"version-history":[{"count":7,"href":"https:\/\/mont-roig.cat\/es\/wp-json\/wp\/v2\/pages\/68229\/revisions"}],"predecessor-version":[{"id":84162,"href":"https:\/\/mont-roig.cat\/es\/wp-json\/wp\/v2\/pages\/68229\/revisions\/84162"}],"wp:attachment":[{"href":"https:\/\/mont-roig.cat\/es\/wp-json\/wp\/v2\/media?parent=68229"}],"curies":[{"name":"wp","href":"https:\/\/api.w.org\/{rel}","templated":true}]}}