{"id":68844,"date":"2023-02-27T14:41:09","date_gmt":"2023-02-27T13:41:09","guid":{"rendered":"https:\/\/mont-roig.cat\/?page_id=68844"},"modified":"2023-03-01T13:39:29","modified_gmt":"2023-03-01T12:39:29","slug":"procesos-participativos","status":"publish","type":"page","link":"https:\/\/mont-roig.cat\/es\/govern-obert\/participacion-ciudadana\/procesos-participativos\/","title":{"rendered":"Procesos participativos"},"content":{"rendered":"<p>\u00bfQu\u00e9 es un proceso participativo?<\/p>\n<p>Un proceso participativo es uno de los mecanismos de participaci\u00f3n ciudadana, desarrollados para incorporar a la ciudadan\u00eda en la elaboraci\u00f3n de una pol\u00edtica p\u00fablica. Se trata de un proceso en el que se llevan a cabo una secuencia de acciones, en espacios y tiempos determinados, donde la ciudadan\u00eda puede realizar aportaciones sobre asuntos de inter\u00e9s p\u00fablico, propiciando el trabajo conjunto. Tienen como objetivo incidir en la definici\u00f3n de una pol\u00edtica p\u00fablica espec\u00edfica, garantizando el debate y la deliberaci\u00f3n entre la ciudadan\u00eda y las instituciones p\u00fablicas para recoger a la opini\u00f3n ciudadana respecto a una actuaci\u00f3n concreta.<\/p>\n<p>Ejemplos de procesos participativos son: presupuestos participativos (donde se hacen propuestas, se valoran econ\u00f3micamente y se vota con el dinero disponible), un proceso de planificaci\u00f3n estrat\u00e9gica, la redacci\u00f3n colaborativa de un reglamento o norma, el dise\u00f1o de un espacio urbano o la producci\u00f3n de un plan de pol\u00edticas p\u00fablicas, etc.<\/p>\n<p>El Ayuntamiento de Mont-roig del Camp ha impulsado los siguientes procesos participativos:<\/p>\n<ul>\n<li><a href=\"https:\/\/mont-roig.cat\/es\/govern-obert\/participacion-ciudadana\/procesos-participativos\/dona-nom\/\" target=\"_blank\" rel=\"noopener\">Proceso participativo Dona Nom<\/a><\/li>\n<li><a href=\"https:\/\/mont-roig.cat\/es\/govern-obert\/participacion-ciudadana\/procesos-participativos\/presupuestos-participativos\/\" target=\"_blank\" rel=\"noopener\">Presupuestos participativos<\/a><\/li>\n<\/ul>\n","protected":false},"excerpt":{"rendered":"<p>\u00bfQu\u00e9 es un proceso participativo? Un proceso participativo es uno de los mecanismos de participaci\u00f3n ciudadana, desarrollados para incorporar a la ciudadan\u00eda en la elaboraci\u00f3n de una pol\u00edtica p\u00fablica. Se trata de un proceso en el que se llevan a cabo una secuencia de acciones, en espacios y tiempos determinados, donde la ciudadan\u00eda puede realizar [&hellip;]<\/p>\n","protected":false},"author":13,"featured_media":0,"parent":9395,"menu_order":0,"comment_status":"closed","ping_status":"closed","template":"","meta":{"inline_featured_image":false,"_monsterinsights_skip_tracking":false,"_monsterinsights_sitenote_active":false,"_monsterinsights_sitenote_note":"","_monsterinsights_sitenote_category":0,"footnotes":""},"class_list":["post-68844","page","type-page","status-publish","hentry"],"yoast_head":"<!-- This site is optimized with the Yoast SEO plugin v27.4 - https:\/\/yoast.com\/product\/yoast-seo-wordpress\/ -->\n<title>Procesos participativos - Ajuntament de Mont-roig del Camp<\/title>\n<meta name=\"robots\" content=\"index, follow, max-snippet:-1, max-image-preview:large, max-video-preview:-1\" \/>\n<link rel=\"canonical\" href=\"https:\/\/mont-roig.cat\/es\/govern-obert\/participacion-ciudadana\/procesos-participativos\/\" \/>\n<meta property=\"og:locale\" content=\"es_ES\" \/>\n<meta property=\"og:type\" content=\"article\" \/>\n<meta property=\"og:title\" content=\"Procesos participativos - Ajuntament de Mont-roig del Camp\" \/>\n<meta property=\"og:description\" content=\"\u00bfQu\u00e9 es un proceso participativo? Un proceso participativo es uno de los mecanismos de participaci\u00f3n ciudadana, desarrollados para incorporar a la ciudadan\u00eda en la elaboraci\u00f3n de una pol\u00edtica p\u00fablica. Se trata de un proceso en el que se llevan a cabo una secuencia de acciones, en espacios y tiempos determinados, donde la ciudadan\u00eda puede realizar [&hellip;]\" \/>\n<meta property=\"og:url\" content=\"https:\/\/mont-roig.cat\/es\/govern-obert\/participacion-ciudadana\/procesos-participativos\/\" \/>\n<meta property=\"og:site_name\" content=\"Ajuntament de Mont-roig del Camp\" \/>\n<meta property=\"article:modified_time\" content=\"2023-03-01T12:39:29+00:00\" \/>\n<meta property=\"og:image\" content=\"https:\/\/mont-roig.cat\/wp-content\/uploads\/aj-mont-roig-2.jpg\" \/>\n\t<meta property=\"og:image:width\" content=\"1200\" \/>\n\t<meta property=\"og:image:height\" content=\"600\" \/>\n\t<meta property=\"og:image:type\" content=\"image\/jpeg\" \/>\n<meta name=\"twitter:card\" content=\"summary_large_image\" \/>\n<meta name=\"twitter:label1\" content=\"Tiempo de lectura\" \/>\n\t<meta name=\"twitter:data1\" content=\"1 minuto\" \/>\n<script type=\"application\/ld+json\" class=\"yoast-schema-graph\">{\"@context\":\"https:\\\/\\\/schema.org\",\"@graph\":[{\"@type\":\"WebPage\",\"@id\":\"https:\\\/\\\/mont-roig.cat\\\/es\\\/govern-obert\\\/participacion-ciudadana\\\/procesos-participativos\\\/\",\"url\":\"https:\\\/\\\/mont-roig.cat\\\/es\\\/govern-obert\\\/participacion-ciudadana\\\/procesos-participativos\\\/\",\"name\":\"Procesos participativos - Ajuntament de Mont-roig del Camp\",\"isPartOf\":{\"@id\":\"https:\\\/\\\/mont-roig.cat\\\/es\\\/#website\"},\"datePublished\":\"2023-02-27T13:41:09+00:00\",\"dateModified\":\"2023-03-01T12:39:29+00:00\",\"breadcrumb\":{\"@id\":\"https:\\\/\\\/mont-roig.cat\\\/es\\\/govern-obert\\\/participacion-ciudadana\\\/procesos-participativos\\\/#breadcrumb\"},\"inLanguage\":\"es\",\"potentialAction\":[{\"@type\":\"ReadAction\",\"target\":[\"https:\\\/\\\/mont-roig.cat\\\/es\\\/govern-obert\\\/participacion-ciudadana\\\/procesos-participativos\\\/\"]}]},{\"@type\":\"BreadcrumbList\",\"@id\":\"https:\\\/\\\/mont-roig.cat\\\/es\\\/govern-obert\\\/participacion-ciudadana\\\/procesos-participativos\\\/#breadcrumb\",\"itemListElement\":[{\"@type\":\"ListItem\",\"position\":1,\"name\":\"Inici\",\"item\":\"https:\\\/\\\/mont-roig.cat\\\/es\\\/pagina-de-inicio\\\/\"},{\"@type\":\"ListItem\",\"position\":2,\"name\":\"Gobierno abierto\",\"item\":\"https:\\\/\\\/mont-roig.cat\\\/es\\\/govern-obert\\\/\"},{\"@type\":\"ListItem\",\"position\":3,\"name\":\"Participaci\u00f3n ciudadana\",\"item\":\"https:\\\/\\\/mont-roig.cat\\\/es\\\/govern-obert\\\/participacion-ciudadana\\\/\"},{\"@type\":\"ListItem\",\"position\":4,\"name\":\"Procesos participativos\"}]},{\"@type\":\"WebSite\",\"@id\":\"https:\\\/\\\/mont-roig.cat\\\/es\\\/#website\",\"url\":\"https:\\\/\\\/mont-roig.cat\\\/es\\\/\",\"name\":\"Ajuntament de Mont-roig del Camp\",\"description\":\"Tota la informaci\u00f3 sobre la instituci\u00f3, els seus \u00f2rgans de govern, actualitat, serveis i molt m\u00e9s.\",\"potentialAction\":[{\"@type\":\"SearchAction\",\"target\":{\"@type\":\"EntryPoint\",\"urlTemplate\":\"https:\\\/\\\/mont-roig.cat\\\/es\\\/?s={search_term_string}\"},\"query-input\":{\"@type\":\"PropertyValueSpecification\",\"valueRequired\":true,\"valueName\":\"search_term_string\"}}],\"inLanguage\":\"es\"}]}<\/script>\n<!-- \/ Yoast SEO plugin. -->","yoast_head_json":{"title":"Procesos participativos - Ajuntament de Mont-roig del Camp","robots":{"index":"index","follow":"follow","max-snippet":"max-snippet:-1","max-image-preview":"max-image-preview:large","max-video-preview":"max-video-preview:-1"},"canonical":"https:\/\/mont-roig.cat\/es\/govern-obert\/participacion-ciudadana\/procesos-participativos\/","og_locale":"es_ES","og_type":"article","og_title":"Procesos participativos - Ajuntament de Mont-roig del Camp","og_description":"\u00bfQu\u00e9 es un proceso participativo? Un proceso participativo es uno de los mecanismos de participaci\u00f3n ciudadana, desarrollados para incorporar a la ciudadan\u00eda en la elaboraci\u00f3n de una pol\u00edtica p\u00fablica. Se trata de un proceso en el que se llevan a cabo una secuencia de acciones, en espacios y tiempos determinados, donde la ciudadan\u00eda puede realizar [&hellip;]","og_url":"https:\/\/mont-roig.cat\/es\/govern-obert\/participacion-ciudadana\/procesos-participativos\/","og_site_name":"Ajuntament de Mont-roig del Camp","article_modified_time":"2023-03-01T12:39:29+00:00","og_image":[{"width":1200,"height":600,"url":"https:\/\/mont-roig.cat\/wp-content\/uploads\/aj-mont-roig-2.jpg","type":"image\/jpeg"}],"twitter_card":"summary_large_image","twitter_misc":{"Tiempo de lectura":"1 minuto"},"schema":{"@context":"https:\/\/schema.org","@graph":[{"@type":"WebPage","@id":"https:\/\/mont-roig.cat\/es\/govern-obert\/participacion-ciudadana\/procesos-participativos\/","url":"https:\/\/mont-roig.cat\/es\/govern-obert\/participacion-ciudadana\/procesos-participativos\/","name":"Procesos participativos - Ajuntament de Mont-roig del Camp","isPartOf":{"@id":"https:\/\/mont-roig.cat\/es\/#website"},"datePublished":"2023-02-27T13:41:09+00:00","dateModified":"2023-03-01T12:39:29+00:00","breadcrumb":{"@id":"https:\/\/mont-roig.cat\/es\/govern-obert\/participacion-ciudadana\/procesos-participativos\/#breadcrumb"},"inLanguage":"es","potentialAction":[{"@type":"ReadAction","target":["https:\/\/mont-roig.cat\/es\/govern-obert\/participacion-ciudadana\/procesos-participativos\/"]}]},{"@type":"BreadcrumbList","@id":"https:\/\/mont-roig.cat\/es\/govern-obert\/participacion-ciudadana\/procesos-participativos\/#breadcrumb","itemListElement":[{"@type":"ListItem","position":1,"name":"Inici","item":"https:\/\/mont-roig.cat\/es\/pagina-de-inicio\/"},{"@type":"ListItem","position":2,"name":"Gobierno abierto","item":"https:\/\/mont-roig.cat\/es\/govern-obert\/"},{"@type":"ListItem","position":3,"name":"Participaci\u00f3n ciudadana","item":"https:\/\/mont-roig.cat\/es\/govern-obert\/participacion-ciudadana\/"},{"@type":"ListItem","position":4,"name":"Procesos participativos"}]},{"@type":"WebSite","@id":"https:\/\/mont-roig.cat\/es\/#website","url":"https:\/\/mont-roig.cat\/es\/","name":"Ajuntament de Mont-roig del Camp","description":"Tota la informaci\u00f3 sobre la instituci\u00f3, els seus \u00f2rgans de govern, actualitat, serveis i molt m\u00e9s.","potentialAction":[{"@type":"SearchAction","target":{"@type":"EntryPoint","urlTemplate":"https:\/\/mont-roig.cat\/es\/?s={search_term_string}"},"query-input":{"@type":"PropertyValueSpecification","valueRequired":true,"valueName":"search_term_string"}}],"inLanguage":"es"}]}},"_links":{"self":[{"href":"https:\/\/mont-roig.cat\/es\/wp-json\/wp\/v2\/pages\/68844","targetHints":{"allow":["GET"]}}],"collection":[{"href":"https:\/\/mont-roig.cat\/es\/wp-json\/wp\/v2\/pages"}],"about":[{"href":"https:\/\/mont-roig.cat\/es\/wp-json\/wp\/v2\/types\/page"}],"author":[{"embeddable":true,"href":"https:\/\/mont-roig.cat\/es\/wp-json\/wp\/v2\/users\/13"}],"replies":[{"embeddable":true,"href":"https:\/\/mont-roig.cat\/es\/wp-json\/wp\/v2\/comments?post=68844"}],"version-history":[{"count":5,"href":"https:\/\/mont-roig.cat\/es\/wp-json\/wp\/v2\/pages\/68844\/revisions"}],"predecessor-version":[{"id":68955,"href":"https:\/\/mont-roig.cat\/es\/wp-json\/wp\/v2\/pages\/68844\/revisions\/68955"}],"up":[{"embeddable":true,"href":"https:\/\/mont-roig.cat\/es\/wp-json\/wp\/v2\/pages\/9395"}],"wp:attachment":[{"href":"https:\/\/mont-roig.cat\/es\/wp-json\/wp\/v2\/media?parent=68844"}],"curies":[{"name":"wp","href":"https:\/\/api.w.org\/{rel}","templated":true}]}}