{"id":72473,"date":"2023-09-22T11:54:14","date_gmt":"2023-09-22T09:54:14","guid":{"rendered":"https:\/\/mont-roig.cat\/?page_id=72473"},"modified":"2026-03-03T10:11:33","modified_gmt":"2026-03-03T09:11:33","slug":"mari-mar-urisel-roca","status":"publish","type":"page","link":"https:\/\/mont-roig.cat\/es\/mari-mar-urisel-roca\/","title":{"rendered":"Mari Mar Urisel Roca"},"content":{"rendered":"<div class=\"wpb-content-wrapper\">[vc_row][vc_column][vc_column_text css=&#8221;&#8221;]<a href=\"https:\/\/mont-roig.cat\/wp-content\/uploads\/Mar-Urisel.jpg\"><img loading=\"lazy\" decoding=\"async\" class=\"alignright wp-image-70921\" src=\"https:\/\/mont-roig.cat\/wp-content\/uploads\/Mar-Urisel-500x500.jpg\" alt=\"\" width=\"250\" height=\"250\" \/><\/a>Mari Mar Urisel Roca naci\u00f3 en Reus en 1965, sin embargo viv\u00edan en Miami Platja, as\u00ed que siempre ha dicho que naci\u00f3 en Miami. Realiz\u00f3 los estudios de EGB en el colegio p\u00fablico de Miami Platja hasta quinto y despu\u00e9s de sexto a octavo en la escuela Mare de D\u00e9u de la Roca, y B.U.P. en el Colegio Presentaci\u00f3n de Mar\u00eda de Reus. Titulada tambi\u00e9n como monitora de ocio y veladora escolar. En cuanto a la trayectoria profesional ha trabajado en el \u00e1rea de deportes y en el comedor del colegio Joan Miro y \u00faltimamente de agente de civismo en el Ayuntamiento de Mont-roig del Camp. En este mandato, se estrena como concejala del gobierno municipal encarg\u00e1ndose de las \u00e1reas de Transici\u00f3n Energ\u00e9tica y Ecol\u00f3gica, Medio Natural y Salud P\u00fablica.<\/p>\n<p>&nbsp;<\/p>\n<p>Puede consultar el documento de declaraci\u00f3n de Actividades y Bienes de Mari Mar Urisel Roca en este enlace:<\/p>\n<p><a href=\"https:\/\/mont-roig.cat\/wp-content\/uploads\/Declaracio-dActivitats-i-Bens-Maria-del-Mar-Urisel.pdf\" target=\"_blank\" rel=\"noopener\">Declaraci\u00f3n de Actividades y Bienes-Maria del Mar Urisel<\/a><\/p>\n<p>Retribuci\u00f3n anual: 33.000 \u20ac (dedicaci\u00f3n 100%) para la legislatura 2023-2027.[\/vc_column_text][\/vc_column][\/vc_row]\n<\/div>","protected":false},"excerpt":{"rendered":"<p>[vc_row][vc_column][vc_column_text css=&#8221;&#8221;]Mari Mar Urisel Roca naci\u00f3 en Reus en 1965, sin embargo viv\u00edan en Miami Platja, as\u00ed que siempre ha dicho que naci\u00f3 en Miami. Realiz\u00f3 los estudios de EGB en el colegio p\u00fablico de Miami Platja hasta quinto y despu\u00e9s de sexto a octavo en la escuela Mare de D\u00e9u de la Roca, y [&hellip;]<\/p>\n","protected":false},"author":13,"featured_media":0,"parent":0,"menu_order":0,"comment_status":"closed","ping_status":"closed","template":"","meta":{"inline_featured_image":false,"_monsterinsights_skip_tracking":false,"_monsterinsights_sitenote_active":false,"_monsterinsights_sitenote_note":"","_monsterinsights_sitenote_category":0,"footnotes":""},"class_list":["post-72473","page","type-page","status-publish","hentry"],"yoast_head":"<!-- This site is optimized with the Yoast SEO plugin v27.4 - https:\/\/yoast.com\/product\/yoast-seo-wordpress\/ -->\n<title>Mari Mar Urisel Roca - Ajuntament de Mont-roig del Camp<\/title>\n<meta name=\"robots\" content=\"index, follow, max-snippet:-1, max-image-preview:large, max-video-preview:-1\" \/>\n<link rel=\"canonical\" href=\"https:\/\/mont-roig.cat\/es\/mari-mar-urisel-roca\/\" \/>\n<meta property=\"og:locale\" content=\"es_ES\" \/>\n<meta property=\"og:type\" content=\"article\" \/>\n<meta property=\"og:title\" content=\"Mari Mar Urisel Roca - Ajuntament de Mont-roig del Camp\" \/>\n<meta property=\"og:description\" content=\"[vc_row][vc_column][vc_column_text css=&#8221;&#8221;]Mari Mar Urisel Roca naci\u00f3 en Reus en 1965, sin embargo viv\u00edan en Miami Platja, as\u00ed que siempre ha dicho que naci\u00f3 en Miami. Realiz\u00f3 los estudios de EGB en el colegio p\u00fablico de Miami Platja hasta quinto y despu\u00e9s de sexto a octavo en la escuela Mare de D\u00e9u de la Roca, y [&hellip;]\" \/>\n<meta property=\"og:url\" content=\"https:\/\/mont-roig.cat\/es\/mari-mar-urisel-roca\/\" \/>\n<meta property=\"og:site_name\" content=\"Ajuntament de Mont-roig del Camp\" \/>\n<meta property=\"article:modified_time\" content=\"2026-03-03T09:11:33+00:00\" \/>\n<meta property=\"og:image\" content=\"https:\/\/mont-roig.cat\/wp-content\/uploads\/aj-mont-roig-2.jpg\" \/>\n\t<meta property=\"og:image:width\" content=\"1200\" \/>\n\t<meta property=\"og:image:height\" content=\"600\" \/>\n\t<meta property=\"og:image:type\" content=\"image\/jpeg\" \/>\n<meta name=\"twitter:card\" content=\"summary_large_image\" \/>\n<meta name=\"twitter:label1\" content=\"Tiempo de lectura\" \/>\n\t<meta name=\"twitter:data1\" content=\"2 minutos\" \/>\n<script type=\"application\/ld+json\" class=\"yoast-schema-graph\">{\"@context\":\"https:\\\/\\\/schema.org\",\"@graph\":[{\"@type\":\"WebPage\",\"@id\":\"https:\\\/\\\/mont-roig.cat\\\/es\\\/mari-mar-urisel-roca\\\/\",\"url\":\"https:\\\/\\\/mont-roig.cat\\\/es\\\/mari-mar-urisel-roca\\\/\",\"name\":\"Mari Mar Urisel Roca - Ajuntament de Mont-roig del Camp\",\"isPartOf\":{\"@id\":\"https:\\\/\\\/mont-roig.cat\\\/es\\\/#website\"},\"primaryImageOfPage\":{\"@id\":\"https:\\\/\\\/mont-roig.cat\\\/es\\\/mari-mar-urisel-roca\\\/#primaryimage\"},\"image\":{\"@id\":\"https:\\\/\\\/mont-roig.cat\\\/es\\\/mari-mar-urisel-roca\\\/#primaryimage\"},\"thumbnailUrl\":\"https:\\\/\\\/mont-roig.cat\\\/wp-content\\\/uploads\\\/Mar-Urisel-500x500.jpg\",\"datePublished\":\"2023-09-22T09:54:14+00:00\",\"dateModified\":\"2026-03-03T09:11:33+00:00\",\"breadcrumb\":{\"@id\":\"https:\\\/\\\/mont-roig.cat\\\/es\\\/mari-mar-urisel-roca\\\/#breadcrumb\"},\"inLanguage\":\"es\",\"potentialAction\":[{\"@type\":\"ReadAction\",\"target\":[\"https:\\\/\\\/mont-roig.cat\\\/es\\\/mari-mar-urisel-roca\\\/\"]}]},{\"@type\":\"ImageObject\",\"inLanguage\":\"es\",\"@id\":\"https:\\\/\\\/mont-roig.cat\\\/es\\\/mari-mar-urisel-roca\\\/#primaryimage\",\"url\":\"https:\\\/\\\/mont-roig.cat\\\/wp-content\\\/uploads\\\/Mar-Urisel-500x500.jpg\",\"contentUrl\":\"https:\\\/\\\/mont-roig.cat\\\/wp-content\\\/uploads\\\/Mar-Urisel-500x500.jpg\"},{\"@type\":\"BreadcrumbList\",\"@id\":\"https:\\\/\\\/mont-roig.cat\\\/es\\\/mari-mar-urisel-roca\\\/#breadcrumb\",\"itemListElement\":[{\"@type\":\"ListItem\",\"position\":1,\"name\":\"Inici\",\"item\":\"https:\\\/\\\/mont-roig.cat\\\/es\\\/pagina-de-inicio\\\/\"},{\"@type\":\"ListItem\",\"position\":2,\"name\":\"Mari Mar Urisel Roca\"}]},{\"@type\":\"WebSite\",\"@id\":\"https:\\\/\\\/mont-roig.cat\\\/es\\\/#website\",\"url\":\"https:\\\/\\\/mont-roig.cat\\\/es\\\/\",\"name\":\"Ajuntament de Mont-roig del Camp\",\"description\":\"Tota la informaci\u00f3 sobre la instituci\u00f3, els seus \u00f2rgans de govern, actualitat, serveis i molt m\u00e9s.\",\"potentialAction\":[{\"@type\":\"SearchAction\",\"target\":{\"@type\":\"EntryPoint\",\"urlTemplate\":\"https:\\\/\\\/mont-roig.cat\\\/es\\\/?s={search_term_string}\"},\"query-input\":{\"@type\":\"PropertyValueSpecification\",\"valueRequired\":true,\"valueName\":\"search_term_string\"}}],\"inLanguage\":\"es\"}]}<\/script>\n<!-- \/ Yoast SEO plugin. -->","yoast_head_json":{"title":"Mari Mar Urisel Roca - Ajuntament de Mont-roig del Camp","robots":{"index":"index","follow":"follow","max-snippet":"max-snippet:-1","max-image-preview":"max-image-preview:large","max-video-preview":"max-video-preview:-1"},"canonical":"https:\/\/mont-roig.cat\/es\/mari-mar-urisel-roca\/","og_locale":"es_ES","og_type":"article","og_title":"Mari Mar Urisel Roca - Ajuntament de Mont-roig del Camp","og_description":"[vc_row][vc_column][vc_column_text css=&#8221;&#8221;]Mari Mar Urisel Roca naci\u00f3 en Reus en 1965, sin embargo viv\u00edan en Miami Platja, as\u00ed que siempre ha dicho que naci\u00f3 en Miami. Realiz\u00f3 los estudios de EGB en el colegio p\u00fablico de Miami Platja hasta quinto y despu\u00e9s de sexto a octavo en la escuela Mare de D\u00e9u de la Roca, y [&hellip;]","og_url":"https:\/\/mont-roig.cat\/es\/mari-mar-urisel-roca\/","og_site_name":"Ajuntament de Mont-roig del Camp","article_modified_time":"2026-03-03T09:11:33+00:00","og_image":[{"width":1200,"height":600,"url":"https:\/\/mont-roig.cat\/wp-content\/uploads\/aj-mont-roig-2.jpg","type":"image\/jpeg"}],"twitter_card":"summary_large_image","twitter_misc":{"Tiempo de lectura":"2 minutos"},"schema":{"@context":"https:\/\/schema.org","@graph":[{"@type":"WebPage","@id":"https:\/\/mont-roig.cat\/es\/mari-mar-urisel-roca\/","url":"https:\/\/mont-roig.cat\/es\/mari-mar-urisel-roca\/","name":"Mari Mar Urisel Roca - Ajuntament de Mont-roig del Camp","isPartOf":{"@id":"https:\/\/mont-roig.cat\/es\/#website"},"primaryImageOfPage":{"@id":"https:\/\/mont-roig.cat\/es\/mari-mar-urisel-roca\/#primaryimage"},"image":{"@id":"https:\/\/mont-roig.cat\/es\/mari-mar-urisel-roca\/#primaryimage"},"thumbnailUrl":"https:\/\/mont-roig.cat\/wp-content\/uploads\/Mar-Urisel-500x500.jpg","datePublished":"2023-09-22T09:54:14+00:00","dateModified":"2026-03-03T09:11:33+00:00","breadcrumb":{"@id":"https:\/\/mont-roig.cat\/es\/mari-mar-urisel-roca\/#breadcrumb"},"inLanguage":"es","potentialAction":[{"@type":"ReadAction","target":["https:\/\/mont-roig.cat\/es\/mari-mar-urisel-roca\/"]}]},{"@type":"ImageObject","inLanguage":"es","@id":"https:\/\/mont-roig.cat\/es\/mari-mar-urisel-roca\/#primaryimage","url":"https:\/\/mont-roig.cat\/wp-content\/uploads\/Mar-Urisel-500x500.jpg","contentUrl":"https:\/\/mont-roig.cat\/wp-content\/uploads\/Mar-Urisel-500x500.jpg"},{"@type":"BreadcrumbList","@id":"https:\/\/mont-roig.cat\/es\/mari-mar-urisel-roca\/#breadcrumb","itemListElement":[{"@type":"ListItem","position":1,"name":"Inici","item":"https:\/\/mont-roig.cat\/es\/pagina-de-inicio\/"},{"@type":"ListItem","position":2,"name":"Mari Mar Urisel Roca"}]},{"@type":"WebSite","@id":"https:\/\/mont-roig.cat\/es\/#website","url":"https:\/\/mont-roig.cat\/es\/","name":"Ajuntament de Mont-roig del Camp","description":"Tota la informaci\u00f3 sobre la instituci\u00f3, els seus \u00f2rgans de govern, actualitat, serveis i molt m\u00e9s.","potentialAction":[{"@type":"SearchAction","target":{"@type":"EntryPoint","urlTemplate":"https:\/\/mont-roig.cat\/es\/?s={search_term_string}"},"query-input":{"@type":"PropertyValueSpecification","valueRequired":true,"valueName":"search_term_string"}}],"inLanguage":"es"}]}},"_links":{"self":[{"href":"https:\/\/mont-roig.cat\/es\/wp-json\/wp\/v2\/pages\/72473","targetHints":{"allow":["GET"]}}],"collection":[{"href":"https:\/\/mont-roig.cat\/es\/wp-json\/wp\/v2\/pages"}],"about":[{"href":"https:\/\/mont-roig.cat\/es\/wp-json\/wp\/v2\/types\/page"}],"author":[{"embeddable":true,"href":"https:\/\/mont-roig.cat\/es\/wp-json\/wp\/v2\/users\/13"}],"replies":[{"embeddable":true,"href":"https:\/\/mont-roig.cat\/es\/wp-json\/wp\/v2\/comments?post=72473"}],"version-history":[{"count":6,"href":"https:\/\/mont-roig.cat\/es\/wp-json\/wp\/v2\/pages\/72473\/revisions"}],"predecessor-version":[{"id":89731,"href":"https:\/\/mont-roig.cat\/es\/wp-json\/wp\/v2\/pages\/72473\/revisions\/89731"}],"wp:attachment":[{"href":"https:\/\/mont-roig.cat\/es\/wp-json\/wp\/v2\/media?parent=72473"}],"curies":[{"name":"wp","href":"https:\/\/api.w.org\/{rel}","templated":true}]}}