{"id":72483,"date":"2023-09-22T12:18:48","date_gmt":"2023-09-22T10:18:48","guid":{"rendered":"https:\/\/mont-roig.cat\/?page_id=72483"},"modified":"2026-03-03T10:03:39","modified_gmt":"2026-03-03T09:03:39","slug":"serena-gispert-gimenez","status":"publish","type":"page","link":"https:\/\/mont-roig.cat\/es\/serena-gispert-gimenez\/","title":{"rendered":"Serena Gispert Gim\u00e9nez"},"content":{"rendered":"<div class=\"wpb-content-wrapper\">[vc_row][vc_column][vc_column_text css=&#8221;&#8221;]<a href=\"https:\/\/mont-roig.cat\/wp-content\/uploads\/Serena-Gispert.jpg\"><img loading=\"lazy\" decoding=\"async\" class=\"alignright wp-image-70919\" src=\"https:\/\/mont-roig.cat\/wp-content\/uploads\/Serena-Gispert-500x500.jpg\" alt=\"\" width=\"250\" height=\"250\" \/><\/a>Serena Gispert Gim\u00e9nez naci\u00f3 en Mont-roig del Camp el d\u00eda 21 de diciembre de 1977. Realiz\u00f3 sus estudios en la escuela Mare de D\u00e9ude la Roca y posteriormente en la Escuela de Hosteler\u00eda y Turismo de Cambrils, obteniendo el t\u00edtulo FPII de agente de viajes. Por otra parte, trabaj\u00f3 durante 10 a\u00f1os en la misma agencia de viajes y en los \u00faltimos 7 fue la directora de una de las oficinas mejor situadas de Reus. Para priorizar el hecho de formar una familia, hizo un cambio en su vida y entr\u00f3 a trabajar en el ayuntamiento de Mont-roig durante 2 a\u00f1os, y posteriormente, como funcionaria de carrera en el Ayuntamiento de Cambrils donde est\u00e1 trabajando desde hace 15 a\u00f1os. Actualmente es socia del Centro de Estudios Mont-rogencs, de la asociaci\u00f3n de cel\u00edacos de Catalunya y tiene como aficiones salir en bici y practicar yoga siempre que puede.<\/p>\n<p>En cuanto a su participaci\u00f3n en la pol\u00edtica, se ha presentado por primera vez en las elecciones municipales para este mandato 2023-2027 tomando posesi\u00f3n como concejala en la oposici\u00f3n por el grupo municipal Junts.<\/p>\n<p>&nbsp;<\/p>\n<p>Puede consultar el documento de declaraci\u00f3n de Actividades y Bienes de Serena Gispert Gim\u00e9nez en este enlace:<\/p>\n<p><a href=\"https:\/\/mont-roig.cat\/wp-content\/uploads\/Declaracio-dActivitats-i-Bens-Serena-Gispert.pdf\" target=\"_blank\" rel=\"noopener\">Declaraci\u00f3n de Actividades y Bienes-Serena Gispert<\/a><\/p>\n<p>Teniendo en cuenta que el sueldo es por asistencias (<a href=\"https:\/\/mont-roig.cat\/govern-obert\/transparencia\/informacio-economica\/retribucions-carrecs-electes\/\" target=\"_blank\" rel=\"noopener\" data-wpel-link=\"internal\">enlace<\/a>) la valoraci\u00f3n anual de la retribuci\u00f3n es 9.500 \u20ac para la legislatura 2023-2027.[\/vc_column_text][\/vc_column][\/vc_row]\n<\/div>","protected":false},"excerpt":{"rendered":"<p>[vc_row][vc_column][vc_column_text css=&#8221;&#8221;]Serena Gispert Gim\u00e9nez naci\u00f3 en Mont-roig del Camp el d\u00eda 21 de diciembre de 1977. Realiz\u00f3 sus estudios en la escuela Mare de D\u00e9ude la Roca y posteriormente en la Escuela de Hosteler\u00eda y Turismo de Cambrils, obteniendo el t\u00edtulo FPII de agente de viajes. Por otra parte, trabaj\u00f3 durante 10 a\u00f1os en la [&hellip;]<\/p>\n","protected":false},"author":13,"featured_media":0,"parent":0,"menu_order":0,"comment_status":"closed","ping_status":"closed","template":"","meta":{"inline_featured_image":false,"_monsterinsights_skip_tracking":false,"_monsterinsights_sitenote_active":false,"_monsterinsights_sitenote_note":"","_monsterinsights_sitenote_category":0,"footnotes":""},"class_list":["post-72483","page","type-page","status-publish","hentry"],"yoast_head":"<!-- This site is optimized with the Yoast SEO plugin v27.4 - https:\/\/yoast.com\/product\/yoast-seo-wordpress\/ -->\n<title>Serena Gispert Gim\u00e9nez - Ajuntament de Mont-roig del Camp<\/title>\n<meta name=\"robots\" content=\"index, follow, max-snippet:-1, max-image-preview:large, max-video-preview:-1\" \/>\n<link rel=\"canonical\" href=\"https:\/\/mont-roig.cat\/es\/serena-gispert-gimenez\/\" \/>\n<meta property=\"og:locale\" content=\"es_ES\" \/>\n<meta property=\"og:type\" content=\"article\" \/>\n<meta property=\"og:title\" content=\"Serena Gispert Gim\u00e9nez - Ajuntament de Mont-roig del Camp\" \/>\n<meta property=\"og:description\" content=\"[vc_row][vc_column][vc_column_text css=&#8221;&#8221;]Serena Gispert Gim\u00e9nez naci\u00f3 en Mont-roig del Camp el d\u00eda 21 de diciembre de 1977. Realiz\u00f3 sus estudios en la escuela Mare de D\u00e9ude la Roca y posteriormente en la Escuela de Hosteler\u00eda y Turismo de Cambrils, obteniendo el t\u00edtulo FPII de agente de viajes. Por otra parte, trabaj\u00f3 durante 10 a\u00f1os en la [&hellip;]\" \/>\n<meta property=\"og:url\" content=\"https:\/\/mont-roig.cat\/es\/serena-gispert-gimenez\/\" \/>\n<meta property=\"og:site_name\" content=\"Ajuntament de Mont-roig del Camp\" \/>\n<meta property=\"article:modified_time\" content=\"2026-03-03T09:03:39+00:00\" \/>\n<meta property=\"og:image\" content=\"https:\/\/mont-roig.cat\/wp-content\/uploads\/aj-mont-roig-2.jpg\" \/>\n\t<meta property=\"og:image:width\" content=\"1200\" \/>\n\t<meta property=\"og:image:height\" content=\"600\" \/>\n\t<meta property=\"og:image:type\" content=\"image\/jpeg\" \/>\n<meta name=\"twitter:card\" content=\"summary_large_image\" \/>\n<meta name=\"twitter:label1\" content=\"Tiempo de lectura\" \/>\n\t<meta name=\"twitter:data1\" content=\"2 minutos\" \/>\n<script type=\"application\/ld+json\" class=\"yoast-schema-graph\">{\"@context\":\"https:\\\/\\\/schema.org\",\"@graph\":[{\"@type\":\"WebPage\",\"@id\":\"https:\\\/\\\/mont-roig.cat\\\/es\\\/serena-gispert-gimenez\\\/\",\"url\":\"https:\\\/\\\/mont-roig.cat\\\/es\\\/serena-gispert-gimenez\\\/\",\"name\":\"Serena Gispert Gim\u00e9nez - Ajuntament de Mont-roig del Camp\",\"isPartOf\":{\"@id\":\"https:\\\/\\\/mont-roig.cat\\\/es\\\/#website\"},\"primaryImageOfPage\":{\"@id\":\"https:\\\/\\\/mont-roig.cat\\\/es\\\/serena-gispert-gimenez\\\/#primaryimage\"},\"image\":{\"@id\":\"https:\\\/\\\/mont-roig.cat\\\/es\\\/serena-gispert-gimenez\\\/#primaryimage\"},\"thumbnailUrl\":\"https:\\\/\\\/mont-roig.cat\\\/wp-content\\\/uploads\\\/Serena-Gispert-500x500.jpg\",\"datePublished\":\"2023-09-22T10:18:48+00:00\",\"dateModified\":\"2026-03-03T09:03:39+00:00\",\"breadcrumb\":{\"@id\":\"https:\\\/\\\/mont-roig.cat\\\/es\\\/serena-gispert-gimenez\\\/#breadcrumb\"},\"inLanguage\":\"es\",\"potentialAction\":[{\"@type\":\"ReadAction\",\"target\":[\"https:\\\/\\\/mont-roig.cat\\\/es\\\/serena-gispert-gimenez\\\/\"]}]},{\"@type\":\"ImageObject\",\"inLanguage\":\"es\",\"@id\":\"https:\\\/\\\/mont-roig.cat\\\/es\\\/serena-gispert-gimenez\\\/#primaryimage\",\"url\":\"https:\\\/\\\/mont-roig.cat\\\/wp-content\\\/uploads\\\/Serena-Gispert-500x500.jpg\",\"contentUrl\":\"https:\\\/\\\/mont-roig.cat\\\/wp-content\\\/uploads\\\/Serena-Gispert-500x500.jpg\"},{\"@type\":\"BreadcrumbList\",\"@id\":\"https:\\\/\\\/mont-roig.cat\\\/es\\\/serena-gispert-gimenez\\\/#breadcrumb\",\"itemListElement\":[{\"@type\":\"ListItem\",\"position\":1,\"name\":\"Inici\",\"item\":\"https:\\\/\\\/mont-roig.cat\\\/es\\\/pagina-de-inicio\\\/\"},{\"@type\":\"ListItem\",\"position\":2,\"name\":\"Serena Gispert Gim\u00e9nez\"}]},{\"@type\":\"WebSite\",\"@id\":\"https:\\\/\\\/mont-roig.cat\\\/es\\\/#website\",\"url\":\"https:\\\/\\\/mont-roig.cat\\\/es\\\/\",\"name\":\"Ajuntament de Mont-roig del Camp\",\"description\":\"Tota la informaci\u00f3 sobre la instituci\u00f3, els seus \u00f2rgans de govern, actualitat, serveis i molt m\u00e9s.\",\"potentialAction\":[{\"@type\":\"SearchAction\",\"target\":{\"@type\":\"EntryPoint\",\"urlTemplate\":\"https:\\\/\\\/mont-roig.cat\\\/es\\\/?s={search_term_string}\"},\"query-input\":{\"@type\":\"PropertyValueSpecification\",\"valueRequired\":true,\"valueName\":\"search_term_string\"}}],\"inLanguage\":\"es\"}]}<\/script>\n<!-- \/ Yoast SEO plugin. -->","yoast_head_json":{"title":"Serena Gispert Gim\u00e9nez - Ajuntament de Mont-roig del Camp","robots":{"index":"index","follow":"follow","max-snippet":"max-snippet:-1","max-image-preview":"max-image-preview:large","max-video-preview":"max-video-preview:-1"},"canonical":"https:\/\/mont-roig.cat\/es\/serena-gispert-gimenez\/","og_locale":"es_ES","og_type":"article","og_title":"Serena Gispert Gim\u00e9nez - Ajuntament de Mont-roig del Camp","og_description":"[vc_row][vc_column][vc_column_text css=&#8221;&#8221;]Serena Gispert Gim\u00e9nez naci\u00f3 en Mont-roig del Camp el d\u00eda 21 de diciembre de 1977. Realiz\u00f3 sus estudios en la escuela Mare de D\u00e9ude la Roca y posteriormente en la Escuela de Hosteler\u00eda y Turismo de Cambrils, obteniendo el t\u00edtulo FPII de agente de viajes. Por otra parte, trabaj\u00f3 durante 10 a\u00f1os en la [&hellip;]","og_url":"https:\/\/mont-roig.cat\/es\/serena-gispert-gimenez\/","og_site_name":"Ajuntament de Mont-roig del Camp","article_modified_time":"2026-03-03T09:03:39+00:00","og_image":[{"width":1200,"height":600,"url":"https:\/\/mont-roig.cat\/wp-content\/uploads\/aj-mont-roig-2.jpg","type":"image\/jpeg"}],"twitter_card":"summary_large_image","twitter_misc":{"Tiempo de lectura":"2 minutos"},"schema":{"@context":"https:\/\/schema.org","@graph":[{"@type":"WebPage","@id":"https:\/\/mont-roig.cat\/es\/serena-gispert-gimenez\/","url":"https:\/\/mont-roig.cat\/es\/serena-gispert-gimenez\/","name":"Serena Gispert Gim\u00e9nez - Ajuntament de Mont-roig del Camp","isPartOf":{"@id":"https:\/\/mont-roig.cat\/es\/#website"},"primaryImageOfPage":{"@id":"https:\/\/mont-roig.cat\/es\/serena-gispert-gimenez\/#primaryimage"},"image":{"@id":"https:\/\/mont-roig.cat\/es\/serena-gispert-gimenez\/#primaryimage"},"thumbnailUrl":"https:\/\/mont-roig.cat\/wp-content\/uploads\/Serena-Gispert-500x500.jpg","datePublished":"2023-09-22T10:18:48+00:00","dateModified":"2026-03-03T09:03:39+00:00","breadcrumb":{"@id":"https:\/\/mont-roig.cat\/es\/serena-gispert-gimenez\/#breadcrumb"},"inLanguage":"es","potentialAction":[{"@type":"ReadAction","target":["https:\/\/mont-roig.cat\/es\/serena-gispert-gimenez\/"]}]},{"@type":"ImageObject","inLanguage":"es","@id":"https:\/\/mont-roig.cat\/es\/serena-gispert-gimenez\/#primaryimage","url":"https:\/\/mont-roig.cat\/wp-content\/uploads\/Serena-Gispert-500x500.jpg","contentUrl":"https:\/\/mont-roig.cat\/wp-content\/uploads\/Serena-Gispert-500x500.jpg"},{"@type":"BreadcrumbList","@id":"https:\/\/mont-roig.cat\/es\/serena-gispert-gimenez\/#breadcrumb","itemListElement":[{"@type":"ListItem","position":1,"name":"Inici","item":"https:\/\/mont-roig.cat\/es\/pagina-de-inicio\/"},{"@type":"ListItem","position":2,"name":"Serena Gispert Gim\u00e9nez"}]},{"@type":"WebSite","@id":"https:\/\/mont-roig.cat\/es\/#website","url":"https:\/\/mont-roig.cat\/es\/","name":"Ajuntament de Mont-roig del Camp","description":"Tota la informaci\u00f3 sobre la instituci\u00f3, els seus \u00f2rgans de govern, actualitat, serveis i molt m\u00e9s.","potentialAction":[{"@type":"SearchAction","target":{"@type":"EntryPoint","urlTemplate":"https:\/\/mont-roig.cat\/es\/?s={search_term_string}"},"query-input":{"@type":"PropertyValueSpecification","valueRequired":true,"valueName":"search_term_string"}}],"inLanguage":"es"}]}},"_links":{"self":[{"href":"https:\/\/mont-roig.cat\/es\/wp-json\/wp\/v2\/pages\/72483","targetHints":{"allow":["GET"]}}],"collection":[{"href":"https:\/\/mont-roig.cat\/es\/wp-json\/wp\/v2\/pages"}],"about":[{"href":"https:\/\/mont-roig.cat\/es\/wp-json\/wp\/v2\/types\/page"}],"author":[{"embeddable":true,"href":"https:\/\/mont-roig.cat\/es\/wp-json\/wp\/v2\/users\/13"}],"replies":[{"embeddable":true,"href":"https:\/\/mont-roig.cat\/es\/wp-json\/wp\/v2\/comments?post=72483"}],"version-history":[{"count":4,"href":"https:\/\/mont-roig.cat\/es\/wp-json\/wp\/v2\/pages\/72483\/revisions"}],"predecessor-version":[{"id":89713,"href":"https:\/\/mont-roig.cat\/es\/wp-json\/wp\/v2\/pages\/72483\/revisions\/89713"}],"wp:attachment":[{"href":"https:\/\/mont-roig.cat\/es\/wp-json\/wp\/v2\/media?parent=72483"}],"curies":[{"name":"wp","href":"https:\/\/api.w.org\/{rel}","templated":true}]}}