{"id":75254,"date":"2024-02-29T14:03:26","date_gmt":"2024-02-29T13:03:26","guid":{"rendered":"https:\/\/mont-roig.cat\/?page_id=75254"},"modified":"2025-05-28T13:16:34","modified_gmt":"2025-05-28T11:16:34","slug":"ome","status":"publish","type":"page","link":"https:\/\/mont-roig.cat\/es\/ayuntamiento\/areas\/educacion\/ome\/","title":{"rendered":"OME (Oficina Municipal de Escolarizaci\u00f3n)"},"content":{"rendered":"<p><strong>OME &#8211; Oficina Municipal de Escolarizaci\u00f3n.<\/strong><\/p>\n<p>Desc\u00e1rgate el folleto de la OME <a href=\"https:\/\/mont-roig.cat\/wp-content\/uploads\/MM_OME_2025_web.pdf\" target=\"_blank\" rel=\"noopener\">en este enlace.<\/a><\/p>\n<ul>\n<li><strong>\u00bfQu\u00e9 es el OME?<\/strong><\/li>\n<\/ul>\n<p>La Oficina Municipal de Escolarizaci\u00f3n (OME) es el instrumento de colaboraci\u00f3n entre el Ajuntament de Mont-roig del Camp y el Departament de Educaci\u00f3 de la Generalitat de Catalunya para regular el proceso de escolarizaci\u00f3n del alumnado en los centros docentes del municipio<\/p>\n<ul>\n<li><strong>\u00bfQu\u00e9 ofrece?<\/strong><\/li>\n<\/ul>\n<ol>\n<li>Ofrece informaci\u00f3n sobre la oferta y los proyectos educativos de los centros ubicados en el municipio<\/li>\n<li>Orienta y asesora para elegir centro educativo<\/li>\n<li>Acompa\u00f1a y apoya a las familias en el proceso de escolarizaci\u00f3n<\/li>\n<li>Reecibe y tramita las solicitudes de admisi\u00f3n en los centros educativos<\/li>\n<li>Apoya a los centros en el proceso de preinscripci\u00f3n y matr\u00edcula en el per\u00edodo ordinario y durante todo el curso<\/li>\n<li>Hace publicidad de los resultados del proceso de preinscripci\u00f3n de los centros educativos del municipio.<\/li>\n<li>Difunde las fechas de las jornadas de puertas abiertas y promueve campa\u00f1as informativas de los centros.<\/li>\n<li>Vela por la escolaridad obligatoria (tanto para la incorporaci\u00f3n, la incorporaci\u00f3n tard\u00eda o el paso de etapa), as\u00ed como el absentismo escolar.<\/li>\n<\/ol>\n<ul>\n<li><strong>\u00bfD\u00f3nde nos puede encontrar?<\/strong><\/li>\n<\/ul>\n<p>Avenida de M\u00e1laga, 32 Miami Playa<br \/>\nDe lunes a viernes de 9 a 14 h<br \/>\nPara solicitar atenci\u00f3n presencial en el n\u00facleo de Mont-roig (que tendr\u00e1 lugar en las oficinas de la OMAC) ser\u00e1 necesario pedir cita previa.<br \/>\n977 172 865<br \/>\n677 724 637<br \/>\n<a href=\"mailto:ome@mont-roig.cat\" target=\"_blank\" rel=\"noopener\">ome@mont-roig.cat<\/a><\/p>\n","protected":false},"excerpt":{"rendered":"<p>OME &#8211; Oficina Municipal de Escolarizaci\u00f3n. Desc\u00e1rgate el folleto de la OME en este enlace. \u00bfQu\u00e9 es el OME? La Oficina Municipal de Escolarizaci\u00f3n (OME) es el instrumento de colaboraci\u00f3n entre el Ajuntament de Mont-roig del Camp y el Departament de Educaci\u00f3 de la Generalitat de Catalunya para regular el proceso de escolarizaci\u00f3n del alumnado [&hellip;]<\/p>\n","protected":false},"author":13,"featured_media":0,"parent":4285,"menu_order":0,"comment_status":"closed","ping_status":"closed","template":"","meta":{"inline_featured_image":false,"_monsterinsights_skip_tracking":false,"_monsterinsights_sitenote_active":false,"_monsterinsights_sitenote_note":"","_monsterinsights_sitenote_category":0,"footnotes":""},"class_list":["post-75254","page","type-page","status-publish","hentry"],"yoast_head":"<!-- This site is optimized with the Yoast SEO plugin v27.4 - https:\/\/yoast.com\/product\/yoast-seo-wordpress\/ -->\n<title>OME (Oficina Municipal de Escolarizaci\u00f3n) - Ajuntament de Mont-roig del Camp<\/title>\n<meta name=\"robots\" content=\"index, follow, max-snippet:-1, max-image-preview:large, max-video-preview:-1\" \/>\n<link rel=\"canonical\" href=\"https:\/\/mont-roig.cat\/es\/ayuntamiento\/areas\/educacion\/ome\/\" \/>\n<meta property=\"og:locale\" content=\"es_ES\" \/>\n<meta property=\"og:type\" content=\"article\" \/>\n<meta property=\"og:title\" content=\"OME (Oficina Municipal de Escolarizaci\u00f3n) - Ajuntament de Mont-roig del Camp\" \/>\n<meta property=\"og:description\" content=\"OME &#8211; Oficina Municipal de Escolarizaci\u00f3n. Desc\u00e1rgate el folleto de la OME en este enlace. \u00bfQu\u00e9 es el OME? La Oficina Municipal de Escolarizaci\u00f3n (OME) es el instrumento de colaboraci\u00f3n entre el Ajuntament de Mont-roig del Camp y el Departament de Educaci\u00f3 de la Generalitat de Catalunya para regular el proceso de escolarizaci\u00f3n del alumnado [&hellip;]\" \/>\n<meta property=\"og:url\" content=\"https:\/\/mont-roig.cat\/es\/ayuntamiento\/areas\/educacion\/ome\/\" \/>\n<meta property=\"og:site_name\" content=\"Ajuntament de Mont-roig del Camp\" \/>\n<meta property=\"article:modified_time\" content=\"2025-05-28T11:16:34+00:00\" \/>\n<meta property=\"og:image\" content=\"https:\/\/mont-roig.cat\/wp-content\/uploads\/aj-mont-roig-2.jpg\" \/>\n\t<meta property=\"og:image:width\" content=\"1200\" \/>\n\t<meta property=\"og:image:height\" content=\"600\" \/>\n\t<meta property=\"og:image:type\" content=\"image\/jpeg\" \/>\n<meta name=\"twitter:card\" content=\"summary_large_image\" \/>\n<meta name=\"twitter:label1\" content=\"Tiempo de lectura\" \/>\n\t<meta name=\"twitter:data1\" content=\"2 minutos\" \/>\n<script type=\"application\/ld+json\" class=\"yoast-schema-graph\">{\"@context\":\"https:\\\/\\\/schema.org\",\"@graph\":[{\"@type\":\"WebPage\",\"@id\":\"https:\\\/\\\/mont-roig.cat\\\/es\\\/ayuntamiento\\\/areas\\\/educacion\\\/ome\\\/\",\"url\":\"https:\\\/\\\/mont-roig.cat\\\/es\\\/ayuntamiento\\\/areas\\\/educacion\\\/ome\\\/\",\"name\":\"OME (Oficina Municipal de Escolarizaci\u00f3n) - Ajuntament de Mont-roig del Camp\",\"isPartOf\":{\"@id\":\"https:\\\/\\\/mont-roig.cat\\\/es\\\/#website\"},\"datePublished\":\"2024-02-29T13:03:26+00:00\",\"dateModified\":\"2025-05-28T11:16:34+00:00\",\"breadcrumb\":{\"@id\":\"https:\\\/\\\/mont-roig.cat\\\/es\\\/ayuntamiento\\\/areas\\\/educacion\\\/ome\\\/#breadcrumb\"},\"inLanguage\":\"es\",\"potentialAction\":[{\"@type\":\"ReadAction\",\"target\":[\"https:\\\/\\\/mont-roig.cat\\\/es\\\/ayuntamiento\\\/areas\\\/educacion\\\/ome\\\/\"]}]},{\"@type\":\"BreadcrumbList\",\"@id\":\"https:\\\/\\\/mont-roig.cat\\\/es\\\/ayuntamiento\\\/areas\\\/educacion\\\/ome\\\/#breadcrumb\",\"itemListElement\":[{\"@type\":\"ListItem\",\"position\":1,\"name\":\"Inici\",\"item\":\"https:\\\/\\\/mont-roig.cat\\\/es\\\/pagina-de-inicio\\\/\"},{\"@type\":\"ListItem\",\"position\":2,\"name\":\"Ayuntamiento\",\"item\":\"https:\\\/\\\/mont-roig.cat\\\/es\\\/ayuntamiento\\\/\"},{\"@type\":\"ListItem\",\"position\":3,\"name\":\"\u00c1reas\",\"item\":\"https:\\\/\\\/mont-roig.cat\\\/es\\\/ayuntamiento\\\/areas\\\/\"},{\"@type\":\"ListItem\",\"position\":4,\"name\":\"Educaci\u00f3n\",\"item\":\"https:\\\/\\\/mont-roig.cat\\\/es\\\/ayuntamiento\\\/areas\\\/educacion\\\/\"},{\"@type\":\"ListItem\",\"position\":5,\"name\":\"OME (Oficina Municipal de Escolarizaci\u00f3n)\"}]},{\"@type\":\"WebSite\",\"@id\":\"https:\\\/\\\/mont-roig.cat\\\/es\\\/#website\",\"url\":\"https:\\\/\\\/mont-roig.cat\\\/es\\\/\",\"name\":\"Ajuntament de Mont-roig del Camp\",\"description\":\"Tota la informaci\u00f3 sobre la instituci\u00f3, els seus \u00f2rgans de govern, actualitat, serveis i molt m\u00e9s.\",\"potentialAction\":[{\"@type\":\"SearchAction\",\"target\":{\"@type\":\"EntryPoint\",\"urlTemplate\":\"https:\\\/\\\/mont-roig.cat\\\/es\\\/?s={search_term_string}\"},\"query-input\":{\"@type\":\"PropertyValueSpecification\",\"valueRequired\":true,\"valueName\":\"search_term_string\"}}],\"inLanguage\":\"es\"}]}<\/script>\n<!-- \/ Yoast SEO plugin. -->","yoast_head_json":{"title":"OME (Oficina Municipal de Escolarizaci\u00f3n) - Ajuntament de Mont-roig del Camp","robots":{"index":"index","follow":"follow","max-snippet":"max-snippet:-1","max-image-preview":"max-image-preview:large","max-video-preview":"max-video-preview:-1"},"canonical":"https:\/\/mont-roig.cat\/es\/ayuntamiento\/areas\/educacion\/ome\/","og_locale":"es_ES","og_type":"article","og_title":"OME (Oficina Municipal de Escolarizaci\u00f3n) - Ajuntament de Mont-roig del Camp","og_description":"OME &#8211; Oficina Municipal de Escolarizaci\u00f3n. Desc\u00e1rgate el folleto de la OME en este enlace. \u00bfQu\u00e9 es el OME? La Oficina Municipal de Escolarizaci\u00f3n (OME) es el instrumento de colaboraci\u00f3n entre el Ajuntament de Mont-roig del Camp y el Departament de Educaci\u00f3 de la Generalitat de Catalunya para regular el proceso de escolarizaci\u00f3n del alumnado [&hellip;]","og_url":"https:\/\/mont-roig.cat\/es\/ayuntamiento\/areas\/educacion\/ome\/","og_site_name":"Ajuntament de Mont-roig del Camp","article_modified_time":"2025-05-28T11:16:34+00:00","og_image":[{"width":1200,"height":600,"url":"https:\/\/mont-roig.cat\/wp-content\/uploads\/aj-mont-roig-2.jpg","type":"image\/jpeg"}],"twitter_card":"summary_large_image","twitter_misc":{"Tiempo de lectura":"2 minutos"},"schema":{"@context":"https:\/\/schema.org","@graph":[{"@type":"WebPage","@id":"https:\/\/mont-roig.cat\/es\/ayuntamiento\/areas\/educacion\/ome\/","url":"https:\/\/mont-roig.cat\/es\/ayuntamiento\/areas\/educacion\/ome\/","name":"OME (Oficina Municipal de Escolarizaci\u00f3n) - Ajuntament de Mont-roig del Camp","isPartOf":{"@id":"https:\/\/mont-roig.cat\/es\/#website"},"datePublished":"2024-02-29T13:03:26+00:00","dateModified":"2025-05-28T11:16:34+00:00","breadcrumb":{"@id":"https:\/\/mont-roig.cat\/es\/ayuntamiento\/areas\/educacion\/ome\/#breadcrumb"},"inLanguage":"es","potentialAction":[{"@type":"ReadAction","target":["https:\/\/mont-roig.cat\/es\/ayuntamiento\/areas\/educacion\/ome\/"]}]},{"@type":"BreadcrumbList","@id":"https:\/\/mont-roig.cat\/es\/ayuntamiento\/areas\/educacion\/ome\/#breadcrumb","itemListElement":[{"@type":"ListItem","position":1,"name":"Inici","item":"https:\/\/mont-roig.cat\/es\/pagina-de-inicio\/"},{"@type":"ListItem","position":2,"name":"Ayuntamiento","item":"https:\/\/mont-roig.cat\/es\/ayuntamiento\/"},{"@type":"ListItem","position":3,"name":"\u00c1reas","item":"https:\/\/mont-roig.cat\/es\/ayuntamiento\/areas\/"},{"@type":"ListItem","position":4,"name":"Educaci\u00f3n","item":"https:\/\/mont-roig.cat\/es\/ayuntamiento\/areas\/educacion\/"},{"@type":"ListItem","position":5,"name":"OME (Oficina Municipal de Escolarizaci\u00f3n)"}]},{"@type":"WebSite","@id":"https:\/\/mont-roig.cat\/es\/#website","url":"https:\/\/mont-roig.cat\/es\/","name":"Ajuntament de Mont-roig del Camp","description":"Tota la informaci\u00f3 sobre la instituci\u00f3, els seus \u00f2rgans de govern, actualitat, serveis i molt m\u00e9s.","potentialAction":[{"@type":"SearchAction","target":{"@type":"EntryPoint","urlTemplate":"https:\/\/mont-roig.cat\/es\/?s={search_term_string}"},"query-input":{"@type":"PropertyValueSpecification","valueRequired":true,"valueName":"search_term_string"}}],"inLanguage":"es"}]}},"_links":{"self":[{"href":"https:\/\/mont-roig.cat\/es\/wp-json\/wp\/v2\/pages\/75254","targetHints":{"allow":["GET"]}}],"collection":[{"href":"https:\/\/mont-roig.cat\/es\/wp-json\/wp\/v2\/pages"}],"about":[{"href":"https:\/\/mont-roig.cat\/es\/wp-json\/wp\/v2\/types\/page"}],"author":[{"embeddable":true,"href":"https:\/\/mont-roig.cat\/es\/wp-json\/wp\/v2\/users\/13"}],"replies":[{"embeddable":true,"href":"https:\/\/mont-roig.cat\/es\/wp-json\/wp\/v2\/comments?post=75254"}],"version-history":[{"count":7,"href":"https:\/\/mont-roig.cat\/es\/wp-json\/wp\/v2\/pages\/75254\/revisions"}],"predecessor-version":[{"id":83494,"href":"https:\/\/mont-roig.cat\/es\/wp-json\/wp\/v2\/pages\/75254\/revisions\/83494"}],"up":[{"embeddable":true,"href":"https:\/\/mont-roig.cat\/es\/wp-json\/wp\/v2\/pages\/4285"}],"wp:attachment":[{"href":"https:\/\/mont-roig.cat\/es\/wp-json\/wp\/v2\/media?parent=75254"}],"curies":[{"name":"wp","href":"https:\/\/api.w.org\/{rel}","templated":true}]}}