{"id":75334,"date":"2024-03-05T13:21:24","date_gmt":"2024-03-05T12:21:24","guid":{"rendered":"https:\/\/mont-roig.cat\/?page_id=75334"},"modified":"2024-03-05T14:26:12","modified_gmt":"2024-03-05T13:26:12","slug":"normativa-facil","status":"publish","type":"page","link":"https:\/\/mont-roig.cat\/es\/ayuntamiento\/areas\/urbanismo-y-territorio\/normativa-facil\/","title":{"rendered":"Normativa f\u00e1cil"},"content":{"rendered":"<p>Aqu\u00ed podr\u00e1 encontrar la informaci\u00f3n necesaria para buscar la normativa urban\u00edstica del municipio:<\/p>\n<ul>\n<li><a href=\"https:\/\/mont-roig.cat\/wp-content\/uploads\/VII.pdf\" target=\"_blank\" rel=\"noopener\" data-wpel-link=\"internal\">Normativa POUM<\/a><\/li>\n<li><a href=\"https:\/\/mont-roig.cat\/es\/ayuntamiento\/areas\/urbanismo-y-territorio\/ordenacion-urbanistica-del-municipio\/documentos-vigentes\/poum\/clasificacion-urbanistica-del-suelo\/\" target=\"_blank\" rel=\"noopener\" data-wpel-link=\"internal\">Qualificaci\u00f3n (Planos)<\/a><\/li>\n<li><a href=\"https:\/\/mont-roig.cat\/es\/ayuntamiento\/areas\/urbanismo-y-territorio\/ordenacion-urbanistica-del-municipio\/documentos-vigentes\/modificaciones-del-poum\/\" target=\"_blank\" rel=\"noopener\" data-wpel-link=\"internal\">Modificaciones del POUM<\/a><\/li>\n<li><a href=\"https:\/\/mont-roig.cat\/wp-content\/uploads\/Ordenan%c3%a7a-complement%c3%a0ria-de-tancaments.pdf\" target=\"_blank\" rel=\"noopener\" data-wpel-link=\"internal\">Ordenanza vallas<\/a><\/li>\n<li><a href=\"https:\/\/mont-roig.cat\/wp-content\/uploads\/Ordenances-edificacio.pdf\" target=\"_blank\" rel=\"noopener\" data-wpel-link=\"internal\">Ordenanzas de la edificaci\u00f3n<\/a><\/li>\n<\/ul>\n<p>Adem\u00e1s, puede consultar el Mapa urban\u00edstico de Catalu\u00f1a (MUC) que incorpora todos los expedientes de planeamiento general vigentes desde el de enero de 2017 en el territorio de Catalu\u00f1a donde puede encontrar la <strong>Clave Urban\u00edstica<\/strong> de una parcela determinada entre otros, y con enlaces a planos y documentos de planeamiento.<\/p>\n<p><a href=\"https:\/\/dtes.gencat.cat\/muc-visor\/AppJava\/home.do\">Mapa urban\u00edstico de Catalu\u00f1a (MUC)<\/a><\/p>\n","protected":false},"excerpt":{"rendered":"<p>Aqu\u00ed podr\u00e1 encontrar la informaci\u00f3n necesaria para buscar la normativa urban\u00edstica del municipio: Normativa POUM Qualificaci\u00f3n (Planos) Modificaciones del POUM Ordenanza vallas Ordenanzas de la edificaci\u00f3n Adem\u00e1s, puede consultar el Mapa urban\u00edstico de Catalu\u00f1a (MUC) que incorpora todos los expedientes de planeamiento general vigentes desde el de enero de 2017 en el territorio de Catalu\u00f1a [&hellip;]<\/p>\n","protected":false},"author":13,"featured_media":0,"parent":4340,"menu_order":0,"comment_status":"closed","ping_status":"closed","template":"","meta":{"inline_featured_image":false,"_monsterinsights_skip_tracking":false,"_monsterinsights_sitenote_active":false,"_monsterinsights_sitenote_note":"","_monsterinsights_sitenote_category":0,"footnotes":""},"class_list":["post-75334","page","type-page","status-publish","hentry"],"yoast_head":"<!-- This site is optimized with the Yoast SEO plugin v27.4 - https:\/\/yoast.com\/product\/yoast-seo-wordpress\/ -->\n<title>Normativa f\u00e1cil - Ajuntament de Mont-roig del Camp<\/title>\n<meta name=\"robots\" content=\"index, follow, max-snippet:-1, max-image-preview:large, max-video-preview:-1\" \/>\n<link rel=\"canonical\" href=\"https:\/\/mont-roig.cat\/es\/ayuntamiento\/areas\/urbanismo-y-territorio\/normativa-facil\/\" \/>\n<meta property=\"og:locale\" content=\"es_ES\" \/>\n<meta property=\"og:type\" content=\"article\" \/>\n<meta property=\"og:title\" content=\"Normativa f\u00e1cil - Ajuntament de Mont-roig del Camp\" \/>\n<meta property=\"og:description\" content=\"Aqu\u00ed podr\u00e1 encontrar la informaci\u00f3n necesaria para buscar la normativa urban\u00edstica del municipio: Normativa POUM Qualificaci\u00f3n (Planos) Modificaciones del POUM Ordenanza vallas Ordenanzas de la edificaci\u00f3n Adem\u00e1s, puede consultar el Mapa urban\u00edstico de Catalu\u00f1a (MUC) que incorpora todos los expedientes de planeamiento general vigentes desde el de enero de 2017 en el territorio de Catalu\u00f1a [&hellip;]\" \/>\n<meta property=\"og:url\" content=\"https:\/\/mont-roig.cat\/es\/ayuntamiento\/areas\/urbanismo-y-territorio\/normativa-facil\/\" \/>\n<meta property=\"og:site_name\" content=\"Ajuntament de Mont-roig del Camp\" \/>\n<meta property=\"article:modified_time\" content=\"2024-03-05T13:26:12+00:00\" \/>\n<meta property=\"og:image\" content=\"https:\/\/mont-roig.cat\/wp-content\/uploads\/aj-mont-roig-2.jpg\" \/>\n\t<meta property=\"og:image:width\" content=\"1200\" \/>\n\t<meta property=\"og:image:height\" content=\"600\" \/>\n\t<meta property=\"og:image:type\" content=\"image\/jpeg\" \/>\n<meta name=\"twitter:card\" content=\"summary_large_image\" \/>\n<meta name=\"twitter:label1\" content=\"Tiempo de lectura\" \/>\n\t<meta name=\"twitter:data1\" content=\"1 minuto\" \/>\n<script type=\"application\/ld+json\" class=\"yoast-schema-graph\">{\"@context\":\"https:\\\/\\\/schema.org\",\"@graph\":[{\"@type\":\"WebPage\",\"@id\":\"https:\\\/\\\/mont-roig.cat\\\/es\\\/ayuntamiento\\\/areas\\\/urbanismo-y-territorio\\\/normativa-facil\\\/\",\"url\":\"https:\\\/\\\/mont-roig.cat\\\/es\\\/ayuntamiento\\\/areas\\\/urbanismo-y-territorio\\\/normativa-facil\\\/\",\"name\":\"Normativa f\u00e1cil - Ajuntament de Mont-roig del Camp\",\"isPartOf\":{\"@id\":\"https:\\\/\\\/mont-roig.cat\\\/es\\\/#website\"},\"datePublished\":\"2024-03-05T12:21:24+00:00\",\"dateModified\":\"2024-03-05T13:26:12+00:00\",\"breadcrumb\":{\"@id\":\"https:\\\/\\\/mont-roig.cat\\\/es\\\/ayuntamiento\\\/areas\\\/urbanismo-y-territorio\\\/normativa-facil\\\/#breadcrumb\"},\"inLanguage\":\"es\",\"potentialAction\":[{\"@type\":\"ReadAction\",\"target\":[\"https:\\\/\\\/mont-roig.cat\\\/es\\\/ayuntamiento\\\/areas\\\/urbanismo-y-territorio\\\/normativa-facil\\\/\"]}]},{\"@type\":\"BreadcrumbList\",\"@id\":\"https:\\\/\\\/mont-roig.cat\\\/es\\\/ayuntamiento\\\/areas\\\/urbanismo-y-territorio\\\/normativa-facil\\\/#breadcrumb\",\"itemListElement\":[{\"@type\":\"ListItem\",\"position\":1,\"name\":\"Inici\",\"item\":\"https:\\\/\\\/mont-roig.cat\\\/es\\\/pagina-de-inicio\\\/\"},{\"@type\":\"ListItem\",\"position\":2,\"name\":\"Ayuntamiento\",\"item\":\"https:\\\/\\\/mont-roig.cat\\\/es\\\/ayuntamiento\\\/\"},{\"@type\":\"ListItem\",\"position\":3,\"name\":\"\u00c1reas\",\"item\":\"https:\\\/\\\/mont-roig.cat\\\/es\\\/ayuntamiento\\\/areas\\\/\"},{\"@type\":\"ListItem\",\"position\":4,\"name\":\"Urbanismo y territorio\",\"item\":\"https:\\\/\\\/mont-roig.cat\\\/es\\\/ayuntamiento\\\/areas\\\/urbanismo-y-territorio\\\/\"},{\"@type\":\"ListItem\",\"position\":5,\"name\":\"Normativa f\u00e1cil\"}]},{\"@type\":\"WebSite\",\"@id\":\"https:\\\/\\\/mont-roig.cat\\\/es\\\/#website\",\"url\":\"https:\\\/\\\/mont-roig.cat\\\/es\\\/\",\"name\":\"Ajuntament de Mont-roig del Camp\",\"description\":\"Tota la informaci\u00f3 sobre la instituci\u00f3, els seus \u00f2rgans de govern, actualitat, serveis i molt m\u00e9s.\",\"potentialAction\":[{\"@type\":\"SearchAction\",\"target\":{\"@type\":\"EntryPoint\",\"urlTemplate\":\"https:\\\/\\\/mont-roig.cat\\\/es\\\/?s={search_term_string}\"},\"query-input\":{\"@type\":\"PropertyValueSpecification\",\"valueRequired\":true,\"valueName\":\"search_term_string\"}}],\"inLanguage\":\"es\"}]}<\/script>\n<!-- \/ Yoast SEO plugin. -->","yoast_head_json":{"title":"Normativa f\u00e1cil - Ajuntament de Mont-roig del Camp","robots":{"index":"index","follow":"follow","max-snippet":"max-snippet:-1","max-image-preview":"max-image-preview:large","max-video-preview":"max-video-preview:-1"},"canonical":"https:\/\/mont-roig.cat\/es\/ayuntamiento\/areas\/urbanismo-y-territorio\/normativa-facil\/","og_locale":"es_ES","og_type":"article","og_title":"Normativa f\u00e1cil - Ajuntament de Mont-roig del Camp","og_description":"Aqu\u00ed podr\u00e1 encontrar la informaci\u00f3n necesaria para buscar la normativa urban\u00edstica del municipio: Normativa POUM Qualificaci\u00f3n (Planos) Modificaciones del POUM Ordenanza vallas Ordenanzas de la edificaci\u00f3n Adem\u00e1s, puede consultar el Mapa urban\u00edstico de Catalu\u00f1a (MUC) que incorpora todos los expedientes de planeamiento general vigentes desde el de enero de 2017 en el territorio de Catalu\u00f1a [&hellip;]","og_url":"https:\/\/mont-roig.cat\/es\/ayuntamiento\/areas\/urbanismo-y-territorio\/normativa-facil\/","og_site_name":"Ajuntament de Mont-roig del Camp","article_modified_time":"2024-03-05T13:26:12+00:00","og_image":[{"width":1200,"height":600,"url":"https:\/\/mont-roig.cat\/wp-content\/uploads\/aj-mont-roig-2.jpg","type":"image\/jpeg"}],"twitter_card":"summary_large_image","twitter_misc":{"Tiempo de lectura":"1 minuto"},"schema":{"@context":"https:\/\/schema.org","@graph":[{"@type":"WebPage","@id":"https:\/\/mont-roig.cat\/es\/ayuntamiento\/areas\/urbanismo-y-territorio\/normativa-facil\/","url":"https:\/\/mont-roig.cat\/es\/ayuntamiento\/areas\/urbanismo-y-territorio\/normativa-facil\/","name":"Normativa f\u00e1cil - Ajuntament de Mont-roig del Camp","isPartOf":{"@id":"https:\/\/mont-roig.cat\/es\/#website"},"datePublished":"2024-03-05T12:21:24+00:00","dateModified":"2024-03-05T13:26:12+00:00","breadcrumb":{"@id":"https:\/\/mont-roig.cat\/es\/ayuntamiento\/areas\/urbanismo-y-territorio\/normativa-facil\/#breadcrumb"},"inLanguage":"es","potentialAction":[{"@type":"ReadAction","target":["https:\/\/mont-roig.cat\/es\/ayuntamiento\/areas\/urbanismo-y-territorio\/normativa-facil\/"]}]},{"@type":"BreadcrumbList","@id":"https:\/\/mont-roig.cat\/es\/ayuntamiento\/areas\/urbanismo-y-territorio\/normativa-facil\/#breadcrumb","itemListElement":[{"@type":"ListItem","position":1,"name":"Inici","item":"https:\/\/mont-roig.cat\/es\/pagina-de-inicio\/"},{"@type":"ListItem","position":2,"name":"Ayuntamiento","item":"https:\/\/mont-roig.cat\/es\/ayuntamiento\/"},{"@type":"ListItem","position":3,"name":"\u00c1reas","item":"https:\/\/mont-roig.cat\/es\/ayuntamiento\/areas\/"},{"@type":"ListItem","position":4,"name":"Urbanismo y territorio","item":"https:\/\/mont-roig.cat\/es\/ayuntamiento\/areas\/urbanismo-y-territorio\/"},{"@type":"ListItem","position":5,"name":"Normativa f\u00e1cil"}]},{"@type":"WebSite","@id":"https:\/\/mont-roig.cat\/es\/#website","url":"https:\/\/mont-roig.cat\/es\/","name":"Ajuntament de Mont-roig del Camp","description":"Tota la informaci\u00f3 sobre la instituci\u00f3, els seus \u00f2rgans de govern, actualitat, serveis i molt m\u00e9s.","potentialAction":[{"@type":"SearchAction","target":{"@type":"EntryPoint","urlTemplate":"https:\/\/mont-roig.cat\/es\/?s={search_term_string}"},"query-input":{"@type":"PropertyValueSpecification","valueRequired":true,"valueName":"search_term_string"}}],"inLanguage":"es"}]}},"_links":{"self":[{"href":"https:\/\/mont-roig.cat\/es\/wp-json\/wp\/v2\/pages\/75334","targetHints":{"allow":["GET"]}}],"collection":[{"href":"https:\/\/mont-roig.cat\/es\/wp-json\/wp\/v2\/pages"}],"about":[{"href":"https:\/\/mont-roig.cat\/es\/wp-json\/wp\/v2\/types\/page"}],"author":[{"embeddable":true,"href":"https:\/\/mont-roig.cat\/es\/wp-json\/wp\/v2\/users\/13"}],"replies":[{"embeddable":true,"href":"https:\/\/mont-roig.cat\/es\/wp-json\/wp\/v2\/comments?post=75334"}],"version-history":[{"count":8,"href":"https:\/\/mont-roig.cat\/es\/wp-json\/wp\/v2\/pages\/75334\/revisions"}],"predecessor-version":[{"id":75356,"href":"https:\/\/mont-roig.cat\/es\/wp-json\/wp\/v2\/pages\/75334\/revisions\/75356"}],"up":[{"embeddable":true,"href":"https:\/\/mont-roig.cat\/es\/wp-json\/wp\/v2\/pages\/4340"}],"wp:attachment":[{"href":"https:\/\/mont-roig.cat\/es\/wp-json\/wp\/v2\/media?parent=75334"}],"curies":[{"name":"wp","href":"https:\/\/api.w.org\/{rel}","templated":true}]}}