{"id":77882,"date":"2025-10-02T13:10:11","date_gmt":"2025-10-02T11:10:11","guid":{"rendered":"https:\/\/mont-roig.cat\/?page_id=77882"},"modified":"2025-10-02T13:10:11","modified_gmt":"2025-10-02T11:10:11","slug":"plan-estrategico-2030-copia","status":"publish","type":"page","link":"https:\/\/mont-roig.cat\/es\/plan-estrategico-2030-copia\/","title":{"rendered":"Plan estrat\u00e9gico 2030 (c\u00f2pia)"},"content":{"rendered":"<div class=\"wpb-content-wrapper\">[vc_row equal_height=&#8221;yes&#8221; css=&#8221;.vc_custom_1509715736649{margin-top: 40px !important;}&#8221;][vc_column width=&#8221;1\/3&#8243;][vc_column_text]\n<h3 class=\"t_pe pe_vermell\">\u00bfPor qu\u00e9 un <strong>plan estrat\u00e9gico<\/strong>?<\/h3>\n<p class=\"p1\"><strong>Decidir conjuntamente qu\u00e9 tipo de municipio queremos llegar a ser en 2030.<\/strong> Este ha estado el objetivo del Plan Estrat\u00e9gico, previsto en el Plan de Acci\u00f3n Municipal para el mandato 2016-2019.<\/p>\n<p class=\"p1\">Este Plan ha servido para evaluar d\u00f3nde estamos y en qu\u00e9 situaci\u00f3n nos encontramos, decidir que queremos ser y marcar qu\u00e9 acciones debemos implementar para llegar a transformar el municipio.<\/p>\n<p class=\"p1\">La finalidad es mejorar la calidad de vida y las condiciones socio-econ\u00f3micas de la poblaci\u00f3n y su gente.<\/p>\n[\/vc_column_text][\/vc_column][vc_column width=&#8221;1\/3&#8243;][vc_column_text]\n<h3 class=\"t_pe pe_verd\"><strong>Fases<\/strong> del proceso<\/h3>\n[\/vc_column_text]<div class=\"uavc-list-icon uavc-list-icon-wrapper ult-adjust-bottom-margin   \"><ul class=\"uavc-list\"><li><div class=\"uavc-list-content\" id=\"list-icon-wrap-3778\">\n<div class=\"uavc-list-icon  \" data-animation=\"\" data-animation-delay=\"03\" style=\"margin-right:10px;\"><div class=\"ult-just-icon-wrapper  \"><div class=\"align-icon\" style=\"text-align:center;\">\n<div class=\"aio-icon none \"  style=\"color:#21a8d1;font-size:32px;display:inline-block;\">\n\t<i class=\"Defaults-search\"><\/i>\n<\/div><\/div><\/div>\n<\/div><span  data-ultimate-target='#list-icon-wrap-3778 .uavc-list-desc'  data-responsive-json-new='{\"font-size\":\"\",\"line-height\":\"\"}'  class=\"uavc-list-desc ult-responsive\" style=\"\"><span style=\"color: #000000;\"><strong>FASE 1: DIAGN\u00d3STICO MUNICIPAL<\/strong><\/span><\/p>\n<p class=\"p1\">Determinar el posicionamiento actual del municipio y detectar los principales retos.<\/p>\n<\/span><\/div><\/li><li><div class=\"uavc-list-content\" id=\"list-icon-wrap-4215\">\n<div class=\"uavc-list-icon  \" data-animation=\"\" data-animation-delay=\"03\" style=\"margin-right:10px;\"><div class=\"ult-just-icon-wrapper  \"><div class=\"align-icon\" style=\"text-align:center;\">\n<div class=\"aio-icon none \"  style=\"color:#cc342e;font-size:32px;display:inline-block;\">\n\t<i class=\"Defaults-group users\"><\/i>\n<\/div><\/div><\/div>\n<\/div><span  data-ultimate-target='#list-icon-wrap-4215 .uavc-list-desc'  data-responsive-json-new='{\"font-size\":\"\",\"line-height\":\"\"}'  class=\"uavc-list-desc ult-responsive\" style=\"\"><span style=\"color: #000000;\"><strong>FASE 2: FORMULACI\u00d3N ESTRAT\u00c9GICA<\/strong><\/span><\/p>\n<p>Conseguir la participaci\u00f3n ciudadana a trav\u00e9s de talleres y mesas de trabajo con ni\u00f1os, j\u00f3venes, personas mayores y ciudadan\u00eda en general.<\/span><\/div><\/li><li><div class=\"uavc-list-content\" id=\"list-icon-wrap-8831\">\n<div class=\"uavc-list-icon  \" data-animation=\"\" data-animation-delay=\"03\" style=\"margin-right:10px;\"><div class=\"ult-just-icon-wrapper  \"><div class=\"align-icon\" style=\"text-align:center;\">\n<div class=\"aio-icon none \"  style=\"color:#fc8e3a;font-size:32px;display:inline-block;\">\n\t<i class=\"Defaults-edit pencil-square-o\"><\/i>\n<\/div><\/div><\/div>\n<\/div><span  data-ultimate-target='#list-icon-wrap-8831 .uavc-list-desc'  data-responsive-json-new='{\"font-size\":\"\",\"line-height\":\"\"}'  class=\"uavc-list-desc ult-responsive\" style=\"\"><span style=\"color: #000000;\"><strong>FASE 3: PLAN DE ACCI\u00d3N<\/strong><\/span><\/p>\n<p>Listar los proyectos acordados y definir su ejecuci\u00f3n, recursos, plazos y financiaci\u00f3n.<\/span><\/div><\/li><li><div class=\"uavc-list-content\" id=\"list-icon-wrap-1366\">\n<div class=\"uavc-list-icon  \" data-animation=\"\" data-animation-delay=\"03\" style=\"margin-right:10px;\"><div class=\"ult-just-icon-wrapper  \"><div class=\"align-icon\" style=\"text-align:center;\">\n<div class=\"aio-icon none \"  style=\"color:#58c91c;font-size:32px;display:inline-block;\">\n\t<i class=\"Defaults-check-square-o\"><\/i>\n<\/div><\/div><\/div>\n<\/div><span  data-ultimate-target='#list-icon-wrap-1366 .uavc-list-desc'  data-responsive-json-new='{\"font-size\":\"\",\"line-height\":\"\"}'  class=\"uavc-list-desc ult-responsive\" style=\"\"><span style=\"color: #000000;\"><strong>FASE 4: SEGUIMIENTO<\/strong><\/span><\/p>\n<p>Realizar la evaluaci\u00f3n de todos los procesos del Plan Estrat\u00e9gico.<\/span><\/div><\/li><\/ul><\/div>[\/vc_column][vc_column width=&#8221;1\/3&#8243;][vc_column_text]\n<h3 class=\"t_pe pe_blau\"><strong>\u00bfTienes dudas?<\/strong><\/h3>\n\n<div class=\"wpcf7 no-js\" id=\"wpcf7-f22952-o1\" lang=\"en-US\" dir=\"ltr\" data-wpcf7-id=\"22952\">\n<div class=\"screen-reader-response\"><p role=\"status\" aria-live=\"polite\" aria-atomic=\"true\"><\/p> <ul><\/ul><\/div>\n<form action=\"\/es\/wp-json\/wp\/v2\/pages\/77882#wpcf7-f22952-o1\" method=\"post\" class=\"wpcf7-form init\" aria-label=\"Contact form\" novalidate=\"novalidate\" data-status=\"init\">\n<fieldset class=\"hidden-fields-container\"><input type=\"hidden\" name=\"_wpcf7\" value=\"22952\" \/><input type=\"hidden\" name=\"_wpcf7_version\" value=\"6.1.5\" \/><input type=\"hidden\" name=\"_wpcf7_locale\" value=\"en_US\" \/><input type=\"hidden\" name=\"_wpcf7_unit_tag\" value=\"wpcf7-f22952-o1\" \/><input type=\"hidden\" name=\"_wpcf7_container_post\" value=\"0\" \/><input type=\"hidden\" name=\"_wpcf7_posted_data_hash\" value=\"\" \/><input type=\"hidden\" name=\"_wpcf7_recaptcha_response\" value=\"\" \/>\n<\/fieldset>\n<div class=\"row\">\n\t<div class=\"col-md-12 intro_block\">\n\t\t<p>\u00bfTienes alguna duda o consulta sobre el Plan Estrat\u00e9gico? \u00a1Escr\u00edbenos!\n\t\t<\/p>\n\t<\/div>\n\t<div class=\"col-md-8\">\n\t\t<div class=\"form-group\">\n\t\t\t<p><label for=\"contact-name\">Nombre y apellidos *<\/label><br \/>\n<span class=\"wpcf7-form-control-wrap\" data-name=\"your-name\"><input size=\"40\" maxlength=\"400\" class=\"wpcf7-form-control wpcf7-text wpcf7-validates-as-required form-control\" id=\"contact-firstname\" aria-required=\"true\" aria-invalid=\"false\" value=\"\" type=\"text\" name=\"your-name\" \/><\/span>\n\t\t\t<\/p>\n\t\t<\/div>\n\t<\/div>\n\t<div class=\"col-md-8\">\n\t\t<div class=\"form-group\">\n\t\t\t<p><label for=\"contact-email\">Direcci\u00f3n electr\u00f3nica *<\/label><br \/>\n<span class=\"wpcf7-form-control-wrap\" data-name=\"your-email\"><input size=\"40\" maxlength=\"400\" class=\"wpcf7-form-control wpcf7-email wpcf7-validates-as-required wpcf7-text wpcf7-validates-as-email form-control\" id=\"contact-email\" aria-required=\"true\" aria-invalid=\"false\" value=\"\" type=\"email\" name=\"your-email\" \/><\/span>\n\t\t\t<\/p>\n\t\t<\/div>\n\t<\/div>\n\t<div class=\"col-md-5\">\n\t\t<div class=\"form-group\">\n\t\t\t<p><label for=\"contact-name\">Tel\u00e9fono *<\/label><br \/>\n<span class=\"wpcf7-form-control-wrap\" data-name=\"telefon\"><input size=\"40\" maxlength=\"400\" class=\"wpcf7-form-control wpcf7-tel wpcf7-validates-as-required wpcf7-text wpcf7-validates-as-tel form-control\" id=\"telefon\" aria-required=\"true\" aria-invalid=\"false\" value=\"\" type=\"tel\" name=\"telefon\" \/><\/span>\n\t\t\t<\/p>\n\t\t<\/div>\n\t<\/div>\n\t<div class=\"col-md-10\">\n\t\t<div class=\"form-group\">\n\t\t\t<p><label for=\"contact-name\">Consulta o comentario *<\/label><br \/>\n<span class=\"wpcf7-form-control-wrap\" data-name=\"comentari\"><textarea cols=\"40\" rows=\"3\" maxlength=\"2000\" class=\"wpcf7-form-control wpcf7-textarea wpcf7-validates-as-required\" aria-required=\"true\" aria-invalid=\"false\" name=\"comentari\"><\/textarea><\/span>\n\t\t\t<\/p>\n\t\t<\/div>\n\t<\/div>\n\t<div class=\"col-md-12\">\n\t\t<div class=\"form-group\">\n\t\t\t<p>&nbsp;\n\t\t\t<\/p>\n\t\t<\/div>\n\t<\/div>\n\t<div class=\"col-md-10\">\n\t\t<div class=\"form-group\">\n\t\t\n\t\t<\/div>\n\t<\/div>\n\t<div class=\"col-md-12\">\n\t\t<div class=\"form-group\">\n\t\t\t<p><span class=\"wpcf7-form-control-wrap\" data-name=\"ok-clausula-pd\"><span class=\"wpcf7-form-control wpcf7-acceptance\"><span class=\"wpcf7-list-item\"><label><input type=\"checkbox\" name=\"ok-clausula-pd\" value=\"1\" aria-invalid=\"false\" \/><span class=\"wpcf7-list-item-label\">He le\u00eddo y acepto la cl\u00e1usula de <a href=\"\/es\/pd-infob-pla-estrategic\" target=\"_blank\">Informaci\u00f3n sobre Protecci\u00f3n de Datos<\/a><\/span><\/label><\/span><\/span><\/span><br \/>\n<span class=\"wpcf7-form-control-wrap\" data-name=\"ok-tract-dades\"><span class=\"wpcf7-form-control wpcf7-acceptance\"><span class=\"wpcf7-list-item\"><label><input type=\"checkbox\" name=\"ok-tract-dades\" value=\"1\" aria-invalid=\"false\" \/><span class=\"wpcf7-list-item-label\">Autorizo al tratamiento de mis datos para poder recibir informaci\u00f3n por medios electr\u00f3nicos<\/span><\/label><\/span><\/span><\/span>\n\t\t\t<\/p>\n\t\t<\/div>\n\t<\/div>\n\t<div class=\"col-md-12\">\n\t\t<div class=\"form-group\">\n\t\t\t<p><input class=\"wpcf7-form-control wpcf7-submit has-spinner btn btn-primary btn-lg\" type=\"submit\" value=\"Enviar\" \/>\n\t\t\t<\/p>\n\t\t<\/div>\n\t<\/div>\n<\/div><div class=\"wpcf7-response-output\" aria-hidden=\"true\"><\/div>\n<\/form>\n<\/div>\n[\/vc_column_text][\/vc_column][\/vc_row][vc_row equal_height=&#8221;yes&#8221;][vc_column width=&#8221;1\/3&#8243;][vc_column_text]\n<h3 class=\"t_pe pe_blau\"><strong>Noticias<\/strong><\/h3>\n<div class=\"pe_news\"><div  class=\"rpwe-block\"><ul class=\"rpwe-ul\"><li class=\"rpwe-li rpwe-clearfix\"><a class=\"rpwe-img\" href=\"https:\/\/mont-roig.cat\/es\/actualitat\/noticies\/se-exponen-los-dibujos-de-los-ninos-y-ninas-que-han-participado-en-el-plan-estrategico\/\" target=\"_self\"><img class=\"rpwe-alignleft rpwe-thumb\" src=\"https:\/\/mont-roig.cat\/wp-content\/uploads\/IMG_20180720_130553-mod-45x45.jpg\" alt=\"Se exponen los dibujos de los ni\u00f1os y ni\u00f1as que han participado en el Plan Estrat\u00e9gico\" height=\"45\" width=\"45\" loading=\"lazy\" decoding=\"async\" \/><\/a><h3 class=\"rpwe-title\"><a href=\"https:\/\/mont-roig.cat\/es\/actualitat\/noticies\/se-exponen-los-dibujos-de-los-ninos-y-ninas-que-han-participado-en-el-plan-estrategico\/\" target=\"_self\">Se exponen los dibujos de los ni\u00f1os y ni\u00f1as que han participado en el Plan Estrat\u00e9gico<\/a><\/h3><time class=\"rpwe-time published\" datetime=\"2018-07-20T11:57:49+02:00\">20\/07\/2018<\/time><\/li><li class=\"rpwe-li rpwe-clearfix\"><a class=\"rpwe-img\" href=\"https:\/\/mont-roig.cat\/es\/actualitat\/noticies\/el-ayuntamiento-convoca-la-ciudadania-a-planificar-el-futuro-del-municipio\/\" target=\"_self\"><img class=\"rpwe-alignleft rpwe-thumb\" src=\"https:\/\/mont-roig.cat\/wp-content\/uploads\/Pla-estrat\u00e8gic-imatge-45x45.jpg\" alt=\"El Ayuntamiento convoca la ciudadan\u00eda a planificar el futuro del municipio\" height=\"45\" width=\"45\" loading=\"lazy\" decoding=\"async\" \/><\/a><h3 class=\"rpwe-title\"><a href=\"https:\/\/mont-roig.cat\/es\/actualitat\/noticies\/el-ayuntamiento-convoca-la-ciudadania-a-planificar-el-futuro-del-municipio\/\" target=\"_self\">El Ayuntamiento convoca la ciudadan\u00eda a planificar el futuro del municipio<\/a><\/h3><time class=\"rpwe-time published\" datetime=\"2018-04-25T10:04:44+02:00\">25\/04\/2018<\/time><\/li><li class=\"rpwe-li rpwe-clearfix\"><a class=\"rpwe-img\" href=\"https:\/\/mont-roig.cat\/es\/actualitat\/noticies\/el-ayuntamiento-comienza-a-elaborar-el-plan-estrategico-mont-roig-miami-2030\/\" target=\"_self\"><img class=\"rpwe-alignleft rpwe-thumb\" src=\"https:\/\/mont-roig.cat\/wp-content\/uploads\/DSCN0745-45x45.jpg\" alt=\"El Ayuntamiento comienza a elaborar el Plan Estrat\u00e9gico Mont-roig Miami 2030\" height=\"45\" width=\"45\" loading=\"lazy\" decoding=\"async\" \/><\/a><h3 class=\"rpwe-title\"><a href=\"https:\/\/mont-roig.cat\/es\/actualitat\/noticies\/el-ayuntamiento-comienza-a-elaborar-el-plan-estrategico-mont-roig-miami-2030\/\" target=\"_self\">El Ayuntamiento comienza a elaborar el Plan Estrat\u00e9gico Mont-roig Miami 2030<\/a><\/h3><time class=\"rpwe-time published\" datetime=\"2017-07-27T16:22:53+02:00\">27\/07\/2017<\/time><\/li><\/ul><\/div><!-- Generated by http:\/\/wordpress.org\/plugins\/recent-posts-widget-extended\/ --><\/div>\n[\/vc_column_text][\/vc_column][vc_column width=&#8221;1\/3&#8243;][vc_column_text]\n<h3 class=\"t_pe pe_groc\">Pr\u00f3ximos\u00a0<strong>eventos<\/strong><\/h3>\n\t<p>There are no upcoming eventos at this time.<\/p>\n[\/vc_column_text][\/vc_column][vc_column width=&#8221;1\/3&#8243;][vc_column_text]\n<h3 class=\"t_pe pe_vermell\">Material y documentaci\u00f3n<\/h3>\n[\/vc_column_text]<div class=\"smile_icon_list_wrap ult_info_list_container ult-adjust-bottom-margin  \"><ul class=\"smile_icon_list left square with_bg\"><li class=\"icon_list_item\" style=\" font-size:72px;\"><div class=\"icon_list_icon\" data-animation=\"\" data-animation-delay=\"03\" style=\"font-size:24px;border-width:1px;border-style:none;background:#ffffff;color:#333333;border-color:#333333;\"><i class=\"Simple-Line-Icons-book-open\" ><\/i><\/div><div class=\"icon_description\" id=\"Info-list-wrap-9906\" style=\"font-size:24px;\"><h3 class=\"ult-responsive info-list-heading\"  data-ultimate-target='#Info-list-wrap-9906 h3'  data-responsive-json-new='{\"font-size\":\"desktop:16px;\",\"line-height\":\"desktop:24px;\"}'  style=\"\">Documento final Plan Estrat\u00e9gico Municipal 2020-2030<\/h3><div class=\"icon_description_text ult-responsive\"  data-ultimate-target='#Info-list-wrap-9906 .icon_description_text'  data-responsive-json-new='{\"font-size\":\"desktop:13px;\",\"line-height\":\"desktop:18px;\"}'  style=\"\"><p>Descarga la hoja de ruta del Plan Estrat\u00e9gico Municipal Mont-roig del Camp 2020-2030 que contiene el Plan de Acciones.<\/p>\n<\/div><\/div><div class=\"icon_list_connector\"  style=\"border-right-width: 1px;border-right-style: dashed;border-color: #333333;\"><\/div><a class=\"ulimate-info-list-link\" href=\"https:\/\/mont-roig.cat\/wp-content\/uploads\/Pla-Estrat%C3%A8gic-Municipal-Mont-roig-del-Camp_full-de-ruta.pdf\" target=\"_blank\" rel=\"noopener\" ><\/a><\/li><li class=\"icon_list_item\" style=\" font-size:72px;\"><div class=\"icon_list_icon\" data-animation=\"\" data-animation-delay=\"03\" style=\"font-size:24px;border-width:1px;border-style:none;background:#ffffff;color:#333333;border-color:#333333;\"><i class=\"Simple-Line-Icons-book-open\" ><\/i><\/div><div class=\"icon_description\" id=\"Info-list-wrap-8362\" style=\"font-size:24px;\"><h3 class=\"ult-responsive info-list-heading\"  data-ultimate-target='#Info-list-wrap-8362 h3'  data-responsive-json-new='{\"font-size\":\"desktop:16px;\",\"line-height\":\"desktop:24px;\"}'  style=\"\">Documento de diagn\u00f3stico y matriz DAFO<\/h3><div class=\"icon_description_text ult-responsive\"  data-ultimate-target='#Info-list-wrap-8362 .icon_description_text'  data-responsive-json-new='{\"font-size\":\"desktop:13px;\",\"line-height\":\"desktop:18px;\"}'  style=\"\"><p>Descarga el documento de an\u00e1lisis con el diganosi y la matriz DAFO del Plan Estrat\u00e9gico Municipal 2020-2030<\/p>\n<\/div><\/div><div class=\"icon_list_connector\"  style=\"border-right-width: 1px;border-right-style: dashed;border-color: #333333;\"><\/div><a class=\"ulimate-info-list-link\" href=\"https:\/\/mont-roig.cat\/wp-content\/uploads\/Pla-Estrat%C3%A8gic-Municipal-Mont-roig-del-Camp-2030_Diagnosi-i-Matriu-DAFO.pdf\" target=\"_blank\" rel=\"noopener\" ><\/a><\/li><li class=\"icon_list_item\" style=\" font-size:72px;\"><div class=\"icon_list_icon\" data-animation=\"\" data-animation-delay=\"03\" style=\"font-size:24px;border-width:1px;border-style:none;background:#ffffff;color:#333333;border-color:#333333;\"><i class=\"Simple-Line-Icons-book-open\" ><\/i><\/div><div class=\"icon_description\" id=\"Info-list-wrap-5334\" style=\"font-size:24px;\"><h3 class=\"ult-responsive info-list-heading\"  data-ultimate-target='#Info-list-wrap-5334 h3'  data-responsive-json-new='{\"font-size\":\"desktop:16px;\",\"line-height\":\"desktop:24px;\"}'  style=\"\">D\u00edptico del Plan Estrat\u00e9gico<\/h3><div class=\"icon_description_text ult-responsive\"  data-ultimate-target='#Info-list-wrap-5334 .icon_description_text'  data-responsive-json-new='{\"font-size\":\"desktop:13px;\",\"line-height\":\"desktop:18px;\"}'  style=\"\"><p>Descarga el d\u00edptico de presentaci\u00f3n del Plan Estrat\u00e9gico.<\/p>\n<\/div><\/div><div class=\"icon_list_connector\"  style=\"border-right-width: 1px;border-right-style: dashed;border-color: #333333;\"><\/div><a class=\"ulimate-info-list-link\" href=\"https:\/\/mont-roig.cat\/wp-content\/uploads\/Di\u0301ptic-A5-WEB-ESP.pdf\" target=\"_blank\" rel=\"noopener\" ><\/a><\/li><\/ul><\/div>[\/vc_column][\/vc_row][vc_row][vc_column][vc_column_text css=&#8221;&#8221;]<a href=\"https:\/\/mont-roig.cat\/wp-content\/uploads\/LOGOS-PSTD-ACTUALITZATS-scaled.png\"><img loading=\"lazy\" decoding=\"async\" class=\"aligncenter wp-image-85908 size-full\" src=\"https:\/\/mont-roig.cat\/wp-content\/uploads\/LOGOS-PSTD-ACTUALITZATS-scaled.png\" alt=\"\" width=\"2048\" height=\"273\" srcset=\"https:\/\/mont-roig.cat\/wp-content\/uploads\/LOGOS-PSTD-ACTUALITZATS-scaled.png 2048w, https:\/\/mont-roig.cat\/wp-content\/uploads\/LOGOS-PSTD-ACTUALITZATS-500x67.png 500w, https:\/\/mont-roig.cat\/wp-content\/uploads\/LOGOS-PSTD-ACTUALITZATS-1024x137.png 1024w, https:\/\/mont-roig.cat\/wp-content\/uploads\/LOGOS-PSTD-ACTUALITZATS-768x103.png 768w, https:\/\/mont-roig.cat\/wp-content\/uploads\/LOGOS-PSTD-ACTUALITZATS-1536x205.png 1536w\" sizes=\"auto, (max-width: 2048px) 100vw, 2048px\" \/><\/a>[\/vc_column_text][\/vc_column][\/vc_row]\n<\/div>","protected":false},"excerpt":{"rendered":"<p>[vc_row equal_height=&#8221;yes&#8221; css=&#8221;.vc_custom_1509715736649{margin-top: 40px !important;}&#8221;][vc_column width=&#8221;1\/3&#8243;][vc_column_text] \u00bfPor qu\u00e9 un plan estrat\u00e9gico? Decidir conjuntamente qu\u00e9 tipo de municipio queremos llegar a ser en 2030. Este ha estado el objetivo del Plan Estrat\u00e9gico, previsto en el Plan de Acci\u00f3n Municipal para el mandato 2016-2019. Este Plan ha servido para evaluar d\u00f3nde estamos y en qu\u00e9 situaci\u00f3n nos [&hellip;]<\/p>\n","protected":false},"author":9,"featured_media":0,"parent":0,"menu_order":0,"comment_status":"closed","ping_status":"closed","template":"","meta":{"inline_featured_image":false,"_monsterinsights_skip_tracking":false,"_monsterinsights_sitenote_active":false,"_monsterinsights_sitenote_note":"","_monsterinsights_sitenote_category":0,"footnotes":""},"class_list":["post-77882","page","type-page","status-publish","hentry"],"yoast_head":"<!-- This site is optimized with the Yoast SEO plugin v27.1.1 - https:\/\/yoast.com\/product\/yoast-seo-wordpress\/ -->\n<title>Plan estrat\u00e9gico 2030 (c\u00f2pia) - Ajuntament de Mont-roig del Camp<\/title>\n<meta name=\"robots\" content=\"index, follow, max-snippet:-1, max-image-preview:large, max-video-preview:-1\" \/>\n<link rel=\"canonical\" href=\"https:\/\/mont-roig.cat\/es\/plan-estrategico-2030-copia\/\" \/>\n<meta property=\"og:locale\" content=\"es_ES\" \/>\n<meta property=\"og:type\" content=\"article\" \/>\n<meta property=\"og:title\" content=\"Plan estrat\u00e9gico 2030 (c\u00f2pia) - Ajuntament de Mont-roig del Camp\" \/>\n<meta property=\"og:description\" content=\"[vc_row equal_height=&#8221;yes&#8221; css=&#8221;.vc_custom_1509715736649{margin-top: 40px !important;}&#8221;][vc_column width=&#8221;1\/3&#8243;][vc_column_text] \u00bfPor qu\u00e9 un plan estrat\u00e9gico? Decidir conjuntamente qu\u00e9 tipo de municipio queremos llegar a ser en 2030. Este ha estado el objetivo del Plan Estrat\u00e9gico, previsto en el Plan de Acci\u00f3n Municipal para el mandato 2016-2019. Este Plan ha servido para evaluar d\u00f3nde estamos y en qu\u00e9 situaci\u00f3n nos [&hellip;]\" \/>\n<meta property=\"og:url\" content=\"https:\/\/mont-roig.cat\/es\/plan-estrategico-2030-copia\/\" \/>\n<meta property=\"og:site_name\" content=\"Ajuntament de Mont-roig del Camp\" \/>\n<meta property=\"og:image\" content=\"https:\/\/mont-roig.cat\/wp-content\/uploads\/LOGOS-PSTD-ACTUALITZATS-scaled.png\" \/>\n\t<meta property=\"og:image:width\" content=\"2048\" \/>\n\t<meta property=\"og:image:height\" content=\"273\" \/>\n\t<meta property=\"og:image:type\" content=\"image\/png\" \/>\n<meta name=\"twitter:card\" content=\"summary_large_image\" \/>\n<meta name=\"twitter:label1\" content=\"Tiempo de lectura\" \/>\n\t<meta name=\"twitter:data1\" content=\"2 minutos\" \/>\n<script type=\"application\/ld+json\" class=\"yoast-schema-graph\">{\"@context\":\"https:\/\/schema.org\",\"@graph\":[{\"@type\":\"WebPage\",\"@id\":\"https:\/\/mont-roig.cat\/es\/plan-estrategico-2030-copia\/\",\"url\":\"https:\/\/mont-roig.cat\/es\/plan-estrategico-2030-copia\/\",\"name\":\"Plan estrat\u00e9gico 2030 (c\u00f2pia) - Ajuntament de Mont-roig del Camp\",\"isPartOf\":{\"@id\":\"https:\/\/mont-roig.cat\/es\/#website\"},\"primaryImageOfPage\":{\"@id\":\"https:\/\/mont-roig.cat\/es\/plan-estrategico-2030-copia\/#primaryimage\"},\"image\":{\"@id\":\"https:\/\/mont-roig.cat\/es\/plan-estrategico-2030-copia\/#primaryimage\"},\"thumbnailUrl\":\"https:\/\/mont-roig.cat\/wp-content\/uploads\/LOGOS-PSTD-ACTUALITZATS-scaled.png\",\"datePublished\":\"2025-10-02T11:10:11+00:00\",\"breadcrumb\":{\"@id\":\"https:\/\/mont-roig.cat\/es\/plan-estrategico-2030-copia\/#breadcrumb\"},\"inLanguage\":\"es\",\"potentialAction\":[{\"@type\":\"ReadAction\",\"target\":[\"https:\/\/mont-roig.cat\/es\/plan-estrategico-2030-copia\/\"]}]},{\"@type\":\"ImageObject\",\"inLanguage\":\"es\",\"@id\":\"https:\/\/mont-roig.cat\/es\/plan-estrategico-2030-copia\/#primaryimage\",\"url\":\"https:\/\/mont-roig.cat\/wp-content\/uploads\/LOGOS-PSTD-ACTUALITZATS-scaled.png\",\"contentUrl\":\"https:\/\/mont-roig.cat\/wp-content\/uploads\/LOGOS-PSTD-ACTUALITZATS-scaled.png\"},{\"@type\":\"BreadcrumbList\",\"@id\":\"https:\/\/mont-roig.cat\/es\/plan-estrategico-2030-copia\/#breadcrumb\",\"itemListElement\":[{\"@type\":\"ListItem\",\"position\":1,\"name\":\"Inici\",\"item\":\"https:\/\/mont-roig.cat\/es\/pagina-de-inicio\/\"},{\"@type\":\"ListItem\",\"position\":2,\"name\":\"Plan estrat\u00e9gico 2030 (c\u00f2pia)\"}]},{\"@type\":\"WebSite\",\"@id\":\"https:\/\/mont-roig.cat\/es\/#website\",\"url\":\"https:\/\/mont-roig.cat\/es\/\",\"name\":\"Ajuntament de Mont-roig del Camp\",\"description\":\"Tota la informaci\u00f3 sobre la instituci\u00f3, els seus \u00f2rgans de govern, actualitat, serveis i molt m\u00e9s.\",\"potentialAction\":[{\"@type\":\"SearchAction\",\"target\":{\"@type\":\"EntryPoint\",\"urlTemplate\":\"https:\/\/mont-roig.cat\/es\/?s={search_term_string}\"},\"query-input\":{\"@type\":\"PropertyValueSpecification\",\"valueRequired\":true,\"valueName\":\"search_term_string\"}}],\"inLanguage\":\"es\"}]}<\/script>\n<!-- \/ Yoast SEO plugin. -->","yoast_head_json":{"title":"Plan estrat\u00e9gico 2030 (c\u00f2pia) - Ajuntament de Mont-roig del Camp","robots":{"index":"index","follow":"follow","max-snippet":"max-snippet:-1","max-image-preview":"max-image-preview:large","max-video-preview":"max-video-preview:-1"},"canonical":"https:\/\/mont-roig.cat\/es\/plan-estrategico-2030-copia\/","og_locale":"es_ES","og_type":"article","og_title":"Plan estrat\u00e9gico 2030 (c\u00f2pia) - Ajuntament de Mont-roig del Camp","og_description":"[vc_row equal_height=&#8221;yes&#8221; css=&#8221;.vc_custom_1509715736649{margin-top: 40px !important;}&#8221;][vc_column width=&#8221;1\/3&#8243;][vc_column_text] \u00bfPor qu\u00e9 un plan estrat\u00e9gico? Decidir conjuntamente qu\u00e9 tipo de municipio queremos llegar a ser en 2030. Este ha estado el objetivo del Plan Estrat\u00e9gico, previsto en el Plan de Acci\u00f3n Municipal para el mandato 2016-2019. Este Plan ha servido para evaluar d\u00f3nde estamos y en qu\u00e9 situaci\u00f3n nos [&hellip;]","og_url":"https:\/\/mont-roig.cat\/es\/plan-estrategico-2030-copia\/","og_site_name":"Ajuntament de Mont-roig del Camp","og_image":[{"width":2048,"height":273,"url":"https:\/\/mont-roig.cat\/wp-content\/uploads\/LOGOS-PSTD-ACTUALITZATS-scaled.png","type":"image\/png"}],"twitter_card":"summary_large_image","twitter_misc":{"Tiempo de lectura":"2 minutos"},"schema":{"@context":"https:\/\/schema.org","@graph":[{"@type":"WebPage","@id":"https:\/\/mont-roig.cat\/es\/plan-estrategico-2030-copia\/","url":"https:\/\/mont-roig.cat\/es\/plan-estrategico-2030-copia\/","name":"Plan estrat\u00e9gico 2030 (c\u00f2pia) - Ajuntament de Mont-roig del Camp","isPartOf":{"@id":"https:\/\/mont-roig.cat\/es\/#website"},"primaryImageOfPage":{"@id":"https:\/\/mont-roig.cat\/es\/plan-estrategico-2030-copia\/#primaryimage"},"image":{"@id":"https:\/\/mont-roig.cat\/es\/plan-estrategico-2030-copia\/#primaryimage"},"thumbnailUrl":"https:\/\/mont-roig.cat\/wp-content\/uploads\/LOGOS-PSTD-ACTUALITZATS-scaled.png","datePublished":"2025-10-02T11:10:11+00:00","breadcrumb":{"@id":"https:\/\/mont-roig.cat\/es\/plan-estrategico-2030-copia\/#breadcrumb"},"inLanguage":"es","potentialAction":[{"@type":"ReadAction","target":["https:\/\/mont-roig.cat\/es\/plan-estrategico-2030-copia\/"]}]},{"@type":"ImageObject","inLanguage":"es","@id":"https:\/\/mont-roig.cat\/es\/plan-estrategico-2030-copia\/#primaryimage","url":"https:\/\/mont-roig.cat\/wp-content\/uploads\/LOGOS-PSTD-ACTUALITZATS-scaled.png","contentUrl":"https:\/\/mont-roig.cat\/wp-content\/uploads\/LOGOS-PSTD-ACTUALITZATS-scaled.png"},{"@type":"BreadcrumbList","@id":"https:\/\/mont-roig.cat\/es\/plan-estrategico-2030-copia\/#breadcrumb","itemListElement":[{"@type":"ListItem","position":1,"name":"Inici","item":"https:\/\/mont-roig.cat\/es\/pagina-de-inicio\/"},{"@type":"ListItem","position":2,"name":"Plan estrat\u00e9gico 2030 (c\u00f2pia)"}]},{"@type":"WebSite","@id":"https:\/\/mont-roig.cat\/es\/#website","url":"https:\/\/mont-roig.cat\/es\/","name":"Ajuntament de Mont-roig del Camp","description":"Tota la informaci\u00f3 sobre la instituci\u00f3, els seus \u00f2rgans de govern, actualitat, serveis i molt m\u00e9s.","potentialAction":[{"@type":"SearchAction","target":{"@type":"EntryPoint","urlTemplate":"https:\/\/mont-roig.cat\/es\/?s={search_term_string}"},"query-input":{"@type":"PropertyValueSpecification","valueRequired":true,"valueName":"search_term_string"}}],"inLanguage":"es"}]}},"_links":{"self":[{"href":"https:\/\/mont-roig.cat\/es\/wp-json\/wp\/v2\/pages\/77882","targetHints":{"allow":["GET"]}}],"collection":[{"href":"https:\/\/mont-roig.cat\/es\/wp-json\/wp\/v2\/pages"}],"about":[{"href":"https:\/\/mont-roig.cat\/es\/wp-json\/wp\/v2\/types\/page"}],"author":[{"embeddable":true,"href":"https:\/\/mont-roig.cat\/es\/wp-json\/wp\/v2\/users\/9"}],"replies":[{"embeddable":true,"href":"https:\/\/mont-roig.cat\/es\/wp-json\/wp\/v2\/comments?post=77882"}],"version-history":[{"count":2,"href":"https:\/\/mont-roig.cat\/es\/wp-json\/wp\/v2\/pages\/77882\/revisions"}],"predecessor-version":[{"id":85991,"href":"https:\/\/mont-roig.cat\/es\/wp-json\/wp\/v2\/pages\/77882\/revisions\/85991"}],"wp:attachment":[{"href":"https:\/\/mont-roig.cat\/es\/wp-json\/wp\/v2\/media?parent=77882"}],"curies":[{"name":"wp","href":"https:\/\/api.w.org\/{rel}","templated":true}]}}