{"id":80778,"date":"2025-02-12T10:02:28","date_gmt":"2025-02-12T09:02:28","guid":{"rendered":"https:\/\/mont-roig.cat\/?page_id=80778"},"modified":"2026-03-03T09:42:45","modified_gmt":"2026-03-03T08:42:45","slug":"instrumentos-archivisticos","status":"publish","type":"page","link":"https:\/\/mont-roig.cat\/es\/ayuntamiento\/atencion-ciudadana\/archivo-municipal\/instrumentos-archivisticos\/","title":{"rendered":"Instrumentos archiv\u00edsticos"},"content":{"rendered":"<div class=\"wpb-content-wrapper\">[vc_row][vc_column][vc_column_text css=&#8221;&#8221;]\n<ul>\n<li><strong>Cuadro de Classificaci\u00f3n (QdCAL) <\/strong><a href=\"https:\/\/app.powerbi.com\/view?r=eyJrIjoiNWNiYTcyN2EtZDA5YS00NDFjLTg0OTEtNjgwMDRmODkxZjE5IiwidCI6IjNiOTQyN2RjLWQzMGUtNDNiYy04YzA2LWZmNzI1MzY3NmZlYyIsImMiOjh9\" target=\"_blank\" rel=\"noopener\">en este enlace<\/a><\/li>\n<li><strong>Esquema de Metadatos (EdM) <\/strong><a href=\"https:\/\/mont-roig.cat\/wp-content\/uploads\/Esquema-de-Metadades_EdM.pdf\" target=\"_blank\" rel=\"noopener\">(descarga el pdf)<\/a><\/li>\n<li><strong>Cat\u00e1logo de Tipolog\u00edas Documentales (CTD) <\/strong><a href=\"https:\/\/mont-roig.cat\/wp-content\/uploads\/Cataleg-Tipologies_Documentals_CTD.pdf\" target=\"_blank\" rel=\"noopener\">(descarga el pdf)<\/a><\/li>\n<li><strong>Cat\u00e1logo de Formatos (CdF) <\/strong><a href=\"https:\/\/mont-roig.cat\/wp-content\/uploads\/Cataleg-Formats_CF.pdf\" target=\"_blank\" rel=\"noopener\">(descarga el pdf)<\/a><\/li>\n<\/ul>\n[\/vc_column_text][\/vc_column][\/vc_row]\n<\/div>","protected":false},"excerpt":{"rendered":"<p>[vc_row][vc_column][vc_column_text css=&#8221;&#8221;] Cuadro de Classificaci\u00f3n (QdCAL) en este enlace Esquema de Metadatos (EdM) (descarga el pdf) Cat\u00e1logo de Tipolog\u00edas Documentales (CTD) (descarga el pdf) Cat\u00e1logo de Formatos (CdF) (descarga el pdf) [\/vc_column_text][\/vc_column][\/vc_row]<\/p>\n","protected":false},"author":13,"featured_media":0,"parent":4272,"menu_order":1,"comment_status":"closed","ping_status":"closed","template":"","meta":{"inline_featured_image":false,"_monsterinsights_skip_tracking":false,"_monsterinsights_sitenote_active":false,"_monsterinsights_sitenote_note":"","_monsterinsights_sitenote_category":0,"footnotes":""},"class_list":["post-80778","page","type-page","status-publish","hentry"],"yoast_head":"<!-- This site is optimized with the Yoast SEO plugin v27.4 - https:\/\/yoast.com\/product\/yoast-seo-wordpress\/ -->\n<title>Instrumentos archiv\u00edsticos - Ajuntament de Mont-roig del Camp<\/title>\n<meta name=\"robots\" content=\"index, follow, max-snippet:-1, max-image-preview:large, max-video-preview:-1\" \/>\n<link rel=\"canonical\" href=\"https:\/\/mont-roig.cat\/es\/ayuntamiento\/atencion-ciudadana\/archivo-municipal\/instrumentos-archivisticos\/\" \/>\n<meta property=\"og:locale\" content=\"es_ES\" \/>\n<meta property=\"og:type\" content=\"article\" \/>\n<meta property=\"og:title\" content=\"Instrumentos archiv\u00edsticos - Ajuntament de Mont-roig del Camp\" \/>\n<meta property=\"og:description\" content=\"[vc_row][vc_column][vc_column_text css=&#8221;&#8221;] Cuadro de Classificaci\u00f3n (QdCAL) en este enlace Esquema de Metadatos (EdM) (descarga el pdf) Cat\u00e1logo de Tipolog\u00edas Documentales (CTD) (descarga el pdf) Cat\u00e1logo de Formatos (CdF) (descarga el pdf) [\/vc_column_text][\/vc_column][\/vc_row]\" \/>\n<meta property=\"og:url\" content=\"https:\/\/mont-roig.cat\/es\/ayuntamiento\/atencion-ciudadana\/archivo-municipal\/instrumentos-archivisticos\/\" \/>\n<meta property=\"og:site_name\" content=\"Ajuntament de Mont-roig del Camp\" \/>\n<meta property=\"article:modified_time\" content=\"2026-03-03T08:42:45+00:00\" \/>\n<meta property=\"og:image\" content=\"https:\/\/mont-roig.cat\/wp-content\/uploads\/aj-mont-roig-2.jpg\" \/>\n\t<meta property=\"og:image:width\" content=\"1200\" \/>\n\t<meta property=\"og:image:height\" content=\"600\" \/>\n\t<meta property=\"og:image:type\" content=\"image\/jpeg\" \/>\n<meta name=\"twitter:card\" content=\"summary_large_image\" \/>\n<meta name=\"twitter:label1\" content=\"Tiempo de lectura\" \/>\n\t<meta name=\"twitter:data1\" content=\"1 minuto\" \/>\n<script type=\"application\/ld+json\" class=\"yoast-schema-graph\">{\"@context\":\"https:\\\/\\\/schema.org\",\"@graph\":[{\"@type\":\"WebPage\",\"@id\":\"https:\\\/\\\/mont-roig.cat\\\/es\\\/ayuntamiento\\\/atencion-ciudadana\\\/archivo-municipal\\\/instrumentos-archivisticos\\\/\",\"url\":\"https:\\\/\\\/mont-roig.cat\\\/es\\\/ayuntamiento\\\/atencion-ciudadana\\\/archivo-municipal\\\/instrumentos-archivisticos\\\/\",\"name\":\"Instrumentos archiv\u00edsticos - Ajuntament de Mont-roig del Camp\",\"isPartOf\":{\"@id\":\"https:\\\/\\\/mont-roig.cat\\\/es\\\/#website\"},\"datePublished\":\"2025-02-12T09:02:28+00:00\",\"dateModified\":\"2026-03-03T08:42:45+00:00\",\"breadcrumb\":{\"@id\":\"https:\\\/\\\/mont-roig.cat\\\/es\\\/ayuntamiento\\\/atencion-ciudadana\\\/archivo-municipal\\\/instrumentos-archivisticos\\\/#breadcrumb\"},\"inLanguage\":\"es\",\"potentialAction\":[{\"@type\":\"ReadAction\",\"target\":[\"https:\\\/\\\/mont-roig.cat\\\/es\\\/ayuntamiento\\\/atencion-ciudadana\\\/archivo-municipal\\\/instrumentos-archivisticos\\\/\"]}]},{\"@type\":\"BreadcrumbList\",\"@id\":\"https:\\\/\\\/mont-roig.cat\\\/es\\\/ayuntamiento\\\/atencion-ciudadana\\\/archivo-municipal\\\/instrumentos-archivisticos\\\/#breadcrumb\",\"itemListElement\":[{\"@type\":\"ListItem\",\"position\":1,\"name\":\"Inici\",\"item\":\"https:\\\/\\\/mont-roig.cat\\\/es\\\/pagina-de-inicio\\\/\"},{\"@type\":\"ListItem\",\"position\":2,\"name\":\"Ayuntamiento\",\"item\":\"https:\\\/\\\/mont-roig.cat\\\/es\\\/ayuntamiento\\\/\"},{\"@type\":\"ListItem\",\"position\":3,\"name\":\"Atenci\u00f3n ciudadana\",\"item\":\"https:\\\/\\\/mont-roig.cat\\\/es\\\/ayuntamiento\\\/atencion-ciudadana\\\/\"},{\"@type\":\"ListItem\",\"position\":4,\"name\":\"Archivo municipal\",\"item\":\"https:\\\/\\\/mont-roig.cat\\\/es\\\/ayuntamiento\\\/atencion-ciudadana\\\/archivo-municipal\\\/\"},{\"@type\":\"ListItem\",\"position\":5,\"name\":\"Instrumentos archiv\u00edsticos\"}]},{\"@type\":\"WebSite\",\"@id\":\"https:\\\/\\\/mont-roig.cat\\\/es\\\/#website\",\"url\":\"https:\\\/\\\/mont-roig.cat\\\/es\\\/\",\"name\":\"Ajuntament de Mont-roig del Camp\",\"description\":\"Tota la informaci\u00f3 sobre la instituci\u00f3, els seus \u00f2rgans de govern, actualitat, serveis i molt m\u00e9s.\",\"potentialAction\":[{\"@type\":\"SearchAction\",\"target\":{\"@type\":\"EntryPoint\",\"urlTemplate\":\"https:\\\/\\\/mont-roig.cat\\\/es\\\/?s={search_term_string}\"},\"query-input\":{\"@type\":\"PropertyValueSpecification\",\"valueRequired\":true,\"valueName\":\"search_term_string\"}}],\"inLanguage\":\"es\"}]}<\/script>\n<!-- \/ Yoast SEO plugin. -->","yoast_head_json":{"title":"Instrumentos archiv\u00edsticos - Ajuntament de Mont-roig del Camp","robots":{"index":"index","follow":"follow","max-snippet":"max-snippet:-1","max-image-preview":"max-image-preview:large","max-video-preview":"max-video-preview:-1"},"canonical":"https:\/\/mont-roig.cat\/es\/ayuntamiento\/atencion-ciudadana\/archivo-municipal\/instrumentos-archivisticos\/","og_locale":"es_ES","og_type":"article","og_title":"Instrumentos archiv\u00edsticos - Ajuntament de Mont-roig del Camp","og_description":"[vc_row][vc_column][vc_column_text css=&#8221;&#8221;] Cuadro de Classificaci\u00f3n (QdCAL) en este enlace Esquema de Metadatos (EdM) (descarga el pdf) Cat\u00e1logo de Tipolog\u00edas Documentales (CTD) (descarga el pdf) Cat\u00e1logo de Formatos (CdF) (descarga el pdf) [\/vc_column_text][\/vc_column][\/vc_row]","og_url":"https:\/\/mont-roig.cat\/es\/ayuntamiento\/atencion-ciudadana\/archivo-municipal\/instrumentos-archivisticos\/","og_site_name":"Ajuntament de Mont-roig del Camp","article_modified_time":"2026-03-03T08:42:45+00:00","og_image":[{"width":1200,"height":600,"url":"https:\/\/mont-roig.cat\/wp-content\/uploads\/aj-mont-roig-2.jpg","type":"image\/jpeg"}],"twitter_card":"summary_large_image","twitter_misc":{"Tiempo de lectura":"1 minuto"},"schema":{"@context":"https:\/\/schema.org","@graph":[{"@type":"WebPage","@id":"https:\/\/mont-roig.cat\/es\/ayuntamiento\/atencion-ciudadana\/archivo-municipal\/instrumentos-archivisticos\/","url":"https:\/\/mont-roig.cat\/es\/ayuntamiento\/atencion-ciudadana\/archivo-municipal\/instrumentos-archivisticos\/","name":"Instrumentos archiv\u00edsticos - Ajuntament de Mont-roig del Camp","isPartOf":{"@id":"https:\/\/mont-roig.cat\/es\/#website"},"datePublished":"2025-02-12T09:02:28+00:00","dateModified":"2026-03-03T08:42:45+00:00","breadcrumb":{"@id":"https:\/\/mont-roig.cat\/es\/ayuntamiento\/atencion-ciudadana\/archivo-municipal\/instrumentos-archivisticos\/#breadcrumb"},"inLanguage":"es","potentialAction":[{"@type":"ReadAction","target":["https:\/\/mont-roig.cat\/es\/ayuntamiento\/atencion-ciudadana\/archivo-municipal\/instrumentos-archivisticos\/"]}]},{"@type":"BreadcrumbList","@id":"https:\/\/mont-roig.cat\/es\/ayuntamiento\/atencion-ciudadana\/archivo-municipal\/instrumentos-archivisticos\/#breadcrumb","itemListElement":[{"@type":"ListItem","position":1,"name":"Inici","item":"https:\/\/mont-roig.cat\/es\/pagina-de-inicio\/"},{"@type":"ListItem","position":2,"name":"Ayuntamiento","item":"https:\/\/mont-roig.cat\/es\/ayuntamiento\/"},{"@type":"ListItem","position":3,"name":"Atenci\u00f3n ciudadana","item":"https:\/\/mont-roig.cat\/es\/ayuntamiento\/atencion-ciudadana\/"},{"@type":"ListItem","position":4,"name":"Archivo municipal","item":"https:\/\/mont-roig.cat\/es\/ayuntamiento\/atencion-ciudadana\/archivo-municipal\/"},{"@type":"ListItem","position":5,"name":"Instrumentos archiv\u00edsticos"}]},{"@type":"WebSite","@id":"https:\/\/mont-roig.cat\/es\/#website","url":"https:\/\/mont-roig.cat\/es\/","name":"Ajuntament de Mont-roig del Camp","description":"Tota la informaci\u00f3 sobre la instituci\u00f3, els seus \u00f2rgans de govern, actualitat, serveis i molt m\u00e9s.","potentialAction":[{"@type":"SearchAction","target":{"@type":"EntryPoint","urlTemplate":"https:\/\/mont-roig.cat\/es\/?s={search_term_string}"},"query-input":{"@type":"PropertyValueSpecification","valueRequired":true,"valueName":"search_term_string"}}],"inLanguage":"es"}]}},"_links":{"self":[{"href":"https:\/\/mont-roig.cat\/es\/wp-json\/wp\/v2\/pages\/80778","targetHints":{"allow":["GET"]}}],"collection":[{"href":"https:\/\/mont-roig.cat\/es\/wp-json\/wp\/v2\/pages"}],"about":[{"href":"https:\/\/mont-roig.cat\/es\/wp-json\/wp\/v2\/types\/page"}],"author":[{"embeddable":true,"href":"https:\/\/mont-roig.cat\/es\/wp-json\/wp\/v2\/users\/13"}],"replies":[{"embeddable":true,"href":"https:\/\/mont-roig.cat\/es\/wp-json\/wp\/v2\/comments?post=80778"}],"version-history":[{"count":3,"href":"https:\/\/mont-roig.cat\/es\/wp-json\/wp\/v2\/pages\/80778\/revisions"}],"predecessor-version":[{"id":89684,"href":"https:\/\/mont-roig.cat\/es\/wp-json\/wp\/v2\/pages\/80778\/revisions\/89684"}],"up":[{"embeddable":true,"href":"https:\/\/mont-roig.cat\/es\/wp-json\/wp\/v2\/pages\/4272"}],"wp:attachment":[{"href":"https:\/\/mont-roig.cat\/es\/wp-json\/wp\/v2\/media?parent=80778"}],"curies":[{"name":"wp","href":"https:\/\/api.w.org\/{rel}","templated":true}]}}