{"id":82321,"date":"2025-04-28T10:47:14","date_gmt":"2025-04-28T08:47:14","guid":{"rendered":"https:\/\/mont-roig.cat\/?page_id=82321"},"modified":"2026-04-27T09:04:59","modified_gmt":"2026-04-27T07:04:59","slug":"expedicion-dni-y-pasaporte","status":"publish","type":"page","link":"https:\/\/mont-roig.cat\/es\/ayuntamiento\/atencion-ciudadana\/omac\/expedicion-dni-y-pasaporte\/","title":{"rendered":"Expedici\u00f3n DNI y pasaporte"},"content":{"rendered":"<div class=\"wpb-content-wrapper\">[vc_row][vc_column][vc_column_text css=&#8221;&#8221;]La Direcci\u00f3n General de la Polic\u00eda ofrece puntualmente, previa cita, la expedici\u00f3n de DNI y pasaporte, en los n\u00facleos de Mont-roig del Camp y Miami Platja a trav\u00e9s del servicio VIDOC.\u00a0Las pr\u00f3ximas fechas son las siguientes:<\/p>\n<ul>\n<li><strong>El martes, 23 de junio<\/strong>, estar\u00e1n en Miami Platja, detr\u00e1s del Polivalente. Cita previa en este <a href=\"https:\/\/citaprevia.ubintia.com\/mont-roig\/?go=b2ZpY2luYT01MSZpZGlvbWE9ZXNfRVMmb3JpZ2VuPTI5NDYmY2FuYWxfYXRlbmNpbz0xJnRyYW1pdD0xMDE5NQ==\" target=\"_blank\" rel=\"noopener\">enlace<\/a>.<\/li>\n<\/ul>\n<p>El horario ser\u00e1 de 9.30 ha 13.15 h.<\/p>\n<h4>REQUISITOS PARA OBTENER EL DOCUMENTO NACIONAL DE IDENTIDAD (DNI) EN LA UNIDAD M\u00d3VIL &#8220;VIDOC&#8221;<\/h4>\n<p><strong><u>PRIMERA INSCRIPCI\u00d3N:<\/u><\/strong><\/p>\n<ul>\n<li><strong>Presencia f\u00edsica<\/strong> de la persona a quien se haya de expedir.<\/li>\n<li>Abono, <strong>en efectivo<\/strong>, de la tasa correspondiente.<\/li>\n<li><strong>Certificaci\u00f3n literal de nacimiento<\/strong>, expedida por el Registro Civil, con la menci\u00f3n expresa de que se expide a los solos efectos de obtener el DNI. El certificado literal de nacimiento caduca a los 6 meses de su emisi\u00f3n.<\/li>\n<li>Una <strong>fotograf\u00eda reciente<\/strong> en color, con fondo uniforme blanco y liso, debe ser de alta resoluci\u00f3n y en papel fotogr\u00e1fico (la fotograf\u00eda deber\u00e1 mostrar, claramente, el \u00f3valo de la cara).<\/li>\n<li><strong>Certificado o volante de empadronamiento<\/strong> del Ayuntamiento. (cabe recordar que este documento caducar\u00e1 a los 3 meses de su emisi\u00f3n).<\/li>\n<li>Cuando el titular del DNI <strong>sea menor de 14 a\u00f1os o incapaz<\/strong>, se llevar\u00e1 a cabo, en presencia de la persona que tenga encomendada la patria potestad o tutela, o persona apoderada por estas \u00faltimas. Deber\u00e1 acompa\u00f1ar al menor un progenitor o tutor.<\/li>\n<\/ul>\n<p><strong><u>RENOVACI\u00d3N:<\/u><\/strong><\/p>\n<ul>\n<li><strong>Presencia f\u00edsica<\/strong> de la persona a quien se haya de expedir.<\/li>\n<li>Abono, <strong>en efectivo<\/strong>, de la tasa correspondiente.<\/li>\n<li>El <strong>DNI anterior<\/strong>.<\/li>\n<li>Una <strong>fotograf\u00eda reciente<\/strong> en color, con fondo uniforme blanco y liso, debe ser de alta resoluci\u00f3n y en papel fotogr\u00e1fico (La fotograf\u00eda deber\u00e1 mostrar, claramente, el \u00f3valo de la cara).<\/li>\n<li>En caso de <strong>cambio de domicilio<\/strong>: Certificado o volante de empadronamiento del Ayuntamiento.<\/li>\n<li>Cuando el titular del DNI <strong>sea menor de 14 a\u00f1os o incapaz<\/strong>, se llevar\u00e1 a cabo, en presencia de la persona que tenga encomendada la patria potestad o tutela, o persona apoderada por estas \u00faltimas. Deber\u00e1 acompa\u00f1ar al menor un progenitor o tutor.<\/li>\n<\/ul>\n<p>El DNI <strong>se deber\u00e1 renovar<\/strong> dentro de los \u00faltimos 180 d\u00edas de vigencia, y fuera de ese per\u00edodo, en caso de modificaci\u00f3n de datos, extrav\u00edo, sustracci\u00f3n, destrucci\u00f3n o deterioro.<\/p>\n<p><strong>\u00a0<\/strong><strong>TASAS EXPEDICI\u00d3N DNI:<\/strong><\/p>\n<ul>\n<li>Renovaci\u00f3n por caducidad, extrav\u00edo, sustracci\u00f3n, anticipo o deterioro: 12\u20ac<\/li>\n<li>Renovaci\u00f3n, con el DNI en vigor, por cambio de datos (de filiaci\u00f3n y\/o domicilio): Gratuito<\/li>\n<li>Si acredita ser beneficiario de la condici\u00f3n de familia numerosa: Gratuito, presentando el carn\u00e9 de familia numerosa en vigor o resoluci\u00f3n, a nombre del\/de la solicitante.<\/li>\n<li>Los menores de 14 a\u00f1os, integrados en una unidad de convivencia, que soliciten la prestaci\u00f3n del ingreso m\u00ednimo vital: Gratuito, presentando un justificante de dicho ingreso.<\/li>\n<\/ul>\n<h4><strong>REQUISITOS PARA OBTENER EL PASAPORTE EN LA UNIDAD M\u00d3VIL &#8220;VIDOC&#8221;<\/strong><\/h4>\n<p><strong><u>PARA TODOS LOS CASOS:<\/u><\/strong><\/p>\n<ul>\n<li><strong>Presencia f\u00edsica<\/strong> de la persona a quien se haya de expedir.<\/li>\n<li>Abono, <strong>en efectivo<\/strong>, de la tasa correspondiente.<\/li>\n<li>El <strong>DNI en vigor<\/strong> del solicitante (y cuyo estado no implique su renovaci\u00f3n por deterioro).<\/li>\n<li>Una <strong>fotograf\u00eda reciente<\/strong> en color, con fondo uniforme blanco y liso, debe ser de alta resoluci\u00f3n y en papel fotogr\u00e1fico (La fotograf\u00eda deber\u00e1 mostrar, claramente, el \u00f3valo de la cara). (Cuando el ciudadano haya renovado su DNI en los dos a\u00f1os anteriores a la expedici\u00f3n de su pasaporte, no ser\u00e1 necesaria la presentaci\u00f3n de fotograf\u00eda).<\/li>\n<li><strong>Pasaporte anterior, <\/strong>est\u00e9 o no en vigor.<\/li>\n<\/ul>\n<p><strong><u>PARA MENORES DE EDAD Y TUTELADOS:<\/u><\/strong><\/p>\n<p>(Adem\u00e1s de lo anterior):<\/p>\n<ul>\n<li>Si el interesado fuera menor de edad y no estuviera en posesi\u00f3n del DNI, deber\u00e1 aportar una <strong>certificaci\u00f3n literal de nacimiento<\/strong>, expedida por el Registro Civil correspondiente, que contenga la anotaci\u00f3n de que se ha emitido a los solos efectos de la obtenci\u00f3n del pasaporte.<\/li>\n<li><strong>Consentimiento expreso<\/strong> de TODAS las personas que tengan atribuido el ejercicio de la patria potestad o tutela, por ello es necesario que acudan ambos progenitores o tutores el d\u00eda de la cita, <strong>salvo resoluci\u00f3n judicial que diga lo contrario<\/strong>.<\/li>\n<li>Se deber\u00e1 <strong>acreditar la relaci\u00f3n de parentesco o condici\u00f3n de tutor<\/strong>, mediante la presentaci\u00f3n de cualquier documento oficial al efecto (por ejemplo: Libro de familia)<\/li>\n<\/ul>\n<p>El <strong>Pasaporte se podr\u00e1 renovar<\/strong>, dentro del \u00faltimo a\u00f1o de vigencia, y fuera de ese periodo, en caso de modificaci\u00f3n de datos, extrav\u00edo, sustracci\u00f3n, destrucci\u00f3n, deterioro o falta de hojas disponibles.<\/p>\n<p><strong>TASAS EXPEDICI\u00d3N PASAPORTE:<\/strong><\/p>\n<ul>\n<li>Primera obtenci\u00f3n, renovaci\u00f3n, extrav\u00edo, sustracci\u00f3n, anticipo o deterioro: 30\u20ac<\/li>\n<li>Si acredita ser beneficiario de la condici\u00f3n de familia numerosa: Gratuito, presentando el carn\u00e9 de familia numerosa o resoluci\u00f3n.<\/li>\n<\/ul>\n<p><strong>IMPORTANTE: Se\u00f1alar que las personas que necesiten tramitar DNI y Pasaporte a la vez, deber\u00e1n solicitar dos citas previas.<\/strong>[\/vc_column_text][\/vc_column][\/vc_row]\n<\/div>","protected":false},"excerpt":{"rendered":"<p>[vc_row][vc_column][vc_column_text css=&#8221;&#8221;]La Direcci\u00f3n General de la Polic\u00eda ofrece puntualmente, previa cita, la expedici\u00f3n de DNI y pasaporte, en los n\u00facleos de Mont-roig del Camp y Miami Platja a trav\u00e9s del servicio VIDOC.\u00a0Las pr\u00f3ximas fechas son las siguientes: El martes, 23 de junio, estar\u00e1n en Miami Platja, detr\u00e1s del Polivalente. Cita previa en este enlace. El [&hellip;]<\/p>\n","protected":false},"author":13,"featured_media":0,"parent":21590,"menu_order":2,"comment_status":"closed","ping_status":"closed","template":"","meta":{"inline_featured_image":false,"_monsterinsights_skip_tracking":false,"_monsterinsights_sitenote_active":false,"_monsterinsights_sitenote_note":"","_monsterinsights_sitenote_category":0,"footnotes":""},"class_list":["post-82321","page","type-page","status-publish","hentry"],"yoast_head":"<!-- This site is optimized with the Yoast SEO plugin v27.4 - https:\/\/yoast.com\/product\/yoast-seo-wordpress\/ -->\n<title>Expedici\u00f3n DNI y pasaporte - Ajuntament de Mont-roig del Camp<\/title>\n<meta name=\"robots\" content=\"index, follow, max-snippet:-1, max-image-preview:large, max-video-preview:-1\" \/>\n<link rel=\"canonical\" href=\"https:\/\/mont-roig.cat\/es\/ayuntamiento\/atencion-ciudadana\/omac\/expedicion-dni-y-pasaporte\/\" \/>\n<meta property=\"og:locale\" content=\"es_ES\" \/>\n<meta property=\"og:type\" content=\"article\" \/>\n<meta property=\"og:title\" content=\"Expedici\u00f3n DNI y pasaporte - Ajuntament de Mont-roig del Camp\" \/>\n<meta property=\"og:description\" content=\"[vc_row][vc_column][vc_column_text css=&#8221;&#8221;]La Direcci\u00f3n General de la Polic\u00eda ofrece puntualmente, previa cita, la expedici\u00f3n de DNI y pasaporte, en los n\u00facleos de Mont-roig del Camp y Miami Platja a trav\u00e9s del servicio VIDOC.\u00a0Las pr\u00f3ximas fechas son las siguientes: El martes, 23 de junio, estar\u00e1n en Miami Platja, detr\u00e1s del Polivalente. Cita previa en este enlace. El [&hellip;]\" \/>\n<meta property=\"og:url\" content=\"https:\/\/mont-roig.cat\/es\/ayuntamiento\/atencion-ciudadana\/omac\/expedicion-dni-y-pasaporte\/\" \/>\n<meta property=\"og:site_name\" content=\"Ajuntament de Mont-roig del Camp\" \/>\n<meta property=\"article:modified_time\" content=\"2026-04-27T07:04:59+00:00\" \/>\n<meta property=\"og:image\" content=\"https:\/\/mont-roig.cat\/wp-content\/uploads\/aj-mont-roig-2.jpg\" \/>\n\t<meta property=\"og:image:width\" content=\"1200\" \/>\n\t<meta property=\"og:image:height\" content=\"600\" \/>\n\t<meta property=\"og:image:type\" content=\"image\/jpeg\" \/>\n<meta name=\"twitter:card\" content=\"summary_large_image\" \/>\n<meta name=\"twitter:label1\" content=\"Tiempo de lectura\" \/>\n\t<meta name=\"twitter:data1\" content=\"5 minutos\" \/>\n<script type=\"application\/ld+json\" class=\"yoast-schema-graph\">{\"@context\":\"https:\\\/\\\/schema.org\",\"@graph\":[{\"@type\":\"WebPage\",\"@id\":\"https:\\\/\\\/mont-roig.cat\\\/es\\\/ayuntamiento\\\/atencion-ciudadana\\\/omac\\\/expedicion-dni-y-pasaporte\\\/\",\"url\":\"https:\\\/\\\/mont-roig.cat\\\/es\\\/ayuntamiento\\\/atencion-ciudadana\\\/omac\\\/expedicion-dni-y-pasaporte\\\/\",\"name\":\"Expedici\u00f3n DNI y pasaporte - Ajuntament de Mont-roig del Camp\",\"isPartOf\":{\"@id\":\"https:\\\/\\\/mont-roig.cat\\\/es\\\/#website\"},\"datePublished\":\"2025-04-28T08:47:14+00:00\",\"dateModified\":\"2026-04-27T07:04:59+00:00\",\"breadcrumb\":{\"@id\":\"https:\\\/\\\/mont-roig.cat\\\/es\\\/ayuntamiento\\\/atencion-ciudadana\\\/omac\\\/expedicion-dni-y-pasaporte\\\/#breadcrumb\"},\"inLanguage\":\"es\",\"potentialAction\":[{\"@type\":\"ReadAction\",\"target\":[\"https:\\\/\\\/mont-roig.cat\\\/es\\\/ayuntamiento\\\/atencion-ciudadana\\\/omac\\\/expedicion-dni-y-pasaporte\\\/\"]}]},{\"@type\":\"BreadcrumbList\",\"@id\":\"https:\\\/\\\/mont-roig.cat\\\/es\\\/ayuntamiento\\\/atencion-ciudadana\\\/omac\\\/expedicion-dni-y-pasaporte\\\/#breadcrumb\",\"itemListElement\":[{\"@type\":\"ListItem\",\"position\":1,\"name\":\"Inici\",\"item\":\"https:\\\/\\\/mont-roig.cat\\\/es\\\/pagina-de-inicio\\\/\"},{\"@type\":\"ListItem\",\"position\":2,\"name\":\"Ayuntamiento\",\"item\":\"https:\\\/\\\/mont-roig.cat\\\/es\\\/ayuntamiento\\\/\"},{\"@type\":\"ListItem\",\"position\":3,\"name\":\"Atenci\u00f3n ciudadana\",\"item\":\"https:\\\/\\\/mont-roig.cat\\\/es\\\/ayuntamiento\\\/atencion-ciudadana\\\/\"},{\"@type\":\"ListItem\",\"position\":4,\"name\":\"OMAC\",\"item\":\"https:\\\/\\\/mont-roig.cat\\\/es\\\/ayuntamiento\\\/atencion-ciudadana\\\/omac\\\/\"},{\"@type\":\"ListItem\",\"position\":5,\"name\":\"Expedici\u00f3n DNI y pasaporte\"}]},{\"@type\":\"WebSite\",\"@id\":\"https:\\\/\\\/mont-roig.cat\\\/es\\\/#website\",\"url\":\"https:\\\/\\\/mont-roig.cat\\\/es\\\/\",\"name\":\"Ajuntament de Mont-roig del Camp\",\"description\":\"Tota la informaci\u00f3 sobre la instituci\u00f3, els seus \u00f2rgans de govern, actualitat, serveis i molt m\u00e9s.\",\"potentialAction\":[{\"@type\":\"SearchAction\",\"target\":{\"@type\":\"EntryPoint\",\"urlTemplate\":\"https:\\\/\\\/mont-roig.cat\\\/es\\\/?s={search_term_string}\"},\"query-input\":{\"@type\":\"PropertyValueSpecification\",\"valueRequired\":true,\"valueName\":\"search_term_string\"}}],\"inLanguage\":\"es\"}]}<\/script>\n<!-- \/ Yoast SEO plugin. -->","yoast_head_json":{"title":"Expedici\u00f3n DNI y pasaporte - Ajuntament de Mont-roig del Camp","robots":{"index":"index","follow":"follow","max-snippet":"max-snippet:-1","max-image-preview":"max-image-preview:large","max-video-preview":"max-video-preview:-1"},"canonical":"https:\/\/mont-roig.cat\/es\/ayuntamiento\/atencion-ciudadana\/omac\/expedicion-dni-y-pasaporte\/","og_locale":"es_ES","og_type":"article","og_title":"Expedici\u00f3n DNI y pasaporte - Ajuntament de Mont-roig del Camp","og_description":"[vc_row][vc_column][vc_column_text css=&#8221;&#8221;]La Direcci\u00f3n General de la Polic\u00eda ofrece puntualmente, previa cita, la expedici\u00f3n de DNI y pasaporte, en los n\u00facleos de Mont-roig del Camp y Miami Platja a trav\u00e9s del servicio VIDOC.\u00a0Las pr\u00f3ximas fechas son las siguientes: El martes, 23 de junio, estar\u00e1n en Miami Platja, detr\u00e1s del Polivalente. Cita previa en este enlace. El [&hellip;]","og_url":"https:\/\/mont-roig.cat\/es\/ayuntamiento\/atencion-ciudadana\/omac\/expedicion-dni-y-pasaporte\/","og_site_name":"Ajuntament de Mont-roig del Camp","article_modified_time":"2026-04-27T07:04:59+00:00","og_image":[{"width":1200,"height":600,"url":"https:\/\/mont-roig.cat\/wp-content\/uploads\/aj-mont-roig-2.jpg","type":"image\/jpeg"}],"twitter_card":"summary_large_image","twitter_misc":{"Tiempo de lectura":"5 minutos"},"schema":{"@context":"https:\/\/schema.org","@graph":[{"@type":"WebPage","@id":"https:\/\/mont-roig.cat\/es\/ayuntamiento\/atencion-ciudadana\/omac\/expedicion-dni-y-pasaporte\/","url":"https:\/\/mont-roig.cat\/es\/ayuntamiento\/atencion-ciudadana\/omac\/expedicion-dni-y-pasaporte\/","name":"Expedici\u00f3n DNI y pasaporte - Ajuntament de Mont-roig del Camp","isPartOf":{"@id":"https:\/\/mont-roig.cat\/es\/#website"},"datePublished":"2025-04-28T08:47:14+00:00","dateModified":"2026-04-27T07:04:59+00:00","breadcrumb":{"@id":"https:\/\/mont-roig.cat\/es\/ayuntamiento\/atencion-ciudadana\/omac\/expedicion-dni-y-pasaporte\/#breadcrumb"},"inLanguage":"es","potentialAction":[{"@type":"ReadAction","target":["https:\/\/mont-roig.cat\/es\/ayuntamiento\/atencion-ciudadana\/omac\/expedicion-dni-y-pasaporte\/"]}]},{"@type":"BreadcrumbList","@id":"https:\/\/mont-roig.cat\/es\/ayuntamiento\/atencion-ciudadana\/omac\/expedicion-dni-y-pasaporte\/#breadcrumb","itemListElement":[{"@type":"ListItem","position":1,"name":"Inici","item":"https:\/\/mont-roig.cat\/es\/pagina-de-inicio\/"},{"@type":"ListItem","position":2,"name":"Ayuntamiento","item":"https:\/\/mont-roig.cat\/es\/ayuntamiento\/"},{"@type":"ListItem","position":3,"name":"Atenci\u00f3n ciudadana","item":"https:\/\/mont-roig.cat\/es\/ayuntamiento\/atencion-ciudadana\/"},{"@type":"ListItem","position":4,"name":"OMAC","item":"https:\/\/mont-roig.cat\/es\/ayuntamiento\/atencion-ciudadana\/omac\/"},{"@type":"ListItem","position":5,"name":"Expedici\u00f3n DNI y pasaporte"}]},{"@type":"WebSite","@id":"https:\/\/mont-roig.cat\/es\/#website","url":"https:\/\/mont-roig.cat\/es\/","name":"Ajuntament de Mont-roig del Camp","description":"Tota la informaci\u00f3 sobre la instituci\u00f3, els seus \u00f2rgans de govern, actualitat, serveis i molt m\u00e9s.","potentialAction":[{"@type":"SearchAction","target":{"@type":"EntryPoint","urlTemplate":"https:\/\/mont-roig.cat\/es\/?s={search_term_string}"},"query-input":{"@type":"PropertyValueSpecification","valueRequired":true,"valueName":"search_term_string"}}],"inLanguage":"es"}]}},"_links":{"self":[{"href":"https:\/\/mont-roig.cat\/es\/wp-json\/wp\/v2\/pages\/82321","targetHints":{"allow":["GET"]}}],"collection":[{"href":"https:\/\/mont-roig.cat\/es\/wp-json\/wp\/v2\/pages"}],"about":[{"href":"https:\/\/mont-roig.cat\/es\/wp-json\/wp\/v2\/types\/page"}],"author":[{"embeddable":true,"href":"https:\/\/mont-roig.cat\/es\/wp-json\/wp\/v2\/users\/13"}],"replies":[{"embeddable":true,"href":"https:\/\/mont-roig.cat\/es\/wp-json\/wp\/v2\/comments?post=82321"}],"version-history":[{"count":14,"href":"https:\/\/mont-roig.cat\/es\/wp-json\/wp\/v2\/pages\/82321\/revisions"}],"predecessor-version":[{"id":91353,"href":"https:\/\/mont-roig.cat\/es\/wp-json\/wp\/v2\/pages\/82321\/revisions\/91353"}],"up":[{"embeddable":true,"href":"https:\/\/mont-roig.cat\/es\/wp-json\/wp\/v2\/pages\/21590"}],"wp:attachment":[{"href":"https:\/\/mont-roig.cat\/es\/wp-json\/wp\/v2\/media?parent=82321"}],"curies":[{"name":"wp","href":"https:\/\/api.w.org\/{rel}","templated":true}]}}