{"id":83165,"date":"2025-05-20T11:22:14","date_gmt":"2025-05-20T09:22:14","guid":{"rendered":"https:\/\/mont-roig.cat\/?page_id=83165"},"modified":"2026-03-03T13:53:43","modified_gmt":"2026-03-03T12:53:43","slug":"ecoespai-alojamiento-empresarial","status":"publish","type":"page","link":"https:\/\/mont-roig.cat\/es\/ayuntamiento\/areas\/impulso-economico-y-ocupacion\/ecoespai-alojamiento-empresarial\/","title":{"rendered":"Ecoespai &#8211; Alojamiento empresarial"},"content":{"rendered":"<div class=\"wpb-content-wrapper\">[vc_row][vc_column][vc_column_text css=&#8221;&#8221;]<strong>\u00bfNecesitas un espacio para trabajar?<\/strong><\/p>\n<p>En el Ayuntamiento de Mont-roig del Camp ponemos a tu disposici\u00f3n <strong>dos espacios<\/strong> pensados \u200b\u200bpara profesionales, emprendedores y empresas que buscan un sitio c\u00f3modo, equipado e inspirador para desarrollar sus proyectos.<\/p>\n<p><strong><u>ECOESPAI &#8211; Alojamiento empresarial<\/u><\/strong><\/p>\n<p>Este espacio multifuncional est\u00e1 pensado para dar respuesta a distintas necesidades. Incluye una zona de trabajo para diversas concejal\u00edas del Ayuntamiento, espacios para el alojamiento empresarial, un aula de formaci\u00f3n y una sala de conferencias polivalente.<\/p>\n<p>El Ecoespai es un equipamiento p\u00fablico dise\u00f1ado para convertirse en un referente para empresarios, aut\u00f3nomos y emprendedores del municipio, ofreciendo espacios y servicios de calidad que favorezcan el crecimiento y consolidaci\u00f3n de sus actividades econ\u00f3micas.<\/p>\n<p>Sus servicios incluyen:<\/p>\n<ul>\n<li>Alojamiento empresarial en <strong>despachos individuales<\/strong>.<\/li>\n<li>Alojamiento empresarial en formato <strong>coworking<\/strong>.<\/li>\n<li>Uso de salas de reuniones, aula de formaci\u00f3n y sala de conferencias.<\/li>\n<\/ul>\n<p>Las instalaciones ofrecen cocina-office, zona de descanso, limpieza de los espacios comunes, climatizaci\u00f3n y aire acondicionado, conexi\u00f3n a Internet, espacio de venta autom\u00e1tico, entre otros.<\/p>\n<ul>\n<li>Solicita el uso del ECOESPAI <a href=\"https:\/\/mont-roig.eadministracio.cat\/citizen-service\/62e10561-9029-494d-a976-736d439449db\" target=\"_blank\" rel=\"noopener\">(en este enlace)<\/a><\/li>\n<li>Folleto informativo alojamiento empresas en el Ecoespai <a href=\"https:\/\/mont-roig.cat\/wp-content\/uploads\/MMC_ECOESPAI25_interactiu-1.pdf\" target=\"_blank\" rel=\"noopener\">(descargaf PDF)<\/a><\/li>\n<\/ul>\n<p>ECOESPAI<br \/>\nPlaza de Gerona, s\/n<br \/>\n43892 Miami Playa<br \/>\nTel 977 17 25 27 \u2013 promocio@mont-roig.cat<br \/>\nHorario de atenci\u00f3n: De lunes a viernes, de 9 a 14 h[\/vc_column_text][\/vc_column][\/vc_row][vc_row][vc_column][vc_column_text css=&#8221;&#8221;]<a href=\"https:\/\/mont-roig.cat\/wp-content\/uploads\/ECOESPAI.png\"><img loading=\"lazy\" decoding=\"async\" class=\"alignleft wp-image-85149\" src=\"https:\/\/mont-roig.cat\/wp-content\/uploads\/ECOESPAI-500x267.png\" alt=\"\" width=\"249\" height=\"133\" \/><\/a>[\/vc_column_text][\/vc_column][\/vc_row][vc_row][vc_column][vc_column_text css=&#8221;&#8221;]\n\n\t\t<style type=\"text\/css\">\n\t\t\t#gallery-1 {\n\t\t\t\tmargin: auto;\n\t\t\t}\n\t\t\t#gallery-1 .gallery-item {\n\t\t\t\tfloat: left;\n\t\t\t\tmargin-top: 10px;\n\t\t\t\ttext-align: center;\n\t\t\t\twidth: 33%;\n\t\t\t}\n\t\t\t#gallery-1 img {\n\t\t\t\tborder: 2px solid #cfcfcf;\n\t\t\t}\n\t\t\t#gallery-1 .gallery-caption {\n\t\t\t\tmargin-left: 0;\n\t\t\t}\n\t\t\t\/* see gallery_shortcode() in wp-includes\/media.php *\/\n\t\t<\/style>\n\t\t<div id='gallery-1' class='gallery galleryid-83165 gallery-columns-3 gallery-size-thumbnail'><dl class='gallery-item'>\n\t\t\t<dt class='gallery-icon landscape'>\n\t\t\t\t<a href='https:\/\/mont-roig.cat\/es\/ayuntamiento\/areas\/impulso-economico-y-ocupacion\/ecoespai-alojamiento-empresarial\/foto-ecoespai6-2\/'><img loading=\"lazy\" decoding=\"async\" width=\"50\" height=\"50\" src=\"https:\/\/mont-roig.cat\/wp-content\/uploads\/Foto-ecoespai6-50x50.jpg\" class=\"attachment-thumbnail size-thumbnail\" alt=\"\" srcset=\"https:\/\/mont-roig.cat\/wp-content\/uploads\/Foto-ecoespai6-50x50.jpg 50w, https:\/\/mont-roig.cat\/wp-content\/uploads\/Foto-ecoespai6-560x560.jpg 560w, https:\/\/mont-roig.cat\/wp-content\/uploads\/Foto-ecoespai6-367x367.jpg 367w, https:\/\/mont-roig.cat\/wp-content\/uploads\/Foto-ecoespai6-450x450.jpg 450w, https:\/\/mont-roig.cat\/wp-content\/uploads\/Foto-ecoespai6-85x85.jpg 85w, https:\/\/mont-roig.cat\/wp-content\/uploads\/Foto-ecoespai6-45x45.jpg 45w\" sizes=\"auto, (max-width: 50px) 100vw, 50px\" \/><\/a>\n\t\t\t<\/dt><\/dl><dl class='gallery-item'>\n\t\t\t<dt class='gallery-icon landscape'>\n\t\t\t\t<a href='https:\/\/mont-roig.cat\/es\/ayuntamiento\/areas\/impulso-economico-y-ocupacion\/ecoespai-alojamiento-empresarial\/foto-ecoespai2-2\/'><img loading=\"lazy\" decoding=\"async\" width=\"50\" height=\"50\" src=\"https:\/\/mont-roig.cat\/wp-content\/uploads\/Foto-ecoespai2-50x50.jpg\" class=\"attachment-thumbnail size-thumbnail\" alt=\"\" srcset=\"https:\/\/mont-roig.cat\/wp-content\/uploads\/Foto-ecoespai2-50x50.jpg 50w, https:\/\/mont-roig.cat\/wp-content\/uploads\/Foto-ecoespai2-560x560.jpg 560w, https:\/\/mont-roig.cat\/wp-content\/uploads\/Foto-ecoespai2-367x367.jpg 367w, https:\/\/mont-roig.cat\/wp-content\/uploads\/Foto-ecoespai2-450x450.jpg 450w, https:\/\/mont-roig.cat\/wp-content\/uploads\/Foto-ecoespai2-85x85.jpg 85w, https:\/\/mont-roig.cat\/wp-content\/uploads\/Foto-ecoespai2-45x45.jpg 45w\" sizes=\"auto, (max-width: 50px) 100vw, 50px\" \/><\/a>\n\t\t\t<\/dt><\/dl><dl class='gallery-item'>\n\t\t\t<dt class='gallery-icon landscape'>\n\t\t\t\t<a href='https:\/\/mont-roig.cat\/es\/ayuntamiento\/areas\/impulso-economico-y-ocupacion\/ecoespai-alojamiento-empresarial\/foto-ecoespai4-2\/'><img loading=\"lazy\" decoding=\"async\" width=\"50\" height=\"50\" src=\"https:\/\/mont-roig.cat\/wp-content\/uploads\/Foto-ecoespai4-50x50.jpg\" class=\"attachment-thumbnail size-thumbnail\" alt=\"\" srcset=\"https:\/\/mont-roig.cat\/wp-content\/uploads\/Foto-ecoespai4-50x50.jpg 50w, https:\/\/mont-roig.cat\/wp-content\/uploads\/Foto-ecoespai4-560x560.jpg 560w, https:\/\/mont-roig.cat\/wp-content\/uploads\/Foto-ecoespai4-367x367.jpg 367w, https:\/\/mont-roig.cat\/wp-content\/uploads\/Foto-ecoespai4-450x450.jpg 450w, https:\/\/mont-roig.cat\/wp-content\/uploads\/Foto-ecoespai4-85x85.jpg 85w, https:\/\/mont-roig.cat\/wp-content\/uploads\/Foto-ecoespai4-45x45.jpg 45w\" sizes=\"auto, (max-width: 50px) 100vw, 50px\" \/><\/a>\n\t\t\t<\/dt><\/dl><br style=\"clear: both\" \/><dl class='gallery-item'>\n\t\t\t<dt class='gallery-icon landscape'>\n\t\t\t\t<a href='https:\/\/mont-roig.cat\/es\/ayuntamiento\/areas\/impulso-economico-y-ocupacion\/ecoespai-alojamiento-empresarial\/foto-ecoespai3-2\/'><img loading=\"lazy\" decoding=\"async\" width=\"50\" height=\"50\" src=\"https:\/\/mont-roig.cat\/wp-content\/uploads\/Foto-ecoespai3-50x50.jpg\" class=\"attachment-thumbnail size-thumbnail\" alt=\"\" srcset=\"https:\/\/mont-roig.cat\/wp-content\/uploads\/Foto-ecoespai3-50x50.jpg 50w, https:\/\/mont-roig.cat\/wp-content\/uploads\/Foto-ecoespai3-560x560.jpg 560w, https:\/\/mont-roig.cat\/wp-content\/uploads\/Foto-ecoespai3-367x367.jpg 367w, https:\/\/mont-roig.cat\/wp-content\/uploads\/Foto-ecoespai3-450x450.jpg 450w, https:\/\/mont-roig.cat\/wp-content\/uploads\/Foto-ecoespai3-85x85.jpg 85w, https:\/\/mont-roig.cat\/wp-content\/uploads\/Foto-ecoespai3-45x45.jpg 45w\" sizes=\"auto, (max-width: 50px) 100vw, 50px\" \/><\/a>\n\t\t\t<\/dt><\/dl><dl class='gallery-item'>\n\t\t\t<dt class='gallery-icon landscape'>\n\t\t\t\t<a href='https:\/\/mont-roig.cat\/es\/ayuntamiento\/areas\/impulso-economico-y-ocupacion\/ecoespai-alojamiento-empresarial\/foto-ecoespai1-2\/'><img loading=\"lazy\" decoding=\"async\" width=\"50\" height=\"50\" src=\"https:\/\/mont-roig.cat\/wp-content\/uploads\/Foto-ecoespai1-50x50.jpg\" class=\"attachment-thumbnail size-thumbnail\" alt=\"\" srcset=\"https:\/\/mont-roig.cat\/wp-content\/uploads\/Foto-ecoespai1-50x50.jpg 50w, https:\/\/mont-roig.cat\/wp-content\/uploads\/Foto-ecoespai1-560x560.jpg 560w, https:\/\/mont-roig.cat\/wp-content\/uploads\/Foto-ecoespai1-367x367.jpg 367w, https:\/\/mont-roig.cat\/wp-content\/uploads\/Foto-ecoespai1-450x450.jpg 450w, https:\/\/mont-roig.cat\/wp-content\/uploads\/Foto-ecoespai1-85x85.jpg 85w, https:\/\/mont-roig.cat\/wp-content\/uploads\/Foto-ecoespai1-45x45.jpg 45w\" sizes=\"auto, (max-width: 50px) 100vw, 50px\" \/><\/a>\n\t\t\t<\/dt><\/dl><dl class='gallery-item'>\n\t\t\t<dt class='gallery-icon landscape'>\n\t\t\t\t<a href='https:\/\/mont-roig.cat\/es\/ayuntamiento\/areas\/impulso-economico-y-ocupacion\/ecoespai-alojamiento-empresarial\/foto-ecoespai5-2\/'><img loading=\"lazy\" decoding=\"async\" width=\"50\" height=\"50\" src=\"https:\/\/mont-roig.cat\/wp-content\/uploads\/Foto-ecoespai5-50x50.jpg\" class=\"attachment-thumbnail size-thumbnail\" alt=\"\" srcset=\"https:\/\/mont-roig.cat\/wp-content\/uploads\/Foto-ecoespai5-50x50.jpg 50w, https:\/\/mont-roig.cat\/wp-content\/uploads\/Foto-ecoespai5-560x560.jpg 560w, https:\/\/mont-roig.cat\/wp-content\/uploads\/Foto-ecoespai5-367x367.jpg 367w, https:\/\/mont-roig.cat\/wp-content\/uploads\/Foto-ecoespai5-450x450.jpg 450w, https:\/\/mont-roig.cat\/wp-content\/uploads\/Foto-ecoespai5-85x85.jpg 85w, https:\/\/mont-roig.cat\/wp-content\/uploads\/Foto-ecoespai5-45x45.jpg 45w\" sizes=\"auto, (max-width: 50px) 100vw, 50px\" \/><\/a>\n\t\t\t<\/dt><\/dl><br style=\"clear: both\" \/>\n\t\t<\/div>\n\n[\/vc_column_text][\/vc_column][\/vc_row]\n<\/div>","protected":false},"excerpt":{"rendered":"<p>[vc_row][vc_column][vc_column_text css=&#8221;&#8221;]\u00bfNecesitas un espacio para trabajar? En el Ayuntamiento de Mont-roig del Camp ponemos a tu disposici\u00f3n dos espacios pensados \u200b\u200bpara profesionales, emprendedores y empresas que buscan un sitio c\u00f3modo, equipado e inspirador para desarrollar sus proyectos. ECOESPAI &#8211; Alojamiento empresarial Este espacio multifuncional est\u00e1 pensado para dar respuesta a distintas necesidades. Incluye una zona [&hellip;]<\/p>\n","protected":false},"author":13,"featured_media":0,"parent":4320,"menu_order":0,"comment_status":"closed","ping_status":"closed","template":"","meta":{"inline_featured_image":false,"_monsterinsights_skip_tracking":false,"_monsterinsights_sitenote_active":false,"_monsterinsights_sitenote_note":"","_monsterinsights_sitenote_category":0,"footnotes":""},"class_list":["post-83165","page","type-page","status-publish","hentry"],"yoast_head":"<!-- This site is optimized with the Yoast SEO plugin v27.4 - https:\/\/yoast.com\/product\/yoast-seo-wordpress\/ -->\n<title>Ecoespai - Alojamiento empresarial - Ajuntament de Mont-roig del Camp<\/title>\n<meta name=\"robots\" content=\"index, follow, max-snippet:-1, max-image-preview:large, max-video-preview:-1\" \/>\n<link rel=\"canonical\" href=\"https:\/\/mont-roig.cat\/es\/ayuntamiento\/areas\/impulso-economico-y-ocupacion\/ecoespai-alojamiento-empresarial\/\" \/>\n<meta property=\"og:locale\" content=\"es_ES\" \/>\n<meta property=\"og:type\" content=\"article\" \/>\n<meta property=\"og:title\" content=\"Ecoespai - Alojamiento empresarial - Ajuntament de Mont-roig del Camp\" \/>\n<meta property=\"og:description\" content=\"[vc_row][vc_column][vc_column_text css=&#8221;&#8221;]\u00bfNecesitas un espacio para trabajar? En el Ayuntamiento de Mont-roig del Camp ponemos a tu disposici\u00f3n dos espacios pensados \u200b\u200bpara profesionales, emprendedores y empresas que buscan un sitio c\u00f3modo, equipado e inspirador para desarrollar sus proyectos. ECOESPAI &#8211; Alojamiento empresarial Este espacio multifuncional est\u00e1 pensado para dar respuesta a distintas necesidades. Incluye una zona [&hellip;]\" \/>\n<meta property=\"og:url\" content=\"https:\/\/mont-roig.cat\/es\/ayuntamiento\/areas\/impulso-economico-y-ocupacion\/ecoespai-alojamiento-empresarial\/\" \/>\n<meta property=\"og:site_name\" content=\"Ajuntament de Mont-roig del Camp\" \/>\n<meta property=\"article:modified_time\" content=\"2026-03-03T12:53:43+00:00\" \/>\n<meta property=\"og:image\" content=\"https:\/\/mont-roig.cat\/wp-content\/uploads\/aj-mont-roig-2.jpg\" \/>\n\t<meta property=\"og:image:width\" content=\"1200\" \/>\n\t<meta property=\"og:image:height\" content=\"600\" \/>\n\t<meta property=\"og:image:type\" content=\"image\/jpeg\" \/>\n<meta name=\"twitter:card\" content=\"summary_large_image\" \/>\n<meta name=\"twitter:label1\" content=\"Tiempo de lectura\" \/>\n\t<meta name=\"twitter:data1\" content=\"2 minutos\" \/>\n<script type=\"application\/ld+json\" class=\"yoast-schema-graph\">{\"@context\":\"https:\\\/\\\/schema.org\",\"@graph\":[{\"@type\":\"WebPage\",\"@id\":\"https:\\\/\\\/mont-roig.cat\\\/es\\\/ayuntamiento\\\/areas\\\/impulso-economico-y-ocupacion\\\/ecoespai-alojamiento-empresarial\\\/\",\"url\":\"https:\\\/\\\/mont-roig.cat\\\/es\\\/ayuntamiento\\\/areas\\\/impulso-economico-y-ocupacion\\\/ecoespai-alojamiento-empresarial\\\/\",\"name\":\"Ecoespai - Alojamiento empresarial - Ajuntament de Mont-roig del Camp\",\"isPartOf\":{\"@id\":\"https:\\\/\\\/mont-roig.cat\\\/es\\\/#website\"},\"primaryImageOfPage\":{\"@id\":\"https:\\\/\\\/mont-roig.cat\\\/es\\\/ayuntamiento\\\/areas\\\/impulso-economico-y-ocupacion\\\/ecoespai-alojamiento-empresarial\\\/#primaryimage\"},\"image\":{\"@id\":\"https:\\\/\\\/mont-roig.cat\\\/es\\\/ayuntamiento\\\/areas\\\/impulso-economico-y-ocupacion\\\/ecoespai-alojamiento-empresarial\\\/#primaryimage\"},\"thumbnailUrl\":\"https:\\\/\\\/mont-roig.cat\\\/wp-content\\\/uploads\\\/ECOESPAI-500x267.png\",\"datePublished\":\"2025-05-20T09:22:14+00:00\",\"dateModified\":\"2026-03-03T12:53:43+00:00\",\"breadcrumb\":{\"@id\":\"https:\\\/\\\/mont-roig.cat\\\/es\\\/ayuntamiento\\\/areas\\\/impulso-economico-y-ocupacion\\\/ecoespai-alojamiento-empresarial\\\/#breadcrumb\"},\"inLanguage\":\"es\",\"potentialAction\":[{\"@type\":\"ReadAction\",\"target\":[\"https:\\\/\\\/mont-roig.cat\\\/es\\\/ayuntamiento\\\/areas\\\/impulso-economico-y-ocupacion\\\/ecoespai-alojamiento-empresarial\\\/\"]}]},{\"@type\":\"ImageObject\",\"inLanguage\":\"es\",\"@id\":\"https:\\\/\\\/mont-roig.cat\\\/es\\\/ayuntamiento\\\/areas\\\/impulso-economico-y-ocupacion\\\/ecoespai-alojamiento-empresarial\\\/#primaryimage\",\"url\":\"https:\\\/\\\/mont-roig.cat\\\/wp-content\\\/uploads\\\/ECOESPAI-500x267.png\",\"contentUrl\":\"https:\\\/\\\/mont-roig.cat\\\/wp-content\\\/uploads\\\/ECOESPAI-500x267.png\"},{\"@type\":\"BreadcrumbList\",\"@id\":\"https:\\\/\\\/mont-roig.cat\\\/es\\\/ayuntamiento\\\/areas\\\/impulso-economico-y-ocupacion\\\/ecoespai-alojamiento-empresarial\\\/#breadcrumb\",\"itemListElement\":[{\"@type\":\"ListItem\",\"position\":1,\"name\":\"Inici\",\"item\":\"https:\\\/\\\/mont-roig.cat\\\/es\\\/pagina-de-inicio\\\/\"},{\"@type\":\"ListItem\",\"position\":2,\"name\":\"Ayuntamiento\",\"item\":\"https:\\\/\\\/mont-roig.cat\\\/es\\\/ayuntamiento\\\/\"},{\"@type\":\"ListItem\",\"position\":3,\"name\":\"\u00c1reas\",\"item\":\"https:\\\/\\\/mont-roig.cat\\\/es\\\/ayuntamiento\\\/areas\\\/\"},{\"@type\":\"ListItem\",\"position\":4,\"name\":\"Impulso Econ\u00f3mico y Ocupaci\u00f3n\",\"item\":\"https:\\\/\\\/mont-roig.cat\\\/es\\\/ayuntamiento\\\/areas\\\/impulso-economico-y-ocupacion\\\/\"},{\"@type\":\"ListItem\",\"position\":5,\"name\":\"Ecoespai &#8211; Alojamiento empresarial\"}]},{\"@type\":\"WebSite\",\"@id\":\"https:\\\/\\\/mont-roig.cat\\\/es\\\/#website\",\"url\":\"https:\\\/\\\/mont-roig.cat\\\/es\\\/\",\"name\":\"Ajuntament de Mont-roig del Camp\",\"description\":\"Tota la informaci\u00f3 sobre la instituci\u00f3, els seus \u00f2rgans de govern, actualitat, serveis i molt m\u00e9s.\",\"potentialAction\":[{\"@type\":\"SearchAction\",\"target\":{\"@type\":\"EntryPoint\",\"urlTemplate\":\"https:\\\/\\\/mont-roig.cat\\\/es\\\/?s={search_term_string}\"},\"query-input\":{\"@type\":\"PropertyValueSpecification\",\"valueRequired\":true,\"valueName\":\"search_term_string\"}}],\"inLanguage\":\"es\"}]}<\/script>\n<!-- \/ Yoast SEO plugin. -->","yoast_head_json":{"title":"Ecoespai - Alojamiento empresarial - Ajuntament de Mont-roig del Camp","robots":{"index":"index","follow":"follow","max-snippet":"max-snippet:-1","max-image-preview":"max-image-preview:large","max-video-preview":"max-video-preview:-1"},"canonical":"https:\/\/mont-roig.cat\/es\/ayuntamiento\/areas\/impulso-economico-y-ocupacion\/ecoespai-alojamiento-empresarial\/","og_locale":"es_ES","og_type":"article","og_title":"Ecoespai - Alojamiento empresarial - Ajuntament de Mont-roig del Camp","og_description":"[vc_row][vc_column][vc_column_text css=&#8221;&#8221;]\u00bfNecesitas un espacio para trabajar? En el Ayuntamiento de Mont-roig del Camp ponemos a tu disposici\u00f3n dos espacios pensados \u200b\u200bpara profesionales, emprendedores y empresas que buscan un sitio c\u00f3modo, equipado e inspirador para desarrollar sus proyectos. ECOESPAI &#8211; Alojamiento empresarial Este espacio multifuncional est\u00e1 pensado para dar respuesta a distintas necesidades. Incluye una zona [&hellip;]","og_url":"https:\/\/mont-roig.cat\/es\/ayuntamiento\/areas\/impulso-economico-y-ocupacion\/ecoespai-alojamiento-empresarial\/","og_site_name":"Ajuntament de Mont-roig del Camp","article_modified_time":"2026-03-03T12:53:43+00:00","og_image":[{"width":1200,"height":600,"url":"https:\/\/mont-roig.cat\/wp-content\/uploads\/aj-mont-roig-2.jpg","type":"image\/jpeg"}],"twitter_card":"summary_large_image","twitter_misc":{"Tiempo de lectura":"2 minutos"},"schema":{"@context":"https:\/\/schema.org","@graph":[{"@type":"WebPage","@id":"https:\/\/mont-roig.cat\/es\/ayuntamiento\/areas\/impulso-economico-y-ocupacion\/ecoespai-alojamiento-empresarial\/","url":"https:\/\/mont-roig.cat\/es\/ayuntamiento\/areas\/impulso-economico-y-ocupacion\/ecoespai-alojamiento-empresarial\/","name":"Ecoespai - Alojamiento empresarial - Ajuntament de Mont-roig del Camp","isPartOf":{"@id":"https:\/\/mont-roig.cat\/es\/#website"},"primaryImageOfPage":{"@id":"https:\/\/mont-roig.cat\/es\/ayuntamiento\/areas\/impulso-economico-y-ocupacion\/ecoespai-alojamiento-empresarial\/#primaryimage"},"image":{"@id":"https:\/\/mont-roig.cat\/es\/ayuntamiento\/areas\/impulso-economico-y-ocupacion\/ecoespai-alojamiento-empresarial\/#primaryimage"},"thumbnailUrl":"https:\/\/mont-roig.cat\/wp-content\/uploads\/ECOESPAI-500x267.png","datePublished":"2025-05-20T09:22:14+00:00","dateModified":"2026-03-03T12:53:43+00:00","breadcrumb":{"@id":"https:\/\/mont-roig.cat\/es\/ayuntamiento\/areas\/impulso-economico-y-ocupacion\/ecoespai-alojamiento-empresarial\/#breadcrumb"},"inLanguage":"es","potentialAction":[{"@type":"ReadAction","target":["https:\/\/mont-roig.cat\/es\/ayuntamiento\/areas\/impulso-economico-y-ocupacion\/ecoespai-alojamiento-empresarial\/"]}]},{"@type":"ImageObject","inLanguage":"es","@id":"https:\/\/mont-roig.cat\/es\/ayuntamiento\/areas\/impulso-economico-y-ocupacion\/ecoespai-alojamiento-empresarial\/#primaryimage","url":"https:\/\/mont-roig.cat\/wp-content\/uploads\/ECOESPAI-500x267.png","contentUrl":"https:\/\/mont-roig.cat\/wp-content\/uploads\/ECOESPAI-500x267.png"},{"@type":"BreadcrumbList","@id":"https:\/\/mont-roig.cat\/es\/ayuntamiento\/areas\/impulso-economico-y-ocupacion\/ecoespai-alojamiento-empresarial\/#breadcrumb","itemListElement":[{"@type":"ListItem","position":1,"name":"Inici","item":"https:\/\/mont-roig.cat\/es\/pagina-de-inicio\/"},{"@type":"ListItem","position":2,"name":"Ayuntamiento","item":"https:\/\/mont-roig.cat\/es\/ayuntamiento\/"},{"@type":"ListItem","position":3,"name":"\u00c1reas","item":"https:\/\/mont-roig.cat\/es\/ayuntamiento\/areas\/"},{"@type":"ListItem","position":4,"name":"Impulso Econ\u00f3mico y Ocupaci\u00f3n","item":"https:\/\/mont-roig.cat\/es\/ayuntamiento\/areas\/impulso-economico-y-ocupacion\/"},{"@type":"ListItem","position":5,"name":"Ecoespai &#8211; Alojamiento empresarial"}]},{"@type":"WebSite","@id":"https:\/\/mont-roig.cat\/es\/#website","url":"https:\/\/mont-roig.cat\/es\/","name":"Ajuntament de Mont-roig del Camp","description":"Tota la informaci\u00f3 sobre la instituci\u00f3, els seus \u00f2rgans de govern, actualitat, serveis i molt m\u00e9s.","potentialAction":[{"@type":"SearchAction","target":{"@type":"EntryPoint","urlTemplate":"https:\/\/mont-roig.cat\/es\/?s={search_term_string}"},"query-input":{"@type":"PropertyValueSpecification","valueRequired":true,"valueName":"search_term_string"}}],"inLanguage":"es"}]}},"_links":{"self":[{"href":"https:\/\/mont-roig.cat\/es\/wp-json\/wp\/v2\/pages\/83165","targetHints":{"allow":["GET"]}}],"collection":[{"href":"https:\/\/mont-roig.cat\/es\/wp-json\/wp\/v2\/pages"}],"about":[{"href":"https:\/\/mont-roig.cat\/es\/wp-json\/wp\/v2\/types\/page"}],"author":[{"embeddable":true,"href":"https:\/\/mont-roig.cat\/es\/wp-json\/wp\/v2\/users\/13"}],"replies":[{"embeddable":true,"href":"https:\/\/mont-roig.cat\/es\/wp-json\/wp\/v2\/comments?post=83165"}],"version-history":[{"count":19,"href":"https:\/\/mont-roig.cat\/es\/wp-json\/wp\/v2\/pages\/83165\/revisions"}],"predecessor-version":[{"id":89783,"href":"https:\/\/mont-roig.cat\/es\/wp-json\/wp\/v2\/pages\/83165\/revisions\/89783"}],"up":[{"embeddable":true,"href":"https:\/\/mont-roig.cat\/es\/wp-json\/wp\/v2\/pages\/4320"}],"wp:attachment":[{"href":"https:\/\/mont-roig.cat\/es\/wp-json\/wp\/v2\/media?parent=83165"}],"curies":[{"name":"wp","href":"https:\/\/api.w.org\/{rel}","templated":true}]}}