{"id":88231,"date":"2026-01-22T11:51:28","date_gmt":"2026-01-22T10:51:28","guid":{"rendered":"https:\/\/mont-roig.cat\/?page_id=88231"},"modified":"2026-01-22T11:51:28","modified_gmt":"2026-01-22T10:51:28","slug":"integridad-institucional","status":"publish","type":"page","link":"https:\/\/mont-roig.cat\/es\/govern-obert\/transparencia\/integridad-institucional\/","title":{"rendered":"Integridad Institucional"},"content":{"rendered":"<p>En aplicaci\u00f3n de la Ley de Transparencia de las administraciones p\u00fablicas, pod\u00e9is consultar\u00a0el <strong>Plan de Integridad del Ayuntamiento<\/strong> que recoge los principios \u00e9ticos y de buen gobierno que deben regir las actuaciones de los altos cargos, representantes pol\u00edticos y personal directivo de la instituci\u00f3n. Encontrar\u00e9is el texto \u00edntegro y sus documentos anexos a continuaci\u00f3n:<\/p>\n<ul>\n<li style=\"list-style-type: none;\">\n<ul>\n<li><a href=\"https:\/\/mont-roig.cat\/wp-content\/uploads\/Pla-dintegritat-amb-portada.pdf\" target=\"_blank\" rel=\"noopener\" data-wpel-link=\"internal\">Plan de Integridad<\/a><\/li>\n<li><a href=\"https:\/\/mont-roig.cat\/wp-content\/uploads\/Annex-1.-Declaracio-Institucional-contra-el-frau.pdf\" target=\"_blank\" rel=\"noopener\" data-wpel-link=\"internal\">Anexo 1. Declaraci\u00f3n institucional contra el fraude<\/a><\/li>\n<li><a href=\"https:\/\/mont-roig.cat\/wp-content\/uploads\/Annex-2.-CODI-ETIC-MONT-ROIG.pdf\" target=\"_blank\" rel=\"noopener\" data-wpel-link=\"internal\">Anexo 2. C\u00f3digo \u00e9tico<\/a><\/li>\n<li><a href=\"https:\/\/mont-roig.cat\/wp-content\/uploads\/Annex-3.-Declaracio-absencia-conflictes-interes.pdf\" target=\"_blank\" rel=\"noopener\" data-wpel-link=\"internal\">Anexo 3. Declaraci\u00f3n de ausencia de conflictos de inter\u00e9s<\/a><\/li>\n<\/ul>\n<\/li>\n<\/ul>\n<p><a href=\"https:\/\/mont-roig.eadministracio.cat\/complaints-channel.0\" target=\"_blank\" rel=\"noopener\"><img loading=\"lazy\" decoding=\"async\" class=\"alignleft wp-image-72498\" src=\"https:\/\/mont-roig.cat\/wp-content\/uploads\/MM_bustia-etica-500x129.png\" alt=\"\" width=\"299\" height=\"77\" srcset=\"https:\/\/mont-roig.cat\/wp-content\/uploads\/MM_bustia-etica-500x129.png 500w, https:\/\/mont-roig.cat\/wp-content\/uploads\/MM_bustia-etica.png 688w\" sizes=\"auto, (max-width: 299px) 100vw, 299px\" \/><\/a><\/p>\n","protected":false},"excerpt":{"rendered":"<p>En aplicaci\u00f3n de la Ley de Transparencia de las administraciones p\u00fablicas, pod\u00e9is consultar\u00a0el Plan de Integridad del Ayuntamiento que recoge los principios \u00e9ticos y de buen gobierno que deben regir las actuaciones de los altos cargos, representantes pol\u00edticos y personal directivo de la instituci\u00f3n. Encontrar\u00e9is el texto \u00edntegro y sus documentos anexos a continuaci\u00f3n: Plan [&hellip;]<\/p>\n","protected":false},"author":13,"featured_media":0,"parent":4265,"menu_order":10,"comment_status":"closed","ping_status":"closed","template":"","meta":{"inline_featured_image":false,"_monsterinsights_skip_tracking":false,"_monsterinsights_sitenote_active":false,"_monsterinsights_sitenote_note":"","_monsterinsights_sitenote_category":0,"footnotes":""},"class_list":["post-88231","page","type-page","status-publish","hentry"],"yoast_head":"<!-- This site is optimized with the Yoast SEO plugin v27.4 - https:\/\/yoast.com\/product\/yoast-seo-wordpress\/ -->\n<title>Integridad Institucional - Ajuntament de Mont-roig del Camp<\/title>\n<meta name=\"robots\" content=\"index, follow, max-snippet:-1, max-image-preview:large, max-video-preview:-1\" \/>\n<link rel=\"canonical\" href=\"https:\/\/mont-roig.cat\/es\/govern-obert\/transparencia\/integridad-institucional\/\" \/>\n<meta property=\"og:locale\" content=\"es_ES\" \/>\n<meta property=\"og:type\" content=\"article\" \/>\n<meta property=\"og:title\" content=\"Integridad Institucional - Ajuntament de Mont-roig del Camp\" \/>\n<meta property=\"og:description\" content=\"En aplicaci\u00f3n de la Ley de Transparencia de las administraciones p\u00fablicas, pod\u00e9is consultar\u00a0el Plan de Integridad del Ayuntamiento que recoge los principios \u00e9ticos y de buen gobierno que deben regir las actuaciones de los altos cargos, representantes pol\u00edticos y personal directivo de la instituci\u00f3n. Encontrar\u00e9is el texto \u00edntegro y sus documentos anexos a continuaci\u00f3n: Plan [&hellip;]\" \/>\n<meta property=\"og:url\" content=\"https:\/\/mont-roig.cat\/es\/govern-obert\/transparencia\/integridad-institucional\/\" \/>\n<meta property=\"og:site_name\" content=\"Ajuntament de Mont-roig del Camp\" \/>\n<meta property=\"og:image\" content=\"https:\/\/mont-roig.cat\/wp-content\/uploads\/MM_bustia-etica.png\" \/>\n\t<meta property=\"og:image:width\" content=\"688\" \/>\n\t<meta property=\"og:image:height\" content=\"177\" \/>\n\t<meta property=\"og:image:type\" content=\"image\/png\" \/>\n<meta name=\"twitter:card\" content=\"summary_large_image\" \/>\n<meta name=\"twitter:label1\" content=\"Tiempo de lectura\" \/>\n\t<meta name=\"twitter:data1\" content=\"1 minuto\" \/>\n<script type=\"application\/ld+json\" class=\"yoast-schema-graph\">{\"@context\":\"https:\\\/\\\/schema.org\",\"@graph\":[{\"@type\":\"WebPage\",\"@id\":\"https:\\\/\\\/mont-roig.cat\\\/es\\\/govern-obert\\\/transparencia\\\/integridad-institucional\\\/\",\"url\":\"https:\\\/\\\/mont-roig.cat\\\/es\\\/govern-obert\\\/transparencia\\\/integridad-institucional\\\/\",\"name\":\"Integridad Institucional - Ajuntament de Mont-roig del Camp\",\"isPartOf\":{\"@id\":\"https:\\\/\\\/mont-roig.cat\\\/es\\\/#website\"},\"primaryImageOfPage\":{\"@id\":\"https:\\\/\\\/mont-roig.cat\\\/es\\\/govern-obert\\\/transparencia\\\/integridad-institucional\\\/#primaryimage\"},\"image\":{\"@id\":\"https:\\\/\\\/mont-roig.cat\\\/es\\\/govern-obert\\\/transparencia\\\/integridad-institucional\\\/#primaryimage\"},\"thumbnailUrl\":\"https:\\\/\\\/mont-roig.cat\\\/wp-content\\\/uploads\\\/MM_bustia-etica-500x129.png\",\"datePublished\":\"2026-01-22T10:51:28+00:00\",\"breadcrumb\":{\"@id\":\"https:\\\/\\\/mont-roig.cat\\\/es\\\/govern-obert\\\/transparencia\\\/integridad-institucional\\\/#breadcrumb\"},\"inLanguage\":\"es\",\"potentialAction\":[{\"@type\":\"ReadAction\",\"target\":[\"https:\\\/\\\/mont-roig.cat\\\/es\\\/govern-obert\\\/transparencia\\\/integridad-institucional\\\/\"]}]},{\"@type\":\"ImageObject\",\"inLanguage\":\"es\",\"@id\":\"https:\\\/\\\/mont-roig.cat\\\/es\\\/govern-obert\\\/transparencia\\\/integridad-institucional\\\/#primaryimage\",\"url\":\"https:\\\/\\\/mont-roig.cat\\\/wp-content\\\/uploads\\\/MM_bustia-etica-500x129.png\",\"contentUrl\":\"https:\\\/\\\/mont-roig.cat\\\/wp-content\\\/uploads\\\/MM_bustia-etica-500x129.png\"},{\"@type\":\"BreadcrumbList\",\"@id\":\"https:\\\/\\\/mont-roig.cat\\\/es\\\/govern-obert\\\/transparencia\\\/integridad-institucional\\\/#breadcrumb\",\"itemListElement\":[{\"@type\":\"ListItem\",\"position\":1,\"name\":\"Inici\",\"item\":\"https:\\\/\\\/mont-roig.cat\\\/es\\\/pagina-de-inicio\\\/\"},{\"@type\":\"ListItem\",\"position\":2,\"name\":\"Gobierno abierto\",\"item\":\"https:\\\/\\\/mont-roig.cat\\\/es\\\/govern-obert\\\/\"},{\"@type\":\"ListItem\",\"position\":3,\"name\":\"Transparencia\",\"item\":\"https:\\\/\\\/mont-roig.cat\\\/es\\\/govern-obert\\\/transparencia\\\/\"},{\"@type\":\"ListItem\",\"position\":4,\"name\":\"Integridad Institucional\"}]},{\"@type\":\"WebSite\",\"@id\":\"https:\\\/\\\/mont-roig.cat\\\/es\\\/#website\",\"url\":\"https:\\\/\\\/mont-roig.cat\\\/es\\\/\",\"name\":\"Ajuntament de Mont-roig del Camp\",\"description\":\"Tota la informaci\u00f3 sobre la instituci\u00f3, els seus \u00f2rgans de govern, actualitat, serveis i molt m\u00e9s.\",\"potentialAction\":[{\"@type\":\"SearchAction\",\"target\":{\"@type\":\"EntryPoint\",\"urlTemplate\":\"https:\\\/\\\/mont-roig.cat\\\/es\\\/?s={search_term_string}\"},\"query-input\":{\"@type\":\"PropertyValueSpecification\",\"valueRequired\":true,\"valueName\":\"search_term_string\"}}],\"inLanguage\":\"es\"}]}<\/script>\n<!-- \/ Yoast SEO plugin. -->","yoast_head_json":{"title":"Integridad Institucional - Ajuntament de Mont-roig del Camp","robots":{"index":"index","follow":"follow","max-snippet":"max-snippet:-1","max-image-preview":"max-image-preview:large","max-video-preview":"max-video-preview:-1"},"canonical":"https:\/\/mont-roig.cat\/es\/govern-obert\/transparencia\/integridad-institucional\/","og_locale":"es_ES","og_type":"article","og_title":"Integridad Institucional - Ajuntament de Mont-roig del Camp","og_description":"En aplicaci\u00f3n de la Ley de Transparencia de las administraciones p\u00fablicas, pod\u00e9is consultar\u00a0el Plan de Integridad del Ayuntamiento que recoge los principios \u00e9ticos y de buen gobierno que deben regir las actuaciones de los altos cargos, representantes pol\u00edticos y personal directivo de la instituci\u00f3n. Encontrar\u00e9is el texto \u00edntegro y sus documentos anexos a continuaci\u00f3n: Plan [&hellip;]","og_url":"https:\/\/mont-roig.cat\/es\/govern-obert\/transparencia\/integridad-institucional\/","og_site_name":"Ajuntament de Mont-roig del Camp","og_image":[{"width":688,"height":177,"url":"https:\/\/mont-roig.cat\/wp-content\/uploads\/MM_bustia-etica.png","type":"image\/png"}],"twitter_card":"summary_large_image","twitter_misc":{"Tiempo de lectura":"1 minuto"},"schema":{"@context":"https:\/\/schema.org","@graph":[{"@type":"WebPage","@id":"https:\/\/mont-roig.cat\/es\/govern-obert\/transparencia\/integridad-institucional\/","url":"https:\/\/mont-roig.cat\/es\/govern-obert\/transparencia\/integridad-institucional\/","name":"Integridad Institucional - Ajuntament de Mont-roig del Camp","isPartOf":{"@id":"https:\/\/mont-roig.cat\/es\/#website"},"primaryImageOfPage":{"@id":"https:\/\/mont-roig.cat\/es\/govern-obert\/transparencia\/integridad-institucional\/#primaryimage"},"image":{"@id":"https:\/\/mont-roig.cat\/es\/govern-obert\/transparencia\/integridad-institucional\/#primaryimage"},"thumbnailUrl":"https:\/\/mont-roig.cat\/wp-content\/uploads\/MM_bustia-etica-500x129.png","datePublished":"2026-01-22T10:51:28+00:00","breadcrumb":{"@id":"https:\/\/mont-roig.cat\/es\/govern-obert\/transparencia\/integridad-institucional\/#breadcrumb"},"inLanguage":"es","potentialAction":[{"@type":"ReadAction","target":["https:\/\/mont-roig.cat\/es\/govern-obert\/transparencia\/integridad-institucional\/"]}]},{"@type":"ImageObject","inLanguage":"es","@id":"https:\/\/mont-roig.cat\/es\/govern-obert\/transparencia\/integridad-institucional\/#primaryimage","url":"https:\/\/mont-roig.cat\/wp-content\/uploads\/MM_bustia-etica-500x129.png","contentUrl":"https:\/\/mont-roig.cat\/wp-content\/uploads\/MM_bustia-etica-500x129.png"},{"@type":"BreadcrumbList","@id":"https:\/\/mont-roig.cat\/es\/govern-obert\/transparencia\/integridad-institucional\/#breadcrumb","itemListElement":[{"@type":"ListItem","position":1,"name":"Inici","item":"https:\/\/mont-roig.cat\/es\/pagina-de-inicio\/"},{"@type":"ListItem","position":2,"name":"Gobierno abierto","item":"https:\/\/mont-roig.cat\/es\/govern-obert\/"},{"@type":"ListItem","position":3,"name":"Transparencia","item":"https:\/\/mont-roig.cat\/es\/govern-obert\/transparencia\/"},{"@type":"ListItem","position":4,"name":"Integridad Institucional"}]},{"@type":"WebSite","@id":"https:\/\/mont-roig.cat\/es\/#website","url":"https:\/\/mont-roig.cat\/es\/","name":"Ajuntament de Mont-roig del Camp","description":"Tota la informaci\u00f3 sobre la instituci\u00f3, els seus \u00f2rgans de govern, actualitat, serveis i molt m\u00e9s.","potentialAction":[{"@type":"SearchAction","target":{"@type":"EntryPoint","urlTemplate":"https:\/\/mont-roig.cat\/es\/?s={search_term_string}"},"query-input":{"@type":"PropertyValueSpecification","valueRequired":true,"valueName":"search_term_string"}}],"inLanguage":"es"}]}},"_links":{"self":[{"href":"https:\/\/mont-roig.cat\/es\/wp-json\/wp\/v2\/pages\/88231","targetHints":{"allow":["GET"]}}],"collection":[{"href":"https:\/\/mont-roig.cat\/es\/wp-json\/wp\/v2\/pages"}],"about":[{"href":"https:\/\/mont-roig.cat\/es\/wp-json\/wp\/v2\/types\/page"}],"author":[{"embeddable":true,"href":"https:\/\/mont-roig.cat\/es\/wp-json\/wp\/v2\/users\/13"}],"replies":[{"embeddable":true,"href":"https:\/\/mont-roig.cat\/es\/wp-json\/wp\/v2\/comments?post=88231"}],"version-history":[{"count":2,"href":"https:\/\/mont-roig.cat\/es\/wp-json\/wp\/v2\/pages\/88231\/revisions"}],"predecessor-version":[{"id":88233,"href":"https:\/\/mont-roig.cat\/es\/wp-json\/wp\/v2\/pages\/88231\/revisions\/88233"}],"up":[{"embeddable":true,"href":"https:\/\/mont-roig.cat\/es\/wp-json\/wp\/v2\/pages\/4265"}],"wp:attachment":[{"href":"https:\/\/mont-roig.cat\/es\/wp-json\/wp\/v2\/media?parent=88231"}],"curies":[{"name":"wp","href":"https:\/\/api.w.org\/{rel}","templated":true}]}}