{"id":8952,"date":"2015-12-22T12:04:27","date_gmt":"2015-12-22T11:04:27","guid":{"rendered":"http:\/\/mont-roig.cat\/es\/actualidad\/tauler-danuncis\/"},"modified":"2017-03-06T09:39:17","modified_gmt":"2017-03-06T08:39:17","slug":"tauler-danuncis","status":"publish","type":"page","link":"https:\/\/mont-roig.cat\/es\/actualidad\/tauler-danuncis\/","title":{"rendered":"Tabl\u00f3n de anuncios"},"content":{"rendered":"<p>Mediante la exposici\u00f3n en el tabl\u00f3n de anuncios del Ayuntamiento se da conocimiento p\u00fablico de los documentos oficiales y actos administrativos, en base y por el plazo que determine la normativa reguladora de cada procedimiento o cuando lo aconsejen razones de inter\u00e9s p\u00fablico.<\/p>\n<p>En el siguiente enlace pod\u00e9is encontrar edictos y anuncios procedentes del Ayuntamiento de Mont-roig del Camp y de sus entidades municipales, o bien otras administraciones u organismos p\u00fablicos.<\/p>\n<p><a href=\"http:\/\/mont-roig.eadministracio.cat\/board\/\" target=\"_blank\">Tabl\u00f3n de anuncios del Ayuntamiento de Mont-roig del Camp<\/a><\/p>\n","protected":false},"excerpt":{"rendered":"<p>Mediante la exposici\u00f3n en el tabl\u00f3n de anuncios del Ayuntamiento se da conocimiento p\u00fablico de los documentos oficiales y actos administrativos, en base y por el plazo que determine la normativa reguladora de cada procedimiento o cuando lo aconsejen razones de inter\u00e9s p\u00fablico. En el siguiente enlace pod\u00e9is encontrar edictos y anuncios procedentes del Ayuntamiento [&hellip;]<\/p>\n","protected":false},"author":4,"featured_media":0,"parent":7666,"menu_order":5,"comment_status":"closed","ping_status":"closed","template":"","meta":{"inline_featured_image":false,"_monsterinsights_skip_tracking":false,"_monsterinsights_sitenote_active":false,"_monsterinsights_sitenote_note":"","_monsterinsights_sitenote_category":0,"footnotes":""},"class_list":["post-8952","page","type-page","status-publish","hentry"],"yoast_head":"<!-- This site is optimized with the Yoast SEO plugin v27.4 - https:\/\/yoast.com\/product\/yoast-seo-wordpress\/ -->\n<title>Tabl\u00f3n de anuncios - Ajuntament de Mont-roig del Camp<\/title>\n<meta name=\"robots\" content=\"index, follow, max-snippet:-1, max-image-preview:large, max-video-preview:-1\" \/>\n<link rel=\"canonical\" href=\"https:\/\/mont-roig.cat\/es\/actualidad\/tauler-danuncis\/\" \/>\n<meta property=\"og:locale\" content=\"es_ES\" \/>\n<meta property=\"og:type\" content=\"article\" \/>\n<meta property=\"og:title\" content=\"Tabl\u00f3n de anuncios - Ajuntament de Mont-roig del Camp\" \/>\n<meta property=\"og:description\" content=\"Mediante la exposici\u00f3n en el tabl\u00f3n de anuncios del Ayuntamiento se da conocimiento p\u00fablico de los documentos oficiales y actos administrativos, en base y por el plazo que determine la normativa reguladora de cada procedimiento o cuando lo aconsejen razones de inter\u00e9s p\u00fablico. En el siguiente enlace pod\u00e9is encontrar edictos y anuncios procedentes del Ayuntamiento [&hellip;]\" \/>\n<meta property=\"og:url\" content=\"https:\/\/mont-roig.cat\/es\/actualidad\/tauler-danuncis\/\" \/>\n<meta property=\"og:site_name\" content=\"Ajuntament de Mont-roig del Camp\" \/>\n<meta property=\"article:modified_time\" content=\"2017-03-06T08:39:17+00:00\" \/>\n<meta property=\"og:image\" content=\"https:\/\/mont-roig.cat\/wp-content\/uploads\/aj-mont-roig-2.jpg\" \/>\n\t<meta property=\"og:image:width\" content=\"1200\" \/>\n\t<meta property=\"og:image:height\" content=\"600\" \/>\n\t<meta property=\"og:image:type\" content=\"image\/jpeg\" \/>\n<meta name=\"twitter:card\" content=\"summary_large_image\" \/>\n<script type=\"application\/ld+json\" class=\"yoast-schema-graph\">{\"@context\":\"https:\\\/\\\/schema.org\",\"@graph\":[{\"@type\":\"WebPage\",\"@id\":\"https:\\\/\\\/mont-roig.cat\\\/es\\\/actualidad\\\/tauler-danuncis\\\/\",\"url\":\"https:\\\/\\\/mont-roig.cat\\\/es\\\/actualidad\\\/tauler-danuncis\\\/\",\"name\":\"Tabl\u00f3n de anuncios - Ajuntament de Mont-roig del Camp\",\"isPartOf\":{\"@id\":\"https:\\\/\\\/mont-roig.cat\\\/es\\\/#website\"},\"datePublished\":\"2015-12-22T11:04:27+00:00\",\"dateModified\":\"2017-03-06T08:39:17+00:00\",\"breadcrumb\":{\"@id\":\"https:\\\/\\\/mont-roig.cat\\\/es\\\/actualidad\\\/tauler-danuncis\\\/#breadcrumb\"},\"inLanguage\":\"es\",\"potentialAction\":[{\"@type\":\"ReadAction\",\"target\":[\"https:\\\/\\\/mont-roig.cat\\\/es\\\/actualidad\\\/tauler-danuncis\\\/\"]}]},{\"@type\":\"BreadcrumbList\",\"@id\":\"https:\\\/\\\/mont-roig.cat\\\/es\\\/actualidad\\\/tauler-danuncis\\\/#breadcrumb\",\"itemListElement\":[{\"@type\":\"ListItem\",\"position\":1,\"name\":\"Inici\",\"item\":\"https:\\\/\\\/mont-roig.cat\\\/es\\\/pagina-de-inicio\\\/\"},{\"@type\":\"ListItem\",\"position\":2,\"name\":\"Actualidad\",\"item\":\"https:\\\/\\\/mont-roig.cat\\\/es\\\/actualidad\\\/\"},{\"@type\":\"ListItem\",\"position\":3,\"name\":\"Tabl\u00f3n de anuncios\"}]},{\"@type\":\"WebSite\",\"@id\":\"https:\\\/\\\/mont-roig.cat\\\/es\\\/#website\",\"url\":\"https:\\\/\\\/mont-roig.cat\\\/es\\\/\",\"name\":\"Ajuntament de Mont-roig del Camp\",\"description\":\"Tota la informaci\u00f3 sobre la instituci\u00f3, els seus \u00f2rgans de govern, actualitat, serveis i molt m\u00e9s.\",\"potentialAction\":[{\"@type\":\"SearchAction\",\"target\":{\"@type\":\"EntryPoint\",\"urlTemplate\":\"https:\\\/\\\/mont-roig.cat\\\/es\\\/?s={search_term_string}\"},\"query-input\":{\"@type\":\"PropertyValueSpecification\",\"valueRequired\":true,\"valueName\":\"search_term_string\"}}],\"inLanguage\":\"es\"}]}<\/script>\n<!-- \/ Yoast SEO plugin. -->","yoast_head_json":{"title":"Tabl\u00f3n de anuncios - Ajuntament de Mont-roig del Camp","robots":{"index":"index","follow":"follow","max-snippet":"max-snippet:-1","max-image-preview":"max-image-preview:large","max-video-preview":"max-video-preview:-1"},"canonical":"https:\/\/mont-roig.cat\/es\/actualidad\/tauler-danuncis\/","og_locale":"es_ES","og_type":"article","og_title":"Tabl\u00f3n de anuncios - Ajuntament de Mont-roig del Camp","og_description":"Mediante la exposici\u00f3n en el tabl\u00f3n de anuncios del Ayuntamiento se da conocimiento p\u00fablico de los documentos oficiales y actos administrativos, en base y por el plazo que determine la normativa reguladora de cada procedimiento o cuando lo aconsejen razones de inter\u00e9s p\u00fablico. En el siguiente enlace pod\u00e9is encontrar edictos y anuncios procedentes del Ayuntamiento [&hellip;]","og_url":"https:\/\/mont-roig.cat\/es\/actualidad\/tauler-danuncis\/","og_site_name":"Ajuntament de Mont-roig del Camp","article_modified_time":"2017-03-06T08:39:17+00:00","og_image":[{"width":1200,"height":600,"url":"https:\/\/mont-roig.cat\/wp-content\/uploads\/aj-mont-roig-2.jpg","type":"image\/jpeg"}],"twitter_card":"summary_large_image","schema":{"@context":"https:\/\/schema.org","@graph":[{"@type":"WebPage","@id":"https:\/\/mont-roig.cat\/es\/actualidad\/tauler-danuncis\/","url":"https:\/\/mont-roig.cat\/es\/actualidad\/tauler-danuncis\/","name":"Tabl\u00f3n de anuncios - Ajuntament de Mont-roig del Camp","isPartOf":{"@id":"https:\/\/mont-roig.cat\/es\/#website"},"datePublished":"2015-12-22T11:04:27+00:00","dateModified":"2017-03-06T08:39:17+00:00","breadcrumb":{"@id":"https:\/\/mont-roig.cat\/es\/actualidad\/tauler-danuncis\/#breadcrumb"},"inLanguage":"es","potentialAction":[{"@type":"ReadAction","target":["https:\/\/mont-roig.cat\/es\/actualidad\/tauler-danuncis\/"]}]},{"@type":"BreadcrumbList","@id":"https:\/\/mont-roig.cat\/es\/actualidad\/tauler-danuncis\/#breadcrumb","itemListElement":[{"@type":"ListItem","position":1,"name":"Inici","item":"https:\/\/mont-roig.cat\/es\/pagina-de-inicio\/"},{"@type":"ListItem","position":2,"name":"Actualidad","item":"https:\/\/mont-roig.cat\/es\/actualidad\/"},{"@type":"ListItem","position":3,"name":"Tabl\u00f3n de anuncios"}]},{"@type":"WebSite","@id":"https:\/\/mont-roig.cat\/es\/#website","url":"https:\/\/mont-roig.cat\/es\/","name":"Ajuntament de Mont-roig del Camp","description":"Tota la informaci\u00f3 sobre la instituci\u00f3, els seus \u00f2rgans de govern, actualitat, serveis i molt m\u00e9s.","potentialAction":[{"@type":"SearchAction","target":{"@type":"EntryPoint","urlTemplate":"https:\/\/mont-roig.cat\/es\/?s={search_term_string}"},"query-input":{"@type":"PropertyValueSpecification","valueRequired":true,"valueName":"search_term_string"}}],"inLanguage":"es"}]}},"_links":{"self":[{"href":"https:\/\/mont-roig.cat\/es\/wp-json\/wp\/v2\/pages\/8952","targetHints":{"allow":["GET"]}}],"collection":[{"href":"https:\/\/mont-roig.cat\/es\/wp-json\/wp\/v2\/pages"}],"about":[{"href":"https:\/\/mont-roig.cat\/es\/wp-json\/wp\/v2\/types\/page"}],"author":[{"embeddable":true,"href":"https:\/\/mont-roig.cat\/es\/wp-json\/wp\/v2\/users\/4"}],"replies":[{"embeddable":true,"href":"https:\/\/mont-roig.cat\/es\/wp-json\/wp\/v2\/comments?post=8952"}],"version-history":[{"count":0,"href":"https:\/\/mont-roig.cat\/es\/wp-json\/wp\/v2\/pages\/8952\/revisions"}],"up":[{"embeddable":true,"href":"https:\/\/mont-roig.cat\/es\/wp-json\/wp\/v2\/pages\/7666"}],"wp:attachment":[{"href":"https:\/\/mont-roig.cat\/es\/wp-json\/wp\/v2\/media?parent=8952"}],"curies":[{"name":"wp","href":"https:\/\/api.w.org\/{rel}","templated":true}]}}