{"id":8961,"date":"2015-12-22T10:07:37","date_gmt":"2015-12-22T09:07:37","guid":{"rendered":"http:\/\/mont-roig.cat\/es\/ayuntamiento\/funcionament\/"},"modified":"2016-02-24T11:32:42","modified_gmt":"2016-02-24T10:32:42","slug":"funcionament","status":"publish","type":"page","link":"https:\/\/mont-roig.cat\/es\/ayuntamiento\/funcionament\/","title":{"rendered":"Funcionamento"},"content":{"rendered":"<p>Seg\u00fan el derecho administrativo la organizaci\u00f3n de la Administraci\u00f3n se rige por los siguientes principios:<\/p>\n<ul>\n<li><em>La Administraci\u00f3n P\u00fablica sirve con objetividad los intereses generales y act\u00faa de acuerdo con los principios de eficacia, jerarqu\u00eda, descentralizaci\u00f3n, desconcentraci\u00f3n y coordinaci\u00f3n, con sometimiento pleno a la ley y al derecho.<\/em><\/li>\n<li><em>Los \u00f3rganos de la Administraci\u00f3n son creados, regidos y coordinados de acuerdo con la ley.<\/em><\/li>\n<li><em>La ley regular\u00e1 el estatuto de los funcionarios p\u00fablicos, el acceso a la funci\u00f3n p\u00fablica de acuerdo con los principios de m\u00e9rito y la capacidad, las peculiaridades del ejercicio de su derecho a sindicaci\u00f3n, el sistema de incompatibilidades y las garant\u00edas para la imparcialidad en el ejercicio de sus funciones.<\/em><\/li>\n<\/ul>\n<p>Estos principios organizativos que deben inspirar la organizaci\u00f3n y la actuaci\u00f3n de la Administraci\u00f3n enmarcan la obligaci\u00f3n que tiene la Administraci\u00f3n de servir con objetividad los intereses generales.<\/p>\n<p>En este apartado pod\u00e9is encontrar la informaci\u00f3n b\u00e1sica sobre el funcionamiento del Ayuntamiento de Mont-roig del Camp.<\/p>\n<p>&nbsp;<\/p>\n<p>&nbsp;<\/p>\n","protected":false},"excerpt":{"rendered":"<p>Seg\u00fan el derecho administrativo la organizaci\u00f3n de la Administraci\u00f3n se rige por los siguientes principios: La Administraci\u00f3n P\u00fablica sirve con objetividad los intereses generales y act\u00faa de acuerdo con los principios de eficacia, jerarqu\u00eda, descentralizaci\u00f3n, desconcentraci\u00f3n y coordinaci\u00f3n, con sometimiento pleno a la ley y al derecho. Los \u00f3rganos de la Administraci\u00f3n son creados, regidos [&hellip;]<\/p>\n","protected":false},"author":4,"featured_media":0,"parent":7434,"menu_order":2,"comment_status":"closed","ping_status":"closed","template":"","meta":{"inline_featured_image":false,"_monsterinsights_skip_tracking":false,"_monsterinsights_sitenote_active":false,"_monsterinsights_sitenote_note":"","_monsterinsights_sitenote_category":0,"footnotes":""},"class_list":["post-8961","page","type-page","status-publish","hentry"],"yoast_head":"<!-- This site is optimized with the Yoast SEO plugin v27.4 - https:\/\/yoast.com\/product\/yoast-seo-wordpress\/ -->\n<title>Funcionamento - Ajuntament de Mont-roig del Camp<\/title>\n<meta name=\"robots\" content=\"index, follow, max-snippet:-1, max-image-preview:large, max-video-preview:-1\" \/>\n<link rel=\"canonical\" href=\"https:\/\/mont-roig.cat\/es\/ayuntamiento\/funcionament\/\" \/>\n<meta property=\"og:locale\" content=\"es_ES\" \/>\n<meta property=\"og:type\" content=\"article\" \/>\n<meta property=\"og:title\" content=\"Funcionamento - Ajuntament de Mont-roig del Camp\" \/>\n<meta property=\"og:description\" content=\"Seg\u00fan el derecho administrativo la organizaci\u00f3n de la Administraci\u00f3n se rige por los siguientes principios: La Administraci\u00f3n P\u00fablica sirve con objetividad los intereses generales y act\u00faa de acuerdo con los principios de eficacia, jerarqu\u00eda, descentralizaci\u00f3n, desconcentraci\u00f3n y coordinaci\u00f3n, con sometimiento pleno a la ley y al derecho. Los \u00f3rganos de la Administraci\u00f3n son creados, regidos [&hellip;]\" \/>\n<meta property=\"og:url\" content=\"https:\/\/mont-roig.cat\/es\/ayuntamiento\/funcionament\/\" \/>\n<meta property=\"og:site_name\" content=\"Ajuntament de Mont-roig del Camp\" \/>\n<meta property=\"article:modified_time\" content=\"2016-02-24T10:32:42+00:00\" \/>\n<meta property=\"og:image\" content=\"https:\/\/mont-roig.cat\/wp-content\/uploads\/aj-mont-roig-2.jpg\" \/>\n\t<meta property=\"og:image:width\" content=\"1200\" \/>\n\t<meta property=\"og:image:height\" content=\"600\" \/>\n\t<meta property=\"og:image:type\" content=\"image\/jpeg\" \/>\n<meta name=\"twitter:card\" content=\"summary_large_image\" \/>\n<meta name=\"twitter:label1\" content=\"Tiempo de lectura\" \/>\n\t<meta name=\"twitter:data1\" content=\"1 minuto\" \/>\n<script type=\"application\/ld+json\" class=\"yoast-schema-graph\">{\"@context\":\"https:\\\/\\\/schema.org\",\"@graph\":[{\"@type\":\"WebPage\",\"@id\":\"https:\\\/\\\/mont-roig.cat\\\/es\\\/ayuntamiento\\\/funcionament\\\/\",\"url\":\"https:\\\/\\\/mont-roig.cat\\\/es\\\/ayuntamiento\\\/funcionament\\\/\",\"name\":\"Funcionamento - Ajuntament de Mont-roig del Camp\",\"isPartOf\":{\"@id\":\"https:\\\/\\\/mont-roig.cat\\\/es\\\/#website\"},\"datePublished\":\"2015-12-22T09:07:37+00:00\",\"dateModified\":\"2016-02-24T10:32:42+00:00\",\"breadcrumb\":{\"@id\":\"https:\\\/\\\/mont-roig.cat\\\/es\\\/ayuntamiento\\\/funcionament\\\/#breadcrumb\"},\"inLanguage\":\"es\",\"potentialAction\":[{\"@type\":\"ReadAction\",\"target\":[\"https:\\\/\\\/mont-roig.cat\\\/es\\\/ayuntamiento\\\/funcionament\\\/\"]}]},{\"@type\":\"BreadcrumbList\",\"@id\":\"https:\\\/\\\/mont-roig.cat\\\/es\\\/ayuntamiento\\\/funcionament\\\/#breadcrumb\",\"itemListElement\":[{\"@type\":\"ListItem\",\"position\":1,\"name\":\"Inici\",\"item\":\"https:\\\/\\\/mont-roig.cat\\\/es\\\/pagina-de-inicio\\\/\"},{\"@type\":\"ListItem\",\"position\":2,\"name\":\"Ayuntamiento\",\"item\":\"https:\\\/\\\/mont-roig.cat\\\/es\\\/ayuntamiento\\\/\"},{\"@type\":\"ListItem\",\"position\":3,\"name\":\"Funcionamento\"}]},{\"@type\":\"WebSite\",\"@id\":\"https:\\\/\\\/mont-roig.cat\\\/es\\\/#website\",\"url\":\"https:\\\/\\\/mont-roig.cat\\\/es\\\/\",\"name\":\"Ajuntament de Mont-roig del Camp\",\"description\":\"Tota la informaci\u00f3 sobre la instituci\u00f3, els seus \u00f2rgans de govern, actualitat, serveis i molt m\u00e9s.\",\"potentialAction\":[{\"@type\":\"SearchAction\",\"target\":{\"@type\":\"EntryPoint\",\"urlTemplate\":\"https:\\\/\\\/mont-roig.cat\\\/es\\\/?s={search_term_string}\"},\"query-input\":{\"@type\":\"PropertyValueSpecification\",\"valueRequired\":true,\"valueName\":\"search_term_string\"}}],\"inLanguage\":\"es\"}]}<\/script>\n<!-- \/ Yoast SEO plugin. -->","yoast_head_json":{"title":"Funcionamento - Ajuntament de Mont-roig del Camp","robots":{"index":"index","follow":"follow","max-snippet":"max-snippet:-1","max-image-preview":"max-image-preview:large","max-video-preview":"max-video-preview:-1"},"canonical":"https:\/\/mont-roig.cat\/es\/ayuntamiento\/funcionament\/","og_locale":"es_ES","og_type":"article","og_title":"Funcionamento - Ajuntament de Mont-roig del Camp","og_description":"Seg\u00fan el derecho administrativo la organizaci\u00f3n de la Administraci\u00f3n se rige por los siguientes principios: La Administraci\u00f3n P\u00fablica sirve con objetividad los intereses generales y act\u00faa de acuerdo con los principios de eficacia, jerarqu\u00eda, descentralizaci\u00f3n, desconcentraci\u00f3n y coordinaci\u00f3n, con sometimiento pleno a la ley y al derecho. Los \u00f3rganos de la Administraci\u00f3n son creados, regidos [&hellip;]","og_url":"https:\/\/mont-roig.cat\/es\/ayuntamiento\/funcionament\/","og_site_name":"Ajuntament de Mont-roig del Camp","article_modified_time":"2016-02-24T10:32:42+00:00","og_image":[{"width":1200,"height":600,"url":"https:\/\/mont-roig.cat\/wp-content\/uploads\/aj-mont-roig-2.jpg","type":"image\/jpeg"}],"twitter_card":"summary_large_image","twitter_misc":{"Tiempo de lectura":"1 minuto"},"schema":{"@context":"https:\/\/schema.org","@graph":[{"@type":"WebPage","@id":"https:\/\/mont-roig.cat\/es\/ayuntamiento\/funcionament\/","url":"https:\/\/mont-roig.cat\/es\/ayuntamiento\/funcionament\/","name":"Funcionamento - Ajuntament de Mont-roig del Camp","isPartOf":{"@id":"https:\/\/mont-roig.cat\/es\/#website"},"datePublished":"2015-12-22T09:07:37+00:00","dateModified":"2016-02-24T10:32:42+00:00","breadcrumb":{"@id":"https:\/\/mont-roig.cat\/es\/ayuntamiento\/funcionament\/#breadcrumb"},"inLanguage":"es","potentialAction":[{"@type":"ReadAction","target":["https:\/\/mont-roig.cat\/es\/ayuntamiento\/funcionament\/"]}]},{"@type":"BreadcrumbList","@id":"https:\/\/mont-roig.cat\/es\/ayuntamiento\/funcionament\/#breadcrumb","itemListElement":[{"@type":"ListItem","position":1,"name":"Inici","item":"https:\/\/mont-roig.cat\/es\/pagina-de-inicio\/"},{"@type":"ListItem","position":2,"name":"Ayuntamiento","item":"https:\/\/mont-roig.cat\/es\/ayuntamiento\/"},{"@type":"ListItem","position":3,"name":"Funcionamento"}]},{"@type":"WebSite","@id":"https:\/\/mont-roig.cat\/es\/#website","url":"https:\/\/mont-roig.cat\/es\/","name":"Ajuntament de Mont-roig del Camp","description":"Tota la informaci\u00f3 sobre la instituci\u00f3, els seus \u00f2rgans de govern, actualitat, serveis i molt m\u00e9s.","potentialAction":[{"@type":"SearchAction","target":{"@type":"EntryPoint","urlTemplate":"https:\/\/mont-roig.cat\/es\/?s={search_term_string}"},"query-input":{"@type":"PropertyValueSpecification","valueRequired":true,"valueName":"search_term_string"}}],"inLanguage":"es"}]}},"_links":{"self":[{"href":"https:\/\/mont-roig.cat\/es\/wp-json\/wp\/v2\/pages\/8961","targetHints":{"allow":["GET"]}}],"collection":[{"href":"https:\/\/mont-roig.cat\/es\/wp-json\/wp\/v2\/pages"}],"about":[{"href":"https:\/\/mont-roig.cat\/es\/wp-json\/wp\/v2\/types\/page"}],"author":[{"embeddable":true,"href":"https:\/\/mont-roig.cat\/es\/wp-json\/wp\/v2\/users\/4"}],"replies":[{"embeddable":true,"href":"https:\/\/mont-roig.cat\/es\/wp-json\/wp\/v2\/comments?post=8961"}],"version-history":[{"count":0,"href":"https:\/\/mont-roig.cat\/es\/wp-json\/wp\/v2\/pages\/8961\/revisions"}],"up":[{"embeddable":true,"href":"https:\/\/mont-roig.cat\/es\/wp-json\/wp\/v2\/pages\/7434"}],"wp:attachment":[{"href":"https:\/\/mont-roig.cat\/es\/wp-json\/wp\/v2\/media?parent=8961"}],"curies":[{"name":"wp","href":"https:\/\/api.w.org\/{rel}","templated":true}]}}