{"id":89894,"date":"2026-03-05T14:59:16","date_gmt":"2026-03-05T13:59:16","guid":{"rendered":"https:\/\/mont-roig.cat\/?page_id=89894"},"modified":"2026-03-05T15:00:20","modified_gmt":"2026-03-05T14:00:20","slug":"grups-municipals","status":"publish","type":"page","link":"https:\/\/mont-roig.cat\/es\/ayuntamiento\/organs-de-representacio\/grups-municipals\/","title":{"rendered":"Grups municipals"},"content":{"rendered":"<p>L\u2019Ajuntament de Mont-roig del Camp queda representat amb els grups municipals seg\u00fcents, un cop celebrat el Ple de constituci\u00f3 de la Coporaci\u00f3 Municipal, el 17 de juny de 2023:<\/p>\n<p>&nbsp;<\/p>\n<h4><em>Partit dels Socialistes de Catalunya \u2013Candidatura de Progr\u00e9s (PSC-CP)<\/em><\/h4>\n<ul>\n<li>\n<h5><a href=\"https:\/\/gmpsc.mont-roig.cat\/\" target=\"_blank\" rel=\"noopener noreferrer\" data-wpel-link=\"internal\">Blog del grup municipal PSC-CP<\/a><\/h5>\n<\/li>\n<\/ul>\n<hr \/>\n<h4><em>Junts per Mont-roig del Camp- Comprom\u00eds Municipal (CM)<\/em><\/h4>\n<ul>\n<li>\n<h5><a href=\"https:\/\/gmjxmm.mont-roig.cat\/\" target=\"_blank\" rel=\"noopener noreferrer\" data-wpel-link=\"internal\">Blog del grup municipal de Junts<\/a><\/h5>\n<\/li>\n<li>\n<h5>Mocions al Ple del darrer any 2025:<\/h5>\n<\/li>\n<\/ul>\n<table width=\"623\">\n<tbody>\n<tr>\n<td width=\"99\">14\/04\/2025<\/td>\n<td width=\"524\">Moci\u00f3 que presenta el grup municipal Junts per a la creaci\u00f3 d&#8217;una resid\u00e8ncia assistida<\/td>\n<\/tr>\n<tr>\n<td><\/td>\n<td>per a gent gran al municipi de Mont-roig del Camp (car\u00e0cter no resolutiu)<\/td>\n<\/tr>\n<tr>\n<td><\/td>\n<td><\/td>\n<\/tr>\n<tr>\n<td>20\/10\/2025<\/td>\n<td>Moci\u00f3 que presenta el grup municipal Junts-CM per a l&#8217;estudi i la millora de<\/td>\n<\/tr>\n<tr>\n<td><\/td>\n<td>l&#8217;accessibilitat a l&#8217;ermita de la Mare de D\u00e9u de la Roca, declarada de B\u00e9 Cultural<\/td>\n<\/tr>\n<tr>\n<td><\/td>\n<td>d&#8217;Inter\u00e8s Nacional (car\u00e0cter no resolutiu)<\/td>\n<\/tr>\n<tr>\n<td><\/td>\n<td><\/td>\n<\/tr>\n<tr>\n<td>20\/10\/2025<\/td>\n<td>Moci\u00f3 que presenta el grup municipal Junts-CM per la revisi\u00f3 de la zonificaci\u00f3 tarif\u00e0ria i<\/td>\n<\/tr>\n<tr>\n<td><\/td>\n<td>la millora del servei de transport p\u00fablic a Mont-roig del Camp (car\u00e0cter no resolutiu)<\/td>\n<\/tr>\n<tr>\n<td><\/td>\n<td><\/td>\n<\/tr>\n<tr>\n<td><\/td>\n<td>Moci\u00f3 que presenta el grup municipal Junts per a la implementaci\u00f3 dels servei \u201cTruca a<\/td>\n<\/tr>\n<tr>\n<td><\/td>\n<td>Casa\u201d als equipaments municipals de Mont-roig del Camp. (car\u00e0cter resolutiu)<\/td>\n<\/tr>\n<\/tbody>\n<\/table>\n<hr \/>\n<h4><em>Esquerra Republicana de Catalunya \u2013\u00a0 Acord Municipal<\/em><\/h4>\n<ul>\n<li>\n<h5><a href=\"https:\/\/gmerc-am.mont-roig.cat\/\" target=\"_blank\" rel=\"noopener noreferrer\" data-wpel-link=\"internal\">Blog del grup municipal d\u2019ERC-AM<\/a><\/h5>\n<\/li>\n<li>\n<h5>Mocions al Ple del darrer any 2025:<\/h5>\n<\/li>\n<\/ul>\n<table width=\"675\">\n<tbody>\n<tr>\n<td width=\"99\">14\/04\/2025<\/td>\n<td width=\"576\">Moci\u00f3 que presenta el grup municipal ERC-AM en defensa del rol dels Jutges i<\/td>\n<\/tr>\n<tr>\n<td><\/td>\n<td>Jutgesses de Pau i per la recuperaci\u00f3 de les seves funcions hist\u00f2riques (car\u00e0cter no<\/td>\n<\/tr>\n<tr>\n<td><\/td>\n<td>resolutiu).<\/td>\n<\/tr>\n<tr>\n<td><\/td>\n<td><\/td>\n<\/tr>\n<tr>\n<td>09\/06\/2025<\/td>\n<td>Moci\u00f3 que presenta el grup municipal ERC-AM de suport al Pacte Nacional per la<\/td>\n<\/tr>\n<tr>\n<td><\/td>\n<td>Llengua i per l&#8217;Impuls d&#8217;actuacions municipals en defensa del catal\u00e0 (car\u00e0cter no<\/td>\n<\/tr>\n<tr>\n<td><\/td>\n<td>resolutiu)<\/td>\n<\/tr>\n<tr>\n<td><\/td>\n<td><\/td>\n<\/tr>\n<tr>\n<td>20\/10\/2025<\/td>\n<td>Moci\u00f3 que presenta el grup municipal ERC-AM de suport al model ling\u00fc\u00edstic educatiu de<\/td>\n<\/tr>\n<tr>\n<td><\/td>\n<td>Catalunya i contra la set\u00e8ncia 2949\/2025 del TSJC (car\u00e0cter no resolutiu)<\/td>\n<\/tr>\n<tr>\n<td><\/td>\n<td><\/td>\n<\/tr>\n<tr>\n<td><\/td>\n<td>Moci\u00f3 que presenta el grup municipal ERC-AM sobre el futur del pressupost de la Uni\u00f3<\/td>\n<\/tr>\n<tr>\n<td><\/td>\n<td>Europea i en defensa del paper dels Ens Locals i regionals. (car\u00e0cter no resolutiu).<\/td>\n<\/tr>\n<\/tbody>\n<\/table>\n<hr \/>\n<h4><em>Plataforma Impulso Miami Mont-roig<\/em><\/h4>\n<ul>\n<li>\n<h5><a href=\"https:\/\/gmimm.mont-roig.cat\/\" target=\"_blank\" rel=\"noopener noreferrer\" data-wpel-link=\"internal\">Blog del grup municipal d\u2019IMM<\/a><\/h5>\n<\/li>\n<\/ul>\n<hr \/>\n<h4><em>VOX<\/em><\/h4>\n<ul>\n<li>\n<h5><a href=\"https:\/\/www.facebook.com\/VOXMiamiMontroig\/\" target=\"_blank\" rel=\"noopener\">Blog del grup municipal VOX<\/a><\/h5>\n<\/li>\n<\/ul>\n","protected":false},"excerpt":{"rendered":"<p>L\u2019Ajuntament de Mont-roig del Camp queda representat amb els grups municipals seg\u00fcents, un cop celebrat el Ple de constituci\u00f3 de la Coporaci\u00f3 Municipal, el 17 de juny de 2023: &nbsp; Partit dels Socialistes de Catalunya \u2013Candidatura de Progr\u00e9s (PSC-CP) Blog del grup municipal PSC-CP Junts per Mont-roig del Camp- Comprom\u00eds Municipal (CM) Blog del grup [&hellip;]<\/p>\n","protected":false},"author":13,"featured_media":0,"parent":9287,"menu_order":6,"comment_status":"closed","ping_status":"closed","template":"","meta":{"inline_featured_image":false,"_monsterinsights_skip_tracking":false,"_monsterinsights_sitenote_active":false,"_monsterinsights_sitenote_note":"","_monsterinsights_sitenote_category":0,"footnotes":""},"class_list":["post-89894","page","type-page","status-publish","hentry"],"yoast_head":"<!-- This site is optimized with the Yoast SEO plugin v27.1.1 - https:\/\/yoast.com\/product\/yoast-seo-wordpress\/ -->\n<title>Grups municipals - Ajuntament de Mont-roig del Camp<\/title>\n<meta name=\"robots\" content=\"index, follow, max-snippet:-1, max-image-preview:large, max-video-preview:-1\" \/>\n<link rel=\"canonical\" href=\"https:\/\/mont-roig.cat\/es\/ayuntamiento\/organs-de-representacio\/grups-municipals\/\" \/>\n<meta property=\"og:locale\" content=\"es_ES\" \/>\n<meta property=\"og:type\" content=\"article\" \/>\n<meta property=\"og:title\" content=\"Grups municipals - Ajuntament de Mont-roig del Camp\" \/>\n<meta property=\"og:description\" content=\"L\u2019Ajuntament de Mont-roig del Camp queda representat amb els grups municipals seg\u00fcents, un cop celebrat el Ple de constituci\u00f3 de la Coporaci\u00f3 Municipal, el 17 de juny de 2023: &nbsp; Partit dels Socialistes de Catalunya \u2013Candidatura de Progr\u00e9s (PSC-CP) Blog del grup municipal PSC-CP Junts per Mont-roig del Camp- Comprom\u00eds Municipal (CM) Blog del grup [&hellip;]\" \/>\n<meta property=\"og:url\" content=\"https:\/\/mont-roig.cat\/es\/ayuntamiento\/organs-de-representacio\/grups-municipals\/\" \/>\n<meta property=\"og:site_name\" content=\"Ajuntament de Mont-roig del Camp\" \/>\n<meta property=\"article:modified_time\" content=\"2026-03-05T14:00:20+00:00\" \/>\n<meta property=\"og:image\" content=\"https:\/\/mont-roig.cat\/wp-content\/uploads\/aj-mont-roig-2.jpg\" \/>\n\t<meta property=\"og:image:width\" content=\"1200\" \/>\n\t<meta property=\"og:image:height\" content=\"600\" \/>\n\t<meta property=\"og:image:type\" content=\"image\/jpeg\" \/>\n<meta name=\"twitter:card\" content=\"summary_large_image\" \/>\n<meta name=\"twitter:label1\" content=\"Tiempo de lectura\" \/>\n\t<meta name=\"twitter:data1\" content=\"2 minutos\" \/>\n<script type=\"application\/ld+json\" class=\"yoast-schema-graph\">{\"@context\":\"https:\/\/schema.org\",\"@graph\":[{\"@type\":\"WebPage\",\"@id\":\"https:\/\/mont-roig.cat\/es\/ayuntamiento\/organs-de-representacio\/grups-municipals\/\",\"url\":\"https:\/\/mont-roig.cat\/es\/ayuntamiento\/organs-de-representacio\/grups-municipals\/\",\"name\":\"Grups municipals - Ajuntament de Mont-roig del Camp\",\"isPartOf\":{\"@id\":\"https:\/\/mont-roig.cat\/es\/#website\"},\"datePublished\":\"2026-03-05T13:59:16+00:00\",\"dateModified\":\"2026-03-05T14:00:20+00:00\",\"breadcrumb\":{\"@id\":\"https:\/\/mont-roig.cat\/es\/ayuntamiento\/organs-de-representacio\/grups-municipals\/#breadcrumb\"},\"inLanguage\":\"es\",\"potentialAction\":[{\"@type\":\"ReadAction\",\"target\":[\"https:\/\/mont-roig.cat\/es\/ayuntamiento\/organs-de-representacio\/grups-municipals\/\"]}]},{\"@type\":\"BreadcrumbList\",\"@id\":\"https:\/\/mont-roig.cat\/es\/ayuntamiento\/organs-de-representacio\/grups-municipals\/#breadcrumb\",\"itemListElement\":[{\"@type\":\"ListItem\",\"position\":1,\"name\":\"Inici\",\"item\":\"https:\/\/mont-roig.cat\/es\/pagina-de-inicio\/\"},{\"@type\":\"ListItem\",\"position\":2,\"name\":\"Ayuntamiento\",\"item\":\"https:\/\/mont-roig.cat\/es\/ayuntamiento\/\"},{\"@type\":\"ListItem\",\"position\":3,\"name\":\"\u00d3rganos de representaci\u00f3n\",\"item\":\"https:\/\/mont-roig.cat\/es\/ayuntamiento\/organs-de-representacio\/\"},{\"@type\":\"ListItem\",\"position\":4,\"name\":\"Grups municipals\"}]},{\"@type\":\"WebSite\",\"@id\":\"https:\/\/mont-roig.cat\/es\/#website\",\"url\":\"https:\/\/mont-roig.cat\/es\/\",\"name\":\"Ajuntament de Mont-roig del Camp\",\"description\":\"Tota la informaci\u00f3 sobre la instituci\u00f3, els seus \u00f2rgans de govern, actualitat, serveis i molt m\u00e9s.\",\"potentialAction\":[{\"@type\":\"SearchAction\",\"target\":{\"@type\":\"EntryPoint\",\"urlTemplate\":\"https:\/\/mont-roig.cat\/es\/?s={search_term_string}\"},\"query-input\":{\"@type\":\"PropertyValueSpecification\",\"valueRequired\":true,\"valueName\":\"search_term_string\"}}],\"inLanguage\":\"es\"}]}<\/script>\n<!-- \/ Yoast SEO plugin. -->","yoast_head_json":{"title":"Grups municipals - Ajuntament de Mont-roig del Camp","robots":{"index":"index","follow":"follow","max-snippet":"max-snippet:-1","max-image-preview":"max-image-preview:large","max-video-preview":"max-video-preview:-1"},"canonical":"https:\/\/mont-roig.cat\/es\/ayuntamiento\/organs-de-representacio\/grups-municipals\/","og_locale":"es_ES","og_type":"article","og_title":"Grups municipals - Ajuntament de Mont-roig del Camp","og_description":"L\u2019Ajuntament de Mont-roig del Camp queda representat amb els grups municipals seg\u00fcents, un cop celebrat el Ple de constituci\u00f3 de la Coporaci\u00f3 Municipal, el 17 de juny de 2023: &nbsp; Partit dels Socialistes de Catalunya \u2013Candidatura de Progr\u00e9s (PSC-CP) Blog del grup municipal PSC-CP Junts per Mont-roig del Camp- Comprom\u00eds Municipal (CM) Blog del grup [&hellip;]","og_url":"https:\/\/mont-roig.cat\/es\/ayuntamiento\/organs-de-representacio\/grups-municipals\/","og_site_name":"Ajuntament de Mont-roig del Camp","article_modified_time":"2026-03-05T14:00:20+00:00","og_image":[{"width":1200,"height":600,"url":"https:\/\/mont-roig.cat\/wp-content\/uploads\/aj-mont-roig-2.jpg","type":"image\/jpeg"}],"twitter_card":"summary_large_image","twitter_misc":{"Tiempo de lectura":"2 minutos"},"schema":{"@context":"https:\/\/schema.org","@graph":[{"@type":"WebPage","@id":"https:\/\/mont-roig.cat\/es\/ayuntamiento\/organs-de-representacio\/grups-municipals\/","url":"https:\/\/mont-roig.cat\/es\/ayuntamiento\/organs-de-representacio\/grups-municipals\/","name":"Grups municipals - Ajuntament de Mont-roig del Camp","isPartOf":{"@id":"https:\/\/mont-roig.cat\/es\/#website"},"datePublished":"2026-03-05T13:59:16+00:00","dateModified":"2026-03-05T14:00:20+00:00","breadcrumb":{"@id":"https:\/\/mont-roig.cat\/es\/ayuntamiento\/organs-de-representacio\/grups-municipals\/#breadcrumb"},"inLanguage":"es","potentialAction":[{"@type":"ReadAction","target":["https:\/\/mont-roig.cat\/es\/ayuntamiento\/organs-de-representacio\/grups-municipals\/"]}]},{"@type":"BreadcrumbList","@id":"https:\/\/mont-roig.cat\/es\/ayuntamiento\/organs-de-representacio\/grups-municipals\/#breadcrumb","itemListElement":[{"@type":"ListItem","position":1,"name":"Inici","item":"https:\/\/mont-roig.cat\/es\/pagina-de-inicio\/"},{"@type":"ListItem","position":2,"name":"Ayuntamiento","item":"https:\/\/mont-roig.cat\/es\/ayuntamiento\/"},{"@type":"ListItem","position":3,"name":"\u00d3rganos de representaci\u00f3n","item":"https:\/\/mont-roig.cat\/es\/ayuntamiento\/organs-de-representacio\/"},{"@type":"ListItem","position":4,"name":"Grups municipals"}]},{"@type":"WebSite","@id":"https:\/\/mont-roig.cat\/es\/#website","url":"https:\/\/mont-roig.cat\/es\/","name":"Ajuntament de Mont-roig del Camp","description":"Tota la informaci\u00f3 sobre la instituci\u00f3, els seus \u00f2rgans de govern, actualitat, serveis i molt m\u00e9s.","potentialAction":[{"@type":"SearchAction","target":{"@type":"EntryPoint","urlTemplate":"https:\/\/mont-roig.cat\/es\/?s={search_term_string}"},"query-input":{"@type":"PropertyValueSpecification","valueRequired":true,"valueName":"search_term_string"}}],"inLanguage":"es"}]}},"_links":{"self":[{"href":"https:\/\/mont-roig.cat\/es\/wp-json\/wp\/v2\/pages\/89894","targetHints":{"allow":["GET"]}}],"collection":[{"href":"https:\/\/mont-roig.cat\/es\/wp-json\/wp\/v2\/pages"}],"about":[{"href":"https:\/\/mont-roig.cat\/es\/wp-json\/wp\/v2\/types\/page"}],"author":[{"embeddable":true,"href":"https:\/\/mont-roig.cat\/es\/wp-json\/wp\/v2\/users\/13"}],"replies":[{"embeddable":true,"href":"https:\/\/mont-roig.cat\/es\/wp-json\/wp\/v2\/comments?post=89894"}],"version-history":[{"count":4,"href":"https:\/\/mont-roig.cat\/es\/wp-json\/wp\/v2\/pages\/89894\/revisions"}],"predecessor-version":[{"id":89899,"href":"https:\/\/mont-roig.cat\/es\/wp-json\/wp\/v2\/pages\/89894\/revisions\/89899"}],"up":[{"embeddable":true,"href":"https:\/\/mont-roig.cat\/es\/wp-json\/wp\/v2\/pages\/9287"}],"wp:attachment":[{"href":"https:\/\/mont-roig.cat\/es\/wp-json\/wp\/v2\/media?parent=89894"}],"curies":[{"name":"wp","href":"https:\/\/api.w.org\/{rel}","templated":true}]}}