{"id":89902,"date":"2026-03-05T14:59:04","date_gmt":"2026-03-05T13:59:04","guid":{"rendered":"https:\/\/mont-roig.cat\/?page_id=89902"},"modified":"2026-03-06T09:34:24","modified_gmt":"2026-03-06T08:34:24","slug":"grupos-municipales","status":"publish","type":"page","link":"https:\/\/mont-roig.cat\/es\/ayuntamiento\/organs-de-representacio\/grupos-municipales\/","title":{"rendered":"Grupos municipales"},"content":{"rendered":"<p>El Ayuntamiento de Mont-roig del Camp queda representado con los grupos municipales siguientes, una vez celebrado el Pleno de constituci\u00f3n de la Corporaci\u00f3n Municipal, el 17 de junio de 2023:<\/p>\n<p>&nbsp;<\/p>\n<h4><em>Partit dels Socialistes de Catalunya \u2013Candidatura de Progr\u00e9s (PSC-CP)<\/em><\/h4>\n<ul>\n<li>\n<h5><a href=\"https:\/\/gmpsc.mont-roig.cat\/\" target=\"_blank\" rel=\"noopener noreferrer\" data-wpel-link=\"internal\">Blog del grupo municipal PSC-CP<\/a><\/h5>\n<\/li>\n<\/ul>\n<hr \/>\n<h4><em>Junts per Mont-roig del Camp- Comprom\u00eds Municipal (CM)<\/em><\/h4>\n<ul>\n<li>\n<h5><a href=\"https:\/\/gmjxmm.mont-roig.cat\/\" target=\"_blank\" rel=\"noopener noreferrer\" data-wpel-link=\"internal\">Blog del grupo municipal de Junts<\/a><\/h5>\n<\/li>\n<li>\n<h5>Mociones al Pleno del ultimo a\u00f1o 2025:<\/h5>\n<\/li>\n<\/ul>\n<table width=\"623\">\n<tbody>\n<tr>\n<td width=\"99\">14\/04\/2025<\/td>\n<td width=\"524\">Moci\u00f3n que presenta el grupo municipal Junts para la creaci\u00f3n de una residencia asistida para personas mayores en el municipio de Mont-roig del Camp (<a class=\"ext-link wpel-icon-right\" href=\"https:\/\/media.seu-e.cat\/acteca\/4309230008\/2025\/350d9130-476b-40e1-957e-1131d05d0aaa\/04_2025%20Acta%20del%20Ple%20de%20data%2014%20d%27abril%20de%202025].pdf\" target=\"_blank\" rel=\"noopener nofollow external noreferrer\" data-wpel-link=\"external\">enlace<\/a>)<\/td>\n<\/tr>\n<tr>\n<td><\/td>\n<td><\/td>\n<\/tr>\n<tr>\n<td><\/td>\n<td><\/td>\n<\/tr>\n<tr>\n<td>20\/10\/2025<\/td>\n<td>Moci\u00f3n que presenta el grupo municipal Junts-CM para el estudio y la mejora de la accesibilidad a la ermita de la Mare de D\u00e9u de la Roca, declarada de Bien Cultural de Inter\u00e9s Nacional (<a class=\"ext-link wpel-icon-right\" href=\"https:\/\/media.seu-e.cat\/acteca\/4309230008\/2025\/5c60294f-76be-4c57-aaee-4c2e5f975986\/12_2025%20Acta%20del%20Ple%20de%20data%2020%20d%27octubre%20de%202025].pdf\" target=\"_blank\" rel=\"noopener nofollow external noreferrer\" data-wpel-link=\"external\">enlace<\/a>)<\/td>\n<\/tr>\n<tr>\n<td><\/td>\n<td><\/td>\n<\/tr>\n<tr>\n<td><\/td>\n<td><\/td>\n<\/tr>\n<tr>\n<td><\/td>\n<td><\/td>\n<\/tr>\n<tr>\n<td>09\/12\/2025<\/td>\n<td>Moci\u00f3n que presenta el grupo municipal Junts-CM por la revisi\u00f3n de la zonificaci\u00f3n tarifaria y la mejora del servicio de transporte p\u00fablico en Mont-roig del Camp(<a class=\"ext-link wpel-icon-right\" href=\"https:\/\/media.seu-e.cat\/acteca\/4309230008\/2025\/34c6e171-6f0f-4c77-8891-34a95f8c7947\/15_2025%20Acta%20Ple%20de%20data%209%20desembre%202025].pdf\" target=\"_blank\" rel=\"noopener nofollow external noreferrer\" data-wpel-link=\"external\">enlace<\/a>)<\/td>\n<\/tr>\n<tr>\n<td><\/td>\n<td><\/td>\n<\/tr>\n<tr>\n<td><\/td>\n<td><\/td>\n<\/tr>\n<tr>\n<td><\/td>\n<td>Moci\u00f3n que presenta el grupo municipal Junts para la implementaci\u00f3n de los servicios \u201cTruca a Casa\u201d en los equipamientos municipales de Mont-roig del Camp. (<a class=\"ext-link wpel-icon-right\" href=\"https:\/\/media.seu-e.cat\/acteca\/4309230008\/2025\/34c6e171-6f0f-4c77-8891-34a95f8c7947\/15_2025%20Acta%20Ple%20de%20data%209%20desembre%202025].pdf\" target=\"_blank\" rel=\"noopener nofollow external noreferrer\" data-wpel-link=\"external\">enlace<\/a>)<\/td>\n<\/tr>\n<tr>\n<td><\/td>\n<td><\/td>\n<\/tr>\n<\/tbody>\n<\/table>\n<hr \/>\n<h4><em>Esquerra Republicana de Catalunya \u2013\u00a0 Acord Municipal<\/em><\/h4>\n<ul>\n<li>\n<h5><a href=\"https:\/\/gmerc-am.mont-roig.cat\/\" target=\"_blank\" rel=\"noopener noreferrer\" data-wpel-link=\"internal\">Blog del grupo municipal d\u2019ERC-AM<\/a><\/h5>\n<\/li>\n<li>\n<h5>Mociones al Pleno del \u00faltimo a\u00f1o 2025:<\/h5>\n<\/li>\n<\/ul>\n<table width=\"675\">\n<tbody>\n<tr>\n<td width=\"99\">14\/04\/2025<\/td>\n<td width=\"576\">Moci\u00f3n que presenta el grupo municipal ERC-AM en defensa del rol de los Jueces y Juezas de Paz y por la recuperaci\u00f3n de sus funciones hist\u00f3ricas (<a class=\"ext-link wpel-icon-right\" href=\"https:\/\/media.seu-e.cat\/acteca\/4309230008\/2025\/350d9130-476b-40e1-957e-1131d05d0aaa\/04_2025%20Acta%20del%20Ple%20de%20data%2014%20d%27abril%20de%202025].pdf\" target=\"_blank\" rel=\"noopener nofollow external noreferrer\" data-wpel-link=\"external\">enlace<\/a>).<\/td>\n<\/tr>\n<tr>\n<td><\/td>\n<td><\/td>\n<\/tr>\n<tr>\n<td><\/td>\n<td><\/td>\n<\/tr>\n<tr>\n<td><\/td>\n<td><\/td>\n<\/tr>\n<tr>\n<td>09\/06\/2025<\/td>\n<td>Moci\u00f3n que presenta el grupo municipal ERC-AM de apoyo al Pacto Nacional por la Lengua y por el Impulso de actuaciones municipales en defensa del catal\u00e1n (<a class=\"ext-link wpel-icon-right\" href=\"https:\/\/media.seu-e.cat\/acteca\/4309230008\/2025\/ba90b8bb-4c9c-4b3a-b4eb-2d2b237d4e93\/06_2025%20Acta%20Ple%20de%20data%209%20de%20juny%20de%202025].pdf\" target=\"_blank\" rel=\"noopener nofollow external noreferrer\" data-wpel-link=\"external\">enlace<\/a>).<\/td>\n<\/tr>\n<tr>\n<td><\/td>\n<td><\/td>\n<\/tr>\n<tr>\n<td><\/td>\n<td><\/td>\n<\/tr>\n<tr>\n<td><\/td>\n<td><\/td>\n<\/tr>\n<tr>\n<td>20\/10\/2025<\/td>\n<td>Moci\u00f3n que presenta el grupo municipal ERC-AM de apoyo al modelo ling\u00fc\u00edstico educativo de Catalu\u00f1a y contra la setencia 2949\/2025 del TSJC (<a class=\"ext-link wpel-icon-right\" href=\"https:\/\/media.seu-e.cat\/acteca\/4309230008\/2025\/5c60294f-76be-4c57-aaee-4c2e5f975986\/12_2025%20Acta%20del%20Ple%20de%20data%2020%20d%27octubre%20de%202025].pdf\" target=\"_blank\" rel=\"noopener nofollow external noreferrer\" data-wpel-link=\"external\">enlace<\/a>).<\/td>\n<\/tr>\n<tr>\n<td><\/td>\n<td><\/td>\n<\/tr>\n<tr>\n<td><\/td>\n<td><\/td>\n<\/tr>\n<tr>\n<td><\/td>\n<td>Moci\u00f3n que presenta el grupo municipal ERC-AM sobre el futuro del presupuesto de la Uni\u00f3n Europea y en defensa del papel de los Entes Locales y regionales (<a class=\"ext-link wpel-icon-right\" href=\"https:\/\/media.seu-e.cat\/acteca\/4309230008\/2025\/5c60294f-76be-4c57-aaee-4c2e5f975986\/12_2025%20Acta%20del%20Ple%20de%20data%2020%20d%27octubre%20de%202025].pdf\" target=\"_blank\" rel=\"noopener nofollow external noreferrer\" data-wpel-link=\"external\">enlace<\/a>).<\/td>\n<\/tr>\n<tr>\n<td><\/td>\n<td><\/td>\n<\/tr>\n<\/tbody>\n<\/table>\n<hr \/>\n<h4><em>Plataforma Impulso Miami Mont-roig<\/em><\/h4>\n<ul>\n<li>\n<h5><a href=\"https:\/\/gmimm.mont-roig.cat\/\" target=\"_blank\" rel=\"noopener noreferrer\" data-wpel-link=\"internal\">Blog del grupo municipal d\u2019IMM<\/a><\/h5>\n<\/li>\n<\/ul>\n<hr \/>\n<h4><em>VOX<\/em><\/h4>\n<ul>\n<li>\n<h5><a href=\"https:\/\/www.facebook.com\/VOXMiamiMontroig\/\" target=\"_blank\" rel=\"noopener\">Blog del grupo municipal VOX<\/a><\/h5>\n<\/li>\n<\/ul>\n","protected":false},"excerpt":{"rendered":"<p>El Ayuntamiento de Mont-roig del Camp queda representado con los grupos municipales siguientes, una vez celebrado el Pleno de constituci\u00f3n de la Corporaci\u00f3n Municipal, el 17 de junio de 2023: &nbsp; Partit dels Socialistes de Catalunya \u2013Candidatura de Progr\u00e9s (PSC-CP) Blog del grupo municipal PSC-CP Junts per Mont-roig del Camp- Comprom\u00eds Municipal (CM) Blog del [&hellip;]<\/p>\n","protected":false},"author":13,"featured_media":0,"parent":9287,"menu_order":0,"comment_status":"closed","ping_status":"closed","template":"","meta":{"inline_featured_image":false,"_monsterinsights_skip_tracking":false,"_monsterinsights_sitenote_active":false,"_monsterinsights_sitenote_note":"","_monsterinsights_sitenote_category":0,"footnotes":""},"class_list":["post-89902","page","type-page","status-publish","hentry"],"yoast_head":"<!-- This site is optimized with the Yoast SEO plugin v27.4 - https:\/\/yoast.com\/product\/yoast-seo-wordpress\/ -->\n<title>Grupos municipales - Ajuntament de Mont-roig del Camp<\/title>\n<meta name=\"robots\" content=\"index, follow, max-snippet:-1, max-image-preview:large, max-video-preview:-1\" \/>\n<link rel=\"canonical\" href=\"https:\/\/mont-roig.cat\/es\/ayuntamiento\/organs-de-representacio\/grupos-municipales\/\" \/>\n<meta property=\"og:locale\" content=\"es_ES\" \/>\n<meta property=\"og:type\" content=\"article\" \/>\n<meta property=\"og:title\" content=\"Grupos municipales - Ajuntament de Mont-roig del Camp\" \/>\n<meta property=\"og:description\" content=\"El Ayuntamiento de Mont-roig del Camp queda representado con los grupos municipales siguientes, una vez celebrado el Pleno de constituci\u00f3n de la Corporaci\u00f3n Municipal, el 17 de junio de 2023: &nbsp; Partit dels Socialistes de Catalunya \u2013Candidatura de Progr\u00e9s (PSC-CP) Blog del grupo municipal PSC-CP Junts per Mont-roig del Camp- Comprom\u00eds Municipal (CM) Blog del [&hellip;]\" \/>\n<meta property=\"og:url\" content=\"https:\/\/mont-roig.cat\/es\/ayuntamiento\/organs-de-representacio\/grupos-municipales\/\" \/>\n<meta property=\"og:site_name\" content=\"Ajuntament de Mont-roig del Camp\" \/>\n<meta property=\"article:modified_time\" content=\"2026-03-06T08:34:24+00:00\" \/>\n<meta property=\"og:image\" content=\"https:\/\/mont-roig.cat\/wp-content\/uploads\/aj-mont-roig-2.jpg\" \/>\n\t<meta property=\"og:image:width\" content=\"1200\" \/>\n\t<meta property=\"og:image:height\" content=\"600\" \/>\n\t<meta property=\"og:image:type\" content=\"image\/jpeg\" \/>\n<meta name=\"twitter:card\" content=\"summary_large_image\" \/>\n<meta name=\"twitter:label1\" content=\"Tiempo de lectura\" \/>\n\t<meta name=\"twitter:data1\" content=\"2 minutos\" \/>\n<script type=\"application\/ld+json\" class=\"yoast-schema-graph\">{\"@context\":\"https:\\\/\\\/schema.org\",\"@graph\":[{\"@type\":\"WebPage\",\"@id\":\"https:\\\/\\\/mont-roig.cat\\\/es\\\/ayuntamiento\\\/organs-de-representacio\\\/grupos-municipales\\\/\",\"url\":\"https:\\\/\\\/mont-roig.cat\\\/es\\\/ayuntamiento\\\/organs-de-representacio\\\/grupos-municipales\\\/\",\"name\":\"Grupos municipales - Ajuntament de Mont-roig del Camp\",\"isPartOf\":{\"@id\":\"https:\\\/\\\/mont-roig.cat\\\/es\\\/#website\"},\"datePublished\":\"2026-03-05T13:59:04+00:00\",\"dateModified\":\"2026-03-06T08:34:24+00:00\",\"breadcrumb\":{\"@id\":\"https:\\\/\\\/mont-roig.cat\\\/es\\\/ayuntamiento\\\/organs-de-representacio\\\/grupos-municipales\\\/#breadcrumb\"},\"inLanguage\":\"es\",\"potentialAction\":[{\"@type\":\"ReadAction\",\"target\":[\"https:\\\/\\\/mont-roig.cat\\\/es\\\/ayuntamiento\\\/organs-de-representacio\\\/grupos-municipales\\\/\"]}]},{\"@type\":\"BreadcrumbList\",\"@id\":\"https:\\\/\\\/mont-roig.cat\\\/es\\\/ayuntamiento\\\/organs-de-representacio\\\/grupos-municipales\\\/#breadcrumb\",\"itemListElement\":[{\"@type\":\"ListItem\",\"position\":1,\"name\":\"Inici\",\"item\":\"https:\\\/\\\/mont-roig.cat\\\/es\\\/pagina-de-inicio\\\/\"},{\"@type\":\"ListItem\",\"position\":2,\"name\":\"Ayuntamiento\",\"item\":\"https:\\\/\\\/mont-roig.cat\\\/es\\\/ayuntamiento\\\/\"},{\"@type\":\"ListItem\",\"position\":3,\"name\":\"\u00d3rganos de representaci\u00f3n\",\"item\":\"https:\\\/\\\/mont-roig.cat\\\/es\\\/ayuntamiento\\\/organs-de-representacio\\\/\"},{\"@type\":\"ListItem\",\"position\":4,\"name\":\"Grupos municipales\"}]},{\"@type\":\"WebSite\",\"@id\":\"https:\\\/\\\/mont-roig.cat\\\/es\\\/#website\",\"url\":\"https:\\\/\\\/mont-roig.cat\\\/es\\\/\",\"name\":\"Ajuntament de Mont-roig del Camp\",\"description\":\"Tota la informaci\u00f3 sobre la instituci\u00f3, els seus \u00f2rgans de govern, actualitat, serveis i molt m\u00e9s.\",\"potentialAction\":[{\"@type\":\"SearchAction\",\"target\":{\"@type\":\"EntryPoint\",\"urlTemplate\":\"https:\\\/\\\/mont-roig.cat\\\/es\\\/?s={search_term_string}\"},\"query-input\":{\"@type\":\"PropertyValueSpecification\",\"valueRequired\":true,\"valueName\":\"search_term_string\"}}],\"inLanguage\":\"es\"}]}<\/script>\n<!-- \/ Yoast SEO plugin. -->","yoast_head_json":{"title":"Grupos municipales - Ajuntament de Mont-roig del Camp","robots":{"index":"index","follow":"follow","max-snippet":"max-snippet:-1","max-image-preview":"max-image-preview:large","max-video-preview":"max-video-preview:-1"},"canonical":"https:\/\/mont-roig.cat\/es\/ayuntamiento\/organs-de-representacio\/grupos-municipales\/","og_locale":"es_ES","og_type":"article","og_title":"Grupos municipales - Ajuntament de Mont-roig del Camp","og_description":"El Ayuntamiento de Mont-roig del Camp queda representado con los grupos municipales siguientes, una vez celebrado el Pleno de constituci\u00f3n de la Corporaci\u00f3n Municipal, el 17 de junio de 2023: &nbsp; Partit dels Socialistes de Catalunya \u2013Candidatura de Progr\u00e9s (PSC-CP) Blog del grupo municipal PSC-CP Junts per Mont-roig del Camp- Comprom\u00eds Municipal (CM) Blog del [&hellip;]","og_url":"https:\/\/mont-roig.cat\/es\/ayuntamiento\/organs-de-representacio\/grupos-municipales\/","og_site_name":"Ajuntament de Mont-roig del Camp","article_modified_time":"2026-03-06T08:34:24+00:00","og_image":[{"width":1200,"height":600,"url":"https:\/\/mont-roig.cat\/wp-content\/uploads\/aj-mont-roig-2.jpg","type":"image\/jpeg"}],"twitter_card":"summary_large_image","twitter_misc":{"Tiempo de lectura":"2 minutos"},"schema":{"@context":"https:\/\/schema.org","@graph":[{"@type":"WebPage","@id":"https:\/\/mont-roig.cat\/es\/ayuntamiento\/organs-de-representacio\/grupos-municipales\/","url":"https:\/\/mont-roig.cat\/es\/ayuntamiento\/organs-de-representacio\/grupos-municipales\/","name":"Grupos municipales - Ajuntament de Mont-roig del Camp","isPartOf":{"@id":"https:\/\/mont-roig.cat\/es\/#website"},"datePublished":"2026-03-05T13:59:04+00:00","dateModified":"2026-03-06T08:34:24+00:00","breadcrumb":{"@id":"https:\/\/mont-roig.cat\/es\/ayuntamiento\/organs-de-representacio\/grupos-municipales\/#breadcrumb"},"inLanguage":"es","potentialAction":[{"@type":"ReadAction","target":["https:\/\/mont-roig.cat\/es\/ayuntamiento\/organs-de-representacio\/grupos-municipales\/"]}]},{"@type":"BreadcrumbList","@id":"https:\/\/mont-roig.cat\/es\/ayuntamiento\/organs-de-representacio\/grupos-municipales\/#breadcrumb","itemListElement":[{"@type":"ListItem","position":1,"name":"Inici","item":"https:\/\/mont-roig.cat\/es\/pagina-de-inicio\/"},{"@type":"ListItem","position":2,"name":"Ayuntamiento","item":"https:\/\/mont-roig.cat\/es\/ayuntamiento\/"},{"@type":"ListItem","position":3,"name":"\u00d3rganos de representaci\u00f3n","item":"https:\/\/mont-roig.cat\/es\/ayuntamiento\/organs-de-representacio\/"},{"@type":"ListItem","position":4,"name":"Grupos municipales"}]},{"@type":"WebSite","@id":"https:\/\/mont-roig.cat\/es\/#website","url":"https:\/\/mont-roig.cat\/es\/","name":"Ajuntament de Mont-roig del Camp","description":"Tota la informaci\u00f3 sobre la instituci\u00f3, els seus \u00f2rgans de govern, actualitat, serveis i molt m\u00e9s.","potentialAction":[{"@type":"SearchAction","target":{"@type":"EntryPoint","urlTemplate":"https:\/\/mont-roig.cat\/es\/?s={search_term_string}"},"query-input":{"@type":"PropertyValueSpecification","valueRequired":true,"valueName":"search_term_string"}}],"inLanguage":"es"}]}},"_links":{"self":[{"href":"https:\/\/mont-roig.cat\/es\/wp-json\/wp\/v2\/pages\/89902","targetHints":{"allow":["GET"]}}],"collection":[{"href":"https:\/\/mont-roig.cat\/es\/wp-json\/wp\/v2\/pages"}],"about":[{"href":"https:\/\/mont-roig.cat\/es\/wp-json\/wp\/v2\/types\/page"}],"author":[{"embeddable":true,"href":"https:\/\/mont-roig.cat\/es\/wp-json\/wp\/v2\/users\/13"}],"replies":[{"embeddable":true,"href":"https:\/\/mont-roig.cat\/es\/wp-json\/wp\/v2\/comments?post=89902"}],"version-history":[{"count":3,"href":"https:\/\/mont-roig.cat\/es\/wp-json\/wp\/v2\/pages\/89902\/revisions"}],"predecessor-version":[{"id":89910,"href":"https:\/\/mont-roig.cat\/es\/wp-json\/wp\/v2\/pages\/89902\/revisions\/89910"}],"up":[{"embeddable":true,"href":"https:\/\/mont-roig.cat\/es\/wp-json\/wp\/v2\/pages\/9287"}],"wp:attachment":[{"href":"https:\/\/mont-roig.cat\/es\/wp-json\/wp\/v2\/media?parent=89902"}],"curies":[{"name":"wp","href":"https:\/\/api.w.org\/{rel}","templated":true}]}}