{"id":91863,"date":"2026-05-12T12:13:48","date_gmt":"2026-05-12T10:13:48","guid":{"rendered":"https:\/\/mont-roig.cat\/?page_id=91863"},"modified":"2026-05-12T12:30:05","modified_gmt":"2026-05-12T10:30:05","slug":"servicios","status":"publish","type":"page","link":"https:\/\/mont-roig.cat\/es\/ayuntamiento\/areas\/playas\/servicios\/","title":{"rendered":"Servicios"},"content":{"rendered":"<div class=\"wpb-content-wrapper\">[vc_row][vc_column][vc_column_text css=&#8221;&#8221;]El Ayuntamiento de Mont-roig del Camp tiene asignada, entre otras funciones, la competencia en materia de seguridad, limpieza y salubridad en las playas. Por este motivo, pone a disposici\u00f3n de la ciudadan\u00eda un conjunto de servicios municipales esenciales para garantizar que las playas del municipio sean espacios seguros para el disfrute de todos.<\/p>\n<p>El municipio dispone de 12 playas y 9 calas. Dada la dificultad de dar cobertura de servicios a la totalidad de este \u00e1mbito \u2014que comprende aproximadamente 12 kil\u00f3metros de litoral\u2014, se prioriza la dotaci\u00f3n de equipamientos y servicios en aquellas playas de mayor amplitud y capacidad de carga y, en consecuencia, con una afluencia m\u00e1s elevada de usuarios.[\/vc_column_text][\/vc_column][\/vc_row][vc_row][vc_column][vc_toggle title=&#8221;Salvamento, vigilancia y socorrismo (SOS)&#8221; css=&#8221;&#8221;]<strong>\u00c1mbito del servicio:<\/strong><\/p>\n<ul>\n<li>Playa de la Pixerota y Punta de la Pixerota<\/li>\n<li>Playa de la Casa de los Ladrones \u2013 Playa del Estanque Helado<\/li>\n<li>Playa Cristal<\/li>\n<\/ul>\n<p><strong>Fechas:<\/strong> del 1 de julio al 31 de agosto<br \/>\n\u00daltimo fin de semana de junio<br \/>\nPrimer fin de semana de septiembre<\/p>\n<p><strong>Horario:<\/strong> diariamente<br \/>\nDe las 11:00 h a las 19:00 h de manera ininterrumpida[\/vc_toggle][vc_toggle title=&#8221;Servicio de balizamiento&#8221; css=&#8221;&#8221;]Delimitaci\u00f3n de la zona de ba\u00f1o mediante balizamiento a una distancia de 200 metros de la l\u00ednea de costa.<\/p>\n<p>Carriles n\u00e1uticos de entrada y salida de embarcaciones en:<\/p>\n<ul>\n<li>Playa de la Pixerota<\/li>\n<li>Playa de la Casa de los Ladrones<\/li>\n<li>Playa de los Pe\u00f1ales<\/li>\n<li>Playa Cristal (2 carriles)<\/li>\n<\/ul>\n<p>Fechas: del 15 de mayo al 30 de septiembre.[\/vc_toggle][vc_toggle title=&#8221;Playa apta para perros&#8221; css=&#8221;&#8221;]<strong>Ubicaci\u00f3n:<\/strong> Playa Punta del Riu \u2013 Playa Cristal<\/p>\n<p><strong>Per\u00edodo:<\/strong> uso permitido durante todo el a\u00f1o<\/p>\n<p>En el resto de playas del municipio, la presencia de perros queda restringida durante la temporada de ba\u00f1o, comprendida entre el 15 de mayo y el 30 de septiembre<\/p>\n<p>Es imprescindible cumplir la normativa sobre perros y otros animales de compa\u00f1\u00eda de la Generalitat y la ordenanza municipal sobre el uso de los espacios p\u00fablicos.[\/vc_toggle][vc_toggle title=&#8221;Cabinas sanitarias (WC)&#8221; css=&#8221;&#8221;]Uso p\u00fablico y gratuito.<\/p>\n<p><strong>Fechas:<\/strong> del 15 de junio al 15 de septiembre<\/p>\n<p><strong>Ubicaciones:<\/strong><\/p>\n<ul>\n<li>Playa de la Pixerota<\/li>\n<li>Playa de la Casa dels Lladres<\/li>\n<li>Playa de l\u2019Estany Gelat<\/li>\n<li>Cala dels Penyals<\/li>\n<li>Cala Calazul<\/li>\n<li>Cala dels \u00c0ngels<\/li>\n<li>Playa Cristall<\/li>\n<\/ul>\n[\/vc_toggle][vc_toggle title=&#8221;Accesibilidad y puntos adaptados&#8221; css=&#8221;&#8221;]Todas las playas del municipio disponen de pasarelas adaptadas que conectan la zona urbana o de aparcamiento m\u00e1s cercana hasta aproximadamente 6 metros de la l\u00ednea de agua.<\/p>\n<p>En las playas de la Pixerota y Cristall, los puntos de socorrismo ofrecen el servicio de acompa\u00f1amiento para personas con movilidad reducida.<\/p>\n<p>Las calas de Miami Platja, debido a sus caracter\u00edsticas geogr\u00e1ficas, formadas por acantilados, no disponen de itinerarios adaptados y el acceso se realiza mediante escaleras.[\/vc_toggle][\/vc_column][\/vc_row]\n<\/div>","protected":false},"excerpt":{"rendered":"<p>[vc_row][vc_column][vc_column_text css=&#8221;&#8221;]El Ayuntamiento de Mont-roig del Camp tiene asignada, entre otras funciones, la competencia en materia de seguridad, limpieza y salubridad en las playas. Por este motivo, pone a disposici\u00f3n de la ciudadan\u00eda un conjunto de servicios municipales esenciales para garantizar que las playas del municipio sean espacios seguros para el disfrute de todos. El [&hellip;]<\/p>\n","protected":false},"author":13,"featured_media":0,"parent":91626,"menu_order":3,"comment_status":"closed","ping_status":"closed","template":"","meta":{"inline_featured_image":false,"_monsterinsights_skip_tracking":false,"_monsterinsights_sitenote_active":false,"_monsterinsights_sitenote_note":"","_monsterinsights_sitenote_category":0,"footnotes":""},"class_list":["post-91863","page","type-page","status-publish","hentry"],"yoast_head":"<!-- This site is optimized with the Yoast SEO plugin v27.4 - https:\/\/yoast.com\/product\/yoast-seo-wordpress\/ -->\n<title>Servicios - Ajuntament de Mont-roig del Camp<\/title>\n<meta name=\"robots\" content=\"index, follow, max-snippet:-1, max-image-preview:large, max-video-preview:-1\" \/>\n<link rel=\"canonical\" href=\"https:\/\/mont-roig.cat\/es\/ayuntamiento\/areas\/playas\/servicios\/\" \/>\n<meta property=\"og:locale\" content=\"es_ES\" \/>\n<meta property=\"og:type\" content=\"article\" \/>\n<meta property=\"og:title\" content=\"Servicios - Ajuntament de Mont-roig del Camp\" \/>\n<meta property=\"og:description\" content=\"[vc_row][vc_column][vc_column_text css=&#8221;&#8221;]El Ayuntamiento de Mont-roig del Camp tiene asignada, entre otras funciones, la competencia en materia de seguridad, limpieza y salubridad en las playas. Por este motivo, pone a disposici\u00f3n de la ciudadan\u00eda un conjunto de servicios municipales esenciales para garantizar que las playas del municipio sean espacios seguros para el disfrute de todos. El [&hellip;]\" \/>\n<meta property=\"og:url\" content=\"https:\/\/mont-roig.cat\/es\/ayuntamiento\/areas\/playas\/servicios\/\" \/>\n<meta property=\"og:site_name\" content=\"Ajuntament de Mont-roig del Camp\" \/>\n<meta property=\"article:modified_time\" content=\"2026-05-12T10:30:05+00:00\" \/>\n<meta property=\"og:image\" content=\"https:\/\/mont-roig.cat\/wp-content\/uploads\/aj-mont-roig-2.jpg\" \/>\n\t<meta property=\"og:image:width\" content=\"1200\" \/>\n\t<meta property=\"og:image:height\" content=\"600\" \/>\n\t<meta property=\"og:image:type\" content=\"image\/jpeg\" \/>\n<meta name=\"twitter:card\" content=\"summary_large_image\" \/>\n<meta name=\"twitter:label1\" content=\"Tiempo de lectura\" \/>\n\t<meta name=\"twitter:data1\" content=\"3 minutos\" \/>\n<script type=\"application\/ld+json\" class=\"yoast-schema-graph\">{\"@context\":\"https:\\\/\\\/schema.org\",\"@graph\":[{\"@type\":\"WebPage\",\"@id\":\"https:\\\/\\\/mont-roig.cat\\\/es\\\/ayuntamiento\\\/areas\\\/playas\\\/servicios\\\/\",\"url\":\"https:\\\/\\\/mont-roig.cat\\\/es\\\/ayuntamiento\\\/areas\\\/playas\\\/servicios\\\/\",\"name\":\"Servicios - Ajuntament de Mont-roig del Camp\",\"isPartOf\":{\"@id\":\"https:\\\/\\\/mont-roig.cat\\\/es\\\/#website\"},\"datePublished\":\"2026-05-12T10:13:48+00:00\",\"dateModified\":\"2026-05-12T10:30:05+00:00\",\"breadcrumb\":{\"@id\":\"https:\\\/\\\/mont-roig.cat\\\/es\\\/ayuntamiento\\\/areas\\\/playas\\\/servicios\\\/#breadcrumb\"},\"inLanguage\":\"es\",\"potentialAction\":[{\"@type\":\"ReadAction\",\"target\":[\"https:\\\/\\\/mont-roig.cat\\\/es\\\/ayuntamiento\\\/areas\\\/playas\\\/servicios\\\/\"]}]},{\"@type\":\"BreadcrumbList\",\"@id\":\"https:\\\/\\\/mont-roig.cat\\\/es\\\/ayuntamiento\\\/areas\\\/playas\\\/servicios\\\/#breadcrumb\",\"itemListElement\":[{\"@type\":\"ListItem\",\"position\":1,\"name\":\"Inici\",\"item\":\"https:\\\/\\\/mont-roig.cat\\\/es\\\/pagina-de-inicio\\\/\"},{\"@type\":\"ListItem\",\"position\":2,\"name\":\"Ayuntamiento\",\"item\":\"https:\\\/\\\/mont-roig.cat\\\/es\\\/ayuntamiento\\\/\"},{\"@type\":\"ListItem\",\"position\":3,\"name\":\"\u00c1reas\",\"item\":\"https:\\\/\\\/mont-roig.cat\\\/es\\\/ayuntamiento\\\/areas\\\/\"},{\"@type\":\"ListItem\",\"position\":4,\"name\":\"Playas\",\"item\":\"https:\\\/\\\/mont-roig.cat\\\/es\\\/ayuntamiento\\\/areas\\\/playas\\\/\"},{\"@type\":\"ListItem\",\"position\":5,\"name\":\"Servicios\"}]},{\"@type\":\"WebSite\",\"@id\":\"https:\\\/\\\/mont-roig.cat\\\/es\\\/#website\",\"url\":\"https:\\\/\\\/mont-roig.cat\\\/es\\\/\",\"name\":\"Ajuntament de Mont-roig del Camp\",\"description\":\"Tota la informaci\u00f3 sobre la instituci\u00f3, els seus \u00f2rgans de govern, actualitat, serveis i molt m\u00e9s.\",\"potentialAction\":[{\"@type\":\"SearchAction\",\"target\":{\"@type\":\"EntryPoint\",\"urlTemplate\":\"https:\\\/\\\/mont-roig.cat\\\/es\\\/?s={search_term_string}\"},\"query-input\":{\"@type\":\"PropertyValueSpecification\",\"valueRequired\":true,\"valueName\":\"search_term_string\"}}],\"inLanguage\":\"es\"}]}<\/script>\n<!-- \/ Yoast SEO plugin. -->","yoast_head_json":{"title":"Servicios - Ajuntament de Mont-roig del Camp","robots":{"index":"index","follow":"follow","max-snippet":"max-snippet:-1","max-image-preview":"max-image-preview:large","max-video-preview":"max-video-preview:-1"},"canonical":"https:\/\/mont-roig.cat\/es\/ayuntamiento\/areas\/playas\/servicios\/","og_locale":"es_ES","og_type":"article","og_title":"Servicios - Ajuntament de Mont-roig del Camp","og_description":"[vc_row][vc_column][vc_column_text css=&#8221;&#8221;]El Ayuntamiento de Mont-roig del Camp tiene asignada, entre otras funciones, la competencia en materia de seguridad, limpieza y salubridad en las playas. Por este motivo, pone a disposici\u00f3n de la ciudadan\u00eda un conjunto de servicios municipales esenciales para garantizar que las playas del municipio sean espacios seguros para el disfrute de todos. El [&hellip;]","og_url":"https:\/\/mont-roig.cat\/es\/ayuntamiento\/areas\/playas\/servicios\/","og_site_name":"Ajuntament de Mont-roig del Camp","article_modified_time":"2026-05-12T10:30:05+00:00","og_image":[{"width":1200,"height":600,"url":"https:\/\/mont-roig.cat\/wp-content\/uploads\/aj-mont-roig-2.jpg","type":"image\/jpeg"}],"twitter_card":"summary_large_image","twitter_misc":{"Tiempo de lectura":"3 minutos"},"schema":{"@context":"https:\/\/schema.org","@graph":[{"@type":"WebPage","@id":"https:\/\/mont-roig.cat\/es\/ayuntamiento\/areas\/playas\/servicios\/","url":"https:\/\/mont-roig.cat\/es\/ayuntamiento\/areas\/playas\/servicios\/","name":"Servicios - Ajuntament de Mont-roig del Camp","isPartOf":{"@id":"https:\/\/mont-roig.cat\/es\/#website"},"datePublished":"2026-05-12T10:13:48+00:00","dateModified":"2026-05-12T10:30:05+00:00","breadcrumb":{"@id":"https:\/\/mont-roig.cat\/es\/ayuntamiento\/areas\/playas\/servicios\/#breadcrumb"},"inLanguage":"es","potentialAction":[{"@type":"ReadAction","target":["https:\/\/mont-roig.cat\/es\/ayuntamiento\/areas\/playas\/servicios\/"]}]},{"@type":"BreadcrumbList","@id":"https:\/\/mont-roig.cat\/es\/ayuntamiento\/areas\/playas\/servicios\/#breadcrumb","itemListElement":[{"@type":"ListItem","position":1,"name":"Inici","item":"https:\/\/mont-roig.cat\/es\/pagina-de-inicio\/"},{"@type":"ListItem","position":2,"name":"Ayuntamiento","item":"https:\/\/mont-roig.cat\/es\/ayuntamiento\/"},{"@type":"ListItem","position":3,"name":"\u00c1reas","item":"https:\/\/mont-roig.cat\/es\/ayuntamiento\/areas\/"},{"@type":"ListItem","position":4,"name":"Playas","item":"https:\/\/mont-roig.cat\/es\/ayuntamiento\/areas\/playas\/"},{"@type":"ListItem","position":5,"name":"Servicios"}]},{"@type":"WebSite","@id":"https:\/\/mont-roig.cat\/es\/#website","url":"https:\/\/mont-roig.cat\/es\/","name":"Ajuntament de Mont-roig del Camp","description":"Tota la informaci\u00f3 sobre la instituci\u00f3, els seus \u00f2rgans de govern, actualitat, serveis i molt m\u00e9s.","potentialAction":[{"@type":"SearchAction","target":{"@type":"EntryPoint","urlTemplate":"https:\/\/mont-roig.cat\/es\/?s={search_term_string}"},"query-input":{"@type":"PropertyValueSpecification","valueRequired":true,"valueName":"search_term_string"}}],"inLanguage":"es"}]}},"_links":{"self":[{"href":"https:\/\/mont-roig.cat\/es\/wp-json\/wp\/v2\/pages\/91863","targetHints":{"allow":["GET"]}}],"collection":[{"href":"https:\/\/mont-roig.cat\/es\/wp-json\/wp\/v2\/pages"}],"about":[{"href":"https:\/\/mont-roig.cat\/es\/wp-json\/wp\/v2\/types\/page"}],"author":[{"embeddable":true,"href":"https:\/\/mont-roig.cat\/es\/wp-json\/wp\/v2\/users\/13"}],"replies":[{"embeddable":true,"href":"https:\/\/mont-roig.cat\/es\/wp-json\/wp\/v2\/comments?post=91863"}],"version-history":[{"count":3,"href":"https:\/\/mont-roig.cat\/es\/wp-json\/wp\/v2\/pages\/91863\/revisions"}],"predecessor-version":[{"id":91870,"href":"https:\/\/mont-roig.cat\/es\/wp-json\/wp\/v2\/pages\/91863\/revisions\/91870"}],"up":[{"embeddable":true,"href":"https:\/\/mont-roig.cat\/es\/wp-json\/wp\/v2\/pages\/91626"}],"wp:attachment":[{"href":"https:\/\/mont-roig.cat\/es\/wp-json\/wp\/v2\/media?parent=91863"}],"curies":[{"name":"wp","href":"https:\/\/api.w.org\/{rel}","templated":true}]}}