{"id":91874,"date":"2026-05-12T14:03:57","date_gmt":"2026-05-12T12:03:57","guid":{"rendered":"https:\/\/mont-roig.cat\/?page_id=91874"},"modified":"2026-05-12T14:03:57","modified_gmt":"2026-05-12T12:03:57","slug":"ecosistema-litoral","status":"publish","type":"page","link":"https:\/\/mont-roig.cat\/es\/ayuntamiento\/areas\/playas\/ecosistema-litoral\/","title":{"rendered":"Ecosistema litoral"},"content":{"rendered":"<div class=\"wpb-content-wrapper\">[vc_row][vc_column][vc_column_text css=&#8221;&#8221;]\n<p data-start=\"0\" data-end=\"184\">La gesti\u00f3n de las playas de Mont-roig del Camp integra criterios ambientales con el objetivo de preservar los valores naturales del litoral y garantizar un uso respetuoso y sostenible.<\/p>\n<p data-start=\"186\" data-end=\"352\">En este sentido, el Ayuntamiento impulsa diferentes actuaciones e iniciativas orientadas a proteger los ecosistemas litorales y fomentar la sensibilizaci\u00f3n ambiental.<\/p>\n[\/vc_column_text][\/vc_column][\/vc_row][vc_row][vc_column][vc_toggle title=&#8221;Playa sin humo&#8221; css=&#8221;&#8221;]\n<p data-start=\"374\" data-end=\"521\">El Ayuntamiento impuls\u00f3, en el verano de 2025, la iniciativa de playas sin humo con la voluntad de mejorar la calidad ambiental y la salud p\u00fablica.<\/p>\n<p data-start=\"523\" data-end=\"714\">Esta medida, que proh\u00edbe fumar en todas las playas del municipio, contribuye a reducir la presencia de residuos, como las colillas, y favorece unos espacios m\u00e1s limpios, seguros y saludables.<\/p>\n<p data-start=\"716\" data-end=\"834\">Esta restricci\u00f3n est\u00e1 regulada en la ordenanza municipal de uso y aprovechamiento de las playas de Mont-roig del Camp.<\/p>\n[\/vc_toggle][vc_toggle title=&#8221;Naturalizaci\u00f3n de las playas&#8221; css=&#8221;&#8221;]Arran del temporal mar\u00edtim Gl\u00f2ria de gener de 2020, que va afectar greument el litoral catal\u00e0, l\u2019Ajuntament de Mont-roig del Camp va replantejar el model de gesti\u00f3 de les platges amb l\u2019objectiu de reduir l\u2019impacte de les actuacions humanes i avan\u00e7ar cap a un model m\u00e9s sostenible.<\/p>\n<p data-start=\"870\" data-end=\"1155\">A ra\u00edz del temporal mar\u00edtimo Gloria de enero de 2020, que afect\u00f3 gravemente al litoral catal\u00e1n, el Ayuntamiento de Mont-roig del Camp replante\u00f3 el modelo de gesti\u00f3n de las playas con el objetivo de reducir el impacto de las actuaciones humanas y avanzar hacia un modelo m\u00e1s sostenible.<\/p>\n<p data-start=\"1157\" data-end=\"1449\">En este contexto, y teniendo en cuenta otros factores como los episodios de sequ\u00eda, la regresi\u00f3n de las playas a causa de los temporales, la pandemia de la COVID-19 o las obras de mejora del paseo de Les Cales, se adopt\u00f3 la decisi\u00f3n de reducir progresivamente las instalaciones en las playas.<\/p>\n<p data-start=\"1451\" data-end=\"1494\">Entre las principales actuaciones destacan:<\/p>\n<ul data-start=\"1496\" data-end=\"1829\">\n<li data-section-id=\"r3x55k\" data-start=\"1496\" data-end=\"1578\">Eliminaci\u00f3n de los chiringuitos en las calas de Miami Platja en las licitaciones<\/li>\n<li data-section-id=\"wk854o\" data-start=\"1579\" data-end=\"1688\">Retirada de papeleras de la arena, reforzando su presencia en los accesos y mejorando la recogida selectiva<\/li>\n<li data-section-id=\"13wgptz\" data-start=\"1689\" data-end=\"1758\">Fomento de la limpieza manual en detrimento de la maquinaria pesada<\/li>\n<li data-section-id=\"qsloll\" data-start=\"1759\" data-end=\"1829\">Formaci\u00f3n del personal para la identificaci\u00f3n de especies protegidas<\/li>\n<\/ul>\n<p data-start=\"1831\" data-end=\"1973\">Adem\u00e1s, en colaboraci\u00f3n con Ecologistas en Acci\u00f3n, se realiz\u00f3 un estudio de la flora y fauna aut\u00f3ctonas con el fin de mejorar su conservaci\u00f3n.<\/p>\n<p data-start=\"1975\" data-end=\"2155\">Finalmente, una de las medidas m\u00e1s destacadas ha sido la retirada del servicio de duchas en las playas, con el objetivo de ahorrar agua y reducir el impacto sobre el medio natural.<\/p>\n[\/vc_toggle][vc_toggle title=&#8221;Nidificaci\u00f3n de tortugas marinas&#8221; css=&#8221;&#8221;]\n<p data-start=\"2195\" data-end=\"2306\">El litoral catal\u00e1n puede acoger episodios puntuales de nidificaci\u00f3n de tortugas marinas, una especie protegida.<\/p>\n<p data-start=\"2308\" data-end=\"2507\">Ante estas situaciones, se activan protocolos espec\u00edficos de seguimiento y protecci\u00f3n en coordinaci\u00f3n con las administraciones competentes, con el objetivo de garantizar la conservaci\u00f3n de los nidos.<\/p>\n<p data-start=\"2509\" data-end=\"2578\">En caso de avistamiento, se debe contactar inmediatamente con el 112.<\/p>\n[\/vc_toggle][vc_toggle title=&#8221;Espacios naturales protegidos&#8221; css=&#8221;&#8221;]\n<h4 data-start=\"2615\" data-end=\"2634\">Estany Gelat:<\/h4>\n<p data-start=\"2635\" data-end=\"2707\">Playa de l\u2019Estany Gelat &#8211; desembocadura del torrente de l\u2019Estany Gelat<\/p>\n<ul data-start=\"2709\" data-end=\"2962\">\n<li data-section-id=\"1usojhh\" data-start=\"2709\" data-end=\"2754\">Zona h\u00fameda litoral de gran valor ecol\u00f3gico<\/li>\n<li data-section-id=\"yu1cfc\" data-start=\"2755\" data-end=\"2824\">Laguna de rambla con aguas salobres (mezcla de agua dulce y marina)<\/li>\n<li data-section-id=\"1dc8bvj\" data-start=\"2825\" data-end=\"2865\">Espacio incluido en la Red Natura 2000<\/li>\n<li data-section-id=\"1xsjfl1\" data-start=\"2866\" data-end=\"2962\">Presencia de h\u00e1bitats de inter\u00e9s comunitario (juncales hal\u00f3filos, saladares, carrizales, etc.)<\/li>\n<\/ul>\n<p data-start=\"2964\" data-end=\"2995\">Tiene un papel importante como:<\/p>\n<ul data-start=\"2997\" data-end=\"3292\">\n<li data-section-id=\"18jec2k\" data-start=\"2997\" data-end=\"3034\">Punto de parada de aves migratorias<\/li>\n<li data-section-id=\"ht4yis\" data-start=\"3035\" data-end=\"3102\">H\u00e1bitat de especies protegidas como el fartet (<em data-start=\"3084\" data-end=\"3101\">Aphanius iberus<\/em>)<\/li>\n<li data-section-id=\"16k6utr\" data-start=\"3104\" data-end=\"3292\">Visor cartogr\u00e1fico en este <a href=\"https:\/\/sig.gencat.cat\/visors\/hipermapa.html?param=param&amp;color=vermell&amp;background=orto_ICC&amp;BBOX=154934.710744,4485000,639065.289256,4752000&amp;layers=ESPAISNATURALS_PEIN\" target=\"_blank\" rel=\"noopener\">enlace<\/a>.<\/li>\n<\/ul>\n<h4 data-start=\"3294\" data-end=\"3323\">Llastres (Punta del Riu)<\/h4>\n<ul>\n<li data-section-id=\"1qfn5s5\" data-start=\"3325\" data-end=\"3393\">Zona h\u00fameda asociada a la desembocadura del r\u00edo\/rambla de Llastres<\/li>\n<li data-section-id=\"1w9070b\" data-start=\"3394\" data-end=\"3450\">Incluida en el Inventario de Zonas H\u00famedas de Catalu\u00f1a<\/li>\n<li data-section-id=\"1jhhmh9\" data-start=\"3451\" data-end=\"3541\">Espacio litoral din\u00e1mico, con aportaciones de agua principalmente en episodios de lluvia<\/li>\n<li data-section-id=\"seaj66\" data-start=\"3542\" data-end=\"3600\">Relaci\u00f3n directa con la playa (Punta del Riu \/ Cristall)<\/li>\n<li data-section-id=\"19e3eqt\" data-start=\"3602\" data-end=\"3792\">Visor cartogr\u00e1fico en este <a href=\"https:\/\/sig.gencat.cat\/visors\/hipermapa.html?param=param&amp;color=vermell&amp;background=orto_ICC&amp;BBOX=154934.710744,4485000,639065.289256,4752000&amp;layers=ESPAISNATURALS_PEIN\" target=\"_blank\" rel=\"noopener\">enlace<\/a>.<\/li>\n<\/ul>\n[\/vc_toggle][vc_toggle title=&#8221;Estado de las playas&#8221; css=&#8221;&#8221;]El estado de las playas puede consultarse a trav\u00e9s de la informaci\u00f3n actualizada facilitada por la Generalitat de Catalunya y la Agencia Catalana del Agua (ACA), principalmente mediante la aplicaci\u00f3n PlatgesCat, que ofrece datos en tiempo real sobre las condiciones de ba\u00f1o.[\/vc_toggle][vc_toggle title=&#8221;Calidad del agua de ba\u00f1o&#8221; css=&#8221;&#8221;]\n<p data-start=\"4126\" data-end=\"4269\">La calidad del agua se determina mediante controles peri\u00f3dicos que analizan indicadores microbiol\u00f3gicos para garantizar la salubridad del ba\u00f1o.<\/p>\n<p data-start=\"4271\" data-end=\"4374\">Durante la temporada de ba\u00f1o, se realizan controles peri\u00f3dicos en diversas zonas de ba\u00f1o del municipio.<\/p>\n[\/vc_toggle][\/vc_column][\/vc_row]\n<\/div>","protected":false},"excerpt":{"rendered":"<p>[vc_row][vc_column][vc_column_text css=&#8221;&#8221;] La gesti\u00f3n de las playas de Mont-roig del Camp integra criterios ambientales con el objetivo de preservar los valores naturales del litoral y garantizar un uso respetuoso y sostenible. En este sentido, el Ayuntamiento impulsa diferentes actuaciones e iniciativas orientadas a proteger los ecosistemas litorales y fomentar la sensibilizaci\u00f3n ambiental. [\/vc_column_text][\/vc_column][\/vc_row][vc_row][vc_column][vc_toggle title=&#8221;Playa sin [&hellip;]<\/p>\n","protected":false},"author":13,"featured_media":0,"parent":91626,"menu_order":4,"comment_status":"closed","ping_status":"closed","template":"","meta":{"inline_featured_image":false,"_monsterinsights_skip_tracking":false,"_monsterinsights_sitenote_active":false,"_monsterinsights_sitenote_note":"","_monsterinsights_sitenote_category":0,"footnotes":""},"class_list":["post-91874","page","type-page","status-publish","hentry"],"yoast_head":"<!-- This site is optimized with the Yoast SEO plugin v27.4 - https:\/\/yoast.com\/product\/yoast-seo-wordpress\/ -->\n<title>Ecosistema litoral - Ajuntament de Mont-roig del Camp<\/title>\n<meta name=\"robots\" content=\"index, follow, max-snippet:-1, max-image-preview:large, max-video-preview:-1\" \/>\n<link rel=\"canonical\" href=\"https:\/\/mont-roig.cat\/es\/ayuntamiento\/areas\/playas\/ecosistema-litoral\/\" \/>\n<meta property=\"og:locale\" content=\"es_ES\" \/>\n<meta property=\"og:type\" content=\"article\" \/>\n<meta property=\"og:title\" content=\"Ecosistema litoral - Ajuntament de Mont-roig del Camp\" \/>\n<meta property=\"og:description\" content=\"[vc_row][vc_column][vc_column_text css=&#8221;&#8221;] La gesti\u00f3n de las playas de Mont-roig del Camp integra criterios ambientales con el objetivo de preservar los valores naturales del litoral y garantizar un uso respetuoso y sostenible. En este sentido, el Ayuntamiento impulsa diferentes actuaciones e iniciativas orientadas a proteger los ecosistemas litorales y fomentar la sensibilizaci\u00f3n ambiental. [\/vc_column_text][\/vc_column][\/vc_row][vc_row][vc_column][vc_toggle title=&#8221;Playa sin [&hellip;]\" \/>\n<meta property=\"og:url\" content=\"https:\/\/mont-roig.cat\/es\/ayuntamiento\/areas\/playas\/ecosistema-litoral\/\" \/>\n<meta property=\"og:site_name\" content=\"Ajuntament de Mont-roig del Camp\" \/>\n<meta property=\"og:image\" content=\"https:\/\/mont-roig.cat\/wp-content\/uploads\/aj-mont-roig-2.jpg\" \/>\n\t<meta property=\"og:image:width\" content=\"1200\" \/>\n\t<meta property=\"og:image:height\" content=\"600\" \/>\n\t<meta property=\"og:image:type\" content=\"image\/jpeg\" \/>\n<meta name=\"twitter:card\" content=\"summary_large_image\" \/>\n<meta name=\"twitter:label1\" content=\"Tiempo de lectura\" \/>\n\t<meta name=\"twitter:data1\" content=\"4 minutos\" \/>\n<script type=\"application\/ld+json\" class=\"yoast-schema-graph\">{\"@context\":\"https:\\\/\\\/schema.org\",\"@graph\":[{\"@type\":\"WebPage\",\"@id\":\"https:\\\/\\\/mont-roig.cat\\\/es\\\/ayuntamiento\\\/areas\\\/playas\\\/ecosistema-litoral\\\/\",\"url\":\"https:\\\/\\\/mont-roig.cat\\\/es\\\/ayuntamiento\\\/areas\\\/playas\\\/ecosistema-litoral\\\/\",\"name\":\"Ecosistema litoral - Ajuntament de Mont-roig del Camp\",\"isPartOf\":{\"@id\":\"https:\\\/\\\/mont-roig.cat\\\/es\\\/#website\"},\"datePublished\":\"2026-05-12T12:03:57+00:00\",\"breadcrumb\":{\"@id\":\"https:\\\/\\\/mont-roig.cat\\\/es\\\/ayuntamiento\\\/areas\\\/playas\\\/ecosistema-litoral\\\/#breadcrumb\"},\"inLanguage\":\"es\",\"potentialAction\":[{\"@type\":\"ReadAction\",\"target\":[\"https:\\\/\\\/mont-roig.cat\\\/es\\\/ayuntamiento\\\/areas\\\/playas\\\/ecosistema-litoral\\\/\"]}]},{\"@type\":\"BreadcrumbList\",\"@id\":\"https:\\\/\\\/mont-roig.cat\\\/es\\\/ayuntamiento\\\/areas\\\/playas\\\/ecosistema-litoral\\\/#breadcrumb\",\"itemListElement\":[{\"@type\":\"ListItem\",\"position\":1,\"name\":\"Inici\",\"item\":\"https:\\\/\\\/mont-roig.cat\\\/es\\\/pagina-de-inicio\\\/\"},{\"@type\":\"ListItem\",\"position\":2,\"name\":\"Ayuntamiento\",\"item\":\"https:\\\/\\\/mont-roig.cat\\\/es\\\/ayuntamiento\\\/\"},{\"@type\":\"ListItem\",\"position\":3,\"name\":\"\u00c1reas\",\"item\":\"https:\\\/\\\/mont-roig.cat\\\/es\\\/ayuntamiento\\\/areas\\\/\"},{\"@type\":\"ListItem\",\"position\":4,\"name\":\"Playas\",\"item\":\"https:\\\/\\\/mont-roig.cat\\\/es\\\/ayuntamiento\\\/areas\\\/playas\\\/\"},{\"@type\":\"ListItem\",\"position\":5,\"name\":\"Ecosistema litoral\"}]},{\"@type\":\"WebSite\",\"@id\":\"https:\\\/\\\/mont-roig.cat\\\/es\\\/#website\",\"url\":\"https:\\\/\\\/mont-roig.cat\\\/es\\\/\",\"name\":\"Ajuntament de Mont-roig del Camp\",\"description\":\"Tota la informaci\u00f3 sobre la instituci\u00f3, els seus \u00f2rgans de govern, actualitat, serveis i molt m\u00e9s.\",\"potentialAction\":[{\"@type\":\"SearchAction\",\"target\":{\"@type\":\"EntryPoint\",\"urlTemplate\":\"https:\\\/\\\/mont-roig.cat\\\/es\\\/?s={search_term_string}\"},\"query-input\":{\"@type\":\"PropertyValueSpecification\",\"valueRequired\":true,\"valueName\":\"search_term_string\"}}],\"inLanguage\":\"es\"}]}<\/script>\n<!-- \/ Yoast SEO plugin. -->","yoast_head_json":{"title":"Ecosistema litoral - Ajuntament de Mont-roig del Camp","robots":{"index":"index","follow":"follow","max-snippet":"max-snippet:-1","max-image-preview":"max-image-preview:large","max-video-preview":"max-video-preview:-1"},"canonical":"https:\/\/mont-roig.cat\/es\/ayuntamiento\/areas\/playas\/ecosistema-litoral\/","og_locale":"es_ES","og_type":"article","og_title":"Ecosistema litoral - Ajuntament de Mont-roig del Camp","og_description":"[vc_row][vc_column][vc_column_text css=&#8221;&#8221;] La gesti\u00f3n de las playas de Mont-roig del Camp integra criterios ambientales con el objetivo de preservar los valores naturales del litoral y garantizar un uso respetuoso y sostenible. En este sentido, el Ayuntamiento impulsa diferentes actuaciones e iniciativas orientadas a proteger los ecosistemas litorales y fomentar la sensibilizaci\u00f3n ambiental. [\/vc_column_text][\/vc_column][\/vc_row][vc_row][vc_column][vc_toggle title=&#8221;Playa sin [&hellip;]","og_url":"https:\/\/mont-roig.cat\/es\/ayuntamiento\/areas\/playas\/ecosistema-litoral\/","og_site_name":"Ajuntament de Mont-roig del Camp","og_image":[{"width":1200,"height":600,"url":"https:\/\/mont-roig.cat\/wp-content\/uploads\/aj-mont-roig-2.jpg","type":"image\/jpeg"}],"twitter_card":"summary_large_image","twitter_misc":{"Tiempo de lectura":"4 minutos"},"schema":{"@context":"https:\/\/schema.org","@graph":[{"@type":"WebPage","@id":"https:\/\/mont-roig.cat\/es\/ayuntamiento\/areas\/playas\/ecosistema-litoral\/","url":"https:\/\/mont-roig.cat\/es\/ayuntamiento\/areas\/playas\/ecosistema-litoral\/","name":"Ecosistema litoral - Ajuntament de Mont-roig del Camp","isPartOf":{"@id":"https:\/\/mont-roig.cat\/es\/#website"},"datePublished":"2026-05-12T12:03:57+00:00","breadcrumb":{"@id":"https:\/\/mont-roig.cat\/es\/ayuntamiento\/areas\/playas\/ecosistema-litoral\/#breadcrumb"},"inLanguage":"es","potentialAction":[{"@type":"ReadAction","target":["https:\/\/mont-roig.cat\/es\/ayuntamiento\/areas\/playas\/ecosistema-litoral\/"]}]},{"@type":"BreadcrumbList","@id":"https:\/\/mont-roig.cat\/es\/ayuntamiento\/areas\/playas\/ecosistema-litoral\/#breadcrumb","itemListElement":[{"@type":"ListItem","position":1,"name":"Inici","item":"https:\/\/mont-roig.cat\/es\/pagina-de-inicio\/"},{"@type":"ListItem","position":2,"name":"Ayuntamiento","item":"https:\/\/mont-roig.cat\/es\/ayuntamiento\/"},{"@type":"ListItem","position":3,"name":"\u00c1reas","item":"https:\/\/mont-roig.cat\/es\/ayuntamiento\/areas\/"},{"@type":"ListItem","position":4,"name":"Playas","item":"https:\/\/mont-roig.cat\/es\/ayuntamiento\/areas\/playas\/"},{"@type":"ListItem","position":5,"name":"Ecosistema litoral"}]},{"@type":"WebSite","@id":"https:\/\/mont-roig.cat\/es\/#website","url":"https:\/\/mont-roig.cat\/es\/","name":"Ajuntament de Mont-roig del Camp","description":"Tota la informaci\u00f3 sobre la instituci\u00f3, els seus \u00f2rgans de govern, actualitat, serveis i molt m\u00e9s.","potentialAction":[{"@type":"SearchAction","target":{"@type":"EntryPoint","urlTemplate":"https:\/\/mont-roig.cat\/es\/?s={search_term_string}"},"query-input":{"@type":"PropertyValueSpecification","valueRequired":true,"valueName":"search_term_string"}}],"inLanguage":"es"}]}},"_links":{"self":[{"href":"https:\/\/mont-roig.cat\/es\/wp-json\/wp\/v2\/pages\/91874","targetHints":{"allow":["GET"]}}],"collection":[{"href":"https:\/\/mont-roig.cat\/es\/wp-json\/wp\/v2\/pages"}],"about":[{"href":"https:\/\/mont-roig.cat\/es\/wp-json\/wp\/v2\/types\/page"}],"author":[{"embeddable":true,"href":"https:\/\/mont-roig.cat\/es\/wp-json\/wp\/v2\/users\/13"}],"replies":[{"embeddable":true,"href":"https:\/\/mont-roig.cat\/es\/wp-json\/wp\/v2\/comments?post=91874"}],"version-history":[{"count":1,"href":"https:\/\/mont-roig.cat\/es\/wp-json\/wp\/v2\/pages\/91874\/revisions"}],"predecessor-version":[{"id":91875,"href":"https:\/\/mont-roig.cat\/es\/wp-json\/wp\/v2\/pages\/91874\/revisions\/91875"}],"up":[{"embeddable":true,"href":"https:\/\/mont-roig.cat\/es\/wp-json\/wp\/v2\/pages\/91626"}],"wp:attachment":[{"href":"https:\/\/mont-roig.cat\/es\/wp-json\/wp\/v2\/media?parent=91874"}],"curies":[{"name":"wp","href":"https:\/\/api.w.org\/{rel}","templated":true}]}}