{"id":91883,"date":"2026-05-12T14:22:05","date_gmt":"2026-05-12T12:22:05","guid":{"rendered":"https:\/\/mont-roig.cat\/?page_id=91883"},"modified":"2026-05-12T14:29:30","modified_gmt":"2026-05-12T12:29:30","slug":"enlaces-de-interes","status":"publish","type":"page","link":"https:\/\/mont-roig.cat\/es\/ayuntamiento\/areas\/playas\/enlaces-de-interes\/","title":{"rendered":"Enlaces de inter\u00e9s"},"content":{"rendered":"<div class=\"wpb-content-wrapper\">[vc_row][vc_column][vc_column_text css=&#8221;&#8221;]En este apartado encontrar\u00e1s una selecci\u00f3n de enlaces de inter\u00e9s relacionados con la gesti\u00f3n, el uso y la informaci\u00f3n del litoral de Mont-roig del Camp y su entorno.[\/vc_column_text][\/vc_column][\/vc_row][vc_row][vc_column][vc_toggle title=&#8221;Administraciones y competencias del litoral&#8221; css=&#8221;&#8221;]<strong>Ministerio para la Transici\u00f3n Ecol\u00f3gica \u2013 Costas<\/strong><br \/>\nGesti\u00f3n del dominio p\u00fablico mar\u00edtimo-terrestre (DPMT), normativa estatal y tr\u00e1mites de concesiones.<br \/>\n<a href=\"https:\/\/www.miteco.gob.es\/es\/costas\/\" target=\"_blank\" rel=\"noopener\">https:\/\/www.miteco.gob.es\/es\/costas\/<\/a><\/p>\n<p><strong>Direcci\u00f3n General de Pol\u00edticas de Monta\u00f1a y del Litoral (Generalitat de Catalunya)<\/strong><br \/>\nGesti\u00f3n del litoral en Catalu\u00f1a, aprobaci\u00f3n de los Planes de Usos y normativa auton\u00f3mica.<br \/>\n<a href=\"https:\/\/agricultura.gencat.cat\/ca\/ambits\/muntanya-litoral\/\" target=\"_blank\" rel=\"noopener\">https:\/\/agricultura.gencat.cat\/ca\/ambits\/muntanya-litoral\/<\/a><\/p>\n<p><strong>Ag\u00e8ncia Catalana de l\u2019Aigua (ACA)<\/strong><br \/>\nCalidad del agua, estado de las masas de agua e informaci\u00f3n ambiental.<br \/>\n<a href=\"https:\/\/aca.gencat.cat\/\" target=\"_blank\" rel=\"noopener\">https:\/\/aca.gencat.cat\/<\/a>[\/vc_toggle][vc_toggle title=&#8221;Informaci\u00f3n meteorol\u00f3gica, estado del mar y seguridad&#8221; css=&#8221;&#8221;]<strong>Meteocat \u2013 Servicio Meteorol\u00f3gico de Catalunya<\/strong><br \/>\nPredicciones, avisos y meteorolog\u00eda litoral.<br \/>\n<a href=\"https:\/\/meteo.cat\/\" target=\"_blank\" rel=\"noopener\">https:\/\/meteo.cat\/<\/a><\/p>\n<p><strong>AEMET \u2013 Estado del mar<\/strong><br \/>\nPredicciones mar\u00edtimas estatales y avisos costeros.<br \/>\n<a href=\"https:\/\/www.aemet.es\/ca\/eltiempo\/prediccion\/maritima\" target=\"_blank\" rel=\"noopener\">https:\/\/www.aemet.es\/ca\/eltiempo\/prediccion\/maritima<\/a><\/p>\n<p><strong>Salvamento Mar\u00edtimo (Sasemar)<\/strong><br \/>\nInformaci\u00f3n de seguridad mar\u00edtima y recomendaciones para un ba\u00f1o seguro.<br \/>\n<a href=\"https:\/\/www.salvamentomaritimo.es\/\" target=\"_blank\" rel=\"noopener\">https:\/\/www.salvamentomaritimo.es\/<\/a>[\/vc_toggle][vc_toggle title=&#8221;Turismo e informaci\u00f3n de playas y calas&#8221; css=&#8221;&#8221;]<strong>Web oficial de Turismo Mont\u2011roig Miami<\/strong><br \/>\nInformaci\u00f3n tur\u00edstica: actividades, alojamientos, gastronom\u00eda, rutas y experiencias.<br \/>\n<a href=\"https:\/\/mont-roigmiami.cat\/\" target=\"_blank\" rel=\"noopener\">https:\/\/mont-roigmiami.cat\/<\/a><\/p>\n<p><strong>Mapa oficial de playas y calas<\/strong><br \/>\nLocalizaci\u00f3n, descripciones y servicios de todas las playas y calas del municipio.<br \/>\n<a href=\"https:\/\/mont-roigmiami.cat\/mapa-de-platges-i-cales\/\" target=\"_blank\" rel=\"noopener\">https:\/\/mont-roigmiami.cat\/mapa-de-platges-i-cales\/<\/a>[\/vc_toggle][vc_toggle title=&#8221;Informaci\u00f3n ambiental y sostenibilidad&#8221; css=&#8221;&#8221;]<strong>Red Natura 2000 (UE\/Generalitat)<\/strong><br \/>\nInformaci\u00f3n sobre espacios protegidos y conservaci\u00f3n.<br \/>\n<a href=\"https:\/\/mediambient.gencat.cat\/ca\/05_ambits_dactuacio\/patrimoni_natural\/sistema_de_proteccio\/espais_natura_2000\/\" target=\"_blank\" rel=\"noopener\">https:\/\/mediambient.gencat.cat\/ca\/05_ambits_dactuacio\/patrimoni_natural\/sistema_de_proteccio\/espais_natura_2000\/<\/a><\/p>\n<p><strong>Ag\u00e8ncia de Residus de Catalunya<\/strong><br \/>\nGesti\u00f3n de residuos, prevenci\u00f3n de vertidos y buenas pr\u00e1cticas.<br \/>\n<a href=\"https:\/\/residus.gencat.cat\/\" target=\"_blank\" rel=\"noopener\">https:\/\/residus.gencat.cat\/<\/a>[\/vc_toggle][vc_toggle title=&#8221;Noticias relacionadas&#8221; css=&#8221;&#8221;]<b>Web del Ayuntamiento de Mont-roig del Camp\u00a0<\/b><\/p>\n<p><a href=\"https:\/\/mont-roig.cat\/es\/actualidad\/noticias\/\" target=\"_blank\" rel=\"noopener\">Noticias<\/a>[\/vc_toggle][vc_toggle title=&#8221;Contacto Departamento de Playas&#8221; css=&#8221;&#8221;]<b>Correo: <\/b>platges@mont-roig.cat[\/vc_toggle][\/vc_column][\/vc_row]\n<\/div>","protected":false},"excerpt":{"rendered":"<p>[vc_row][vc_column][vc_column_text css=&#8221;&#8221;]En este apartado encontrar\u00e1s una selecci\u00f3n de enlaces de inter\u00e9s relacionados con la gesti\u00f3n, el uso y la informaci\u00f3n del litoral de Mont-roig del Camp y su entorno.[\/vc_column_text][\/vc_column][\/vc_row][vc_row][vc_column][vc_toggle title=&#8221;Administraciones y competencias del litoral&#8221; css=&#8221;&#8221;]Ministerio para la Transici\u00f3n Ecol\u00f3gica \u2013 Costas Gesti\u00f3n del dominio p\u00fablico mar\u00edtimo-terrestre (DPMT), normativa estatal y tr\u00e1mites de concesiones. https:\/\/www.miteco.gob.es\/es\/costas\/ Direcci\u00f3n [&hellip;]<\/p>\n","protected":false},"author":13,"featured_media":0,"parent":91626,"menu_order":5,"comment_status":"closed","ping_status":"closed","template":"","meta":{"inline_featured_image":false,"_monsterinsights_skip_tracking":false,"_monsterinsights_sitenote_active":false,"_monsterinsights_sitenote_note":"","_monsterinsights_sitenote_category":0,"footnotes":""},"class_list":["post-91883","page","type-page","status-publish","hentry"],"yoast_head":"<!-- This site is optimized with the Yoast SEO plugin v27.4 - https:\/\/yoast.com\/product\/yoast-seo-wordpress\/ -->\n<title>Enlaces de inter\u00e9s - Ajuntament de Mont-roig del Camp<\/title>\n<meta name=\"robots\" content=\"index, follow, max-snippet:-1, max-image-preview:large, max-video-preview:-1\" \/>\n<link rel=\"canonical\" href=\"https:\/\/mont-roig.cat\/es\/ayuntamiento\/areas\/playas\/enlaces-de-interes\/\" \/>\n<meta property=\"og:locale\" content=\"es_ES\" \/>\n<meta property=\"og:type\" content=\"article\" \/>\n<meta property=\"og:title\" content=\"Enlaces de inter\u00e9s - Ajuntament de Mont-roig del Camp\" \/>\n<meta property=\"og:description\" content=\"[vc_row][vc_column][vc_column_text css=&#8221;&#8221;]En este apartado encontrar\u00e1s una selecci\u00f3n de enlaces de inter\u00e9s relacionados con la gesti\u00f3n, el uso y la informaci\u00f3n del litoral de Mont-roig del Camp y su entorno.[\/vc_column_text][\/vc_column][\/vc_row][vc_row][vc_column][vc_toggle title=&#8221;Administraciones y competencias del litoral&#8221; css=&#8221;&#8221;]Ministerio para la Transici\u00f3n Ecol\u00f3gica \u2013 Costas Gesti\u00f3n del dominio p\u00fablico mar\u00edtimo-terrestre (DPMT), normativa estatal y tr\u00e1mites de concesiones. https:\/\/www.miteco.gob.es\/es\/costas\/ Direcci\u00f3n [&hellip;]\" \/>\n<meta property=\"og:url\" content=\"https:\/\/mont-roig.cat\/es\/ayuntamiento\/areas\/playas\/enlaces-de-interes\/\" \/>\n<meta property=\"og:site_name\" content=\"Ajuntament de Mont-roig del Camp\" \/>\n<meta property=\"article:modified_time\" content=\"2026-05-12T12:29:30+00:00\" \/>\n<meta property=\"og:image\" content=\"https:\/\/mont-roig.cat\/wp-content\/uploads\/aj-mont-roig-2.jpg\" \/>\n\t<meta property=\"og:image:width\" content=\"1200\" \/>\n\t<meta property=\"og:image:height\" content=\"600\" \/>\n\t<meta property=\"og:image:type\" content=\"image\/jpeg\" \/>\n<meta name=\"twitter:card\" content=\"summary_large_image\" \/>\n<meta name=\"twitter:label1\" content=\"Tiempo de lectura\" \/>\n\t<meta name=\"twitter:data1\" content=\"2 minutos\" \/>\n<script type=\"application\/ld+json\" class=\"yoast-schema-graph\">{\"@context\":\"https:\\\/\\\/schema.org\",\"@graph\":[{\"@type\":\"WebPage\",\"@id\":\"https:\\\/\\\/mont-roig.cat\\\/es\\\/ayuntamiento\\\/areas\\\/playas\\\/enlaces-de-interes\\\/\",\"url\":\"https:\\\/\\\/mont-roig.cat\\\/es\\\/ayuntamiento\\\/areas\\\/playas\\\/enlaces-de-interes\\\/\",\"name\":\"Enlaces de inter\u00e9s - Ajuntament de Mont-roig del Camp\",\"isPartOf\":{\"@id\":\"https:\\\/\\\/mont-roig.cat\\\/es\\\/#website\"},\"datePublished\":\"2026-05-12T12:22:05+00:00\",\"dateModified\":\"2026-05-12T12:29:30+00:00\",\"breadcrumb\":{\"@id\":\"https:\\\/\\\/mont-roig.cat\\\/es\\\/ayuntamiento\\\/areas\\\/playas\\\/enlaces-de-interes\\\/#breadcrumb\"},\"inLanguage\":\"es\",\"potentialAction\":[{\"@type\":\"ReadAction\",\"target\":[\"https:\\\/\\\/mont-roig.cat\\\/es\\\/ayuntamiento\\\/areas\\\/playas\\\/enlaces-de-interes\\\/\"]}]},{\"@type\":\"BreadcrumbList\",\"@id\":\"https:\\\/\\\/mont-roig.cat\\\/es\\\/ayuntamiento\\\/areas\\\/playas\\\/enlaces-de-interes\\\/#breadcrumb\",\"itemListElement\":[{\"@type\":\"ListItem\",\"position\":1,\"name\":\"Inici\",\"item\":\"https:\\\/\\\/mont-roig.cat\\\/es\\\/pagina-de-inicio\\\/\"},{\"@type\":\"ListItem\",\"position\":2,\"name\":\"Ayuntamiento\",\"item\":\"https:\\\/\\\/mont-roig.cat\\\/es\\\/ayuntamiento\\\/\"},{\"@type\":\"ListItem\",\"position\":3,\"name\":\"\u00c1reas\",\"item\":\"https:\\\/\\\/mont-roig.cat\\\/es\\\/ayuntamiento\\\/areas\\\/\"},{\"@type\":\"ListItem\",\"position\":4,\"name\":\"Playas\",\"item\":\"https:\\\/\\\/mont-roig.cat\\\/es\\\/ayuntamiento\\\/areas\\\/playas\\\/\"},{\"@type\":\"ListItem\",\"position\":5,\"name\":\"Enlaces de inter\u00e9s\"}]},{\"@type\":\"WebSite\",\"@id\":\"https:\\\/\\\/mont-roig.cat\\\/es\\\/#website\",\"url\":\"https:\\\/\\\/mont-roig.cat\\\/es\\\/\",\"name\":\"Ajuntament de Mont-roig del Camp\",\"description\":\"Tota la informaci\u00f3 sobre la instituci\u00f3, els seus \u00f2rgans de govern, actualitat, serveis i molt m\u00e9s.\",\"potentialAction\":[{\"@type\":\"SearchAction\",\"target\":{\"@type\":\"EntryPoint\",\"urlTemplate\":\"https:\\\/\\\/mont-roig.cat\\\/es\\\/?s={search_term_string}\"},\"query-input\":{\"@type\":\"PropertyValueSpecification\",\"valueRequired\":true,\"valueName\":\"search_term_string\"}}],\"inLanguage\":\"es\"}]}<\/script>\n<!-- \/ Yoast SEO plugin. -->","yoast_head_json":{"title":"Enlaces de inter\u00e9s - Ajuntament de Mont-roig del Camp","robots":{"index":"index","follow":"follow","max-snippet":"max-snippet:-1","max-image-preview":"max-image-preview:large","max-video-preview":"max-video-preview:-1"},"canonical":"https:\/\/mont-roig.cat\/es\/ayuntamiento\/areas\/playas\/enlaces-de-interes\/","og_locale":"es_ES","og_type":"article","og_title":"Enlaces de inter\u00e9s - Ajuntament de Mont-roig del Camp","og_description":"[vc_row][vc_column][vc_column_text css=&#8221;&#8221;]En este apartado encontrar\u00e1s una selecci\u00f3n de enlaces de inter\u00e9s relacionados con la gesti\u00f3n, el uso y la informaci\u00f3n del litoral de Mont-roig del Camp y su entorno.[\/vc_column_text][\/vc_column][\/vc_row][vc_row][vc_column][vc_toggle title=&#8221;Administraciones y competencias del litoral&#8221; css=&#8221;&#8221;]Ministerio para la Transici\u00f3n Ecol\u00f3gica \u2013 Costas Gesti\u00f3n del dominio p\u00fablico mar\u00edtimo-terrestre (DPMT), normativa estatal y tr\u00e1mites de concesiones. https:\/\/www.miteco.gob.es\/es\/costas\/ Direcci\u00f3n [&hellip;]","og_url":"https:\/\/mont-roig.cat\/es\/ayuntamiento\/areas\/playas\/enlaces-de-interes\/","og_site_name":"Ajuntament de Mont-roig del Camp","article_modified_time":"2026-05-12T12:29:30+00:00","og_image":[{"width":1200,"height":600,"url":"https:\/\/mont-roig.cat\/wp-content\/uploads\/aj-mont-roig-2.jpg","type":"image\/jpeg"}],"twitter_card":"summary_large_image","twitter_misc":{"Tiempo de lectura":"2 minutos"},"schema":{"@context":"https:\/\/schema.org","@graph":[{"@type":"WebPage","@id":"https:\/\/mont-roig.cat\/es\/ayuntamiento\/areas\/playas\/enlaces-de-interes\/","url":"https:\/\/mont-roig.cat\/es\/ayuntamiento\/areas\/playas\/enlaces-de-interes\/","name":"Enlaces de inter\u00e9s - Ajuntament de Mont-roig del Camp","isPartOf":{"@id":"https:\/\/mont-roig.cat\/es\/#website"},"datePublished":"2026-05-12T12:22:05+00:00","dateModified":"2026-05-12T12:29:30+00:00","breadcrumb":{"@id":"https:\/\/mont-roig.cat\/es\/ayuntamiento\/areas\/playas\/enlaces-de-interes\/#breadcrumb"},"inLanguage":"es","potentialAction":[{"@type":"ReadAction","target":["https:\/\/mont-roig.cat\/es\/ayuntamiento\/areas\/playas\/enlaces-de-interes\/"]}]},{"@type":"BreadcrumbList","@id":"https:\/\/mont-roig.cat\/es\/ayuntamiento\/areas\/playas\/enlaces-de-interes\/#breadcrumb","itemListElement":[{"@type":"ListItem","position":1,"name":"Inici","item":"https:\/\/mont-roig.cat\/es\/pagina-de-inicio\/"},{"@type":"ListItem","position":2,"name":"Ayuntamiento","item":"https:\/\/mont-roig.cat\/es\/ayuntamiento\/"},{"@type":"ListItem","position":3,"name":"\u00c1reas","item":"https:\/\/mont-roig.cat\/es\/ayuntamiento\/areas\/"},{"@type":"ListItem","position":4,"name":"Playas","item":"https:\/\/mont-roig.cat\/es\/ayuntamiento\/areas\/playas\/"},{"@type":"ListItem","position":5,"name":"Enlaces de inter\u00e9s"}]},{"@type":"WebSite","@id":"https:\/\/mont-roig.cat\/es\/#website","url":"https:\/\/mont-roig.cat\/es\/","name":"Ajuntament de Mont-roig del Camp","description":"Tota la informaci\u00f3 sobre la instituci\u00f3, els seus \u00f2rgans de govern, actualitat, serveis i molt m\u00e9s.","potentialAction":[{"@type":"SearchAction","target":{"@type":"EntryPoint","urlTemplate":"https:\/\/mont-roig.cat\/es\/?s={search_term_string}"},"query-input":{"@type":"PropertyValueSpecification","valueRequired":true,"valueName":"search_term_string"}}],"inLanguage":"es"}]}},"_links":{"self":[{"href":"https:\/\/mont-roig.cat\/es\/wp-json\/wp\/v2\/pages\/91883","targetHints":{"allow":["GET"]}}],"collection":[{"href":"https:\/\/mont-roig.cat\/es\/wp-json\/wp\/v2\/pages"}],"about":[{"href":"https:\/\/mont-roig.cat\/es\/wp-json\/wp\/v2\/types\/page"}],"author":[{"embeddable":true,"href":"https:\/\/mont-roig.cat\/es\/wp-json\/wp\/v2\/users\/13"}],"replies":[{"embeddable":true,"href":"https:\/\/mont-roig.cat\/es\/wp-json\/wp\/v2\/comments?post=91883"}],"version-history":[{"count":3,"href":"https:\/\/mont-roig.cat\/es\/wp-json\/wp\/v2\/pages\/91883\/revisions"}],"predecessor-version":[{"id":91902,"href":"https:\/\/mont-roig.cat\/es\/wp-json\/wp\/v2\/pages\/91883\/revisions\/91902"}],"up":[{"embeddable":true,"href":"https:\/\/mont-roig.cat\/es\/wp-json\/wp\/v2\/pages\/91626"}],"wp:attachment":[{"href":"https:\/\/mont-roig.cat\/es\/wp-json\/wp\/v2\/media?parent=91883"}],"curies":[{"name":"wp","href":"https:\/\/api.w.org\/{rel}","templated":true}]}}