{"id":9287,"date":"2015-12-22T10:00:45","date_gmt":"2015-12-22T09:00:45","guid":{"rendered":"http:\/\/mont-roig.cat\/es\/ayuntamiento\/organs-de-representacio\/"},"modified":"2025-11-03T13:25:27","modified_gmt":"2025-11-03T12:25:27","slug":"organs-de-representacio","status":"publish","type":"page","link":"https:\/\/mont-roig.cat\/es\/ayuntamiento\/organs-de-representacio\/","title":{"rendered":"\u00d3rganos de representaci\u00f3n"},"content":{"rendered":"<div class=\"wpb-content-wrapper\">[vc_row][vc_column][vc_column_text css=&#8221;&#8221;]\n<p style=\"text-align: left;\"><img decoding=\"async\" class=\"requadre\" style=\"width: 225px; height: 300px; margin-left: 10px; margin-right: 10px; float: right;\" title=\"Ajuntament de Mont-roig del Camp\" src=\"http:\/\/mont-roig.cat\/wp-content\/uploads\/2015_03_11 081(1).jpg\" alt=\"Ajuntament de Mont-roig del Camp\" \/><\/p>\n<p>El gobierno y la administraci\u00f3n municipal corresponde al Ayuntamiento, integrado por el Alcalde o Alcaldesa y los Concejales y Concejalas.<\/p>\n<p>El Alcalde o Alcaldesa, los Tenientes y las Tenientes de Alcalde y los Concejales y Concejalas existen en todos los ayuntamientos. En el Ayuntamiento de Mont &#8211; roig del Camp, adem\u00e1s, existe la Junta de Gobierno Local y las Comisiones Informativas, presentes en municipios de m\u00e1s de 5.000 habitantes.<\/p>\n<p>Los \u00f3rganos unipersonales son aquellos ostentados por una sola persona, como el Alcalde o Alcaldesa, los Concejales y Concejalas o los Tenientes y las Tenientes de Alcalde.<\/p>\n<p>Los \u00f3rganos colegiados son aquellos formados por un conjunto de personas, en el caso del Ayuntamiento de Mont-roig ser\u00edan el Pleno, la Junta de Gobierno Local y las Comisiones Informativas.[\/vc_column_text][\/vc_column][\/vc_row]\n<\/div>","protected":false},"excerpt":{"rendered":"<p>[vc_row][vc_column][vc_column_text css=&#8221;&#8221;] El gobierno y la administraci\u00f3n municipal corresponde al Ayuntamiento, integrado por el Alcalde o Alcaldesa y los Concejales y Concejalas. El Alcalde o Alcaldesa, los Tenientes y las Tenientes de Alcalde y los Concejales y Concejalas existen en todos los ayuntamientos. En el Ayuntamiento de Mont &#8211; roig del Camp, adem\u00e1s, existe la [&hellip;]<\/p>\n","protected":false},"author":4,"featured_media":0,"parent":7434,"menu_order":1,"comment_status":"closed","ping_status":"closed","template":"","meta":{"inline_featured_image":false,"_monsterinsights_skip_tracking":false,"_monsterinsights_sitenote_active":false,"_monsterinsights_sitenote_note":"","_monsterinsights_sitenote_category":0,"footnotes":""},"class_list":["post-9287","page","type-page","status-publish","hentry"],"yoast_head":"<!-- This site is optimized with the Yoast SEO plugin v27.1.1 - https:\/\/yoast.com\/product\/yoast-seo-wordpress\/ -->\n<title>\u00d3rganos de representaci\u00f3n - Ajuntament de Mont-roig del Camp<\/title>\n<meta name=\"robots\" content=\"index, follow, max-snippet:-1, max-image-preview:large, max-video-preview:-1\" \/>\n<link rel=\"canonical\" href=\"https:\/\/mont-roig.cat\/es\/ayuntamiento\/organs-de-representacio\/\" \/>\n<meta property=\"og:locale\" content=\"es_ES\" \/>\n<meta property=\"og:type\" content=\"article\" \/>\n<meta property=\"og:title\" content=\"\u00d3rganos de representaci\u00f3n - Ajuntament de Mont-roig del Camp\" \/>\n<meta property=\"og:description\" content=\"[vc_row][vc_column][vc_column_text css=&#8221;&#8221;] El gobierno y la administraci\u00f3n municipal corresponde al Ayuntamiento, integrado por el Alcalde o Alcaldesa y los Concejales y Concejalas. El Alcalde o Alcaldesa, los Tenientes y las Tenientes de Alcalde y los Concejales y Concejalas existen en todos los ayuntamientos. En el Ayuntamiento de Mont &#8211; roig del Camp, adem\u00e1s, existe la [&hellip;]\" \/>\n<meta property=\"og:url\" content=\"https:\/\/mont-roig.cat\/es\/ayuntamiento\/organs-de-representacio\/\" \/>\n<meta property=\"og:site_name\" content=\"Ajuntament de Mont-roig del Camp\" \/>\n<meta property=\"article:modified_time\" content=\"2025-11-03T12:25:27+00:00\" \/>\n<meta property=\"og:image\" content=\"https:\/\/mont-roig.cat\/wp-content\/uploads\/aj-mont-roig-2.jpg\" \/>\n\t<meta property=\"og:image:width\" content=\"1200\" \/>\n\t<meta property=\"og:image:height\" content=\"600\" \/>\n\t<meta property=\"og:image:type\" content=\"image\/jpeg\" \/>\n<meta name=\"twitter:card\" content=\"summary_large_image\" \/>\n<meta name=\"twitter:label1\" content=\"Tiempo de lectura\" \/>\n\t<meta name=\"twitter:data1\" content=\"1 minuto\" \/>\n<script type=\"application\/ld+json\" class=\"yoast-schema-graph\">{\"@context\":\"https:\/\/schema.org\",\"@graph\":[{\"@type\":\"WebPage\",\"@id\":\"https:\/\/mont-roig.cat\/es\/ayuntamiento\/organs-de-representacio\/\",\"url\":\"https:\/\/mont-roig.cat\/es\/ayuntamiento\/organs-de-representacio\/\",\"name\":\"\u00d3rganos de representaci\u00f3n - Ajuntament de Mont-roig del Camp\",\"isPartOf\":{\"@id\":\"https:\/\/mont-roig.cat\/es\/#website\"},\"datePublished\":\"2015-12-22T09:00:45+00:00\",\"dateModified\":\"2025-11-03T12:25:27+00:00\",\"breadcrumb\":{\"@id\":\"https:\/\/mont-roig.cat\/es\/ayuntamiento\/organs-de-representacio\/#breadcrumb\"},\"inLanguage\":\"es\",\"potentialAction\":[{\"@type\":\"ReadAction\",\"target\":[\"https:\/\/mont-roig.cat\/es\/ayuntamiento\/organs-de-representacio\/\"]}]},{\"@type\":\"BreadcrumbList\",\"@id\":\"https:\/\/mont-roig.cat\/es\/ayuntamiento\/organs-de-representacio\/#breadcrumb\",\"itemListElement\":[{\"@type\":\"ListItem\",\"position\":1,\"name\":\"Inici\",\"item\":\"https:\/\/mont-roig.cat\/es\/pagina-de-inicio\/\"},{\"@type\":\"ListItem\",\"position\":2,\"name\":\"Ayuntamiento\",\"item\":\"https:\/\/mont-roig.cat\/es\/ayuntamiento\/\"},{\"@type\":\"ListItem\",\"position\":3,\"name\":\"\u00d3rganos de representaci\u00f3n\"}]},{\"@type\":\"WebSite\",\"@id\":\"https:\/\/mont-roig.cat\/es\/#website\",\"url\":\"https:\/\/mont-roig.cat\/es\/\",\"name\":\"Ajuntament de Mont-roig del Camp\",\"description\":\"Tota la informaci\u00f3 sobre la instituci\u00f3, els seus \u00f2rgans de govern, actualitat, serveis i molt m\u00e9s.\",\"potentialAction\":[{\"@type\":\"SearchAction\",\"target\":{\"@type\":\"EntryPoint\",\"urlTemplate\":\"https:\/\/mont-roig.cat\/es\/?s={search_term_string}\"},\"query-input\":{\"@type\":\"PropertyValueSpecification\",\"valueRequired\":true,\"valueName\":\"search_term_string\"}}],\"inLanguage\":\"es\"}]}<\/script>\n<!-- \/ Yoast SEO plugin. -->","yoast_head_json":{"title":"\u00d3rganos de representaci\u00f3n - Ajuntament de Mont-roig del Camp","robots":{"index":"index","follow":"follow","max-snippet":"max-snippet:-1","max-image-preview":"max-image-preview:large","max-video-preview":"max-video-preview:-1"},"canonical":"https:\/\/mont-roig.cat\/es\/ayuntamiento\/organs-de-representacio\/","og_locale":"es_ES","og_type":"article","og_title":"\u00d3rganos de representaci\u00f3n - Ajuntament de Mont-roig del Camp","og_description":"[vc_row][vc_column][vc_column_text css=&#8221;&#8221;] El gobierno y la administraci\u00f3n municipal corresponde al Ayuntamiento, integrado por el Alcalde o Alcaldesa y los Concejales y Concejalas. El Alcalde o Alcaldesa, los Tenientes y las Tenientes de Alcalde y los Concejales y Concejalas existen en todos los ayuntamientos. En el Ayuntamiento de Mont &#8211; roig del Camp, adem\u00e1s, existe la [&hellip;]","og_url":"https:\/\/mont-roig.cat\/es\/ayuntamiento\/organs-de-representacio\/","og_site_name":"Ajuntament de Mont-roig del Camp","article_modified_time":"2025-11-03T12:25:27+00:00","og_image":[{"width":1200,"height":600,"url":"https:\/\/mont-roig.cat\/wp-content\/uploads\/aj-mont-roig-2.jpg","type":"image\/jpeg"}],"twitter_card":"summary_large_image","twitter_misc":{"Tiempo de lectura":"1 minuto"},"schema":{"@context":"https:\/\/schema.org","@graph":[{"@type":"WebPage","@id":"https:\/\/mont-roig.cat\/es\/ayuntamiento\/organs-de-representacio\/","url":"https:\/\/mont-roig.cat\/es\/ayuntamiento\/organs-de-representacio\/","name":"\u00d3rganos de representaci\u00f3n - Ajuntament de Mont-roig del Camp","isPartOf":{"@id":"https:\/\/mont-roig.cat\/es\/#website"},"datePublished":"2015-12-22T09:00:45+00:00","dateModified":"2025-11-03T12:25:27+00:00","breadcrumb":{"@id":"https:\/\/mont-roig.cat\/es\/ayuntamiento\/organs-de-representacio\/#breadcrumb"},"inLanguage":"es","potentialAction":[{"@type":"ReadAction","target":["https:\/\/mont-roig.cat\/es\/ayuntamiento\/organs-de-representacio\/"]}]},{"@type":"BreadcrumbList","@id":"https:\/\/mont-roig.cat\/es\/ayuntamiento\/organs-de-representacio\/#breadcrumb","itemListElement":[{"@type":"ListItem","position":1,"name":"Inici","item":"https:\/\/mont-roig.cat\/es\/pagina-de-inicio\/"},{"@type":"ListItem","position":2,"name":"Ayuntamiento","item":"https:\/\/mont-roig.cat\/es\/ayuntamiento\/"},{"@type":"ListItem","position":3,"name":"\u00d3rganos de representaci\u00f3n"}]},{"@type":"WebSite","@id":"https:\/\/mont-roig.cat\/es\/#website","url":"https:\/\/mont-roig.cat\/es\/","name":"Ajuntament de Mont-roig del Camp","description":"Tota la informaci\u00f3 sobre la instituci\u00f3, els seus \u00f2rgans de govern, actualitat, serveis i molt m\u00e9s.","potentialAction":[{"@type":"SearchAction","target":{"@type":"EntryPoint","urlTemplate":"https:\/\/mont-roig.cat\/es\/?s={search_term_string}"},"query-input":{"@type":"PropertyValueSpecification","valueRequired":true,"valueName":"search_term_string"}}],"inLanguage":"es"}]}},"_links":{"self":[{"href":"https:\/\/mont-roig.cat\/es\/wp-json\/wp\/v2\/pages\/9287","targetHints":{"allow":["GET"]}}],"collection":[{"href":"https:\/\/mont-roig.cat\/es\/wp-json\/wp\/v2\/pages"}],"about":[{"href":"https:\/\/mont-roig.cat\/es\/wp-json\/wp\/v2\/types\/page"}],"author":[{"embeddable":true,"href":"https:\/\/mont-roig.cat\/es\/wp-json\/wp\/v2\/users\/4"}],"replies":[{"embeddable":true,"href":"https:\/\/mont-roig.cat\/es\/wp-json\/wp\/v2\/comments?post=9287"}],"version-history":[{"count":3,"href":"https:\/\/mont-roig.cat\/es\/wp-json\/wp\/v2\/pages\/9287\/revisions"}],"predecessor-version":[{"id":86413,"href":"https:\/\/mont-roig.cat\/es\/wp-json\/wp\/v2\/pages\/9287\/revisions\/86413"}],"up":[{"embeddable":true,"href":"https:\/\/mont-roig.cat\/es\/wp-json\/wp\/v2\/pages\/7434"}],"wp:attachment":[{"href":"https:\/\/mont-roig.cat\/es\/wp-json\/wp\/v2\/media?parent=9287"}],"curies":[{"name":"wp","href":"https:\/\/api.w.org\/{rel}","templated":true}]}}