{"id":9305,"date":"2015-12-22T10:57:18","date_gmt":"2015-12-22T09:57:18","guid":{"rendered":"http:\/\/mont-roig.cat\/es\/ayuntamiento\/organs-de-representacio\/comissions-informatives-2\/"},"modified":"2025-05-16T11:45:50","modified_gmt":"2025-05-16T09:45:50","slug":"comissions-informatives-2","status":"publish","type":"page","link":"https:\/\/mont-roig.cat\/es\/ayuntamiento\/organs-de-representacio\/comissions-informatives-2\/","title":{"rendered":"Comisiones Informativas"},"content":{"rendered":"<p><strong>Las Comisiones Informativas<\/strong> son organos municipales a las cuales se les encarga el estudio, informe i la consulta de todos los asuntos que les propongan en la aprobaci\u00f3n del Pleno municipal, o de la Junta de Gobierno Local, cuando actua por delegaci\u00f3n del Pleno, o bien, cuando la Junta de Gobierno Local lo requiera.<\/p>\n<p>Corresponde al Pleno determinar el n\u00famero y denominaci\u00f3n de las comisiones de estudio, informe o consulta, que tambi\u00e9n pueden constituirse con car\u00e1cter temporal para tratar temas espec\u00edficos.<\/p>\n<p>Las comisiones est\u00e1n integradas por miembros de la corporaci\u00f3n designados por los distintos grupos pol\u00edticos de acuerdo con los criterios de proporcionalidad que se determinan en la composici\u00f3n del Pleno.<\/p>\n<p>Actualmente, en el Ayuntamiento de Mont-roig del Camp se encuentran las siguientes comisiones de car\u00e1cter permanente que llevan a cabo sus sesiones el primer lunes de cada mes:<\/p>\n<h4>Comisi\u00f3n informativa del \u00e1rea de derechos sociales y servicios a las personas<\/h4>\n<p>La Comisi\u00f3n informativa del \u00e1rea de derechos sociales y servicios a las personas celebrar\u00e1 sus sesiones ordinarias el primer lunes de cada mes a las 12:00 horas. En caso de que este d\u00eda sea inh\u00e1bil se celebrar\u00e1 el d\u00eda h\u00e1bil siguiente a la misma hora, y est\u00e1 integrada por las siguientes personas:<\/p>\n<table style=\"height: 362px;\" width=\"683\">\n<tbody>\n<tr>\n<td width=\"104\"><\/td>\n<td width=\"274\">TITULARES<\/td>\n<td width=\"271\"><\/td>\n<\/tr>\n<tr>\n<td width=\"104\">Presidente<\/td>\n<td width=\"274\">El Alcalde<\/td>\n<td width=\"271\"><\/td>\n<\/tr>\n<tr>\n<td width=\"104\"><\/td>\n<td width=\"274\"><\/td>\n<td width=\"271\"><\/td>\n<\/tr>\n<tr>\n<td width=\"104\">Vocales<\/td>\n<td width=\"274\">Francisca Ortiz S\u00e1nchez (PSC)<\/td>\n<td width=\"271\"><\/td>\n<\/tr>\n<tr>\n<td width=\"104\"><\/td>\n<td width=\"274\">Josep Rovira Pujol (CMM)<\/td>\n<td width=\"271\"><\/td>\n<\/tr>\n<tr>\n<td width=\"104\"><\/td>\n<td width=\"274\">Irene Aragon\u00e8s Gracia (ERC-AM)<\/td>\n<td width=\"271\"><\/td>\n<\/tr>\n<tr>\n<td width=\"104\"><\/td>\n<td width=\"274\">Elvira Montagud P\u00e9rez (IMM)<\/td>\n<td width=\"271\"><\/td>\n<\/tr>\n<tr>\n<td width=\"104\"><\/td>\n<td width=\"274\">Juan Miguel Jare\u00f1o (Vox)<\/td>\n<td width=\"271\"><\/td>\n<\/tr>\n<tr>\n<td width=\"104\"><\/td>\n<td width=\"274\"><\/td>\n<td width=\"271\"><\/td>\n<\/tr>\n<\/tbody>\n<\/table>\n<h4><\/h4>\n<h4>Comisi\u00f3n informativa del \u00e1rea de espacio p\u00fablico, territorio y sostenibilidad<\/h4>\n<p>La Comisi\u00f3n informativa del \u00e1rea de espacio p\u00fablico, territorio y sostenibilidad celebrar\u00e1 las sesiones ordinarias el primer lunes de cada mes a las 12.20 horas. En caso de que este d\u00eda sea inh\u00e1bil se celebrar\u00e1 el d\u00eda h\u00e1bil siguiente a la misma hora, y est\u00e1 integrada por las siguientes personas:<\/p>\n<table>\n<tbody>\n<tr>\n<td width=\"104\"><\/td>\n<td width=\"274\">TITULARES<\/td>\n<td width=\"271\"><\/td>\n<\/tr>\n<tr>\n<td width=\"104\">Presidente<\/td>\n<td width=\"274\">El Alcalde<\/td>\n<td width=\"271\"><\/td>\n<\/tr>\n<tr>\n<td width=\"104\"><\/td>\n<td width=\"274\"><\/td>\n<td width=\"271\"><\/td>\n<\/tr>\n<tr>\n<td width=\"104\">Vocales<\/td>\n<td width=\"274\">Cristina Llorens Pardo (PSC)<\/td>\n<td width=\"271\"><\/td>\n<\/tr>\n<tr>\n<td width=\"104\"><\/td>\n<td width=\"274\">M. Am\u00e8lia Bargall\u00f3 Castellnou (CMM)<\/td>\n<td width=\"271\"><\/td>\n<\/tr>\n<tr>\n<td width=\"104\"><\/td>\n<td width=\"274\">Manel Vilajosana Ferrandiz (ERC-AM)<\/td>\n<td width=\"271\"><\/td>\n<\/tr>\n<tr>\n<td width=\"104\"><\/td>\n<td width=\"274\">Vicente P\u00e9rez Mula (IMM)<\/td>\n<td width=\"271\"><\/td>\n<\/tr>\n<tr>\n<td width=\"104\"><\/td>\n<td width=\"274\">Juan Miguel Jare\u00f1o L\u00f3pez (Vox)<\/td>\n<td width=\"271\"><\/td>\n<\/tr>\n<tr>\n<td width=\"104\"><\/td>\n<td width=\"274\"><\/td>\n<td width=\"271\"><\/td>\n<\/tr>\n<\/tbody>\n<\/table>\n<h4><\/h4>\n<h4>Comisi\u00f3n Informativa del \u00e1rea de promoci\u00f3n econ\u00f3mica y de municipio<\/h4>\n<p>La Comisi\u00f3n informativa del \u00e1rea de promoci\u00f3n econ\u00f3mica y de municipio celebrar\u00e1 las sesiones ordinarias el primer lunes de cada mes a las 12:40 horas. En caso de que este d\u00eda sea inh\u00e1bil se celebrar\u00e1 el d\u00eda h\u00e1bil siguiente a la misma hora, y est\u00e1 integrada por las siguientes personas:<\/p>\n<table>\n<tbody>\n<tr>\n<td width=\"104\"><\/td>\n<td width=\"274\">TITULARES<\/td>\n<td width=\"271\"><\/td>\n<\/tr>\n<tr>\n<td width=\"104\">Presidente<\/td>\n<td width=\"274\">El Alcalde<\/td>\n<td width=\"271\"><\/td>\n<\/tr>\n<tr>\n<td width=\"104\"><\/td>\n<td width=\"274\"><\/td>\n<td width=\"271\"><\/td>\n<\/tr>\n<tr>\n<td width=\"104\">Vocales<\/td>\n<td width=\"274\">Yolanda P\u00e9rez D\u00edaz (PSC)<\/td>\n<td width=\"271\"><\/td>\n<\/tr>\n<tr>\n<td width=\"104\"><\/td>\n<td width=\"274\">M. Am\u00e8lia Bargall\u00f3 Castellnou (CMM)<\/td>\n<td width=\"271\"><\/td>\n<\/tr>\n<tr>\n<td width=\"104\"><\/td>\n<td width=\"274\">Irene Aragon\u00e8s Gr\u00e0cia (ERC-AM)<\/td>\n<td width=\"271\"><\/td>\n<\/tr>\n<tr>\n<td width=\"104\"><\/td>\n<td width=\"274\">Elvira Montagud P\u00e9rez (IMM)<\/td>\n<td width=\"271\"><\/td>\n<\/tr>\n<tr>\n<td width=\"104\"><\/td>\n<td width=\"274\">Juan Miguel Jare\u00f1o L\u00f3pez (Vox)<\/td>\n<td width=\"271\"><\/td>\n<\/tr>\n<tr>\n<td width=\"104\"><\/td>\n<td width=\"274\"><\/td>\n<td width=\"271\"><\/td>\n<\/tr>\n<\/tbody>\n<\/table>\n<h4><\/h4>\n<h4>Comisi\u00f3n Informativa del \u00e1rea de gesti\u00f3n interna, gobierno abierto y hacienda<\/h4>\n<p>La Comisi\u00f3n informativa del \u00e1rea de gesti\u00f3n interna, gobierno abierto y hacienda celebrar\u00e1 las sesiones ordinarias el primer lunes de cada mes a las 13.00 horas. En caso de que este d\u00eda sea inh\u00e1bil se celebrar\u00e1 el d\u00eda h\u00e1bil siguiente a la misma hora, y est\u00e1 integrada por las siguientes personas:<\/p>\n<table>\n<tbody>\n<tr>\n<td width=\"104\"><\/td>\n<td width=\"274\">TITULARES<\/td>\n<td width=\"271\"><\/td>\n<\/tr>\n<tr>\n<td width=\"104\">Presidente<\/td>\n<td width=\"274\">El Alcalde<\/td>\n<td width=\"271\"><\/td>\n<\/tr>\n<tr>\n<td width=\"104\"><\/td>\n<td width=\"274\"><\/td>\n<td width=\"271\"><\/td>\n<\/tr>\n<tr>\n<td width=\"104\">Vocales<\/td>\n<td width=\"274\">Jordi Alemany Ardit (PSC)<\/td>\n<td width=\"271\"><\/td>\n<\/tr>\n<tr>\n<td width=\"104\"><\/td>\n<td width=\"274\">Serena Gispert Gim\u00e9nez (CMM)<\/td>\n<td width=\"271\"><\/td>\n<\/tr>\n<tr>\n<td width=\"104\"><\/td>\n<td width=\"274\">Manel Vilajosana Ferrandiz (ERC-AM)<\/td>\n<td width=\"271\"><\/td>\n<\/tr>\n<tr>\n<td width=\"104\"><\/td>\n<td width=\"274\">Vicente P\u00e9rez Mula (IMM)<\/td>\n<td width=\"271\"><\/td>\n<\/tr>\n<tr>\n<td width=\"104\"><\/td>\n<td width=\"274\">Juan Miguel Jare\u00f1o L\u00f3pez (Vox)<\/td>\n<td width=\"271\"><\/td>\n<\/tr>\n<tr>\n<td width=\"104\"><\/td>\n<td width=\"274\"><\/td>\n<td width=\"271\"><\/td>\n<\/tr>\n<\/tbody>\n<\/table>\n<p>&nbsp;<\/p>\n","protected":false},"excerpt":{"rendered":"<p>Las Comisiones Informativas son organos municipales a las cuales se les encarga el estudio, informe i la consulta de todos los asuntos que les propongan en la aprobaci\u00f3n del Pleno municipal, o de la Junta de Gobierno Local, cuando actua por delegaci\u00f3n del Pleno, o bien, cuando la Junta de Gobierno Local lo requiera. Corresponde [&hellip;]<\/p>\n","protected":false},"author":4,"featured_media":0,"parent":9287,"menu_order":5,"comment_status":"closed","ping_status":"closed","template":"","meta":{"inline_featured_image":false,"_monsterinsights_skip_tracking":false,"_monsterinsights_sitenote_active":false,"_monsterinsights_sitenote_note":"","_monsterinsights_sitenote_category":0,"footnotes":""},"class_list":["post-9305","page","type-page","status-publish","hentry"],"yoast_head":"<!-- This site is optimized with the Yoast SEO plugin v27.4 - https:\/\/yoast.com\/product\/yoast-seo-wordpress\/ -->\n<title>Comisiones Informativas - Ajuntament de Mont-roig del Camp<\/title>\n<meta name=\"robots\" content=\"index, follow, max-snippet:-1, max-image-preview:large, max-video-preview:-1\" \/>\n<link rel=\"canonical\" href=\"https:\/\/mont-roig.cat\/es\/ayuntamiento\/organs-de-representacio\/comissions-informatives-2\/\" \/>\n<meta property=\"og:locale\" content=\"es_ES\" \/>\n<meta property=\"og:type\" content=\"article\" \/>\n<meta property=\"og:title\" content=\"Comisiones Informativas - Ajuntament de Mont-roig del Camp\" \/>\n<meta property=\"og:description\" content=\"Las Comisiones Informativas son organos municipales a las cuales se les encarga el estudio, informe i la consulta de todos los asuntos que les propongan en la aprobaci\u00f3n del Pleno municipal, o de la Junta de Gobierno Local, cuando actua por delegaci\u00f3n del Pleno, o bien, cuando la Junta de Gobierno Local lo requiera. Corresponde [&hellip;]\" \/>\n<meta property=\"og:url\" content=\"https:\/\/mont-roig.cat\/es\/ayuntamiento\/organs-de-representacio\/comissions-informatives-2\/\" \/>\n<meta property=\"og:site_name\" content=\"Ajuntament de Mont-roig del Camp\" \/>\n<meta property=\"article:modified_time\" content=\"2025-05-16T09:45:50+00:00\" \/>\n<meta property=\"og:image\" content=\"https:\/\/mont-roig.cat\/wp-content\/uploads\/aj-mont-roig-2.jpg\" \/>\n\t<meta property=\"og:image:width\" content=\"1200\" \/>\n\t<meta property=\"og:image:height\" content=\"600\" \/>\n\t<meta property=\"og:image:type\" content=\"image\/jpeg\" \/>\n<meta name=\"twitter:card\" content=\"summary_large_image\" \/>\n<meta name=\"twitter:label1\" content=\"Tiempo de lectura\" \/>\n\t<meta name=\"twitter:data1\" content=\"3 minutos\" \/>\n<script type=\"application\/ld+json\" class=\"yoast-schema-graph\">{\"@context\":\"https:\\\/\\\/schema.org\",\"@graph\":[{\"@type\":\"WebPage\",\"@id\":\"https:\\\/\\\/mont-roig.cat\\\/es\\\/ayuntamiento\\\/organs-de-representacio\\\/comissions-informatives-2\\\/\",\"url\":\"https:\\\/\\\/mont-roig.cat\\\/es\\\/ayuntamiento\\\/organs-de-representacio\\\/comissions-informatives-2\\\/\",\"name\":\"Comisiones Informativas - Ajuntament de Mont-roig del Camp\",\"isPartOf\":{\"@id\":\"https:\\\/\\\/mont-roig.cat\\\/es\\\/#website\"},\"datePublished\":\"2015-12-22T09:57:18+00:00\",\"dateModified\":\"2025-05-16T09:45:50+00:00\",\"breadcrumb\":{\"@id\":\"https:\\\/\\\/mont-roig.cat\\\/es\\\/ayuntamiento\\\/organs-de-representacio\\\/comissions-informatives-2\\\/#breadcrumb\"},\"inLanguage\":\"es\",\"potentialAction\":[{\"@type\":\"ReadAction\",\"target\":[\"https:\\\/\\\/mont-roig.cat\\\/es\\\/ayuntamiento\\\/organs-de-representacio\\\/comissions-informatives-2\\\/\"]}]},{\"@type\":\"BreadcrumbList\",\"@id\":\"https:\\\/\\\/mont-roig.cat\\\/es\\\/ayuntamiento\\\/organs-de-representacio\\\/comissions-informatives-2\\\/#breadcrumb\",\"itemListElement\":[{\"@type\":\"ListItem\",\"position\":1,\"name\":\"Inici\",\"item\":\"https:\\\/\\\/mont-roig.cat\\\/es\\\/pagina-de-inicio\\\/\"},{\"@type\":\"ListItem\",\"position\":2,\"name\":\"Ayuntamiento\",\"item\":\"https:\\\/\\\/mont-roig.cat\\\/es\\\/ayuntamiento\\\/\"},{\"@type\":\"ListItem\",\"position\":3,\"name\":\"\u00d3rganos de representaci\u00f3n\",\"item\":\"https:\\\/\\\/mont-roig.cat\\\/es\\\/ayuntamiento\\\/organs-de-representacio\\\/\"},{\"@type\":\"ListItem\",\"position\":4,\"name\":\"Comisiones Informativas\"}]},{\"@type\":\"WebSite\",\"@id\":\"https:\\\/\\\/mont-roig.cat\\\/es\\\/#website\",\"url\":\"https:\\\/\\\/mont-roig.cat\\\/es\\\/\",\"name\":\"Ajuntament de Mont-roig del Camp\",\"description\":\"Tota la informaci\u00f3 sobre la instituci\u00f3, els seus \u00f2rgans de govern, actualitat, serveis i molt m\u00e9s.\",\"potentialAction\":[{\"@type\":\"SearchAction\",\"target\":{\"@type\":\"EntryPoint\",\"urlTemplate\":\"https:\\\/\\\/mont-roig.cat\\\/es\\\/?s={search_term_string}\"},\"query-input\":{\"@type\":\"PropertyValueSpecification\",\"valueRequired\":true,\"valueName\":\"search_term_string\"}}],\"inLanguage\":\"es\"}]}<\/script>\n<!-- \/ Yoast SEO plugin. -->","yoast_head_json":{"title":"Comisiones Informativas - Ajuntament de Mont-roig del Camp","robots":{"index":"index","follow":"follow","max-snippet":"max-snippet:-1","max-image-preview":"max-image-preview:large","max-video-preview":"max-video-preview:-1"},"canonical":"https:\/\/mont-roig.cat\/es\/ayuntamiento\/organs-de-representacio\/comissions-informatives-2\/","og_locale":"es_ES","og_type":"article","og_title":"Comisiones Informativas - Ajuntament de Mont-roig del Camp","og_description":"Las Comisiones Informativas son organos municipales a las cuales se les encarga el estudio, informe i la consulta de todos los asuntos que les propongan en la aprobaci\u00f3n del Pleno municipal, o de la Junta de Gobierno Local, cuando actua por delegaci\u00f3n del Pleno, o bien, cuando la Junta de Gobierno Local lo requiera. Corresponde [&hellip;]","og_url":"https:\/\/mont-roig.cat\/es\/ayuntamiento\/organs-de-representacio\/comissions-informatives-2\/","og_site_name":"Ajuntament de Mont-roig del Camp","article_modified_time":"2025-05-16T09:45:50+00:00","og_image":[{"width":1200,"height":600,"url":"https:\/\/mont-roig.cat\/wp-content\/uploads\/aj-mont-roig-2.jpg","type":"image\/jpeg"}],"twitter_card":"summary_large_image","twitter_misc":{"Tiempo de lectura":"3 minutos"},"schema":{"@context":"https:\/\/schema.org","@graph":[{"@type":"WebPage","@id":"https:\/\/mont-roig.cat\/es\/ayuntamiento\/organs-de-representacio\/comissions-informatives-2\/","url":"https:\/\/mont-roig.cat\/es\/ayuntamiento\/organs-de-representacio\/comissions-informatives-2\/","name":"Comisiones Informativas - Ajuntament de Mont-roig del Camp","isPartOf":{"@id":"https:\/\/mont-roig.cat\/es\/#website"},"datePublished":"2015-12-22T09:57:18+00:00","dateModified":"2025-05-16T09:45:50+00:00","breadcrumb":{"@id":"https:\/\/mont-roig.cat\/es\/ayuntamiento\/organs-de-representacio\/comissions-informatives-2\/#breadcrumb"},"inLanguage":"es","potentialAction":[{"@type":"ReadAction","target":["https:\/\/mont-roig.cat\/es\/ayuntamiento\/organs-de-representacio\/comissions-informatives-2\/"]}]},{"@type":"BreadcrumbList","@id":"https:\/\/mont-roig.cat\/es\/ayuntamiento\/organs-de-representacio\/comissions-informatives-2\/#breadcrumb","itemListElement":[{"@type":"ListItem","position":1,"name":"Inici","item":"https:\/\/mont-roig.cat\/es\/pagina-de-inicio\/"},{"@type":"ListItem","position":2,"name":"Ayuntamiento","item":"https:\/\/mont-roig.cat\/es\/ayuntamiento\/"},{"@type":"ListItem","position":3,"name":"\u00d3rganos de representaci\u00f3n","item":"https:\/\/mont-roig.cat\/es\/ayuntamiento\/organs-de-representacio\/"},{"@type":"ListItem","position":4,"name":"Comisiones Informativas"}]},{"@type":"WebSite","@id":"https:\/\/mont-roig.cat\/es\/#website","url":"https:\/\/mont-roig.cat\/es\/","name":"Ajuntament de Mont-roig del Camp","description":"Tota la informaci\u00f3 sobre la instituci\u00f3, els seus \u00f2rgans de govern, actualitat, serveis i molt m\u00e9s.","potentialAction":[{"@type":"SearchAction","target":{"@type":"EntryPoint","urlTemplate":"https:\/\/mont-roig.cat\/es\/?s={search_term_string}"},"query-input":{"@type":"PropertyValueSpecification","valueRequired":true,"valueName":"search_term_string"}}],"inLanguage":"es"}]}},"_links":{"self":[{"href":"https:\/\/mont-roig.cat\/es\/wp-json\/wp\/v2\/pages\/9305","targetHints":{"allow":["GET"]}}],"collection":[{"href":"https:\/\/mont-roig.cat\/es\/wp-json\/wp\/v2\/pages"}],"about":[{"href":"https:\/\/mont-roig.cat\/es\/wp-json\/wp\/v2\/types\/page"}],"author":[{"embeddable":true,"href":"https:\/\/mont-roig.cat\/es\/wp-json\/wp\/v2\/users\/4"}],"replies":[{"embeddable":true,"href":"https:\/\/mont-roig.cat\/es\/wp-json\/wp\/v2\/comments?post=9305"}],"version-history":[{"count":17,"href":"https:\/\/mont-roig.cat\/es\/wp-json\/wp\/v2\/pages\/9305\/revisions"}],"predecessor-version":[{"id":83056,"href":"https:\/\/mont-roig.cat\/es\/wp-json\/wp\/v2\/pages\/9305\/revisions\/83056"}],"up":[{"embeddable":true,"href":"https:\/\/mont-roig.cat\/es\/wp-json\/wp\/v2\/pages\/9287"}],"wp:attachment":[{"href":"https:\/\/mont-roig.cat\/es\/wp-json\/wp\/v2\/media?parent=9305"}],"curies":[{"name":"wp","href":"https:\/\/api.w.org\/{rel}","templated":true}]}}