{"id":9310,"date":"2015-12-22T11:03:15","date_gmt":"2015-12-22T10:03:15","guid":{"rendered":"http:\/\/mont-roig.cat\/es\/ayuntamiento\/organs-de-representacio\/informacio-carrecs-electes\/"},"modified":"2023-02-20T10:40:56","modified_gmt":"2023-02-20T09:40:56","slug":"informacio-carrecs-electes","status":"publish","type":"page","link":"https:\/\/mont-roig.cat\/es\/ayuntamiento\/organs-de-representacio\/informacio-carrecs-electes\/","title":{"rendered":"Informaci\u00f3n cargos electos"},"content":{"rendered":"<p style=\"text-align: justify;\">En aplicaci\u00f3n de la Ley de Transparencia de las administraciones p\u00fablicas, pod\u00e9is consultar\u00a0el <strong>Plan de Integridad del Ayuntamiento<\/strong> que recoge los principios \u00e9ticos y de buen gobierno que deben regir las actuaciones de los altos cargos, representantes pol\u00edticos y personal directivo de la instituci\u00f3n. Encontrar\u00e9is el texto \u00edntegro y sus documentos anexos a continuaci\u00f3n:<\/p>\n<ul style=\"text-align: justify;\">\n<li><a href=\"https:\/\/mont-roig.cat\/wp-content\/uploads\/Pla-dintegritat-amb-portada.pdf\" target=\"_blank\" rel=\"noopener\">Plan de Integridad<\/a><\/li>\n<li><a href=\"https:\/\/mont-roig.cat\/wp-content\/uploads\/Annex-1.-Declaracio-Institucional-contra-el-frau.pdf\" target=\"_blank\" rel=\"noopener\">Anexo 1. Declaraci\u00f3n institucional contra el fraude<\/a><\/li>\n<li><a href=\"https:\/\/mont-roig.cat\/wp-content\/uploads\/Annex-2.-CODI-ETIC-MONT-ROIG.pdf\" target=\"_blank\" rel=\"noopener\">Anexo 2. C\u00f3digo \u00e9tico<\/a><\/li>\n<li><a href=\"https:\/\/mont-roig.cat\/wp-content\/uploads\/Annex-3.-Declaracio-absencia-conflictes-interes.pdf\" target=\"_blank\" rel=\"noopener\">Anexo 3. Declaraci\u00f3n de ausencia de conflictos de inter\u00e9s<\/a><\/li>\n<\/ul>\n<p style=\"text-align: justify;\">Por otro lado, los representantes locales, as\u00ed como los miembros no electos de la Junta de Gobierno Local, formular\u00e1n declaraci\u00f3n sobre causas de posible incompatibilidad y sobre cualquier actividad que les proporcione o pueda proporcionar ingresos econ\u00f3micos.\u00a0Tambi\u00e9n deben formular declaraci\u00f3n de sus bienes patrimoniales y de la participaci\u00f3n en sociedades de todo tipo, con informaci\u00f3n de las sociedades por ellas participadas y de las liquidaciones de los impuestos sobre la renta, patrimonio y, en su caso, sociedades.<\/p>\n<p style=\"text-align: justify;\">Pod\u00e9is consultar los documentos de declaraci\u00f3n de actividad y bienes patrimoniales en la informaci\u00f3n de cada regidor que encontrar\u00e9is en el siguiente enlace:<\/p>\n<p style=\"text-align: justify;\"><a href=\"https:\/\/mont-roig.cat\/es\/ayuntamiento\/organs-de-representacio\/pleno\/composicion-del-pleno\/\">https:\/\/mont-roig.cat\/es\/ayuntamiento\/organs-de-representacio\/pleno\/grupos-municipales\/<\/a><\/p>\n<p style=\"text-align: justify;\">En este apartado pod\u00e9is consultar tambi\u00e9n las <a href=\"\/wordpress?page_id=9360\" target=\"_blank\" rel=\"noopener\">retribuciones de los cargos electos<\/a>.<\/p>\n","protected":false},"excerpt":{"rendered":"<p>En aplicaci\u00f3n de la Ley de Transparencia de las administraciones p\u00fablicas, pod\u00e9is consultar\u00a0el Plan de Integridad del Ayuntamiento que recoge los principios \u00e9ticos y de buen gobierno que deben regir las actuaciones de los altos cargos, representantes pol\u00edticos y personal directivo de la instituci\u00f3n. Encontrar\u00e9is el texto \u00edntegro y sus documentos anexos a continuaci\u00f3n: Plan [&hellip;]<\/p>\n","protected":false},"author":4,"featured_media":0,"parent":9287,"menu_order":6,"comment_status":"closed","ping_status":"closed","template":"","meta":{"inline_featured_image":false,"_monsterinsights_skip_tracking":false,"_monsterinsights_sitenote_active":false,"_monsterinsights_sitenote_note":"","_monsterinsights_sitenote_category":0,"footnotes":""},"class_list":["post-9310","page","type-page","status-publish","hentry"],"yoast_head":"<!-- This site is optimized with the Yoast SEO plugin v27.4 - https:\/\/yoast.com\/product\/yoast-seo-wordpress\/ -->\n<title>Informaci\u00f3n cargos electos - Ajuntament de Mont-roig del Camp<\/title>\n<meta name=\"robots\" content=\"index, follow, max-snippet:-1, max-image-preview:large, max-video-preview:-1\" \/>\n<link rel=\"canonical\" href=\"https:\/\/mont-roig.cat\/es\/ayuntamiento\/organs-de-representacio\/informacio-carrecs-electes\/\" \/>\n<meta property=\"og:locale\" content=\"es_ES\" \/>\n<meta property=\"og:type\" content=\"article\" \/>\n<meta property=\"og:title\" content=\"Informaci\u00f3n cargos electos - Ajuntament de Mont-roig del Camp\" \/>\n<meta property=\"og:description\" content=\"En aplicaci\u00f3n de la Ley de Transparencia de las administraciones p\u00fablicas, pod\u00e9is consultar\u00a0el Plan de Integridad del Ayuntamiento que recoge los principios \u00e9ticos y de buen gobierno que deben regir las actuaciones de los altos cargos, representantes pol\u00edticos y personal directivo de la instituci\u00f3n. Encontrar\u00e9is el texto \u00edntegro y sus documentos anexos a continuaci\u00f3n: Plan [&hellip;]\" \/>\n<meta property=\"og:url\" content=\"https:\/\/mont-roig.cat\/es\/ayuntamiento\/organs-de-representacio\/informacio-carrecs-electes\/\" \/>\n<meta property=\"og:site_name\" content=\"Ajuntament de Mont-roig del Camp\" \/>\n<meta property=\"article:modified_time\" content=\"2023-02-20T09:40:56+00:00\" \/>\n<meta property=\"og:image\" content=\"https:\/\/mont-roig.cat\/wp-content\/uploads\/aj-mont-roig-2.jpg\" \/>\n\t<meta property=\"og:image:width\" content=\"1200\" \/>\n\t<meta property=\"og:image:height\" content=\"600\" \/>\n\t<meta property=\"og:image:type\" content=\"image\/jpeg\" \/>\n<meta name=\"twitter:card\" content=\"summary_large_image\" \/>\n<meta name=\"twitter:label1\" content=\"Tiempo de lectura\" \/>\n\t<meta name=\"twitter:data1\" content=\"2 minutos\" \/>\n<script type=\"application\/ld+json\" class=\"yoast-schema-graph\">{\"@context\":\"https:\\\/\\\/schema.org\",\"@graph\":[{\"@type\":\"WebPage\",\"@id\":\"https:\\\/\\\/mont-roig.cat\\\/es\\\/ayuntamiento\\\/organs-de-representacio\\\/informacio-carrecs-electes\\\/\",\"url\":\"https:\\\/\\\/mont-roig.cat\\\/es\\\/ayuntamiento\\\/organs-de-representacio\\\/informacio-carrecs-electes\\\/\",\"name\":\"Informaci\u00f3n cargos electos - Ajuntament de Mont-roig del Camp\",\"isPartOf\":{\"@id\":\"https:\\\/\\\/mont-roig.cat\\\/es\\\/#website\"},\"datePublished\":\"2015-12-22T10:03:15+00:00\",\"dateModified\":\"2023-02-20T09:40:56+00:00\",\"breadcrumb\":{\"@id\":\"https:\\\/\\\/mont-roig.cat\\\/es\\\/ayuntamiento\\\/organs-de-representacio\\\/informacio-carrecs-electes\\\/#breadcrumb\"},\"inLanguage\":\"es\",\"potentialAction\":[{\"@type\":\"ReadAction\",\"target\":[\"https:\\\/\\\/mont-roig.cat\\\/es\\\/ayuntamiento\\\/organs-de-representacio\\\/informacio-carrecs-electes\\\/\"]}]},{\"@type\":\"BreadcrumbList\",\"@id\":\"https:\\\/\\\/mont-roig.cat\\\/es\\\/ayuntamiento\\\/organs-de-representacio\\\/informacio-carrecs-electes\\\/#breadcrumb\",\"itemListElement\":[{\"@type\":\"ListItem\",\"position\":1,\"name\":\"Inici\",\"item\":\"https:\\\/\\\/mont-roig.cat\\\/es\\\/pagina-de-inicio\\\/\"},{\"@type\":\"ListItem\",\"position\":2,\"name\":\"Ayuntamiento\",\"item\":\"https:\\\/\\\/mont-roig.cat\\\/es\\\/ayuntamiento\\\/\"},{\"@type\":\"ListItem\",\"position\":3,\"name\":\"\u00d3rganos de representaci\u00f3n\",\"item\":\"https:\\\/\\\/mont-roig.cat\\\/es\\\/ayuntamiento\\\/organs-de-representacio\\\/\"},{\"@type\":\"ListItem\",\"position\":4,\"name\":\"Informaci\u00f3n cargos electos\"}]},{\"@type\":\"WebSite\",\"@id\":\"https:\\\/\\\/mont-roig.cat\\\/es\\\/#website\",\"url\":\"https:\\\/\\\/mont-roig.cat\\\/es\\\/\",\"name\":\"Ajuntament de Mont-roig del Camp\",\"description\":\"Tota la informaci\u00f3 sobre la instituci\u00f3, els seus \u00f2rgans de govern, actualitat, serveis i molt m\u00e9s.\",\"potentialAction\":[{\"@type\":\"SearchAction\",\"target\":{\"@type\":\"EntryPoint\",\"urlTemplate\":\"https:\\\/\\\/mont-roig.cat\\\/es\\\/?s={search_term_string}\"},\"query-input\":{\"@type\":\"PropertyValueSpecification\",\"valueRequired\":true,\"valueName\":\"search_term_string\"}}],\"inLanguage\":\"es\"}]}<\/script>\n<!-- \/ Yoast SEO plugin. -->","yoast_head_json":{"title":"Informaci\u00f3n cargos electos - Ajuntament de Mont-roig del Camp","robots":{"index":"index","follow":"follow","max-snippet":"max-snippet:-1","max-image-preview":"max-image-preview:large","max-video-preview":"max-video-preview:-1"},"canonical":"https:\/\/mont-roig.cat\/es\/ayuntamiento\/organs-de-representacio\/informacio-carrecs-electes\/","og_locale":"es_ES","og_type":"article","og_title":"Informaci\u00f3n cargos electos - Ajuntament de Mont-roig del Camp","og_description":"En aplicaci\u00f3n de la Ley de Transparencia de las administraciones p\u00fablicas, pod\u00e9is consultar\u00a0el Plan de Integridad del Ayuntamiento que recoge los principios \u00e9ticos y de buen gobierno que deben regir las actuaciones de los altos cargos, representantes pol\u00edticos y personal directivo de la instituci\u00f3n. Encontrar\u00e9is el texto \u00edntegro y sus documentos anexos a continuaci\u00f3n: Plan [&hellip;]","og_url":"https:\/\/mont-roig.cat\/es\/ayuntamiento\/organs-de-representacio\/informacio-carrecs-electes\/","og_site_name":"Ajuntament de Mont-roig del Camp","article_modified_time":"2023-02-20T09:40:56+00:00","og_image":[{"width":1200,"height":600,"url":"https:\/\/mont-roig.cat\/wp-content\/uploads\/aj-mont-roig-2.jpg","type":"image\/jpeg"}],"twitter_card":"summary_large_image","twitter_misc":{"Tiempo de lectura":"2 minutos"},"schema":{"@context":"https:\/\/schema.org","@graph":[{"@type":"WebPage","@id":"https:\/\/mont-roig.cat\/es\/ayuntamiento\/organs-de-representacio\/informacio-carrecs-electes\/","url":"https:\/\/mont-roig.cat\/es\/ayuntamiento\/organs-de-representacio\/informacio-carrecs-electes\/","name":"Informaci\u00f3n cargos electos - Ajuntament de Mont-roig del Camp","isPartOf":{"@id":"https:\/\/mont-roig.cat\/es\/#website"},"datePublished":"2015-12-22T10:03:15+00:00","dateModified":"2023-02-20T09:40:56+00:00","breadcrumb":{"@id":"https:\/\/mont-roig.cat\/es\/ayuntamiento\/organs-de-representacio\/informacio-carrecs-electes\/#breadcrumb"},"inLanguage":"es","potentialAction":[{"@type":"ReadAction","target":["https:\/\/mont-roig.cat\/es\/ayuntamiento\/organs-de-representacio\/informacio-carrecs-electes\/"]}]},{"@type":"BreadcrumbList","@id":"https:\/\/mont-roig.cat\/es\/ayuntamiento\/organs-de-representacio\/informacio-carrecs-electes\/#breadcrumb","itemListElement":[{"@type":"ListItem","position":1,"name":"Inici","item":"https:\/\/mont-roig.cat\/es\/pagina-de-inicio\/"},{"@type":"ListItem","position":2,"name":"Ayuntamiento","item":"https:\/\/mont-roig.cat\/es\/ayuntamiento\/"},{"@type":"ListItem","position":3,"name":"\u00d3rganos de representaci\u00f3n","item":"https:\/\/mont-roig.cat\/es\/ayuntamiento\/organs-de-representacio\/"},{"@type":"ListItem","position":4,"name":"Informaci\u00f3n cargos electos"}]},{"@type":"WebSite","@id":"https:\/\/mont-roig.cat\/es\/#website","url":"https:\/\/mont-roig.cat\/es\/","name":"Ajuntament de Mont-roig del Camp","description":"Tota la informaci\u00f3 sobre la instituci\u00f3, els seus \u00f2rgans de govern, actualitat, serveis i molt m\u00e9s.","potentialAction":[{"@type":"SearchAction","target":{"@type":"EntryPoint","urlTemplate":"https:\/\/mont-roig.cat\/es\/?s={search_term_string}"},"query-input":{"@type":"PropertyValueSpecification","valueRequired":true,"valueName":"search_term_string"}}],"inLanguage":"es"}]}},"_links":{"self":[{"href":"https:\/\/mont-roig.cat\/es\/wp-json\/wp\/v2\/pages\/9310","targetHints":{"allow":["GET"]}}],"collection":[{"href":"https:\/\/mont-roig.cat\/es\/wp-json\/wp\/v2\/pages"}],"about":[{"href":"https:\/\/mont-roig.cat\/es\/wp-json\/wp\/v2\/types\/page"}],"author":[{"embeddable":true,"href":"https:\/\/mont-roig.cat\/es\/wp-json\/wp\/v2\/users\/4"}],"replies":[{"embeddable":true,"href":"https:\/\/mont-roig.cat\/es\/wp-json\/wp\/v2\/comments?post=9310"}],"version-history":[{"count":10,"href":"https:\/\/mont-roig.cat\/es\/wp-json\/wp\/v2\/pages\/9310\/revisions"}],"predecessor-version":[{"id":68372,"href":"https:\/\/mont-roig.cat\/es\/wp-json\/wp\/v2\/pages\/9310\/revisions\/68372"}],"up":[{"embeddable":true,"href":"https:\/\/mont-roig.cat\/es\/wp-json\/wp\/v2\/pages\/9287"}],"wp:attachment":[{"href":"https:\/\/mont-roig.cat\/es\/wp-json\/wp\/v2\/media?parent=9310"}],"curies":[{"name":"wp","href":"https:\/\/api.w.org\/{rel}","templated":true}]}}