{"id":9316,"date":"2015-12-22T13:10:58","date_gmt":"2015-12-22T12:10:58","guid":{"rendered":"http:\/\/mont-roig.cat\/es\/govern-obert\/"},"modified":"2016-02-26T15:20:45","modified_gmt":"2016-02-26T14:20:45","slug":"govern-obert","status":"publish","type":"page","link":"https:\/\/mont-roig.cat\/es\/govern-obert\/","title":{"rendered":"Gobierno abierto"},"content":{"rendered":"<p style=\"text-align: justify;\">El <span style=\"color: #8c0a0a;\"><strong>gobierno abierto<\/strong><\/span> es una respuesta a la demanda social y pol\u00edtica del momento, en que la administraci\u00f3n tiene el reto de restituir la confianza ciudadana con un gobierno m\u00e1s transparente, cercano y participativo. El objetivo de este gobierno es mantener un di\u00e1logo permanente entre la administraci\u00f3n y la ciudadan\u00eda, por lo que las decisiones adoptadas por el Ayuntamiento tengan en cuenta las necesidades y preferencias de los ciudadanos.<\/p>\n<p style=\"text-align: justify;\">As\u00ed pues, se da impulso a la participaci\u00f3n y colaboraci\u00f3n ciudadana, se reconoce la transparencia en la informaci\u00f3n p\u00fablica como marco de referencia en la actuaci\u00f3n municipal, se pretende la mejora continua de los servicios p\u00fablicos, que pueden estar sometidos a una evaluaci\u00f3n por parte del ciudadano, se da cuenta de la actividad de la corporaci\u00f3n, poniendo la informaci\u00f3n al alcance de todos, y se proporcionan instrumentos y formas de participaci\u00f3n.<\/p>\n<p style=\"text-align: justify;\">El gobierno abierto implica, por tanto, apertura a la ciudadan\u00eda y receptividad de sus propuestas y sugerencias.<\/p>\n","protected":false},"excerpt":{"rendered":"<p>El gobierno abierto es una respuesta a la demanda social y pol\u00edtica del momento, en que la administraci\u00f3n tiene el reto de restituir la confianza ciudadana con un gobierno m\u00e1s transparente, cercano y participativo. El objetivo de este gobierno es mantener un di\u00e1logo permanente entre la administraci\u00f3n y la ciudadan\u00eda, por lo que las decisiones [&hellip;]<\/p>\n","protected":false},"author":4,"featured_media":0,"parent":0,"menu_order":0,"comment_status":"closed","ping_status":"closed","template":"","meta":{"inline_featured_image":false,"_monsterinsights_skip_tracking":false,"_monsterinsights_sitenote_active":false,"_monsterinsights_sitenote_note":"","_monsterinsights_sitenote_category":0,"footnotes":""},"class_list":["post-9316","page","type-page","status-publish","hentry"],"yoast_head":"<!-- This site is optimized with the Yoast SEO plugin v27.4 - https:\/\/yoast.com\/product\/yoast-seo-wordpress\/ -->\n<title>Gobierno abierto - Ajuntament de Mont-roig del Camp<\/title>\n<meta name=\"robots\" content=\"index, follow, max-snippet:-1, max-image-preview:large, max-video-preview:-1\" \/>\n<link rel=\"canonical\" href=\"https:\/\/mont-roig.cat\/es\/govern-obert\/\" \/>\n<meta property=\"og:locale\" content=\"es_ES\" \/>\n<meta property=\"og:type\" content=\"article\" \/>\n<meta property=\"og:title\" content=\"Gobierno abierto - Ajuntament de Mont-roig del Camp\" \/>\n<meta property=\"og:description\" content=\"El gobierno abierto es una respuesta a la demanda social y pol\u00edtica del momento, en que la administraci\u00f3n tiene el reto de restituir la confianza ciudadana con un gobierno m\u00e1s transparente, cercano y participativo. El objetivo de este gobierno es mantener un di\u00e1logo permanente entre la administraci\u00f3n y la ciudadan\u00eda, por lo que las decisiones [&hellip;]\" \/>\n<meta property=\"og:url\" content=\"https:\/\/mont-roig.cat\/es\/govern-obert\/\" \/>\n<meta property=\"og:site_name\" content=\"Ajuntament de Mont-roig del Camp\" \/>\n<meta property=\"article:modified_time\" content=\"2016-02-26T14:20:45+00:00\" \/>\n<meta property=\"og:image\" content=\"https:\/\/mont-roig.cat\/wp-content\/uploads\/aj-mont-roig-2.jpg\" \/>\n\t<meta property=\"og:image:width\" content=\"1200\" \/>\n\t<meta property=\"og:image:height\" content=\"600\" \/>\n\t<meta property=\"og:image:type\" content=\"image\/jpeg\" \/>\n<meta name=\"twitter:card\" content=\"summary_large_image\" \/>\n<meta name=\"twitter:label1\" content=\"Tiempo de lectura\" \/>\n\t<meta name=\"twitter:data1\" content=\"1 minuto\" \/>\n<script type=\"application\/ld+json\" class=\"yoast-schema-graph\">{\"@context\":\"https:\\\/\\\/schema.org\",\"@graph\":[{\"@type\":\"WebPage\",\"@id\":\"https:\\\/\\\/mont-roig.cat\\\/es\\\/govern-obert\\\/\",\"url\":\"https:\\\/\\\/mont-roig.cat\\\/es\\\/govern-obert\\\/\",\"name\":\"Gobierno abierto - Ajuntament de Mont-roig del Camp\",\"isPartOf\":{\"@id\":\"https:\\\/\\\/mont-roig.cat\\\/es\\\/#website\"},\"datePublished\":\"2015-12-22T12:10:58+00:00\",\"dateModified\":\"2016-02-26T14:20:45+00:00\",\"breadcrumb\":{\"@id\":\"https:\\\/\\\/mont-roig.cat\\\/es\\\/govern-obert\\\/#breadcrumb\"},\"inLanguage\":\"es\",\"potentialAction\":[{\"@type\":\"ReadAction\",\"target\":[\"https:\\\/\\\/mont-roig.cat\\\/es\\\/govern-obert\\\/\"]}]},{\"@type\":\"BreadcrumbList\",\"@id\":\"https:\\\/\\\/mont-roig.cat\\\/es\\\/govern-obert\\\/#breadcrumb\",\"itemListElement\":[{\"@type\":\"ListItem\",\"position\":1,\"name\":\"Inici\",\"item\":\"https:\\\/\\\/mont-roig.cat\\\/es\\\/pagina-de-inicio\\\/\"},{\"@type\":\"ListItem\",\"position\":2,\"name\":\"Gobierno abierto\"}]},{\"@type\":\"WebSite\",\"@id\":\"https:\\\/\\\/mont-roig.cat\\\/es\\\/#website\",\"url\":\"https:\\\/\\\/mont-roig.cat\\\/es\\\/\",\"name\":\"Ajuntament de Mont-roig del Camp\",\"description\":\"Tota la informaci\u00f3 sobre la instituci\u00f3, els seus \u00f2rgans de govern, actualitat, serveis i molt m\u00e9s.\",\"potentialAction\":[{\"@type\":\"SearchAction\",\"target\":{\"@type\":\"EntryPoint\",\"urlTemplate\":\"https:\\\/\\\/mont-roig.cat\\\/es\\\/?s={search_term_string}\"},\"query-input\":{\"@type\":\"PropertyValueSpecification\",\"valueRequired\":true,\"valueName\":\"search_term_string\"}}],\"inLanguage\":\"es\"}]}<\/script>\n<!-- \/ Yoast SEO plugin. -->","yoast_head_json":{"title":"Gobierno abierto - Ajuntament de Mont-roig del Camp","robots":{"index":"index","follow":"follow","max-snippet":"max-snippet:-1","max-image-preview":"max-image-preview:large","max-video-preview":"max-video-preview:-1"},"canonical":"https:\/\/mont-roig.cat\/es\/govern-obert\/","og_locale":"es_ES","og_type":"article","og_title":"Gobierno abierto - Ajuntament de Mont-roig del Camp","og_description":"El gobierno abierto es una respuesta a la demanda social y pol\u00edtica del momento, en que la administraci\u00f3n tiene el reto de restituir la confianza ciudadana con un gobierno m\u00e1s transparente, cercano y participativo. El objetivo de este gobierno es mantener un di\u00e1logo permanente entre la administraci\u00f3n y la ciudadan\u00eda, por lo que las decisiones [&hellip;]","og_url":"https:\/\/mont-roig.cat\/es\/govern-obert\/","og_site_name":"Ajuntament de Mont-roig del Camp","article_modified_time":"2016-02-26T14:20:45+00:00","og_image":[{"width":1200,"height":600,"url":"https:\/\/mont-roig.cat\/wp-content\/uploads\/aj-mont-roig-2.jpg","type":"image\/jpeg"}],"twitter_card":"summary_large_image","twitter_misc":{"Tiempo de lectura":"1 minuto"},"schema":{"@context":"https:\/\/schema.org","@graph":[{"@type":"WebPage","@id":"https:\/\/mont-roig.cat\/es\/govern-obert\/","url":"https:\/\/mont-roig.cat\/es\/govern-obert\/","name":"Gobierno abierto - Ajuntament de Mont-roig del Camp","isPartOf":{"@id":"https:\/\/mont-roig.cat\/es\/#website"},"datePublished":"2015-12-22T12:10:58+00:00","dateModified":"2016-02-26T14:20:45+00:00","breadcrumb":{"@id":"https:\/\/mont-roig.cat\/es\/govern-obert\/#breadcrumb"},"inLanguage":"es","potentialAction":[{"@type":"ReadAction","target":["https:\/\/mont-roig.cat\/es\/govern-obert\/"]}]},{"@type":"BreadcrumbList","@id":"https:\/\/mont-roig.cat\/es\/govern-obert\/#breadcrumb","itemListElement":[{"@type":"ListItem","position":1,"name":"Inici","item":"https:\/\/mont-roig.cat\/es\/pagina-de-inicio\/"},{"@type":"ListItem","position":2,"name":"Gobierno abierto"}]},{"@type":"WebSite","@id":"https:\/\/mont-roig.cat\/es\/#website","url":"https:\/\/mont-roig.cat\/es\/","name":"Ajuntament de Mont-roig del Camp","description":"Tota la informaci\u00f3 sobre la instituci\u00f3, els seus \u00f2rgans de govern, actualitat, serveis i molt m\u00e9s.","potentialAction":[{"@type":"SearchAction","target":{"@type":"EntryPoint","urlTemplate":"https:\/\/mont-roig.cat\/es\/?s={search_term_string}"},"query-input":{"@type":"PropertyValueSpecification","valueRequired":true,"valueName":"search_term_string"}}],"inLanguage":"es"}]}},"_links":{"self":[{"href":"https:\/\/mont-roig.cat\/es\/wp-json\/wp\/v2\/pages\/9316","targetHints":{"allow":["GET"]}}],"collection":[{"href":"https:\/\/mont-roig.cat\/es\/wp-json\/wp\/v2\/pages"}],"about":[{"href":"https:\/\/mont-roig.cat\/es\/wp-json\/wp\/v2\/types\/page"}],"author":[{"embeddable":true,"href":"https:\/\/mont-roig.cat\/es\/wp-json\/wp\/v2\/users\/4"}],"replies":[{"embeddable":true,"href":"https:\/\/mont-roig.cat\/es\/wp-json\/wp\/v2\/comments?post=9316"}],"version-history":[{"count":0,"href":"https:\/\/mont-roig.cat\/es\/wp-json\/wp\/v2\/pages\/9316\/revisions"}],"wp:attachment":[{"href":"https:\/\/mont-roig.cat\/es\/wp-json\/wp\/v2\/media?parent=9316"}],"curies":[{"name":"wp","href":"https:\/\/api.w.org\/{rel}","templated":true}]}}