{"id":9328,"date":"2016-01-04T12:58:25","date_gmt":"2016-01-04T11:58:25","guid":{"rendered":"http:\/\/mont-roig.cat\/es\/govern-obert\/transparencia\/informacio-economica\/"},"modified":"2025-05-16T13:01:09","modified_gmt":"2025-05-16T11:01:09","slug":"informacio-economica","status":"publish","type":"page","link":"https:\/\/mont-roig.cat\/es\/govern-obert\/transparencia\/informacio-economica\/","title":{"rendered":"Informaci\u00f3n Econ\u00f3mica"},"content":{"rendered":"<p style=\"text-align: justify;\">La ley de transparencia de las administraciones p\u00fablicas regula la obligaci\u00f3n de la Administraci\u00f3n de facilitar de forma proactiva la informaci\u00f3n sobre datos y contenidos relativos a la gesti\u00f3n de los recursos p\u00fablicos.<\/p>\n<p style=\"text-align: justify;\">En este sentido, se puede consultar aqu\u00ed la informaci\u00f3n econ\u00f3mica del Ayuntamiento de Mont-roig del Camp.<\/p>\n<p style=\"text-align: justify;\">En esta p\u00e1gina podr\u00e1 encontrar la asignaci\u00f3n de los recursos p\u00fablicos en los diferentes \u00e1mbitos de gesti\u00f3n del Ayuntamiento de Mont-roig del Camp a trav\u00e9s de sus <a href=\"https:\/\/www.seu-e.cat\/es\/web\/mont-roigdelcamp\/govern-obert-i-transparencia\/gestio-economica\/pressupost\/pressupost\" target=\"_blank\" rel=\"noopener\">Presupuestos<\/a>, la herramienta de asignaci\u00f3n y control de los ingresos y el gasto p\u00fablicos. Tambi\u00e9n se publican los servicios y actuaciones que han sido <a href=\"\/wordpress?page_id=4468\" target=\"_blank\" rel=\"noopener\">subvencionados<\/a> por terceros, o bien las <a href=\"\/wordpress?page_id=4672\" target=\"_blank\" rel=\"noopener\">subvenciones<\/a> que otorga el Ayuntamiento.<\/p>\n<p style=\"text-align: justify;\">Por otra parte, en el marco de la Ley Org\u00e1nica 2\/2012, de 27 de abril, de estabilidad presupuestaria y sostenibilidad financiera, que incluye el control de la deuda comercial y la lucha contra la morosidad en el sector p\u00fablico, se han establecido unos indicadores comunes para todas las administraciones p\u00fablicas que miden el plazo de <a href=\"https:\/\/www.seu-e.cat\/es\/web\/mont-roigdelcamp\/govern-obert-i-transparencia\/gestio-economica\/gestio-economica\/periode-mitja-de-pagament-a-proveidors\" target=\"_blank\" rel=\"noopener\">pago a proveedores<\/a>.<\/p>\n<p style=\"text-align: justify;\">Finalmente, desde el 15 de enero de 2015, las facturas que se presenten ante las administraciones p\u00fablicas deben ser electr\u00f3nicas y se presentar\u00e1n en uno de los puntos generales de entrada de <a href=\"https:\/\/mont-roig.cat\/es\/govern-obert\/transparencia\/informacio-economica\/factura-electronica\/\" target=\"_blank\" rel=\"noopener\">facturas electr\u00f3nicas<\/a>. No obstante, el Ayuntamiento ha eximido de la obligaci\u00f3n de presentaci\u00f3n en formato electr\u00f3nico en las facturas el importe sea hasta 5.000,00 euros.<\/p>\n<p style=\"text-align: justify;\">\n","protected":false},"excerpt":{"rendered":"<p>La ley de transparencia de las administraciones p\u00fablicas regula la obligaci\u00f3n de la Administraci\u00f3n de facilitar de forma proactiva la informaci\u00f3n sobre datos y contenidos relativos a la gesti\u00f3n de los recursos p\u00fablicos. En este sentido, se puede consultar aqu\u00ed la informaci\u00f3n econ\u00f3mica del Ayuntamiento de Mont-roig del Camp. En esta p\u00e1gina podr\u00e1 encontrar la [&hellip;]<\/p>\n","protected":false},"author":4,"featured_media":0,"parent":4265,"menu_order":0,"comment_status":"closed","ping_status":"closed","template":"","meta":{"inline_featured_image":false,"_monsterinsights_skip_tracking":false,"_monsterinsights_sitenote_active":false,"_monsterinsights_sitenote_note":"","_monsterinsights_sitenote_category":0,"footnotes":""},"class_list":["post-9328","page","type-page","status-publish","hentry"],"yoast_head":"<!-- This site is optimized with the Yoast SEO plugin v27.1.1 - https:\/\/yoast.com\/product\/yoast-seo-wordpress\/ -->\n<title>Informaci\u00f3n Econ\u00f3mica - Ajuntament de Mont-roig del Camp<\/title>\n<meta name=\"robots\" content=\"index, follow, max-snippet:-1, max-image-preview:large, max-video-preview:-1\" \/>\n<link rel=\"canonical\" href=\"https:\/\/mont-roig.cat\/es\/govern-obert\/transparencia\/informacio-economica\/\" \/>\n<meta property=\"og:locale\" content=\"es_ES\" \/>\n<meta property=\"og:type\" content=\"article\" \/>\n<meta property=\"og:title\" content=\"Informaci\u00f3n Econ\u00f3mica - Ajuntament de Mont-roig del Camp\" \/>\n<meta property=\"og:description\" content=\"La ley de transparencia de las administraciones p\u00fablicas regula la obligaci\u00f3n de la Administraci\u00f3n de facilitar de forma proactiva la informaci\u00f3n sobre datos y contenidos relativos a la gesti\u00f3n de los recursos p\u00fablicos. En este sentido, se puede consultar aqu\u00ed la informaci\u00f3n econ\u00f3mica del Ayuntamiento de Mont-roig del Camp. En esta p\u00e1gina podr\u00e1 encontrar la [&hellip;]\" \/>\n<meta property=\"og:url\" content=\"https:\/\/mont-roig.cat\/es\/govern-obert\/transparencia\/informacio-economica\/\" \/>\n<meta property=\"og:site_name\" content=\"Ajuntament de Mont-roig del Camp\" \/>\n<meta property=\"article:modified_time\" content=\"2025-05-16T11:01:09+00:00\" \/>\n<meta property=\"og:image\" content=\"https:\/\/mont-roig.cat\/wp-content\/uploads\/aj-mont-roig-2.jpg\" \/>\n\t<meta property=\"og:image:width\" content=\"1200\" \/>\n\t<meta property=\"og:image:height\" content=\"600\" \/>\n\t<meta property=\"og:image:type\" content=\"image\/jpeg\" \/>\n<meta name=\"twitter:card\" content=\"summary_large_image\" \/>\n<meta name=\"twitter:label1\" content=\"Tiempo de lectura\" \/>\n\t<meta name=\"twitter:data1\" content=\"2 minutos\" \/>\n<script type=\"application\/ld+json\" class=\"yoast-schema-graph\">{\"@context\":\"https:\/\/schema.org\",\"@graph\":[{\"@type\":\"WebPage\",\"@id\":\"https:\/\/mont-roig.cat\/es\/govern-obert\/transparencia\/informacio-economica\/\",\"url\":\"https:\/\/mont-roig.cat\/es\/govern-obert\/transparencia\/informacio-economica\/\",\"name\":\"Informaci\u00f3n Econ\u00f3mica - Ajuntament de Mont-roig del Camp\",\"isPartOf\":{\"@id\":\"https:\/\/mont-roig.cat\/es\/#website\"},\"datePublished\":\"2016-01-04T11:58:25+00:00\",\"dateModified\":\"2025-05-16T11:01:09+00:00\",\"breadcrumb\":{\"@id\":\"https:\/\/mont-roig.cat\/es\/govern-obert\/transparencia\/informacio-economica\/#breadcrumb\"},\"inLanguage\":\"es\",\"potentialAction\":[{\"@type\":\"ReadAction\",\"target\":[\"https:\/\/mont-roig.cat\/es\/govern-obert\/transparencia\/informacio-economica\/\"]}]},{\"@type\":\"BreadcrumbList\",\"@id\":\"https:\/\/mont-roig.cat\/es\/govern-obert\/transparencia\/informacio-economica\/#breadcrumb\",\"itemListElement\":[{\"@type\":\"ListItem\",\"position\":1,\"name\":\"Inici\",\"item\":\"https:\/\/mont-roig.cat\/es\/pagina-de-inicio\/\"},{\"@type\":\"ListItem\",\"position\":2,\"name\":\"Gobierno abierto\",\"item\":\"https:\/\/mont-roig.cat\/es\/govern-obert\/\"},{\"@type\":\"ListItem\",\"position\":3,\"name\":\"Transparencia\",\"item\":\"https:\/\/mont-roig.cat\/es\/govern-obert\/transparencia\/\"},{\"@type\":\"ListItem\",\"position\":4,\"name\":\"Informaci\u00f3n Econ\u00f3mica\"}]},{\"@type\":\"WebSite\",\"@id\":\"https:\/\/mont-roig.cat\/es\/#website\",\"url\":\"https:\/\/mont-roig.cat\/es\/\",\"name\":\"Ajuntament de Mont-roig del Camp\",\"description\":\"Tota la informaci\u00f3 sobre la instituci\u00f3, els seus \u00f2rgans de govern, actualitat, serveis i molt m\u00e9s.\",\"potentialAction\":[{\"@type\":\"SearchAction\",\"target\":{\"@type\":\"EntryPoint\",\"urlTemplate\":\"https:\/\/mont-roig.cat\/es\/?s={search_term_string}\"},\"query-input\":{\"@type\":\"PropertyValueSpecification\",\"valueRequired\":true,\"valueName\":\"search_term_string\"}}],\"inLanguage\":\"es\"}]}<\/script>\n<!-- \/ Yoast SEO plugin. -->","yoast_head_json":{"title":"Informaci\u00f3n Econ\u00f3mica - Ajuntament de Mont-roig del Camp","robots":{"index":"index","follow":"follow","max-snippet":"max-snippet:-1","max-image-preview":"max-image-preview:large","max-video-preview":"max-video-preview:-1"},"canonical":"https:\/\/mont-roig.cat\/es\/govern-obert\/transparencia\/informacio-economica\/","og_locale":"es_ES","og_type":"article","og_title":"Informaci\u00f3n Econ\u00f3mica - Ajuntament de Mont-roig del Camp","og_description":"La ley de transparencia de las administraciones p\u00fablicas regula la obligaci\u00f3n de la Administraci\u00f3n de facilitar de forma proactiva la informaci\u00f3n sobre datos y contenidos relativos a la gesti\u00f3n de los recursos p\u00fablicos. En este sentido, se puede consultar aqu\u00ed la informaci\u00f3n econ\u00f3mica del Ayuntamiento de Mont-roig del Camp. En esta p\u00e1gina podr\u00e1 encontrar la [&hellip;]","og_url":"https:\/\/mont-roig.cat\/es\/govern-obert\/transparencia\/informacio-economica\/","og_site_name":"Ajuntament de Mont-roig del Camp","article_modified_time":"2025-05-16T11:01:09+00:00","og_image":[{"width":1200,"height":600,"url":"https:\/\/mont-roig.cat\/wp-content\/uploads\/aj-mont-roig-2.jpg","type":"image\/jpeg"}],"twitter_card":"summary_large_image","twitter_misc":{"Tiempo de lectura":"2 minutos"},"schema":{"@context":"https:\/\/schema.org","@graph":[{"@type":"WebPage","@id":"https:\/\/mont-roig.cat\/es\/govern-obert\/transparencia\/informacio-economica\/","url":"https:\/\/mont-roig.cat\/es\/govern-obert\/transparencia\/informacio-economica\/","name":"Informaci\u00f3n Econ\u00f3mica - Ajuntament de Mont-roig del Camp","isPartOf":{"@id":"https:\/\/mont-roig.cat\/es\/#website"},"datePublished":"2016-01-04T11:58:25+00:00","dateModified":"2025-05-16T11:01:09+00:00","breadcrumb":{"@id":"https:\/\/mont-roig.cat\/es\/govern-obert\/transparencia\/informacio-economica\/#breadcrumb"},"inLanguage":"es","potentialAction":[{"@type":"ReadAction","target":["https:\/\/mont-roig.cat\/es\/govern-obert\/transparencia\/informacio-economica\/"]}]},{"@type":"BreadcrumbList","@id":"https:\/\/mont-roig.cat\/es\/govern-obert\/transparencia\/informacio-economica\/#breadcrumb","itemListElement":[{"@type":"ListItem","position":1,"name":"Inici","item":"https:\/\/mont-roig.cat\/es\/pagina-de-inicio\/"},{"@type":"ListItem","position":2,"name":"Gobierno abierto","item":"https:\/\/mont-roig.cat\/es\/govern-obert\/"},{"@type":"ListItem","position":3,"name":"Transparencia","item":"https:\/\/mont-roig.cat\/es\/govern-obert\/transparencia\/"},{"@type":"ListItem","position":4,"name":"Informaci\u00f3n Econ\u00f3mica"}]},{"@type":"WebSite","@id":"https:\/\/mont-roig.cat\/es\/#website","url":"https:\/\/mont-roig.cat\/es\/","name":"Ajuntament de Mont-roig del Camp","description":"Tota la informaci\u00f3 sobre la instituci\u00f3, els seus \u00f2rgans de govern, actualitat, serveis i molt m\u00e9s.","potentialAction":[{"@type":"SearchAction","target":{"@type":"EntryPoint","urlTemplate":"https:\/\/mont-roig.cat\/es\/?s={search_term_string}"},"query-input":{"@type":"PropertyValueSpecification","valueRequired":true,"valueName":"search_term_string"}}],"inLanguage":"es"}]}},"_links":{"self":[{"href":"https:\/\/mont-roig.cat\/es\/wp-json\/wp\/v2\/pages\/9328","targetHints":{"allow":["GET"]}}],"collection":[{"href":"https:\/\/mont-roig.cat\/es\/wp-json\/wp\/v2\/pages"}],"about":[{"href":"https:\/\/mont-roig.cat\/es\/wp-json\/wp\/v2\/types\/page"}],"author":[{"embeddable":true,"href":"https:\/\/mont-roig.cat\/es\/wp-json\/wp\/v2\/users\/4"}],"replies":[{"embeddable":true,"href":"https:\/\/mont-roig.cat\/es\/wp-json\/wp\/v2\/comments?post=9328"}],"version-history":[{"count":2,"href":"https:\/\/mont-roig.cat\/es\/wp-json\/wp\/v2\/pages\/9328\/revisions"}],"predecessor-version":[{"id":83081,"href":"https:\/\/mont-roig.cat\/es\/wp-json\/wp\/v2\/pages\/9328\/revisions\/83081"}],"up":[{"embeddable":true,"href":"https:\/\/mont-roig.cat\/es\/wp-json\/wp\/v2\/pages\/4265"}],"wp:attachment":[{"href":"https:\/\/mont-roig.cat\/es\/wp-json\/wp\/v2\/media?parent=9328"}],"curies":[{"name":"wp","href":"https:\/\/api.w.org\/{rel}","templated":true}]}}