{"id":9339,"date":"2016-01-04T13:20:00","date_gmt":"2016-01-04T12:20:00","guid":{"rendered":"http:\/\/mont-roig.cat\/es\/govern-obert\/transparencia\/informacio-economica\/gestio-economica\/"},"modified":"2025-10-30T13:00:29","modified_gmt":"2025-10-30T12:00:29","slug":"gestio-economica","status":"publish","type":"page","link":"https:\/\/mont-roig.cat\/es\/govern-obert\/transparencia\/informacio-economica\/gestio-economica\/","title":{"rendered":"Gesti\u00f3n econ\u00f3mica"},"content":{"rendered":"<div class=\"wpb-content-wrapper\">[vc_row][vc_column][vc_column_text css=&#8221;&#8221;]\n<p style=\"text-align: justify;\">Las entidades locales tienen la potestad de programaci\u00f3n y planificaci\u00f3n y pueden formular planes y programas de inversi\u00f3n y financiaci\u00f3n. En este sentido se puede consultar la siguiente informaci\u00f3n sobre la gesti\u00f3n del presupuesto municipal:<\/p>\n<ul>\n<li><a href=\"https:\/\/seu-e.cat\/es\/web\/mont-roigdelcamp\/govern-obert-i-transparencia\/gestio-economica\" target=\"_blank\" rel=\"noopener\"><strong>Gesti\u00f3n econ\u00f3mica<\/strong><\/a><\/li>\n<\/ul>\n[\/vc_column_text][\/vc_column][\/vc_row]\n<\/div>","protected":false},"excerpt":{"rendered":"<p>[vc_row][vc_column][vc_column_text css=&#8221;&#8221;] Las entidades locales tienen la potestad de programaci\u00f3n y planificaci\u00f3n y pueden formular planes y programas de inversi\u00f3n y financiaci\u00f3n. En este sentido se puede consultar la siguiente informaci\u00f3n sobre la gesti\u00f3n del presupuesto municipal: Gesti\u00f3n econ\u00f3mica [\/vc_column_text][\/vc_column][\/vc_row]<\/p>\n","protected":false},"author":4,"featured_media":0,"parent":9328,"menu_order":0,"comment_status":"closed","ping_status":"closed","template":"","meta":{"inline_featured_image":false,"_monsterinsights_skip_tracking":false,"_monsterinsights_sitenote_active":false,"_monsterinsights_sitenote_note":"","_monsterinsights_sitenote_category":0,"footnotes":""},"class_list":["post-9339","page","type-page","status-publish","hentry"],"yoast_head":"<!-- This site is optimized with the Yoast SEO plugin v27.4 - https:\/\/yoast.com\/product\/yoast-seo-wordpress\/ -->\n<title>Gesti\u00f3n econ\u00f3mica - Ajuntament de Mont-roig del Camp<\/title>\n<meta name=\"robots\" content=\"index, follow, max-snippet:-1, max-image-preview:large, max-video-preview:-1\" \/>\n<link rel=\"canonical\" href=\"https:\/\/mont-roig.cat\/es\/govern-obert\/transparencia\/informacio-economica\/gestio-economica\/\" \/>\n<meta property=\"og:locale\" content=\"es_ES\" \/>\n<meta property=\"og:type\" content=\"article\" \/>\n<meta property=\"og:title\" content=\"Gesti\u00f3n econ\u00f3mica - Ajuntament de Mont-roig del Camp\" \/>\n<meta property=\"og:description\" content=\"[vc_row][vc_column][vc_column_text css=&#8221;&#8221;] Las entidades locales tienen la potestad de programaci\u00f3n y planificaci\u00f3n y pueden formular planes y programas de inversi\u00f3n y financiaci\u00f3n. En este sentido se puede consultar la siguiente informaci\u00f3n sobre la gesti\u00f3n del presupuesto municipal: Gesti\u00f3n econ\u00f3mica [\/vc_column_text][\/vc_column][\/vc_row]\" \/>\n<meta property=\"og:url\" content=\"https:\/\/mont-roig.cat\/es\/govern-obert\/transparencia\/informacio-economica\/gestio-economica\/\" \/>\n<meta property=\"og:site_name\" content=\"Ajuntament de Mont-roig del Camp\" \/>\n<meta property=\"article:modified_time\" content=\"2025-10-30T12:00:29+00:00\" \/>\n<meta property=\"og:image\" content=\"https:\/\/mont-roig.cat\/wp-content\/uploads\/aj-mont-roig-2.jpg\" \/>\n\t<meta property=\"og:image:width\" content=\"1200\" \/>\n\t<meta property=\"og:image:height\" content=\"600\" \/>\n\t<meta property=\"og:image:type\" content=\"image\/jpeg\" \/>\n<meta name=\"twitter:card\" content=\"summary_large_image\" \/>\n<meta name=\"twitter:label1\" content=\"Tiempo de lectura\" \/>\n\t<meta name=\"twitter:data1\" content=\"6 minutos\" \/>\n<script type=\"application\/ld+json\" class=\"yoast-schema-graph\">{\"@context\":\"https:\\\/\\\/schema.org\",\"@graph\":[{\"@type\":\"WebPage\",\"@id\":\"https:\\\/\\\/mont-roig.cat\\\/es\\\/govern-obert\\\/transparencia\\\/informacio-economica\\\/gestio-economica\\\/\",\"url\":\"https:\\\/\\\/mont-roig.cat\\\/es\\\/govern-obert\\\/transparencia\\\/informacio-economica\\\/gestio-economica\\\/\",\"name\":\"Gesti\u00f3n econ\u00f3mica - Ajuntament de Mont-roig del Camp\",\"isPartOf\":{\"@id\":\"https:\\\/\\\/mont-roig.cat\\\/es\\\/#website\"},\"datePublished\":\"2016-01-04T12:20:00+00:00\",\"dateModified\":\"2025-10-30T12:00:29+00:00\",\"breadcrumb\":{\"@id\":\"https:\\\/\\\/mont-roig.cat\\\/es\\\/govern-obert\\\/transparencia\\\/informacio-economica\\\/gestio-economica\\\/#breadcrumb\"},\"inLanguage\":\"es\",\"potentialAction\":[{\"@type\":\"ReadAction\",\"target\":[\"https:\\\/\\\/mont-roig.cat\\\/es\\\/govern-obert\\\/transparencia\\\/informacio-economica\\\/gestio-economica\\\/\"]}]},{\"@type\":\"BreadcrumbList\",\"@id\":\"https:\\\/\\\/mont-roig.cat\\\/es\\\/govern-obert\\\/transparencia\\\/informacio-economica\\\/gestio-economica\\\/#breadcrumb\",\"itemListElement\":[{\"@type\":\"ListItem\",\"position\":1,\"name\":\"Inici\",\"item\":\"https:\\\/\\\/mont-roig.cat\\\/es\\\/pagina-de-inicio\\\/\"},{\"@type\":\"ListItem\",\"position\":2,\"name\":\"Gobierno abierto\",\"item\":\"https:\\\/\\\/mont-roig.cat\\\/es\\\/govern-obert\\\/\"},{\"@type\":\"ListItem\",\"position\":3,\"name\":\"Transparencia\",\"item\":\"https:\\\/\\\/mont-roig.cat\\\/es\\\/govern-obert\\\/transparencia\\\/\"},{\"@type\":\"ListItem\",\"position\":4,\"name\":\"Informaci\u00f3n Econ\u00f3mica\",\"item\":\"https:\\\/\\\/mont-roig.cat\\\/es\\\/govern-obert\\\/transparencia\\\/informacio-economica\\\/\"},{\"@type\":\"ListItem\",\"position\":5,\"name\":\"Gesti\u00f3n econ\u00f3mica\"}]},{\"@type\":\"WebSite\",\"@id\":\"https:\\\/\\\/mont-roig.cat\\\/es\\\/#website\",\"url\":\"https:\\\/\\\/mont-roig.cat\\\/es\\\/\",\"name\":\"Ajuntament de Mont-roig del Camp\",\"description\":\"Tota la informaci\u00f3 sobre la instituci\u00f3, els seus \u00f2rgans de govern, actualitat, serveis i molt m\u00e9s.\",\"potentialAction\":[{\"@type\":\"SearchAction\",\"target\":{\"@type\":\"EntryPoint\",\"urlTemplate\":\"https:\\\/\\\/mont-roig.cat\\\/es\\\/?s={search_term_string}\"},\"query-input\":{\"@type\":\"PropertyValueSpecification\",\"valueRequired\":true,\"valueName\":\"search_term_string\"}}],\"inLanguage\":\"es\"}]}<\/script>\n<!-- \/ Yoast SEO plugin. -->","yoast_head_json":{"title":"Gesti\u00f3n econ\u00f3mica - Ajuntament de Mont-roig del Camp","robots":{"index":"index","follow":"follow","max-snippet":"max-snippet:-1","max-image-preview":"max-image-preview:large","max-video-preview":"max-video-preview:-1"},"canonical":"https:\/\/mont-roig.cat\/es\/govern-obert\/transparencia\/informacio-economica\/gestio-economica\/","og_locale":"es_ES","og_type":"article","og_title":"Gesti\u00f3n econ\u00f3mica - Ajuntament de Mont-roig del Camp","og_description":"[vc_row][vc_column][vc_column_text css=&#8221;&#8221;] Las entidades locales tienen la potestad de programaci\u00f3n y planificaci\u00f3n y pueden formular planes y programas de inversi\u00f3n y financiaci\u00f3n. En este sentido se puede consultar la siguiente informaci\u00f3n sobre la gesti\u00f3n del presupuesto municipal: Gesti\u00f3n econ\u00f3mica [\/vc_column_text][\/vc_column][\/vc_row]","og_url":"https:\/\/mont-roig.cat\/es\/govern-obert\/transparencia\/informacio-economica\/gestio-economica\/","og_site_name":"Ajuntament de Mont-roig del Camp","article_modified_time":"2025-10-30T12:00:29+00:00","og_image":[{"width":1200,"height":600,"url":"https:\/\/mont-roig.cat\/wp-content\/uploads\/aj-mont-roig-2.jpg","type":"image\/jpeg"}],"twitter_card":"summary_large_image","twitter_misc":{"Tiempo de lectura":"6 minutos"},"schema":{"@context":"https:\/\/schema.org","@graph":[{"@type":"WebPage","@id":"https:\/\/mont-roig.cat\/es\/govern-obert\/transparencia\/informacio-economica\/gestio-economica\/","url":"https:\/\/mont-roig.cat\/es\/govern-obert\/transparencia\/informacio-economica\/gestio-economica\/","name":"Gesti\u00f3n econ\u00f3mica - Ajuntament de Mont-roig del Camp","isPartOf":{"@id":"https:\/\/mont-roig.cat\/es\/#website"},"datePublished":"2016-01-04T12:20:00+00:00","dateModified":"2025-10-30T12:00:29+00:00","breadcrumb":{"@id":"https:\/\/mont-roig.cat\/es\/govern-obert\/transparencia\/informacio-economica\/gestio-economica\/#breadcrumb"},"inLanguage":"es","potentialAction":[{"@type":"ReadAction","target":["https:\/\/mont-roig.cat\/es\/govern-obert\/transparencia\/informacio-economica\/gestio-economica\/"]}]},{"@type":"BreadcrumbList","@id":"https:\/\/mont-roig.cat\/es\/govern-obert\/transparencia\/informacio-economica\/gestio-economica\/#breadcrumb","itemListElement":[{"@type":"ListItem","position":1,"name":"Inici","item":"https:\/\/mont-roig.cat\/es\/pagina-de-inicio\/"},{"@type":"ListItem","position":2,"name":"Gobierno abierto","item":"https:\/\/mont-roig.cat\/es\/govern-obert\/"},{"@type":"ListItem","position":3,"name":"Transparencia","item":"https:\/\/mont-roig.cat\/es\/govern-obert\/transparencia\/"},{"@type":"ListItem","position":4,"name":"Informaci\u00f3n Econ\u00f3mica","item":"https:\/\/mont-roig.cat\/es\/govern-obert\/transparencia\/informacio-economica\/"},{"@type":"ListItem","position":5,"name":"Gesti\u00f3n econ\u00f3mica"}]},{"@type":"WebSite","@id":"https:\/\/mont-roig.cat\/es\/#website","url":"https:\/\/mont-roig.cat\/es\/","name":"Ajuntament de Mont-roig del Camp","description":"Tota la informaci\u00f3 sobre la instituci\u00f3, els seus \u00f2rgans de govern, actualitat, serveis i molt m\u00e9s.","potentialAction":[{"@type":"SearchAction","target":{"@type":"EntryPoint","urlTemplate":"https:\/\/mont-roig.cat\/es\/?s={search_term_string}"},"query-input":{"@type":"PropertyValueSpecification","valueRequired":true,"valueName":"search_term_string"}}],"inLanguage":"es"}]}},"_links":{"self":[{"href":"https:\/\/mont-roig.cat\/es\/wp-json\/wp\/v2\/pages\/9339","targetHints":{"allow":["GET"]}}],"collection":[{"href":"https:\/\/mont-roig.cat\/es\/wp-json\/wp\/v2\/pages"}],"about":[{"href":"https:\/\/mont-roig.cat\/es\/wp-json\/wp\/v2\/types\/page"}],"author":[{"embeddable":true,"href":"https:\/\/mont-roig.cat\/es\/wp-json\/wp\/v2\/users\/4"}],"replies":[{"embeddable":true,"href":"https:\/\/mont-roig.cat\/es\/wp-json\/wp\/v2\/comments?post=9339"}],"version-history":[{"count":63,"href":"https:\/\/mont-roig.cat\/es\/wp-json\/wp\/v2\/pages\/9339\/revisions"}],"predecessor-version":[{"id":86395,"href":"https:\/\/mont-roig.cat\/es\/wp-json\/wp\/v2\/pages\/9339\/revisions\/86395"}],"up":[{"embeddable":true,"href":"https:\/\/mont-roig.cat\/es\/wp-json\/wp\/v2\/pages\/9328"}],"wp:attachment":[{"href":"https:\/\/mont-roig.cat\/es\/wp-json\/wp\/v2\/media?parent=9339"}],"curies":[{"name":"wp","href":"https:\/\/api.w.org\/{rel}","templated":true}]}}