{"id":9347,"date":"2016-02-11T14:44:57","date_gmt":"2016-02-11T13:44:57","guid":{"rendered":"http:\/\/mont-roig.cat\/es\/govern-obert\/transparencia\/informacio-economica\/tributs-municipals\/"},"modified":"2025-09-05T09:12:54","modified_gmt":"2025-09-05T07:12:54","slug":"tributos-municipales","status":"publish","type":"page","link":"https:\/\/mont-roig.cat\/es\/govern-obert\/transparencia\/informacio-economica\/tributos-municipales\/","title":{"rendered":"Tributos municipales"},"content":{"rendered":"<div class=\"wpb-content-wrapper\">[vc_row][vc_column][vc_column_text css=&#8221;&#8221;]Los tributos son la principal fuente de ingresos p\u00fablicos. Seg\u00fan la ley general tributaria existen tres tipos de tributos: los impuestos, las tasas y las contribuciones especiales.<\/p>\n<p>Los impuestos son tributos exigibles sin actividad administrativa, que se generan por la constituci\u00f3n de negocios, actos o hechos que pongan de manifiesto la capacidad econ\u00f3mica del contribuyente.<\/p>\n<p>Las tasas son los tributos que se generan por la utilizaci\u00f3n privativa o el aprovechamiento especial del dominio p\u00fablico, la prestaci\u00f3n de servicios o la realizaci\u00f3n de actividades en r\u00e9gimen de derecho p\u00fablico que se refieran al obligado tributario, le afecten o el beneficien de modo particular, cuando los servicios o actividades no sean de solicitud o recepci\u00f3n voluntaria para los obligados o no los preste o lleve a cabo el sector privado.<\/p>\n<p>Las contribuciones especiales son los tributos que se generan por la obtenci\u00f3n de un beneficio o aumento de valor de los bienes como consecuencia de la realizaci\u00f3n de obras p\u00fablicas o de la ampliaci\u00f3n o establecimiento de servicios p\u00fablicos.<\/p>\n<p>Tambi\u00e9n son ingresos de derecho p\u00fablico los precios p\u00fablicos, que son pagos por la prestaci\u00f3n de servicios o la realizaci\u00f3n de actividades efectuadas en r\u00e9gimen de derecho p\u00fablico cuando, aunque el sector privado preste tambi\u00e9n estos servicios o actividades, los soliciten tambi\u00e9n las personas administradas.<\/p>\n<p>Puede consultar la siguiente informaci\u00f3n relacionada:<\/p>\n<ul>\n<li>Ordenanzas fiscales <a href=\"https:\/\/mont-roig.cat\/lajuntament\/funcionament\/normativa-municipal\/ordenances-fiscals\/\" target=\"_blank\" rel=\"noopener\" data-wpel-link=\"internal\">en este enlace<\/a><\/li>\n<li>Calendario del contribuyente <a href=\"https:\/\/mont-roig.cat\/lajuntament\/funcionament\/normativa-municipal\/calendari-del-contribuent\/\" target=\"_blank\" rel=\"noopener\" data-wpel-link=\"internal\">en este enlace.<\/a><\/li>\n<li>Simulador para el c\u00e1lculo de la plusval\u00eda <a href=\"https:\/\/mont-roig.eadministracio.cat\/catalog\/t\/45556663-2f8b-46af-8e7b-42e98a078970\" target=\"_blank\" rel=\"noopener\" data-wpel-link=\"internal\">en este enlace<\/a>.<\/li>\n<\/ul>\n[\/vc_column_text][\/vc_column][\/vc_row]\n<\/div>","protected":false},"excerpt":{"rendered":"<p>[vc_row][vc_column][vc_column_text css=&#8221;&#8221;]Los tributos son la principal fuente de ingresos p\u00fablicos. Seg\u00fan la ley general tributaria existen tres tipos de tributos: los impuestos, las tasas y las contribuciones especiales. Los impuestos son tributos exigibles sin actividad administrativa, que se generan por la constituci\u00f3n de negocios, actos o hechos que pongan de manifiesto la capacidad econ\u00f3mica del [&hellip;]<\/p>\n","protected":false},"author":4,"featured_media":0,"parent":9328,"menu_order":0,"comment_status":"closed","ping_status":"closed","template":"","meta":{"inline_featured_image":false,"_monsterinsights_skip_tracking":false,"_monsterinsights_sitenote_active":false,"_monsterinsights_sitenote_note":"","_monsterinsights_sitenote_category":0,"footnotes":""},"class_list":["post-9347","page","type-page","status-publish","hentry"],"yoast_head":"<!-- This site is optimized with the Yoast SEO plugin v27.4 - https:\/\/yoast.com\/product\/yoast-seo-wordpress\/ -->\n<title>Tributos municipales - Ajuntament de Mont-roig del Camp<\/title>\n<meta name=\"robots\" content=\"index, follow, max-snippet:-1, max-image-preview:large, max-video-preview:-1\" \/>\n<link rel=\"canonical\" href=\"https:\/\/mont-roig.cat\/es\/govern-obert\/transparencia\/informacio-economica\/tributos-municipales\/\" \/>\n<meta property=\"og:locale\" content=\"es_ES\" \/>\n<meta property=\"og:type\" content=\"article\" \/>\n<meta property=\"og:title\" content=\"Tributos municipales - Ajuntament de Mont-roig del Camp\" \/>\n<meta property=\"og:description\" content=\"[vc_row][vc_column][vc_column_text css=&#8221;&#8221;]Los tributos son la principal fuente de ingresos p\u00fablicos. Seg\u00fan la ley general tributaria existen tres tipos de tributos: los impuestos, las tasas y las contribuciones especiales. Los impuestos son tributos exigibles sin actividad administrativa, que se generan por la constituci\u00f3n de negocios, actos o hechos que pongan de manifiesto la capacidad econ\u00f3mica del [&hellip;]\" \/>\n<meta property=\"og:url\" content=\"https:\/\/mont-roig.cat\/es\/govern-obert\/transparencia\/informacio-economica\/tributos-municipales\/\" \/>\n<meta property=\"og:site_name\" content=\"Ajuntament de Mont-roig del Camp\" \/>\n<meta property=\"article:modified_time\" content=\"2025-09-05T07:12:54+00:00\" \/>\n<meta property=\"og:image\" content=\"https:\/\/mont-roig.cat\/wp-content\/uploads\/aj-mont-roig-2.jpg\" \/>\n\t<meta property=\"og:image:width\" content=\"1200\" \/>\n\t<meta property=\"og:image:height\" content=\"600\" \/>\n\t<meta property=\"og:image:type\" content=\"image\/jpeg\" \/>\n<meta name=\"twitter:card\" content=\"summary_large_image\" \/>\n<meta name=\"twitter:label1\" content=\"Tiempo de lectura\" \/>\n\t<meta name=\"twitter:data1\" content=\"2 minutos\" \/>\n<script type=\"application\/ld+json\" class=\"yoast-schema-graph\">{\"@context\":\"https:\\\/\\\/schema.org\",\"@graph\":[{\"@type\":\"WebPage\",\"@id\":\"https:\\\/\\\/mont-roig.cat\\\/es\\\/govern-obert\\\/transparencia\\\/informacio-economica\\\/tributos-municipales\\\/\",\"url\":\"https:\\\/\\\/mont-roig.cat\\\/es\\\/govern-obert\\\/transparencia\\\/informacio-economica\\\/tributos-municipales\\\/\",\"name\":\"Tributos municipales - Ajuntament de Mont-roig del Camp\",\"isPartOf\":{\"@id\":\"https:\\\/\\\/mont-roig.cat\\\/es\\\/#website\"},\"datePublished\":\"2016-02-11T13:44:57+00:00\",\"dateModified\":\"2025-09-05T07:12:54+00:00\",\"breadcrumb\":{\"@id\":\"https:\\\/\\\/mont-roig.cat\\\/es\\\/govern-obert\\\/transparencia\\\/informacio-economica\\\/tributos-municipales\\\/#breadcrumb\"},\"inLanguage\":\"es\",\"potentialAction\":[{\"@type\":\"ReadAction\",\"target\":[\"https:\\\/\\\/mont-roig.cat\\\/es\\\/govern-obert\\\/transparencia\\\/informacio-economica\\\/tributos-municipales\\\/\"]}]},{\"@type\":\"BreadcrumbList\",\"@id\":\"https:\\\/\\\/mont-roig.cat\\\/es\\\/govern-obert\\\/transparencia\\\/informacio-economica\\\/tributos-municipales\\\/#breadcrumb\",\"itemListElement\":[{\"@type\":\"ListItem\",\"position\":1,\"name\":\"Inici\",\"item\":\"https:\\\/\\\/mont-roig.cat\\\/es\\\/pagina-de-inicio\\\/\"},{\"@type\":\"ListItem\",\"position\":2,\"name\":\"Gobierno abierto\",\"item\":\"https:\\\/\\\/mont-roig.cat\\\/es\\\/govern-obert\\\/\"},{\"@type\":\"ListItem\",\"position\":3,\"name\":\"Transparencia\",\"item\":\"https:\\\/\\\/mont-roig.cat\\\/es\\\/govern-obert\\\/transparencia\\\/\"},{\"@type\":\"ListItem\",\"position\":4,\"name\":\"Informaci\u00f3n Econ\u00f3mica\",\"item\":\"https:\\\/\\\/mont-roig.cat\\\/es\\\/govern-obert\\\/transparencia\\\/informacio-economica\\\/\"},{\"@type\":\"ListItem\",\"position\":5,\"name\":\"Tributos municipales\"}]},{\"@type\":\"WebSite\",\"@id\":\"https:\\\/\\\/mont-roig.cat\\\/es\\\/#website\",\"url\":\"https:\\\/\\\/mont-roig.cat\\\/es\\\/\",\"name\":\"Ajuntament de Mont-roig del Camp\",\"description\":\"Tota la informaci\u00f3 sobre la instituci\u00f3, els seus \u00f2rgans de govern, actualitat, serveis i molt m\u00e9s.\",\"potentialAction\":[{\"@type\":\"SearchAction\",\"target\":{\"@type\":\"EntryPoint\",\"urlTemplate\":\"https:\\\/\\\/mont-roig.cat\\\/es\\\/?s={search_term_string}\"},\"query-input\":{\"@type\":\"PropertyValueSpecification\",\"valueRequired\":true,\"valueName\":\"search_term_string\"}}],\"inLanguage\":\"es\"}]}<\/script>\n<!-- \/ Yoast SEO plugin. -->","yoast_head_json":{"title":"Tributos municipales - Ajuntament de Mont-roig del Camp","robots":{"index":"index","follow":"follow","max-snippet":"max-snippet:-1","max-image-preview":"max-image-preview:large","max-video-preview":"max-video-preview:-1"},"canonical":"https:\/\/mont-roig.cat\/es\/govern-obert\/transparencia\/informacio-economica\/tributos-municipales\/","og_locale":"es_ES","og_type":"article","og_title":"Tributos municipales - Ajuntament de Mont-roig del Camp","og_description":"[vc_row][vc_column][vc_column_text css=&#8221;&#8221;]Los tributos son la principal fuente de ingresos p\u00fablicos. Seg\u00fan la ley general tributaria existen tres tipos de tributos: los impuestos, las tasas y las contribuciones especiales. Los impuestos son tributos exigibles sin actividad administrativa, que se generan por la constituci\u00f3n de negocios, actos o hechos que pongan de manifiesto la capacidad econ\u00f3mica del [&hellip;]","og_url":"https:\/\/mont-roig.cat\/es\/govern-obert\/transparencia\/informacio-economica\/tributos-municipales\/","og_site_name":"Ajuntament de Mont-roig del Camp","article_modified_time":"2025-09-05T07:12:54+00:00","og_image":[{"width":1200,"height":600,"url":"https:\/\/mont-roig.cat\/wp-content\/uploads\/aj-mont-roig-2.jpg","type":"image\/jpeg"}],"twitter_card":"summary_large_image","twitter_misc":{"Tiempo de lectura":"2 minutos"},"schema":{"@context":"https:\/\/schema.org","@graph":[{"@type":"WebPage","@id":"https:\/\/mont-roig.cat\/es\/govern-obert\/transparencia\/informacio-economica\/tributos-municipales\/","url":"https:\/\/mont-roig.cat\/es\/govern-obert\/transparencia\/informacio-economica\/tributos-municipales\/","name":"Tributos municipales - Ajuntament de Mont-roig del Camp","isPartOf":{"@id":"https:\/\/mont-roig.cat\/es\/#website"},"datePublished":"2016-02-11T13:44:57+00:00","dateModified":"2025-09-05T07:12:54+00:00","breadcrumb":{"@id":"https:\/\/mont-roig.cat\/es\/govern-obert\/transparencia\/informacio-economica\/tributos-municipales\/#breadcrumb"},"inLanguage":"es","potentialAction":[{"@type":"ReadAction","target":["https:\/\/mont-roig.cat\/es\/govern-obert\/transparencia\/informacio-economica\/tributos-municipales\/"]}]},{"@type":"BreadcrumbList","@id":"https:\/\/mont-roig.cat\/es\/govern-obert\/transparencia\/informacio-economica\/tributos-municipales\/#breadcrumb","itemListElement":[{"@type":"ListItem","position":1,"name":"Inici","item":"https:\/\/mont-roig.cat\/es\/pagina-de-inicio\/"},{"@type":"ListItem","position":2,"name":"Gobierno abierto","item":"https:\/\/mont-roig.cat\/es\/govern-obert\/"},{"@type":"ListItem","position":3,"name":"Transparencia","item":"https:\/\/mont-roig.cat\/es\/govern-obert\/transparencia\/"},{"@type":"ListItem","position":4,"name":"Informaci\u00f3n Econ\u00f3mica","item":"https:\/\/mont-roig.cat\/es\/govern-obert\/transparencia\/informacio-economica\/"},{"@type":"ListItem","position":5,"name":"Tributos municipales"}]},{"@type":"WebSite","@id":"https:\/\/mont-roig.cat\/es\/#website","url":"https:\/\/mont-roig.cat\/es\/","name":"Ajuntament de Mont-roig del Camp","description":"Tota la informaci\u00f3 sobre la instituci\u00f3, els seus \u00f2rgans de govern, actualitat, serveis i molt m\u00e9s.","potentialAction":[{"@type":"SearchAction","target":{"@type":"EntryPoint","urlTemplate":"https:\/\/mont-roig.cat\/es\/?s={search_term_string}"},"query-input":{"@type":"PropertyValueSpecification","valueRequired":true,"valueName":"search_term_string"}}],"inLanguage":"es"}]}},"_links":{"self":[{"href":"https:\/\/mont-roig.cat\/es\/wp-json\/wp\/v2\/pages\/9347","targetHints":{"allow":["GET"]}}],"collection":[{"href":"https:\/\/mont-roig.cat\/es\/wp-json\/wp\/v2\/pages"}],"about":[{"href":"https:\/\/mont-roig.cat\/es\/wp-json\/wp\/v2\/types\/page"}],"author":[{"embeddable":true,"href":"https:\/\/mont-roig.cat\/es\/wp-json\/wp\/v2\/users\/4"}],"replies":[{"embeddable":true,"href":"https:\/\/mont-roig.cat\/es\/wp-json\/wp\/v2\/comments?post=9347"}],"version-history":[{"count":9,"href":"https:\/\/mont-roig.cat\/es\/wp-json\/wp\/v2\/pages\/9347\/revisions"}],"predecessor-version":[{"id":85355,"href":"https:\/\/mont-roig.cat\/es\/wp-json\/wp\/v2\/pages\/9347\/revisions\/85355"}],"up":[{"embeddable":true,"href":"https:\/\/mont-roig.cat\/es\/wp-json\/wp\/v2\/pages\/9328"}],"wp:attachment":[{"href":"https:\/\/mont-roig.cat\/es\/wp-json\/wp\/v2\/media?parent=9347"}],"curies":[{"name":"wp","href":"https:\/\/api.w.org\/{rel}","templated":true}]}}