{"id":9360,"date":"2016-02-11T14:45:29","date_gmt":"2016-02-11T13:45:29","guid":{"rendered":"http:\/\/mont-roig.cat\/es\/govern-obert\/transparencia\/informacio-economica\/retribucions-carrecs-electes\/"},"modified":"2023-11-08T15:09:54","modified_gmt":"2023-11-08T14:09:54","slug":"retribucions-carrecs-electes","status":"publish","type":"page","link":"https:\/\/mont-roig.cat\/es\/govern-obert\/transparencia\/informacio-economica\/retribucions-carrecs-electes\/","title":{"rendered":"Retribuciones cargos electos"},"content":{"rendered":"<div class=\"wpb-content-wrapper\">[vc_row][vc_column][vc_column_text]En este apartado se puede consultar el r\u00e9gimen de retribuciones o de indemnizaciones que perciben los cargos electos municipales, con o sin dedicaci\u00f3n asignada por parte de la corporaci\u00f3n municipal.<\/p>\n<p>Por acuerdo del Pleno de fecha 23 de junio de 2023 se ha determinado la dedicaci\u00f3n exclusiva de la Alcald\u00eda, con una retribuci\u00f3n bruta anual de 58.000 \u20ac. Se han establecido tambi\u00e9n otras 4 dedicaciones exclusivas, de 37.000,00 \u20ac, de 35.000 \u20ac y de 33.000 \u20ac brutos al a\u00f1o, as\u00ed como 2 dedicaciones parciales, de 33.000 \u20ac brutos al a\u00f1o, m\u00e1s dos dedicaciones correspondientes a las vicepresidencias de las entidades p\u00fablicas empresariales Nostraigua y Nostreserveis.<\/p>\n<p>Los miembros de la Corporaci\u00f3n que ejercen su cargo en r\u00e9gimen de dedicaci\u00f3n parcial, percibir\u00e1n las retribuciones porcentuales determinadas por la Alcald\u00eda, que se establecen en funci\u00f3n del tiempo de dedicaci\u00f3n efectiva, siendo el tiempo de dedicaci\u00f3n m\u00ednima para poder percibirlas el del cuarto de jornada laboral.<\/p>\n<p>El r\u00e9gimen de dedicaciones y las correspondientes retribuciones brutas anuales son las siguientes:<\/p>\n<table>\n<tbody>\n<tr>\n<td width=\"327\"><strong>Nombres y Apellidos\u00a0<\/strong><\/td>\n<td width=\"93\"><strong>Porcentage dedicaci\u00f3n<\/strong><\/td>\n<td width=\"66\"><strong>Importe<\/strong><\/td>\n<\/tr>\n<tr>\n<td width=\"327\">Yolanda P\u00e9rez D\u00edaz<\/td>\n<td width=\"93\">100%<\/td>\n<td width=\"66\">37.000 \u20ac<\/td>\n<\/tr>\n<tr>\n<td width=\"327\">Vicente P\u00e9rez Mula<\/td>\n<td width=\"93\">&#8211;<\/td>\n<td width=\"66\">&#8211;<\/td>\n<\/tr>\n<tr>\n<td width=\"327\">Cristina Llorens Pardo<\/td>\n<td width=\"93\">&#8211;<\/td>\n<td width=\"66\">&#8211;<\/td>\n<\/tr>\n<tr>\n<td width=\"327\">Francisca Ortiz S\u00e1nchez<\/td>\n<td width=\"93\">100%<\/td>\n<td width=\"66\">35.000 \u20ac<\/td>\n<\/tr>\n<tr>\n<td width=\"327\">Jordi Alemany Ardit<\/td>\n<td width=\"93\">100%<\/td>\n<td width=\"66\">35.000 \u20ac<\/td>\n<\/tr>\n<tr>\n<td width=\"327\">Mari Mar Urisel<\/td>\n<td width=\"93\">100%<\/td>\n<td width=\"66\">33.000 \u20ac<\/td>\n<\/tr>\n<tr>\n<td width=\"327\">Miguel del Viso Romanos<\/td>\n<td width=\"93\">75%<\/td>\n<td width=\"66\">33.000 \u20ac<\/td>\n<\/tr>\n<tr>\n<td width=\"327\">Elvira Montagud P\u00e9rez<\/td>\n<td width=\"93\">75%<\/td>\n<td width=\"66\">33.000 \u20ac<\/td>\n<\/tr>\n<\/tbody>\n<\/table>\n<p>&nbsp;<\/p>\n<p><strong>ASSISTENCIAS<\/strong><\/p>\n<p>Por asistencias al Pleno: 150,00 euros brutos.<\/p>\n<p>Por asistencias a la Junta de Gobierno Local: 120,00 euros brutos.<\/p>\n<p>Por asistencias a la Comisi\u00f3n informativa del \u00e1rea de derechos sociales y servicios a las personas: 95,00 euros brutos.<\/p>\n<p>Por asistencias a la Comisi\u00f3n informativa del \u00e1rea de espacio p\u00fablico, territorio y sostenibilidad: 95,00 euros brutos.<\/p>\n<p>Por asistencias a la Comisi\u00f3n informativa del \u00e1rea de promoci\u00f3n econ\u00f3mica y de municipio: 95,00 euros brutos.<\/p>\n<p>Por asistencias a la Comisi\u00f3n informativa del \u00e1rea de gesti\u00f3n interna, gobierno abierto y hacienda: 95,00 euros brutos.<\/p>\n<p>Por asistencias a la Junta de portavoces: 95,00 euros brutos.<\/p>\n<p><strong>INDEMNITZACIONES POR GRUPOS POL\u00cdTICOS:<\/strong><\/p>\n<p>Por cada grupo pol\u00edtico: 600 \u20ac anuales<\/p>\n<p>Por cada miembro del grupo: 400 \u20ac anuales<\/p>\n<p>Estas asignaciones deben aplicarse para atender gastos relacionados con el funcionamiento del grupo pol\u00edtico, que no se corresponden con remuneraciones de personal ni a la constituci\u00f3n de activos fijos de car\u00e1cter patrimonial.<\/p>\n<ul>\n<li><a href=\"https:\/\/mont-roig.cat\/wp-content\/uploads\/Dedicacions-carrecs-electes-2023-2027.pdf\" target=\"_blank\" rel=\"noopener\">Dedicaciones cargos electos 2023-2027<\/a><\/li>\n<li><a href=\"https:\/\/mont-roig.cat\/wp-content\/uploads\/Regim-retributiu-2023-2027.pdf\" target=\"_blank\" rel=\"noopener\">R\u00e9gimen retributivo 2023-2027<\/a><\/li>\n<li><a href=\"https:\/\/mont-roig.cat\/wp-content\/uploads\/Regim-retributiu-membres-EPE-Nostraigua-i-Nostreserveis-2023-2027.pdf\" target=\"_blank\" rel=\"noopener\">R\u00e9gimen retributivo miembros EPEs Nostraigua i Nostreserveis 2023-2027<\/a><\/li>\n<\/ul>\n[\/vc_column_text][\/vc_column][\/vc_row]\n<\/div>","protected":false},"excerpt":{"rendered":"<p>[vc_row][vc_column][vc_column_text]En este apartado se puede consultar el r\u00e9gimen de retribuciones o de indemnizaciones que perciben los cargos electos municipales, con o sin dedicaci\u00f3n asignada por parte de la corporaci\u00f3n municipal. Por acuerdo del Pleno de fecha 23 de junio de 2023 se ha determinado la dedicaci\u00f3n exclusiva de la Alcald\u00eda, con una retribuci\u00f3n bruta anual [&hellip;]<\/p>\n","protected":false},"author":4,"featured_media":0,"parent":9328,"menu_order":0,"comment_status":"closed","ping_status":"closed","template":"","meta":{"inline_featured_image":false,"_monsterinsights_skip_tracking":false,"_monsterinsights_sitenote_active":false,"_monsterinsights_sitenote_note":"","_monsterinsights_sitenote_category":0,"footnotes":""},"class_list":["post-9360","page","type-page","status-publish","hentry"],"yoast_head":"<!-- This site is optimized with the Yoast SEO plugin v27.4 - https:\/\/yoast.com\/product\/yoast-seo-wordpress\/ -->\n<title>Retribuciones cargos electos - Ajuntament de Mont-roig del Camp<\/title>\n<meta name=\"robots\" content=\"index, follow, max-snippet:-1, max-image-preview:large, max-video-preview:-1\" \/>\n<link rel=\"canonical\" href=\"https:\/\/mont-roig.cat\/es\/govern-obert\/transparencia\/informacio-economica\/retribucions-carrecs-electes\/\" \/>\n<meta property=\"og:locale\" content=\"es_ES\" \/>\n<meta property=\"og:type\" content=\"article\" \/>\n<meta property=\"og:title\" content=\"Retribuciones cargos electos - Ajuntament de Mont-roig del Camp\" \/>\n<meta property=\"og:description\" content=\"[vc_row][vc_column][vc_column_text]En este apartado se puede consultar el r\u00e9gimen de retribuciones o de indemnizaciones que perciben los cargos electos municipales, con o sin dedicaci\u00f3n asignada por parte de la corporaci\u00f3n municipal. Por acuerdo del Pleno de fecha 23 de junio de 2023 se ha determinado la dedicaci\u00f3n exclusiva de la Alcald\u00eda, con una retribuci\u00f3n bruta anual [&hellip;]\" \/>\n<meta property=\"og:url\" content=\"https:\/\/mont-roig.cat\/es\/govern-obert\/transparencia\/informacio-economica\/retribucions-carrecs-electes\/\" \/>\n<meta property=\"og:site_name\" content=\"Ajuntament de Mont-roig del Camp\" \/>\n<meta property=\"article:modified_time\" content=\"2023-11-08T14:09:54+00:00\" \/>\n<meta property=\"og:image\" content=\"https:\/\/mont-roig.cat\/wp-content\/uploads\/aj-mont-roig-2.jpg\" \/>\n\t<meta property=\"og:image:width\" content=\"1200\" \/>\n\t<meta property=\"og:image:height\" content=\"600\" \/>\n\t<meta property=\"og:image:type\" content=\"image\/jpeg\" \/>\n<meta name=\"twitter:card\" content=\"summary_large_image\" \/>\n<meta name=\"twitter:label1\" content=\"Tiempo de lectura\" \/>\n\t<meta name=\"twitter:data1\" content=\"3 minutos\" \/>\n<script type=\"application\/ld+json\" class=\"yoast-schema-graph\">{\"@context\":\"https:\\\/\\\/schema.org\",\"@graph\":[{\"@type\":\"WebPage\",\"@id\":\"https:\\\/\\\/mont-roig.cat\\\/es\\\/govern-obert\\\/transparencia\\\/informacio-economica\\\/retribucions-carrecs-electes\\\/\",\"url\":\"https:\\\/\\\/mont-roig.cat\\\/es\\\/govern-obert\\\/transparencia\\\/informacio-economica\\\/retribucions-carrecs-electes\\\/\",\"name\":\"Retribuciones cargos electos - Ajuntament de Mont-roig del Camp\",\"isPartOf\":{\"@id\":\"https:\\\/\\\/mont-roig.cat\\\/es\\\/#website\"},\"datePublished\":\"2016-02-11T13:45:29+00:00\",\"dateModified\":\"2023-11-08T14:09:54+00:00\",\"breadcrumb\":{\"@id\":\"https:\\\/\\\/mont-roig.cat\\\/es\\\/govern-obert\\\/transparencia\\\/informacio-economica\\\/retribucions-carrecs-electes\\\/#breadcrumb\"},\"inLanguage\":\"es\",\"potentialAction\":[{\"@type\":\"ReadAction\",\"target\":[\"https:\\\/\\\/mont-roig.cat\\\/es\\\/govern-obert\\\/transparencia\\\/informacio-economica\\\/retribucions-carrecs-electes\\\/\"]}]},{\"@type\":\"BreadcrumbList\",\"@id\":\"https:\\\/\\\/mont-roig.cat\\\/es\\\/govern-obert\\\/transparencia\\\/informacio-economica\\\/retribucions-carrecs-electes\\\/#breadcrumb\",\"itemListElement\":[{\"@type\":\"ListItem\",\"position\":1,\"name\":\"Inici\",\"item\":\"https:\\\/\\\/mont-roig.cat\\\/es\\\/pagina-de-inicio\\\/\"},{\"@type\":\"ListItem\",\"position\":2,\"name\":\"Gobierno abierto\",\"item\":\"https:\\\/\\\/mont-roig.cat\\\/es\\\/govern-obert\\\/\"},{\"@type\":\"ListItem\",\"position\":3,\"name\":\"Transparencia\",\"item\":\"https:\\\/\\\/mont-roig.cat\\\/es\\\/govern-obert\\\/transparencia\\\/\"},{\"@type\":\"ListItem\",\"position\":4,\"name\":\"Informaci\u00f3n Econ\u00f3mica\",\"item\":\"https:\\\/\\\/mont-roig.cat\\\/es\\\/govern-obert\\\/transparencia\\\/informacio-economica\\\/\"},{\"@type\":\"ListItem\",\"position\":5,\"name\":\"Retribuciones cargos electos\"}]},{\"@type\":\"WebSite\",\"@id\":\"https:\\\/\\\/mont-roig.cat\\\/es\\\/#website\",\"url\":\"https:\\\/\\\/mont-roig.cat\\\/es\\\/\",\"name\":\"Ajuntament de Mont-roig del Camp\",\"description\":\"Tota la informaci\u00f3 sobre la instituci\u00f3, els seus \u00f2rgans de govern, actualitat, serveis i molt m\u00e9s.\",\"potentialAction\":[{\"@type\":\"SearchAction\",\"target\":{\"@type\":\"EntryPoint\",\"urlTemplate\":\"https:\\\/\\\/mont-roig.cat\\\/es\\\/?s={search_term_string}\"},\"query-input\":{\"@type\":\"PropertyValueSpecification\",\"valueRequired\":true,\"valueName\":\"search_term_string\"}}],\"inLanguage\":\"es\"}]}<\/script>\n<!-- \/ Yoast SEO plugin. -->","yoast_head_json":{"title":"Retribuciones cargos electos - Ajuntament de Mont-roig del Camp","robots":{"index":"index","follow":"follow","max-snippet":"max-snippet:-1","max-image-preview":"max-image-preview:large","max-video-preview":"max-video-preview:-1"},"canonical":"https:\/\/mont-roig.cat\/es\/govern-obert\/transparencia\/informacio-economica\/retribucions-carrecs-electes\/","og_locale":"es_ES","og_type":"article","og_title":"Retribuciones cargos electos - Ajuntament de Mont-roig del Camp","og_description":"[vc_row][vc_column][vc_column_text]En este apartado se puede consultar el r\u00e9gimen de retribuciones o de indemnizaciones que perciben los cargos electos municipales, con o sin dedicaci\u00f3n asignada por parte de la corporaci\u00f3n municipal. Por acuerdo del Pleno de fecha 23 de junio de 2023 se ha determinado la dedicaci\u00f3n exclusiva de la Alcald\u00eda, con una retribuci\u00f3n bruta anual [&hellip;]","og_url":"https:\/\/mont-roig.cat\/es\/govern-obert\/transparencia\/informacio-economica\/retribucions-carrecs-electes\/","og_site_name":"Ajuntament de Mont-roig del Camp","article_modified_time":"2023-11-08T14:09:54+00:00","og_image":[{"width":1200,"height":600,"url":"https:\/\/mont-roig.cat\/wp-content\/uploads\/aj-mont-roig-2.jpg","type":"image\/jpeg"}],"twitter_card":"summary_large_image","twitter_misc":{"Tiempo de lectura":"3 minutos"},"schema":{"@context":"https:\/\/schema.org","@graph":[{"@type":"WebPage","@id":"https:\/\/mont-roig.cat\/es\/govern-obert\/transparencia\/informacio-economica\/retribucions-carrecs-electes\/","url":"https:\/\/mont-roig.cat\/es\/govern-obert\/transparencia\/informacio-economica\/retribucions-carrecs-electes\/","name":"Retribuciones cargos electos - Ajuntament de Mont-roig del Camp","isPartOf":{"@id":"https:\/\/mont-roig.cat\/es\/#website"},"datePublished":"2016-02-11T13:45:29+00:00","dateModified":"2023-11-08T14:09:54+00:00","breadcrumb":{"@id":"https:\/\/mont-roig.cat\/es\/govern-obert\/transparencia\/informacio-economica\/retribucions-carrecs-electes\/#breadcrumb"},"inLanguage":"es","potentialAction":[{"@type":"ReadAction","target":["https:\/\/mont-roig.cat\/es\/govern-obert\/transparencia\/informacio-economica\/retribucions-carrecs-electes\/"]}]},{"@type":"BreadcrumbList","@id":"https:\/\/mont-roig.cat\/es\/govern-obert\/transparencia\/informacio-economica\/retribucions-carrecs-electes\/#breadcrumb","itemListElement":[{"@type":"ListItem","position":1,"name":"Inici","item":"https:\/\/mont-roig.cat\/es\/pagina-de-inicio\/"},{"@type":"ListItem","position":2,"name":"Gobierno abierto","item":"https:\/\/mont-roig.cat\/es\/govern-obert\/"},{"@type":"ListItem","position":3,"name":"Transparencia","item":"https:\/\/mont-roig.cat\/es\/govern-obert\/transparencia\/"},{"@type":"ListItem","position":4,"name":"Informaci\u00f3n Econ\u00f3mica","item":"https:\/\/mont-roig.cat\/es\/govern-obert\/transparencia\/informacio-economica\/"},{"@type":"ListItem","position":5,"name":"Retribuciones cargos electos"}]},{"@type":"WebSite","@id":"https:\/\/mont-roig.cat\/es\/#website","url":"https:\/\/mont-roig.cat\/es\/","name":"Ajuntament de Mont-roig del Camp","description":"Tota la informaci\u00f3 sobre la instituci\u00f3, els seus \u00f2rgans de govern, actualitat, serveis i molt m\u00e9s.","potentialAction":[{"@type":"SearchAction","target":{"@type":"EntryPoint","urlTemplate":"https:\/\/mont-roig.cat\/es\/?s={search_term_string}"},"query-input":{"@type":"PropertyValueSpecification","valueRequired":true,"valueName":"search_term_string"}}],"inLanguage":"es"}]}},"_links":{"self":[{"href":"https:\/\/mont-roig.cat\/es\/wp-json\/wp\/v2\/pages\/9360","targetHints":{"allow":["GET"]}}],"collection":[{"href":"https:\/\/mont-roig.cat\/es\/wp-json\/wp\/v2\/pages"}],"about":[{"href":"https:\/\/mont-roig.cat\/es\/wp-json\/wp\/v2\/types\/page"}],"author":[{"embeddable":true,"href":"https:\/\/mont-roig.cat\/es\/wp-json\/wp\/v2\/users\/4"}],"replies":[{"embeddable":true,"href":"https:\/\/mont-roig.cat\/es\/wp-json\/wp\/v2\/comments?post=9360"}],"version-history":[{"count":13,"href":"https:\/\/mont-roig.cat\/es\/wp-json\/wp\/v2\/pages\/9360\/revisions"}],"predecessor-version":[{"id":73501,"href":"https:\/\/mont-roig.cat\/es\/wp-json\/wp\/v2\/pages\/9360\/revisions\/73501"}],"up":[{"embeddable":true,"href":"https:\/\/mont-roig.cat\/es\/wp-json\/wp\/v2\/pages\/9328"}],"wp:attachment":[{"href":"https:\/\/mont-roig.cat\/es\/wp-json\/wp\/v2\/media?parent=9360"}],"curies":[{"name":"wp","href":"https:\/\/api.w.org\/{rel}","templated":true}]}}