{"id":9366,"date":"2016-02-11T14:46:31","date_gmt":"2016-02-11T13:46:31","guid":{"rendered":"http:\/\/mont-roig.cat\/es\/govern-obert\/transparencia\/informacio-economica\/cost-efectiu-dels-serveis\/"},"modified":"2025-05-15T09:10:41","modified_gmt":"2025-05-15T07:10:41","slug":"cost-efectiu-dels-serveis","status":"publish","type":"page","link":"https:\/\/mont-roig.cat\/es\/govern-obert\/transparencia\/informacio-economica\/cost-efectiu-dels-serveis\/","title":{"rendered":"Coste efectivo de los servicios"},"content":{"rendered":"<div class=\"wpb-content-wrapper\">[vc_row][vc_column][vc_column_text css=&#8221;&#8221;]Todas las entidades locales calcular\u00e1n antes del d\u00eda 1 de noviembre de cada a\u00f1o el coste efectivo de los servicios que prestan, partiendo de los datos contenidos en la liquidaci\u00f3n del presupuesto general y, en su caso, de las cuentas anuales aprobadas de las entidades vinculadas o dependientes, correspondiente el ejercicio inmediato anterior.<\/p>\n<p>El c\u00e1lculo del coste efectivo de los servicios tendr\u00e1 en cuenta los costes reales directos e indirectos de los servicios de acuerdo con los datos de ejecuci\u00f3n de gastos mencionados en el apartado anterior. Los criterios de c\u00e1lculo se desarrollan por orden del ministro de Hacienda y Administraciones P\u00fablicas.<\/p>\n<p>Todas las entidades locales comunicar\u00e1n los costes efectivos de cada uno de los servicios en el Ministerio de Hacienda y Administraciones P\u00fablicas para su publicaci\u00f3n.<\/p>\n<p>Puede consultar el coste efectivo de los servicios <a href=\"https:\/\/www.seu-e.cat\/es\/web\/mont-roigdelcamp\/govern-obert-i-transparencia\/gestio-economica\/gestio-economica\/cost-efectiu-dels-serveis\" target=\"_blank\" rel=\"noopener\">en este enlace<\/a>.[\/vc_column_text][\/vc_column][\/vc_row]\n<\/div>","protected":false},"excerpt":{"rendered":"<p>[vc_row][vc_column][vc_column_text css=&#8221;&#8221;]Todas las entidades locales calcular\u00e1n antes del d\u00eda 1 de noviembre de cada a\u00f1o el coste efectivo de los servicios que prestan, partiendo de los datos contenidos en la liquidaci\u00f3n del presupuesto general y, en su caso, de las cuentas anuales aprobadas de las entidades vinculadas o dependientes, correspondiente el ejercicio inmediato anterior. El [&hellip;]<\/p>\n","protected":false},"author":4,"featured_media":0,"parent":9328,"menu_order":0,"comment_status":"closed","ping_status":"closed","template":"","meta":{"inline_featured_image":false,"_monsterinsights_skip_tracking":false,"_monsterinsights_sitenote_active":false,"_monsterinsights_sitenote_note":"","_monsterinsights_sitenote_category":0,"footnotes":""},"class_list":["post-9366","page","type-page","status-publish","hentry"],"yoast_head":"<!-- This site is optimized with the Yoast SEO plugin v27.1.1 - https:\/\/yoast.com\/product\/yoast-seo-wordpress\/ -->\n<title>Coste efectivo de los servicios - Ajuntament de Mont-roig del Camp<\/title>\n<meta name=\"robots\" content=\"index, follow, max-snippet:-1, max-image-preview:large, max-video-preview:-1\" \/>\n<link rel=\"canonical\" href=\"https:\/\/mont-roig.cat\/es\/govern-obert\/transparencia\/informacio-economica\/cost-efectiu-dels-serveis\/\" \/>\n<meta property=\"og:locale\" content=\"es_ES\" \/>\n<meta property=\"og:type\" content=\"article\" \/>\n<meta property=\"og:title\" content=\"Coste efectivo de los servicios - Ajuntament de Mont-roig del Camp\" \/>\n<meta property=\"og:description\" content=\"[vc_row][vc_column][vc_column_text css=&#8221;&#8221;]Todas las entidades locales calcular\u00e1n antes del d\u00eda 1 de noviembre de cada a\u00f1o el coste efectivo de los servicios que prestan, partiendo de los datos contenidos en la liquidaci\u00f3n del presupuesto general y, en su caso, de las cuentas anuales aprobadas de las entidades vinculadas o dependientes, correspondiente el ejercicio inmediato anterior. El [&hellip;]\" \/>\n<meta property=\"og:url\" content=\"https:\/\/mont-roig.cat\/es\/govern-obert\/transparencia\/informacio-economica\/cost-efectiu-dels-serveis\/\" \/>\n<meta property=\"og:site_name\" content=\"Ajuntament de Mont-roig del Camp\" \/>\n<meta property=\"article:modified_time\" content=\"2025-05-15T07:10:41+00:00\" \/>\n<meta property=\"og:image\" content=\"https:\/\/mont-roig.cat\/wp-content\/uploads\/aj-mont-roig-2.jpg\" \/>\n\t<meta property=\"og:image:width\" content=\"1200\" \/>\n\t<meta property=\"og:image:height\" content=\"600\" \/>\n\t<meta property=\"og:image:type\" content=\"image\/jpeg\" \/>\n<meta name=\"twitter:card\" content=\"summary_large_image\" \/>\n<meta name=\"twitter:label1\" content=\"Tiempo de lectura\" \/>\n\t<meta name=\"twitter:data1\" content=\"2 minutos\" \/>\n<script type=\"application\/ld+json\" class=\"yoast-schema-graph\">{\"@context\":\"https:\/\/schema.org\",\"@graph\":[{\"@type\":\"WebPage\",\"@id\":\"https:\/\/mont-roig.cat\/es\/govern-obert\/transparencia\/informacio-economica\/cost-efectiu-dels-serveis\/\",\"url\":\"https:\/\/mont-roig.cat\/es\/govern-obert\/transparencia\/informacio-economica\/cost-efectiu-dels-serveis\/\",\"name\":\"Coste efectivo de los servicios - Ajuntament de Mont-roig del Camp\",\"isPartOf\":{\"@id\":\"https:\/\/mont-roig.cat\/es\/#website\"},\"datePublished\":\"2016-02-11T13:46:31+00:00\",\"dateModified\":\"2025-05-15T07:10:41+00:00\",\"breadcrumb\":{\"@id\":\"https:\/\/mont-roig.cat\/es\/govern-obert\/transparencia\/informacio-economica\/cost-efectiu-dels-serveis\/#breadcrumb\"},\"inLanguage\":\"es\",\"potentialAction\":[{\"@type\":\"ReadAction\",\"target\":[\"https:\/\/mont-roig.cat\/es\/govern-obert\/transparencia\/informacio-economica\/cost-efectiu-dels-serveis\/\"]}]},{\"@type\":\"BreadcrumbList\",\"@id\":\"https:\/\/mont-roig.cat\/es\/govern-obert\/transparencia\/informacio-economica\/cost-efectiu-dels-serveis\/#breadcrumb\",\"itemListElement\":[{\"@type\":\"ListItem\",\"position\":1,\"name\":\"Inici\",\"item\":\"https:\/\/mont-roig.cat\/es\/pagina-de-inicio\/\"},{\"@type\":\"ListItem\",\"position\":2,\"name\":\"Gobierno abierto\",\"item\":\"https:\/\/mont-roig.cat\/es\/govern-obert\/\"},{\"@type\":\"ListItem\",\"position\":3,\"name\":\"Transparencia\",\"item\":\"https:\/\/mont-roig.cat\/es\/govern-obert\/transparencia\/\"},{\"@type\":\"ListItem\",\"position\":4,\"name\":\"Informaci\u00f3n Econ\u00f3mica\",\"item\":\"https:\/\/mont-roig.cat\/es\/govern-obert\/transparencia\/informacio-economica\/\"},{\"@type\":\"ListItem\",\"position\":5,\"name\":\"Coste efectivo de los servicios\"}]},{\"@type\":\"WebSite\",\"@id\":\"https:\/\/mont-roig.cat\/es\/#website\",\"url\":\"https:\/\/mont-roig.cat\/es\/\",\"name\":\"Ajuntament de Mont-roig del Camp\",\"description\":\"Tota la informaci\u00f3 sobre la instituci\u00f3, els seus \u00f2rgans de govern, actualitat, serveis i molt m\u00e9s.\",\"potentialAction\":[{\"@type\":\"SearchAction\",\"target\":{\"@type\":\"EntryPoint\",\"urlTemplate\":\"https:\/\/mont-roig.cat\/es\/?s={search_term_string}\"},\"query-input\":{\"@type\":\"PropertyValueSpecification\",\"valueRequired\":true,\"valueName\":\"search_term_string\"}}],\"inLanguage\":\"es\"}]}<\/script>\n<!-- \/ Yoast SEO plugin. -->","yoast_head_json":{"title":"Coste efectivo de los servicios - Ajuntament de Mont-roig del Camp","robots":{"index":"index","follow":"follow","max-snippet":"max-snippet:-1","max-image-preview":"max-image-preview:large","max-video-preview":"max-video-preview:-1"},"canonical":"https:\/\/mont-roig.cat\/es\/govern-obert\/transparencia\/informacio-economica\/cost-efectiu-dels-serveis\/","og_locale":"es_ES","og_type":"article","og_title":"Coste efectivo de los servicios - Ajuntament de Mont-roig del Camp","og_description":"[vc_row][vc_column][vc_column_text css=&#8221;&#8221;]Todas las entidades locales calcular\u00e1n antes del d\u00eda 1 de noviembre de cada a\u00f1o el coste efectivo de los servicios que prestan, partiendo de los datos contenidos en la liquidaci\u00f3n del presupuesto general y, en su caso, de las cuentas anuales aprobadas de las entidades vinculadas o dependientes, correspondiente el ejercicio inmediato anterior. El [&hellip;]","og_url":"https:\/\/mont-roig.cat\/es\/govern-obert\/transparencia\/informacio-economica\/cost-efectiu-dels-serveis\/","og_site_name":"Ajuntament de Mont-roig del Camp","article_modified_time":"2025-05-15T07:10:41+00:00","og_image":[{"width":1200,"height":600,"url":"https:\/\/mont-roig.cat\/wp-content\/uploads\/aj-mont-roig-2.jpg","type":"image\/jpeg"}],"twitter_card":"summary_large_image","twitter_misc":{"Tiempo de lectura":"2 minutos"},"schema":{"@context":"https:\/\/schema.org","@graph":[{"@type":"WebPage","@id":"https:\/\/mont-roig.cat\/es\/govern-obert\/transparencia\/informacio-economica\/cost-efectiu-dels-serveis\/","url":"https:\/\/mont-roig.cat\/es\/govern-obert\/transparencia\/informacio-economica\/cost-efectiu-dels-serveis\/","name":"Coste efectivo de los servicios - Ajuntament de Mont-roig del Camp","isPartOf":{"@id":"https:\/\/mont-roig.cat\/es\/#website"},"datePublished":"2016-02-11T13:46:31+00:00","dateModified":"2025-05-15T07:10:41+00:00","breadcrumb":{"@id":"https:\/\/mont-roig.cat\/es\/govern-obert\/transparencia\/informacio-economica\/cost-efectiu-dels-serveis\/#breadcrumb"},"inLanguage":"es","potentialAction":[{"@type":"ReadAction","target":["https:\/\/mont-roig.cat\/es\/govern-obert\/transparencia\/informacio-economica\/cost-efectiu-dels-serveis\/"]}]},{"@type":"BreadcrumbList","@id":"https:\/\/mont-roig.cat\/es\/govern-obert\/transparencia\/informacio-economica\/cost-efectiu-dels-serveis\/#breadcrumb","itemListElement":[{"@type":"ListItem","position":1,"name":"Inici","item":"https:\/\/mont-roig.cat\/es\/pagina-de-inicio\/"},{"@type":"ListItem","position":2,"name":"Gobierno abierto","item":"https:\/\/mont-roig.cat\/es\/govern-obert\/"},{"@type":"ListItem","position":3,"name":"Transparencia","item":"https:\/\/mont-roig.cat\/es\/govern-obert\/transparencia\/"},{"@type":"ListItem","position":4,"name":"Informaci\u00f3n Econ\u00f3mica","item":"https:\/\/mont-roig.cat\/es\/govern-obert\/transparencia\/informacio-economica\/"},{"@type":"ListItem","position":5,"name":"Coste efectivo de los servicios"}]},{"@type":"WebSite","@id":"https:\/\/mont-roig.cat\/es\/#website","url":"https:\/\/mont-roig.cat\/es\/","name":"Ajuntament de Mont-roig del Camp","description":"Tota la informaci\u00f3 sobre la instituci\u00f3, els seus \u00f2rgans de govern, actualitat, serveis i molt m\u00e9s.","potentialAction":[{"@type":"SearchAction","target":{"@type":"EntryPoint","urlTemplate":"https:\/\/mont-roig.cat\/es\/?s={search_term_string}"},"query-input":{"@type":"PropertyValueSpecification","valueRequired":true,"valueName":"search_term_string"}}],"inLanguage":"es"}]}},"_links":{"self":[{"href":"https:\/\/mont-roig.cat\/es\/wp-json\/wp\/v2\/pages\/9366","targetHints":{"allow":["GET"]}}],"collection":[{"href":"https:\/\/mont-roig.cat\/es\/wp-json\/wp\/v2\/pages"}],"about":[{"href":"https:\/\/mont-roig.cat\/es\/wp-json\/wp\/v2\/types\/page"}],"author":[{"embeddable":true,"href":"https:\/\/mont-roig.cat\/es\/wp-json\/wp\/v2\/users\/4"}],"replies":[{"embeddable":true,"href":"https:\/\/mont-roig.cat\/es\/wp-json\/wp\/v2\/comments?post=9366"}],"version-history":[{"count":12,"href":"https:\/\/mont-roig.cat\/es\/wp-json\/wp\/v2\/pages\/9366\/revisions"}],"predecessor-version":[{"id":82993,"href":"https:\/\/mont-roig.cat\/es\/wp-json\/wp\/v2\/pages\/9366\/revisions\/82993"}],"up":[{"embeddable":true,"href":"https:\/\/mont-roig.cat\/es\/wp-json\/wp\/v2\/pages\/9328"}],"wp:attachment":[{"href":"https:\/\/mont-roig.cat\/es\/wp-json\/wp\/v2\/media?parent=9366"}],"curies":[{"name":"wp","href":"https:\/\/api.w.org\/{rel}","templated":true}]}}