{"id":9371,"date":"2016-02-11T14:53:01","date_gmt":"2016-02-11T13:53:01","guid":{"rendered":"http:\/\/mont-roig.cat\/es\/govern-obert\/transparencia\/contractacio-publica\/"},"modified":"2025-05-16T12:54:22","modified_gmt":"2025-05-16T10:54:22","slug":"contractacio-publica","status":"publish","type":"page","link":"https:\/\/mont-roig.cat\/es\/govern-obert\/transparencia\/contractacio-publica\/","title":{"rendered":"Contrataci\u00f3n p\u00fablica"},"content":{"rendered":"<div class=\"wpb-content-wrapper\">[vc_row][vc_column][vc_column_text]La contrataci\u00f3n del sector p\u00fablico hace referencia a la actividad desarrollada por parte de los entes, organismos o entidades que, de conformidad con la Ley de Contratos del Sector P\u00fablico, forman parte y suscriben contratos onerosos, cualquiera que sea su naturaleza, con terceras personas, para la consecuci\u00f3n de determinados fines de inter\u00e9s general.<\/p>\n<ul>\n<li>Estos contratos se ajustan, con car\u00e1cter general, a una serie de principios rectores:<\/li>\n<li>Libertad de acceso a las licitaciones<\/li>\n<li>Publicidad y transparencia de los procedimientos<\/li>\n<li>No discriminaci\u00f3n e igualdad de trato entre los candidatos<\/li>\n<li>Utilizaci\u00f3n eficiente de los fondos destinados a la realizaci\u00f3n de obras, la adquisici\u00f3n de bienes y la contrataci\u00f3n de servicios mediante la exigencia de la definici\u00f3n previa de las necesidades a satisfacer<\/li>\n<li>La salvaguarda de la libre competencia<\/li>\n<li>La selecci\u00f3n de la oferta econ\u00f3micamente m\u00e1s ventajosa<\/li>\n<\/ul>\n<p>En este enlace se puede consultar la <a href=\"\/wordpress?page_id=4263\" target=\"_blank\" rel=\"noopener noreferrer\">actividad contractual del Ayuntamiento de Mont-roig del Camp<\/a><\/p>\n<p>Seg\u00fan aquello que dispone el art\u00edculo 28.4 de Ley 9\/2017, de 8 de noviembre, de Contratos del Sector P\u00fablico, por la cual se trasponen las Directivas 2014\/23\/UE y 2014\/24\/UE, las dos del 26 de febrero de 2014 (BOE n.\u00ba 272, del 9 de noviembre), se prev\u00e9 que las entidades del sector p\u00fablico programen la actividad de contrataci\u00f3n p\u00fablica que desarrollar\u00e1n en un ejercicio presupuestario o periodos plurianuales mediante su plan de contrataci\u00f3n que recoja al menos, aquellos contratos que quedar\u00e1n sujetos a regulaci\u00f3n armonizada. En cumplimiento de tal previsi\u00f3n normativa, el Plan de Contrataci\u00f3n del Ayuntamiento de Mont-roig del Camp vigente se puede consultar <a href=\"https:\/\/contractaciopublica.cat\/ca\/perfils-contractant\/detall\/MONT-ROIGDELCAMP?categoria=0\" target=\"_blank\" rel=\"noopener\">en el siguiente enlace.\u00a0<\/a><\/p>\n<p>Esta medida se establece para<strong> facilitar la concurrencia de las pymes, reforzar la transparencia y fomentar la competencia<\/strong> mediante esta informaci\u00f3n anticipada. As\u00ed mismo, permitir\u00e1 a los \u00f3rganos de contrataci\u00f3n hacer una <strong>gesti\u00f3n m\u00e1s eficaz y eficiente die los recursos p\u00fablicos<\/strong> y, a los \u00f3rganos gestores de los diferentes servcios administrativos, <strong>anticiparse a las necesidades y programar la tramitaci\u00f3n y gesti\u00f3n<\/strong> ordinaria de los expedientes con la diligencia que exige toda actuaci\u00f3n administrativa.<\/p>\n<p>Al mismo tiempo, en uso de la posibilidad que brinda el art\u00edculo 122.5 de dicha Ley, por Junta de Gobierno Local, en sesi\u00f3n de fecha 31 de diciembre de 2020, se han aprobado los Pliegos modelo de Cl\u00e1usulas Administrativas Particulares con el fin de adaptar la actividad contractual del Ayuntamiento y de sus Entes dependientes a los par\u00e1metros de legalidad, eficacia y eficiencia y a la vez, permitir a los potenciales interesados en las licitaciones, realizar un r\u00e1pido an\u00e1lisis para conocer las caracter\u00edsticas esenciales del contrato.<\/p>\n<ul>\n<li><a href=\"https:\/\/mont-roig.cat\/wp-content\/uploads\/MODELS-TIPUS-PCAP-1.pdf\" target=\"_blank\" rel=\"noopener\">Pliegos modelo de Clausulas Administrativas Particulares<\/a><\/li>\n<li><a href=\"https:\/\/mont-roig.cat\/wp-content\/uploads\/DECRET-2022_2840_revisio_extraorinaria_preus.pdf\" target=\"_blank\" rel=\"noopener\">Revisi\u00f3n extraordinaria de precios en los contratos de obres<\/a><\/li>\n<\/ul>\n[\/vc_column_text][vc_column_text]<strong>Contratos menores del Ayuntamiento de Mont-roig del Camp<\/strong><\/p>\n<p>En cumplimiento del articulo 63.4 de la Ley 9\/2017, del 8 de noviembre, de contratos del sector p\u00fablico se publica la informaci\u00f3n relativa a los contratos menores. Quedan exceptuados de la publicaci\u00f3n a que se refiere el par\u00e1grafo anterior, los contratos con un valor estimado inferior a cinco mil euros, siempre que el sistema de pago utilizado por los poderes adjudicadores sea el de adelanto de caja fija u otro sistema similar para hacer pagos menores. La publicaci\u00f3n de los contratos menores, dado la nueva ley, se har\u00e1 trimestralmente a partir del primer trimestre del 2018.[\/vc_column_text][\/vc_column][\/vc_row][vc_row][vc_column][vc_column_text css=&#8221;&#8221;]En este enlace del <a href=\"https:\/\/registrepubliccontractes.gencat.cat\/rpcac\/index.html#\/cerca\" target=\"_blank\" rel=\"noopener\"><strong>Registro p\u00fablico de contratos (RPC)<\/strong> <\/a>\u00a0se pueden consultar los contratos, las modificaciones y las pr\u00f3rrogas. Una vez dentro del buscador del RPC habr\u00e1 que filtrar por \u201cTipo de busca\u201d, contratos modificados o contratos prorrogados y por \u201c\u00d3rgano de contrataci\u00f3n\u201d que es Ayuntamiento de Mont-roig del Camp.<\/p>\n<p>En relaci\u00f3n a la publicaci\u00f3n de las licitaciones anuladas y de los actos de desestimaci\u00f3n y renuncia, tambi\u00e9n se pueden consultar en este enlace directo de la <strong><a href=\"https:\/\/contractaciopublica.gencat.cat\/ecofin_pscp\/AppJava\/cap.pscp?reqCode=viewDetail&amp;idCap=30730476\" target=\"_blank\" rel=\"noopener\">Plataforma de Contrataci\u00f3n P\u00fablica<\/a>. <\/strong>Esta informaci\u00f3n est\u00e1 constantemente actualizada.[\/vc_column_text][\/vc_column][\/vc_row]\n<\/div>","protected":false},"excerpt":{"rendered":"<p>[vc_row][vc_column][vc_column_text]La contrataci\u00f3n del sector p\u00fablico hace referencia a la actividad desarrollada por parte de los entes, organismos o entidades que, de conformidad con la Ley de Contratos del Sector P\u00fablico, forman parte y suscriben contratos onerosos, cualquiera que sea su naturaleza, con terceras personas, para la consecuci\u00f3n de determinados fines de inter\u00e9s general. Estos contratos [&hellip;]<\/p>\n","protected":false},"author":4,"featured_media":0,"parent":4265,"menu_order":0,"comment_status":"closed","ping_status":"closed","template":"","meta":{"inline_featured_image":false,"_monsterinsights_skip_tracking":false,"_monsterinsights_sitenote_active":false,"_monsterinsights_sitenote_note":"","_monsterinsights_sitenote_category":0,"footnotes":""},"class_list":["post-9371","page","type-page","status-publish","hentry"],"yoast_head":"<!-- This site is optimized with the Yoast SEO plugin v27.1.1 - https:\/\/yoast.com\/product\/yoast-seo-wordpress\/ -->\n<title>Contrataci\u00f3n p\u00fablica - Ajuntament de Mont-roig del Camp<\/title>\n<meta name=\"robots\" content=\"index, follow, max-snippet:-1, max-image-preview:large, max-video-preview:-1\" \/>\n<link rel=\"canonical\" href=\"https:\/\/mont-roig.cat\/es\/govern-obert\/transparencia\/contractacio-publica\/\" \/>\n<meta property=\"og:locale\" content=\"es_ES\" \/>\n<meta property=\"og:type\" content=\"article\" \/>\n<meta property=\"og:title\" content=\"Contrataci\u00f3n p\u00fablica - Ajuntament de Mont-roig del Camp\" \/>\n<meta property=\"og:description\" content=\"[vc_row][vc_column][vc_column_text]La contrataci\u00f3n del sector p\u00fablico hace referencia a la actividad desarrollada por parte de los entes, organismos o entidades que, de conformidad con la Ley de Contratos del Sector P\u00fablico, forman parte y suscriben contratos onerosos, cualquiera que sea su naturaleza, con terceras personas, para la consecuci\u00f3n de determinados fines de inter\u00e9s general. Estos contratos [&hellip;]\" \/>\n<meta property=\"og:url\" content=\"https:\/\/mont-roig.cat\/es\/govern-obert\/transparencia\/contractacio-publica\/\" \/>\n<meta property=\"og:site_name\" content=\"Ajuntament de Mont-roig del Camp\" \/>\n<meta property=\"article:modified_time\" content=\"2025-05-16T10:54:22+00:00\" \/>\n<meta property=\"og:image\" content=\"https:\/\/mont-roig.cat\/wp-content\/uploads\/aj-mont-roig-2.jpg\" \/>\n\t<meta property=\"og:image:width\" content=\"1200\" \/>\n\t<meta property=\"og:image:height\" content=\"600\" \/>\n\t<meta property=\"og:image:type\" content=\"image\/jpeg\" \/>\n<meta name=\"twitter:card\" content=\"summary_large_image\" \/>\n<meta name=\"twitter:label1\" content=\"Tiempo de lectura\" \/>\n\t<meta name=\"twitter:data1\" content=\"4 minutos\" \/>\n<script type=\"application\/ld+json\" class=\"yoast-schema-graph\">{\"@context\":\"https:\/\/schema.org\",\"@graph\":[{\"@type\":\"WebPage\",\"@id\":\"https:\/\/mont-roig.cat\/es\/govern-obert\/transparencia\/contractacio-publica\/\",\"url\":\"https:\/\/mont-roig.cat\/es\/govern-obert\/transparencia\/contractacio-publica\/\",\"name\":\"Contrataci\u00f3n p\u00fablica - Ajuntament de Mont-roig del Camp\",\"isPartOf\":{\"@id\":\"https:\/\/mont-roig.cat\/es\/#website\"},\"datePublished\":\"2016-02-11T13:53:01+00:00\",\"dateModified\":\"2025-05-16T10:54:22+00:00\",\"breadcrumb\":{\"@id\":\"https:\/\/mont-roig.cat\/es\/govern-obert\/transparencia\/contractacio-publica\/#breadcrumb\"},\"inLanguage\":\"es\",\"potentialAction\":[{\"@type\":\"ReadAction\",\"target\":[\"https:\/\/mont-roig.cat\/es\/govern-obert\/transparencia\/contractacio-publica\/\"]}]},{\"@type\":\"BreadcrumbList\",\"@id\":\"https:\/\/mont-roig.cat\/es\/govern-obert\/transparencia\/contractacio-publica\/#breadcrumb\",\"itemListElement\":[{\"@type\":\"ListItem\",\"position\":1,\"name\":\"Inici\",\"item\":\"https:\/\/mont-roig.cat\/es\/pagina-de-inicio\/\"},{\"@type\":\"ListItem\",\"position\":2,\"name\":\"Gobierno abierto\",\"item\":\"https:\/\/mont-roig.cat\/es\/govern-obert\/\"},{\"@type\":\"ListItem\",\"position\":3,\"name\":\"Transparencia\",\"item\":\"https:\/\/mont-roig.cat\/es\/govern-obert\/transparencia\/\"},{\"@type\":\"ListItem\",\"position\":4,\"name\":\"Contrataci\u00f3n p\u00fablica\"}]},{\"@type\":\"WebSite\",\"@id\":\"https:\/\/mont-roig.cat\/es\/#website\",\"url\":\"https:\/\/mont-roig.cat\/es\/\",\"name\":\"Ajuntament de Mont-roig del Camp\",\"description\":\"Tota la informaci\u00f3 sobre la instituci\u00f3, els seus \u00f2rgans de govern, actualitat, serveis i molt m\u00e9s.\",\"potentialAction\":[{\"@type\":\"SearchAction\",\"target\":{\"@type\":\"EntryPoint\",\"urlTemplate\":\"https:\/\/mont-roig.cat\/es\/?s={search_term_string}\"},\"query-input\":{\"@type\":\"PropertyValueSpecification\",\"valueRequired\":true,\"valueName\":\"search_term_string\"}}],\"inLanguage\":\"es\"}]}<\/script>\n<!-- \/ Yoast SEO plugin. -->","yoast_head_json":{"title":"Contrataci\u00f3n p\u00fablica - Ajuntament de Mont-roig del Camp","robots":{"index":"index","follow":"follow","max-snippet":"max-snippet:-1","max-image-preview":"max-image-preview:large","max-video-preview":"max-video-preview:-1"},"canonical":"https:\/\/mont-roig.cat\/es\/govern-obert\/transparencia\/contractacio-publica\/","og_locale":"es_ES","og_type":"article","og_title":"Contrataci\u00f3n p\u00fablica - Ajuntament de Mont-roig del Camp","og_description":"[vc_row][vc_column][vc_column_text]La contrataci\u00f3n del sector p\u00fablico hace referencia a la actividad desarrollada por parte de los entes, organismos o entidades que, de conformidad con la Ley de Contratos del Sector P\u00fablico, forman parte y suscriben contratos onerosos, cualquiera que sea su naturaleza, con terceras personas, para la consecuci\u00f3n de determinados fines de inter\u00e9s general. Estos contratos [&hellip;]","og_url":"https:\/\/mont-roig.cat\/es\/govern-obert\/transparencia\/contractacio-publica\/","og_site_name":"Ajuntament de Mont-roig del Camp","article_modified_time":"2025-05-16T10:54:22+00:00","og_image":[{"width":1200,"height":600,"url":"https:\/\/mont-roig.cat\/wp-content\/uploads\/aj-mont-roig-2.jpg","type":"image\/jpeg"}],"twitter_card":"summary_large_image","twitter_misc":{"Tiempo de lectura":"4 minutos"},"schema":{"@context":"https:\/\/schema.org","@graph":[{"@type":"WebPage","@id":"https:\/\/mont-roig.cat\/es\/govern-obert\/transparencia\/contractacio-publica\/","url":"https:\/\/mont-roig.cat\/es\/govern-obert\/transparencia\/contractacio-publica\/","name":"Contrataci\u00f3n p\u00fablica - Ajuntament de Mont-roig del Camp","isPartOf":{"@id":"https:\/\/mont-roig.cat\/es\/#website"},"datePublished":"2016-02-11T13:53:01+00:00","dateModified":"2025-05-16T10:54:22+00:00","breadcrumb":{"@id":"https:\/\/mont-roig.cat\/es\/govern-obert\/transparencia\/contractacio-publica\/#breadcrumb"},"inLanguage":"es","potentialAction":[{"@type":"ReadAction","target":["https:\/\/mont-roig.cat\/es\/govern-obert\/transparencia\/contractacio-publica\/"]}]},{"@type":"BreadcrumbList","@id":"https:\/\/mont-roig.cat\/es\/govern-obert\/transparencia\/contractacio-publica\/#breadcrumb","itemListElement":[{"@type":"ListItem","position":1,"name":"Inici","item":"https:\/\/mont-roig.cat\/es\/pagina-de-inicio\/"},{"@type":"ListItem","position":2,"name":"Gobierno abierto","item":"https:\/\/mont-roig.cat\/es\/govern-obert\/"},{"@type":"ListItem","position":3,"name":"Transparencia","item":"https:\/\/mont-roig.cat\/es\/govern-obert\/transparencia\/"},{"@type":"ListItem","position":4,"name":"Contrataci\u00f3n p\u00fablica"}]},{"@type":"WebSite","@id":"https:\/\/mont-roig.cat\/es\/#website","url":"https:\/\/mont-roig.cat\/es\/","name":"Ajuntament de Mont-roig del Camp","description":"Tota la informaci\u00f3 sobre la instituci\u00f3, els seus \u00f2rgans de govern, actualitat, serveis i molt m\u00e9s.","potentialAction":[{"@type":"SearchAction","target":{"@type":"EntryPoint","urlTemplate":"https:\/\/mont-roig.cat\/es\/?s={search_term_string}"},"query-input":{"@type":"PropertyValueSpecification","valueRequired":true,"valueName":"search_term_string"}}],"inLanguage":"es"}]}},"_links":{"self":[{"href":"https:\/\/mont-roig.cat\/es\/wp-json\/wp\/v2\/pages\/9371","targetHints":{"allow":["GET"]}}],"collection":[{"href":"https:\/\/mont-roig.cat\/es\/wp-json\/wp\/v2\/pages"}],"about":[{"href":"https:\/\/mont-roig.cat\/es\/wp-json\/wp\/v2\/types\/page"}],"author":[{"embeddable":true,"href":"https:\/\/mont-roig.cat\/es\/wp-json\/wp\/v2\/users\/4"}],"replies":[{"embeddable":true,"href":"https:\/\/mont-roig.cat\/es\/wp-json\/wp\/v2\/comments?post=9371"}],"version-history":[{"count":57,"href":"https:\/\/mont-roig.cat\/es\/wp-json\/wp\/v2\/pages\/9371\/revisions"}],"predecessor-version":[{"id":83077,"href":"https:\/\/mont-roig.cat\/es\/wp-json\/wp\/v2\/pages\/9371\/revisions\/83077"}],"up":[{"embeddable":true,"href":"https:\/\/mont-roig.cat\/es\/wp-json\/wp\/v2\/pages\/4265"}],"wp:attachment":[{"href":"https:\/\/mont-roig.cat\/es\/wp-json\/wp\/v2\/media?parent=9371"}],"curies":[{"name":"wp","href":"https:\/\/api.w.org\/{rel}","templated":true}]}}