{"id":9395,"date":"2016-02-12T14:16:11","date_gmt":"2016-02-12T13:16:11","guid":{"rendered":"http:\/\/mont-roig.cat\/es\/govern-obert\/participacio-ciutadana\/"},"modified":"2026-04-09T15:03:52","modified_gmt":"2026-04-09T13:03:52","slug":"participacion-ciudadana","status":"publish","type":"page","link":"https:\/\/mont-roig.cat\/es\/govern-obert\/participacion-ciudadana\/","title":{"rendered":"Participaci\u00f3n ciudadana"},"content":{"rendered":"<div class=\"wpb-content-wrapper\">[vc_row][vc_column][vc_column_text css=&#8221;&#8221;]\n<h4><strong>Participaci\u00f3n ciudadana<\/strong><\/h4>\n<p>Participar significa implicarse en los asuntos p\u00fablicos para influir, de una forma u otra, en las decisiones colectivas. Es formar parte de la vida del municipio aportando ideas, conocimiento o esfuerzo para mejorar aquello que es de todos.<\/p>\n<p>Esto puede significar:<br \/>\n\u2022 Formar parte de una actividad o entidad.<br \/>\n\u2022 Intervenir en la toma de decisiones.<br \/>\n\u2022 Aportar opiniones o recursos en acciones colectivas.<\/p>\n<p>La participaci\u00f3n es clave en una sociedad democr\u00e1tica, ya que hace que la ciudadan\u00eda sea m\u00e1s activa y corresponsable. Adem\u00e1s, ayuda a mejorar las decisiones p\u00fablicas y fortalece la relaci\u00f3n entre la administraci\u00f3n y la vecindad.<\/p>\n<p>La participaci\u00f3n ciudadana es una prioridad del Ayuntamiento, ya que permite conocer las opiniones y necesidades de la poblaci\u00f3n y llevar a cabo una gesti\u00f3n m\u00e1s cercana, eficaz y transparente.<\/p>\n<p>En el municipio se trabaja para fomentar esta implicaci\u00f3n, creando espacios y canales para que todo el mundo pueda expresar su opini\u00f3n y formar parte de la gesti\u00f3n del d\u00eda a d\u00eda.<\/p>\n<h4><strong>Participaci\u00f3n directa<\/strong><\/h4>\n<p>La participaci\u00f3n directa permite a la ciudadan\u00eda implicarse activamente en la toma de decisiones m\u00e1s all\u00e1 de las elecciones. Contribuye a una administraci\u00f3n m\u00e1s abierta, cercana y transparente.<\/p>\n<p>Se puede participar a trav\u00e9s de:<br \/>\n\u2022 <a href=\"https:\/\/mont-roig.cat\/contactar\/\" target=\"_blank\" rel=\"noopener\"><strong>El Ayuntamiento te escucha<\/strong><\/a>: espacio web para enviar propuestas, quejas o sugerencias de forma directa.<br \/>\n\u2022 <strong>Redes sociales<\/strong>: canales para interactuar con el Ayuntamiento, informarse y opinar de manera \u00e1gil.<br \/>\n\u2022 <strong><a href=\"https:\/\/web.eagora.app\/a\/mont-roig-del-camp-i-miami-platja\" target=\"_blank\" rel=\"noopener\">App eAgora<\/a><\/strong>: aplicaci\u00f3n m\u00f3vil que permite recibir informaci\u00f3n municipal y participar activamente en la vida del municipio, enviando propuestas, respondiendo encuestas o creando red de forma directa.<br \/>\n\u2022 <strong>Procesos participativos<\/strong>: espacios organizados (consultas, talleres, debates&#8230;) donde la ciudadan\u00eda puede opinar e incidir en decisiones concretas del municipio.[\/vc_column_text][\/vc_column][\/vc_row][vc_row][vc_column width=&#8221;1\/3&#8243;][vc_btn title=&#8221;Reglamento de Participaci\u00f3n&#8221; color=&#8221;ajmrcc&#8221; link=&#8221;url:https%3A%2F%2Fmont-roig.cat%2Fes%2Fgovern-obert%2Fparticipacion-ciudadana%2Freglamento-de-participacion-ciudadana%2F|target:_blank&#8221;][\/vc_column][vc_column width=&#8221;1\/3&#8243;][vc_btn title=&#8221;Procesos participativos&#8221; color=&#8221;ajmrcc&#8221; link=&#8221;url:https%3A%2F%2Fmont-roig.cat%2Fes%2Fparticipacion%2F|target:_blank&#8221;][\/vc_column][vc_column width=&#8221;1\/3&#8243;][vc_btn title=&#8221;Consejo Escolar&#8221; color=&#8221;ajmrcc&#8221; link=&#8221;url:https%3A%2F%2Fmont-roig.cat%2Fes%2Fgovern-obert%2Fparticipacion-ciudadana%2Fconsejo-escolar%2F|target:_blank&#8221;][\/vc_column][\/vc_row]\n<\/div>","protected":false},"excerpt":{"rendered":"<p>[vc_row][vc_column][vc_column_text css=&#8221;&#8221;] Participaci\u00f3n ciudadana Participar significa implicarse en los asuntos p\u00fablicos para influir, de una forma u otra, en las decisiones colectivas. Es formar parte de la vida del municipio aportando ideas, conocimiento o esfuerzo para mejorar aquello que es de todos. Esto puede significar: \u2022 Formar parte de una actividad o entidad. \u2022 Intervenir [&hellip;]<\/p>\n","protected":false},"author":4,"featured_media":0,"parent":9316,"menu_order":0,"comment_status":"closed","ping_status":"closed","template":"","meta":{"inline_featured_image":false,"_monsterinsights_skip_tracking":false,"_monsterinsights_sitenote_active":false,"_monsterinsights_sitenote_note":"","_monsterinsights_sitenote_category":0,"footnotes":""},"class_list":["post-9395","page","type-page","status-publish","hentry"],"yoast_head":"<!-- This site is optimized with the Yoast SEO plugin v27.1.1 - https:\/\/yoast.com\/product\/yoast-seo-wordpress\/ -->\n<title>Participaci\u00f3n ciudadana - Ajuntament de Mont-roig del Camp<\/title>\n<meta name=\"robots\" content=\"index, follow, max-snippet:-1, max-image-preview:large, max-video-preview:-1\" \/>\n<link rel=\"canonical\" href=\"https:\/\/mont-roig.cat\/es\/govern-obert\/participacion-ciudadana\/\" \/>\n<meta property=\"og:locale\" content=\"es_ES\" \/>\n<meta property=\"og:type\" content=\"article\" \/>\n<meta property=\"og:title\" content=\"Participaci\u00f3n ciudadana - Ajuntament de Mont-roig del Camp\" \/>\n<meta property=\"og:description\" content=\"[vc_row][vc_column][vc_column_text css=&#8221;&#8221;] Participaci\u00f3n ciudadana Participar significa implicarse en los asuntos p\u00fablicos para influir, de una forma u otra, en las decisiones colectivas. Es formar parte de la vida del municipio aportando ideas, conocimiento o esfuerzo para mejorar aquello que es de todos. Esto puede significar: \u2022 Formar parte de una actividad o entidad. \u2022 Intervenir [&hellip;]\" \/>\n<meta property=\"og:url\" content=\"https:\/\/mont-roig.cat\/es\/govern-obert\/participacion-ciudadana\/\" \/>\n<meta property=\"og:site_name\" content=\"Ajuntament de Mont-roig del Camp\" \/>\n<meta property=\"article:modified_time\" content=\"2026-04-09T13:03:52+00:00\" \/>\n<meta property=\"og:image\" content=\"https:\/\/mont-roig.cat\/wp-content\/uploads\/aj-mont-roig-2.jpg\" \/>\n\t<meta property=\"og:image:width\" content=\"1200\" \/>\n\t<meta property=\"og:image:height\" content=\"600\" \/>\n\t<meta property=\"og:image:type\" content=\"image\/jpeg\" \/>\n<meta name=\"twitter:card\" content=\"summary_large_image\" \/>\n<meta name=\"twitter:label1\" content=\"Tiempo de lectura\" \/>\n\t<meta name=\"twitter:data1\" content=\"2 minutos\" \/>\n<script type=\"application\/ld+json\" class=\"yoast-schema-graph\">{\"@context\":\"https:\/\/schema.org\",\"@graph\":[{\"@type\":\"WebPage\",\"@id\":\"https:\/\/mont-roig.cat\/es\/govern-obert\/participacion-ciudadana\/\",\"url\":\"https:\/\/mont-roig.cat\/es\/govern-obert\/participacion-ciudadana\/\",\"name\":\"Participaci\u00f3n ciudadana - Ajuntament de Mont-roig del Camp\",\"isPartOf\":{\"@id\":\"https:\/\/mont-roig.cat\/es\/#website\"},\"datePublished\":\"2016-02-12T13:16:11+00:00\",\"dateModified\":\"2026-04-09T13:03:52+00:00\",\"breadcrumb\":{\"@id\":\"https:\/\/mont-roig.cat\/es\/govern-obert\/participacion-ciudadana\/#breadcrumb\"},\"inLanguage\":\"es\",\"potentialAction\":[{\"@type\":\"ReadAction\",\"target\":[\"https:\/\/mont-roig.cat\/es\/govern-obert\/participacion-ciudadana\/\"]}]},{\"@type\":\"BreadcrumbList\",\"@id\":\"https:\/\/mont-roig.cat\/es\/govern-obert\/participacion-ciudadana\/#breadcrumb\",\"itemListElement\":[{\"@type\":\"ListItem\",\"position\":1,\"name\":\"Inici\",\"item\":\"https:\/\/mont-roig.cat\/es\/pagina-de-inicio\/\"},{\"@type\":\"ListItem\",\"position\":2,\"name\":\"Gobierno abierto\",\"item\":\"https:\/\/mont-roig.cat\/es\/govern-obert\/\"},{\"@type\":\"ListItem\",\"position\":3,\"name\":\"Participaci\u00f3n ciudadana\"}]},{\"@type\":\"WebSite\",\"@id\":\"https:\/\/mont-roig.cat\/es\/#website\",\"url\":\"https:\/\/mont-roig.cat\/es\/\",\"name\":\"Ajuntament de Mont-roig del Camp\",\"description\":\"Tota la informaci\u00f3 sobre la instituci\u00f3, els seus \u00f2rgans de govern, actualitat, serveis i molt m\u00e9s.\",\"potentialAction\":[{\"@type\":\"SearchAction\",\"target\":{\"@type\":\"EntryPoint\",\"urlTemplate\":\"https:\/\/mont-roig.cat\/es\/?s={search_term_string}\"},\"query-input\":{\"@type\":\"PropertyValueSpecification\",\"valueRequired\":true,\"valueName\":\"search_term_string\"}}],\"inLanguage\":\"es\"}]}<\/script>\n<!-- \/ Yoast SEO plugin. -->","yoast_head_json":{"title":"Participaci\u00f3n ciudadana - Ajuntament de Mont-roig del Camp","robots":{"index":"index","follow":"follow","max-snippet":"max-snippet:-1","max-image-preview":"max-image-preview:large","max-video-preview":"max-video-preview:-1"},"canonical":"https:\/\/mont-roig.cat\/es\/govern-obert\/participacion-ciudadana\/","og_locale":"es_ES","og_type":"article","og_title":"Participaci\u00f3n ciudadana - Ajuntament de Mont-roig del Camp","og_description":"[vc_row][vc_column][vc_column_text css=&#8221;&#8221;] Participaci\u00f3n ciudadana Participar significa implicarse en los asuntos p\u00fablicos para influir, de una forma u otra, en las decisiones colectivas. Es formar parte de la vida del municipio aportando ideas, conocimiento o esfuerzo para mejorar aquello que es de todos. Esto puede significar: \u2022 Formar parte de una actividad o entidad. \u2022 Intervenir [&hellip;]","og_url":"https:\/\/mont-roig.cat\/es\/govern-obert\/participacion-ciudadana\/","og_site_name":"Ajuntament de Mont-roig del Camp","article_modified_time":"2026-04-09T13:03:52+00:00","og_image":[{"width":1200,"height":600,"url":"https:\/\/mont-roig.cat\/wp-content\/uploads\/aj-mont-roig-2.jpg","type":"image\/jpeg"}],"twitter_card":"summary_large_image","twitter_misc":{"Tiempo de lectura":"2 minutos"},"schema":{"@context":"https:\/\/schema.org","@graph":[{"@type":"WebPage","@id":"https:\/\/mont-roig.cat\/es\/govern-obert\/participacion-ciudadana\/","url":"https:\/\/mont-roig.cat\/es\/govern-obert\/participacion-ciudadana\/","name":"Participaci\u00f3n ciudadana - Ajuntament de Mont-roig del Camp","isPartOf":{"@id":"https:\/\/mont-roig.cat\/es\/#website"},"datePublished":"2016-02-12T13:16:11+00:00","dateModified":"2026-04-09T13:03:52+00:00","breadcrumb":{"@id":"https:\/\/mont-roig.cat\/es\/govern-obert\/participacion-ciudadana\/#breadcrumb"},"inLanguage":"es","potentialAction":[{"@type":"ReadAction","target":["https:\/\/mont-roig.cat\/es\/govern-obert\/participacion-ciudadana\/"]}]},{"@type":"BreadcrumbList","@id":"https:\/\/mont-roig.cat\/es\/govern-obert\/participacion-ciudadana\/#breadcrumb","itemListElement":[{"@type":"ListItem","position":1,"name":"Inici","item":"https:\/\/mont-roig.cat\/es\/pagina-de-inicio\/"},{"@type":"ListItem","position":2,"name":"Gobierno abierto","item":"https:\/\/mont-roig.cat\/es\/govern-obert\/"},{"@type":"ListItem","position":3,"name":"Participaci\u00f3n ciudadana"}]},{"@type":"WebSite","@id":"https:\/\/mont-roig.cat\/es\/#website","url":"https:\/\/mont-roig.cat\/es\/","name":"Ajuntament de Mont-roig del Camp","description":"Tota la informaci\u00f3 sobre la instituci\u00f3, els seus \u00f2rgans de govern, actualitat, serveis i molt m\u00e9s.","potentialAction":[{"@type":"SearchAction","target":{"@type":"EntryPoint","urlTemplate":"https:\/\/mont-roig.cat\/es\/?s={search_term_string}"},"query-input":{"@type":"PropertyValueSpecification","valueRequired":true,"valueName":"search_term_string"}}],"inLanguage":"es"}]}},"_links":{"self":[{"href":"https:\/\/mont-roig.cat\/es\/wp-json\/wp\/v2\/pages\/9395","targetHints":{"allow":["GET"]}}],"collection":[{"href":"https:\/\/mont-roig.cat\/es\/wp-json\/wp\/v2\/pages"}],"about":[{"href":"https:\/\/mont-roig.cat\/es\/wp-json\/wp\/v2\/types\/page"}],"author":[{"embeddable":true,"href":"https:\/\/mont-roig.cat\/es\/wp-json\/wp\/v2\/users\/4"}],"replies":[{"embeddable":true,"href":"https:\/\/mont-roig.cat\/es\/wp-json\/wp\/v2\/comments?post=9395"}],"version-history":[{"count":16,"href":"https:\/\/mont-roig.cat\/es\/wp-json\/wp\/v2\/pages\/9395\/revisions"}],"predecessor-version":[{"id":90700,"href":"https:\/\/mont-roig.cat\/es\/wp-json\/wp\/v2\/pages\/9395\/revisions\/90700"}],"up":[{"embeddable":true,"href":"https:\/\/mont-roig.cat\/es\/wp-json\/wp\/v2\/pages\/9316"}],"wp:attachment":[{"href":"https:\/\/mont-roig.cat\/es\/wp-json\/wp\/v2\/media?parent=9395"}],"curies":[{"name":"wp","href":"https:\/\/api.w.org\/{rel}","templated":true}]}}