{"id":9434,"date":"2016-02-18T10:35:09","date_gmt":"2016-02-18T09:35:09","guid":{"rendered":"http:\/\/mont-roig.cat\/es\/angel-redondo-ruizaguirre\/"},"modified":"2021-10-18T14:06:47","modified_gmt":"2021-10-18T12:06:47","slug":"angel-redondo-ruizaguirre","status":"publish","type":"page","link":"https:\/\/mont-roig.cat\/es\/angel-redondo-ruizaguirre\/","title":{"rendered":"\u00c1ngel Redondo Ruizaguirre"},"content":{"rendered":"<div id=\"attachment_38376\" style=\"width: 260px\" class=\"wp-caption alignright\"><a href=\"https:\/\/mont-roig.cat\/wp-content\/uploads\/\u00c1ngel-Redondo.jpg\"><img loading=\"lazy\" decoding=\"async\" aria-describedby=\"caption-attachment-38376\" class=\"wp-image-38376\" src=\"https:\/\/mont-roig.cat\/wp-content\/uploads\/\u00c1ngel-Redondo.jpg\" alt=\"\" width=\"250\" height=\"250\" srcset=\"https:\/\/mont-roig.cat\/wp-content\/uploads\/\u00c1ngel-Redondo.jpg 2201w, https:\/\/mont-roig.cat\/wp-content\/uploads\/\u00c1ngel-Redondo-50x50.jpg 50w, https:\/\/mont-roig.cat\/wp-content\/uploads\/\u00c1ngel-Redondo-500x500.jpg 500w, https:\/\/mont-roig.cat\/wp-content\/uploads\/\u00c1ngel-Redondo-768x768.jpg 768w, https:\/\/mont-roig.cat\/wp-content\/uploads\/\u00c1ngel-Redondo-1024x1024.jpg 1024w, https:\/\/mont-roig.cat\/wp-content\/uploads\/\u00c1ngel-Redondo-560x560.jpg 560w, https:\/\/mont-roig.cat\/wp-content\/uploads\/\u00c1ngel-Redondo-367x367.jpg 367w, https:\/\/mont-roig.cat\/wp-content\/uploads\/\u00c1ngel-Redondo-450x450.jpg 450w, https:\/\/mont-roig.cat\/wp-content\/uploads\/\u00c1ngel-Redondo-85x85.jpg 85w, https:\/\/mont-roig.cat\/wp-content\/uploads\/\u00c1ngel-Redondo-45x45.jpg 45w\" sizes=\"auto, (max-width: 250px) 100vw, 250px\" \/><\/a><p id=\"caption-attachment-38376\" class=\"wp-caption-text\">\u00c1ngel Redondo Ruizaguirre<\/p><\/div>\n<p style=\"text-align: justify;\">\u00c1ngel Redondo Ruizaguirre naci\u00f3 en Barcelona, y lleg\u00f3 a Miami Playa en 1977. Desde 1980 trabaja en la central nuclear Vandell\u00f3s II, actualmente como jefe de equipo de mantenimiento el\u00e9ctrico. Es experto en prevenci\u00f3n de riesgos laborales. Muy activo en el mundo sindical, desde 1999 es miembro del comit\u00e9 de empresa como delegado de CCOO. En 2007 entr\u00f3 a formar parte de la agrupaci\u00f3n local PSC Mont-roig Miami. Es miembro de la junta directiva del Club de F\u00fatbol Miami Platja y est\u00e1 muy implicado con el mundo deportivo local. En las anteriores elecciones municipales ya apoy\u00f3 la lista del PSC y en el pasado mandato form\u00f3 parte del equipo de gobierno como concejal de deportes, fiestas, entidades y juventud, y tambi\u00e9n como concejal de recogida y tratamiento de residuos y limpieza viaria. Actualmente, es quinto teniente de alcalde y concejal de las \u00e1reas de Deportes, Entorno Natural y Salud P\u00fablica.<\/p>\n<p>&nbsp;<\/p>\n<p>Pod\u00e9is consultar el documento de declaraci\u00f3n de Actividades y Bienes de \u00c1ngel Redondo Ruizaguirre en este enlace:<\/p>\n<p><a href=\"https:\/\/mont-roig.cat\/wp-content\/uploads\/Declaraci\u00f3-dActivitats-i-B\u00e9ns-Angel-Redondo-Ruizaguirre.pdf\">Declaraci\u00f3n de Actividades y Bienes &#8211; Angel Redondo Ruizaguirre<\/a><\/p>\n","protected":false},"excerpt":{"rendered":"<p>\u00c1ngel Redondo Ruizaguirre naci\u00f3 en Barcelona, y lleg\u00f3 a Miami Playa en 1977. Desde 1980 trabaja en la central nuclear Vandell\u00f3s II, actualmente como jefe de equipo de mantenimiento el\u00e9ctrico. Es experto en prevenci\u00f3n de riesgos laborales. Muy activo en el mundo sindical, desde 1999 es miembro del comit\u00e9 de empresa como delegado de CCOO. [&hellip;]<\/p>\n","protected":false},"author":4,"featured_media":0,"parent":0,"menu_order":0,"comment_status":"closed","ping_status":"closed","template":"","meta":{"inline_featured_image":false,"_monsterinsights_skip_tracking":false,"_monsterinsights_sitenote_active":false,"_monsterinsights_sitenote_note":"","_monsterinsights_sitenote_category":0,"footnotes":""},"class_list":["post-9434","page","type-page","status-publish","hentry"],"yoast_head":"<!-- This site is optimized with the Yoast SEO plugin v27.4 - https:\/\/yoast.com\/product\/yoast-seo-wordpress\/ -->\n<title>\u00c1ngel Redondo Ruizaguirre - Ajuntament de Mont-roig del Camp<\/title>\n<meta name=\"robots\" content=\"index, follow, max-snippet:-1, max-image-preview:large, max-video-preview:-1\" \/>\n<link rel=\"canonical\" href=\"https:\/\/mont-roig.cat\/es\/angel-redondo-ruizaguirre\/\" \/>\n<meta property=\"og:locale\" content=\"es_ES\" \/>\n<meta property=\"og:type\" content=\"article\" \/>\n<meta property=\"og:title\" content=\"\u00c1ngel Redondo Ruizaguirre - Ajuntament de Mont-roig del Camp\" \/>\n<meta property=\"og:description\" content=\"\u00c1ngel Redondo Ruizaguirre naci\u00f3 en Barcelona, y lleg\u00f3 a Miami Playa en 1977. Desde 1980 trabaja en la central nuclear Vandell\u00f3s II, actualmente como jefe de equipo de mantenimiento el\u00e9ctrico. Es experto en prevenci\u00f3n de riesgos laborales. Muy activo en el mundo sindical, desde 1999 es miembro del comit\u00e9 de empresa como delegado de CCOO. [&hellip;]\" \/>\n<meta property=\"og:url\" content=\"https:\/\/mont-roig.cat\/es\/angel-redondo-ruizaguirre\/\" \/>\n<meta property=\"og:site_name\" content=\"Ajuntament de Mont-roig del Camp\" \/>\n<meta property=\"article:modified_time\" content=\"2021-10-18T12:06:47+00:00\" \/>\n<meta property=\"og:image\" content=\"https:\/\/mont-roig.cat\/wp-content\/uploads\/\u00c1ngel-Redondo.jpg\" \/>\n<meta name=\"twitter:card\" content=\"summary_large_image\" \/>\n<meta name=\"twitter:label1\" content=\"Tiempo de lectura\" \/>\n\t<meta name=\"twitter:data1\" content=\"1 minuto\" \/>\n<script type=\"application\/ld+json\" class=\"yoast-schema-graph\">{\"@context\":\"https:\\\/\\\/schema.org\",\"@graph\":[{\"@type\":\"WebPage\",\"@id\":\"https:\\\/\\\/mont-roig.cat\\\/es\\\/angel-redondo-ruizaguirre\\\/\",\"url\":\"https:\\\/\\\/mont-roig.cat\\\/es\\\/angel-redondo-ruizaguirre\\\/\",\"name\":\"\u00c1ngel Redondo Ruizaguirre - Ajuntament de Mont-roig del Camp\",\"isPartOf\":{\"@id\":\"https:\\\/\\\/mont-roig.cat\\\/es\\\/#website\"},\"datePublished\":\"2016-02-18T09:35:09+00:00\",\"dateModified\":\"2021-10-18T12:06:47+00:00\",\"breadcrumb\":{\"@id\":\"https:\\\/\\\/mont-roig.cat\\\/es\\\/angel-redondo-ruizaguirre\\\/#breadcrumb\"},\"inLanguage\":\"es\",\"potentialAction\":[{\"@type\":\"ReadAction\",\"target\":[\"https:\\\/\\\/mont-roig.cat\\\/es\\\/angel-redondo-ruizaguirre\\\/\"]}]},{\"@type\":\"BreadcrumbList\",\"@id\":\"https:\\\/\\\/mont-roig.cat\\\/es\\\/angel-redondo-ruizaguirre\\\/#breadcrumb\",\"itemListElement\":[{\"@type\":\"ListItem\",\"position\":1,\"name\":\"Inici\",\"item\":\"https:\\\/\\\/mont-roig.cat\\\/es\\\/pagina-de-inicio\\\/\"},{\"@type\":\"ListItem\",\"position\":2,\"name\":\"\u00c1ngel Redondo Ruizaguirre\"}]},{\"@type\":\"WebSite\",\"@id\":\"https:\\\/\\\/mont-roig.cat\\\/es\\\/#website\",\"url\":\"https:\\\/\\\/mont-roig.cat\\\/es\\\/\",\"name\":\"Ajuntament de Mont-roig del Camp\",\"description\":\"Tota la informaci\u00f3 sobre la instituci\u00f3, els seus \u00f2rgans de govern, actualitat, serveis i molt m\u00e9s.\",\"potentialAction\":[{\"@type\":\"SearchAction\",\"target\":{\"@type\":\"EntryPoint\",\"urlTemplate\":\"https:\\\/\\\/mont-roig.cat\\\/es\\\/?s={search_term_string}\"},\"query-input\":{\"@type\":\"PropertyValueSpecification\",\"valueRequired\":true,\"valueName\":\"search_term_string\"}}],\"inLanguage\":\"es\"}]}<\/script>\n<!-- \/ Yoast SEO plugin. -->","yoast_head_json":{"title":"\u00c1ngel Redondo Ruizaguirre - Ajuntament de Mont-roig del Camp","robots":{"index":"index","follow":"follow","max-snippet":"max-snippet:-1","max-image-preview":"max-image-preview:large","max-video-preview":"max-video-preview:-1"},"canonical":"https:\/\/mont-roig.cat\/es\/angel-redondo-ruizaguirre\/","og_locale":"es_ES","og_type":"article","og_title":"\u00c1ngel Redondo Ruizaguirre - Ajuntament de Mont-roig del Camp","og_description":"\u00c1ngel Redondo Ruizaguirre naci\u00f3 en Barcelona, y lleg\u00f3 a Miami Playa en 1977. Desde 1980 trabaja en la central nuclear Vandell\u00f3s II, actualmente como jefe de equipo de mantenimiento el\u00e9ctrico. Es experto en prevenci\u00f3n de riesgos laborales. Muy activo en el mundo sindical, desde 1999 es miembro del comit\u00e9 de empresa como delegado de CCOO. [&hellip;]","og_url":"https:\/\/mont-roig.cat\/es\/angel-redondo-ruizaguirre\/","og_site_name":"Ajuntament de Mont-roig del Camp","article_modified_time":"2021-10-18T12:06:47+00:00","og_image":[{"url":"https:\/\/mont-roig.cat\/wp-content\/uploads\/\u00c1ngel-Redondo.jpg","type":"","width":"","height":""}],"twitter_card":"summary_large_image","twitter_misc":{"Tiempo de lectura":"1 minuto"},"schema":{"@context":"https:\/\/schema.org","@graph":[{"@type":"WebPage","@id":"https:\/\/mont-roig.cat\/es\/angel-redondo-ruizaguirre\/","url":"https:\/\/mont-roig.cat\/es\/angel-redondo-ruizaguirre\/","name":"\u00c1ngel Redondo Ruizaguirre - Ajuntament de Mont-roig del Camp","isPartOf":{"@id":"https:\/\/mont-roig.cat\/es\/#website"},"datePublished":"2016-02-18T09:35:09+00:00","dateModified":"2021-10-18T12:06:47+00:00","breadcrumb":{"@id":"https:\/\/mont-roig.cat\/es\/angel-redondo-ruizaguirre\/#breadcrumb"},"inLanguage":"es","potentialAction":[{"@type":"ReadAction","target":["https:\/\/mont-roig.cat\/es\/angel-redondo-ruizaguirre\/"]}]},{"@type":"BreadcrumbList","@id":"https:\/\/mont-roig.cat\/es\/angel-redondo-ruizaguirre\/#breadcrumb","itemListElement":[{"@type":"ListItem","position":1,"name":"Inici","item":"https:\/\/mont-roig.cat\/es\/pagina-de-inicio\/"},{"@type":"ListItem","position":2,"name":"\u00c1ngel Redondo Ruizaguirre"}]},{"@type":"WebSite","@id":"https:\/\/mont-roig.cat\/es\/#website","url":"https:\/\/mont-roig.cat\/es\/","name":"Ajuntament de Mont-roig del Camp","description":"Tota la informaci\u00f3 sobre la instituci\u00f3, els seus \u00f2rgans de govern, actualitat, serveis i molt m\u00e9s.","potentialAction":[{"@type":"SearchAction","target":{"@type":"EntryPoint","urlTemplate":"https:\/\/mont-roig.cat\/es\/?s={search_term_string}"},"query-input":{"@type":"PropertyValueSpecification","valueRequired":true,"valueName":"search_term_string"}}],"inLanguage":"es"}]}},"_links":{"self":[{"href":"https:\/\/mont-roig.cat\/es\/wp-json\/wp\/v2\/pages\/9434","targetHints":{"allow":["GET"]}}],"collection":[{"href":"https:\/\/mont-roig.cat\/es\/wp-json\/wp\/v2\/pages"}],"about":[{"href":"https:\/\/mont-roig.cat\/es\/wp-json\/wp\/v2\/types\/page"}],"author":[{"embeddable":true,"href":"https:\/\/mont-roig.cat\/es\/wp-json\/wp\/v2\/users\/4"}],"replies":[{"embeddable":true,"href":"https:\/\/mont-roig.cat\/es\/wp-json\/wp\/v2\/comments?post=9434"}],"version-history":[{"count":6,"href":"https:\/\/mont-roig.cat\/es\/wp-json\/wp\/v2\/pages\/9434\/revisions"}],"predecessor-version":[{"id":58367,"href":"https:\/\/mont-roig.cat\/es\/wp-json\/wp\/v2\/pages\/9434\/revisions\/58367"}],"wp:attachment":[{"href":"https:\/\/mont-roig.cat\/es\/wp-json\/wp\/v2\/media?parent=9434"}],"curies":[{"name":"wp","href":"https:\/\/api.w.org\/{rel}","templated":true}]}}