{"id":9443,"date":"2016-02-18T10:29:44","date_gmt":"2016-02-18T09:29:44","guid":{"rendered":"http:\/\/mont-roig.cat\/es\/enrique-lopez-gonzalez\/"},"modified":"2019-11-27T14:00:59","modified_gmt":"2019-11-27T13:00:59","slug":"enrique-lopez-gonzalez","status":"publish","type":"page","link":"https:\/\/mont-roig.cat\/es\/enrique-lopez-gonzalez\/","title":{"rendered":"Enrique L\u00f3pez Gonz\u00e1lez"},"content":{"rendered":"<div id=\"attachment_38382\" style=\"width: 260px\" class=\"wp-caption alignright\"><a href=\"https:\/\/mont-roig.cat\/wp-content\/uploads\/Enrique-L\u00f3pez.jpg\"><img loading=\"lazy\" decoding=\"async\" aria-describedby=\"caption-attachment-38382\" class=\"wp-image-38382\" src=\"https:\/\/mont-roig.cat\/wp-content\/uploads\/Enrique-L\u00f3pez.jpg\" alt=\"\" width=\"250\" height=\"250\" srcset=\"https:\/\/mont-roig.cat\/wp-content\/uploads\/Enrique-L\u00f3pez.jpg 2247w, https:\/\/mont-roig.cat\/wp-content\/uploads\/Enrique-L\u00f3pez-50x50.jpg 50w, https:\/\/mont-roig.cat\/wp-content\/uploads\/Enrique-L\u00f3pez-500x500.jpg 500w, https:\/\/mont-roig.cat\/wp-content\/uploads\/Enrique-L\u00f3pez-768x768.jpg 768w, https:\/\/mont-roig.cat\/wp-content\/uploads\/Enrique-L\u00f3pez-1024x1024.jpg 1024w, https:\/\/mont-roig.cat\/wp-content\/uploads\/Enrique-L\u00f3pez-560x560.jpg 560w, https:\/\/mont-roig.cat\/wp-content\/uploads\/Enrique-L\u00f3pez-367x367.jpg 367w, https:\/\/mont-roig.cat\/wp-content\/uploads\/Enrique-L\u00f3pez-450x450.jpg 450w, https:\/\/mont-roig.cat\/wp-content\/uploads\/Enrique-L\u00f3pez-85x85.jpg 85w, https:\/\/mont-roig.cat\/wp-content\/uploads\/Enrique-L\u00f3pez-45x45.jpg 45w\" sizes=\"auto, (max-width: 250px) 100vw, 250px\" \/><\/a><p id=\"caption-attachment-38382\" class=\"wp-caption-text\">Enrique L\u00f3pez Gonz\u00e1lez<\/p><\/div>\n<p style=\"text-align: justify;\">Enrique L\u00f3pez Gonz\u00e1lez naci\u00f3 en Mollet del Vall\u00e8s, y lleg\u00f3 a Miami Platja en 2006. Desde el a\u00f1o 2008 trabaja en Rexam como supervisor y anteriormente como t\u00e9cnico en reparaci\u00f3n y mantenimiento industrial. Tiene formaci\u00f3n de t\u00e9cnico polivalente, prevenci\u00f3n de riesgos laborales, liderazgo, resoluci\u00f3n de conflictos, psicolog\u00eda aplicada al mundo laboral, y programaci\u00f3n neuroling\u00fc\u00edstica. Se incorpor\u00f3 al PSC en 2013, dada su gran implicaci\u00f3n en los asuntos sociales del municipio, como por ejemplo la creaci\u00f3n de asociaciones, la participaci\u00f3n como vicepresidente de la asociaci\u00f3n Lluna Roja, o el impulso y organizaci\u00f3n de una marat\u00f3n para recaudar fondos para fines sociales. Siempre dedicado a la mejora social y de los servicios educativos, tiene especial inter\u00e9s por los problemas de manutenci\u00f3n infantil. En el anterior mandato form\u00f3 parte del equipo de gobierno como concejal de acci\u00f3n social, vivienda social, solidaridad, cooperaci\u00f3n, educaci\u00f3n, formaci\u00f3n y guarder\u00edas, infancia y familia. Actualmente, es el tercer teniente de alcalde y concejal de las \u00e1reas de Mantenimiento de espacios y equipamientos de Hacienda.<\/p>\n<p>&nbsp;<\/p>\n<p>Pod\u00e9is consultar el documento de declaraci\u00f3n de Actividades y Bienes de Enrique L\u00f3pez Gonz\u00e1lez en este enlace:<\/p>\n<p><a href=\"https:\/\/mont-roig.cat\/wp-content\/uploads\/Declaraci\u00f3-dActivitats-i-B\u00e9ns-Enrique-Lopez-Gonzalez.pdf\">Declaraci\u00f3n de Activitades y Bienes &#8211; Enrique Lopez Gonzalez<\/a><\/p>\n","protected":false},"excerpt":{"rendered":"<p>Enrique L\u00f3pez Gonz\u00e1lez naci\u00f3 en Mollet del Vall\u00e8s, y lleg\u00f3 a Miami Platja en 2006. Desde el a\u00f1o 2008 trabaja en Rexam como supervisor y anteriormente como t\u00e9cnico en reparaci\u00f3n y mantenimiento industrial. Tiene formaci\u00f3n de t\u00e9cnico polivalente, prevenci\u00f3n de riesgos laborales, liderazgo, resoluci\u00f3n de conflictos, psicolog\u00eda aplicada al mundo laboral, y programaci\u00f3n neuroling\u00fc\u00edstica. Se [&hellip;]<\/p>\n","protected":false},"author":4,"featured_media":0,"parent":0,"menu_order":0,"comment_status":"closed","ping_status":"closed","template":"","meta":{"inline_featured_image":false,"_monsterinsights_skip_tracking":false,"_monsterinsights_sitenote_active":false,"_monsterinsights_sitenote_note":"","_monsterinsights_sitenote_category":0,"footnotes":""},"class_list":["post-9443","page","type-page","status-publish","hentry"],"yoast_head":"<!-- This site is optimized with the Yoast SEO plugin v27.4 - https:\/\/yoast.com\/product\/yoast-seo-wordpress\/ -->\n<title>Enrique L\u00f3pez Gonz\u00e1lez - Ajuntament de Mont-roig del Camp<\/title>\n<meta name=\"robots\" content=\"index, follow, max-snippet:-1, max-image-preview:large, max-video-preview:-1\" \/>\n<link rel=\"canonical\" href=\"https:\/\/mont-roig.cat\/es\/enrique-lopez-gonzalez\/\" \/>\n<meta property=\"og:locale\" content=\"es_ES\" \/>\n<meta property=\"og:type\" content=\"article\" \/>\n<meta property=\"og:title\" content=\"Enrique L\u00f3pez Gonz\u00e1lez - Ajuntament de Mont-roig del Camp\" \/>\n<meta property=\"og:description\" content=\"Enrique L\u00f3pez Gonz\u00e1lez naci\u00f3 en Mollet del Vall\u00e8s, y lleg\u00f3 a Miami Platja en 2006. Desde el a\u00f1o 2008 trabaja en Rexam como supervisor y anteriormente como t\u00e9cnico en reparaci\u00f3n y mantenimiento industrial. Tiene formaci\u00f3n de t\u00e9cnico polivalente, prevenci\u00f3n de riesgos laborales, liderazgo, resoluci\u00f3n de conflictos, psicolog\u00eda aplicada al mundo laboral, y programaci\u00f3n neuroling\u00fc\u00edstica. Se [&hellip;]\" \/>\n<meta property=\"og:url\" content=\"https:\/\/mont-roig.cat\/es\/enrique-lopez-gonzalez\/\" \/>\n<meta property=\"og:site_name\" content=\"Ajuntament de Mont-roig del Camp\" \/>\n<meta property=\"article:modified_time\" content=\"2019-11-27T13:00:59+00:00\" \/>\n<meta property=\"og:image\" content=\"https:\/\/mont-roig.cat\/wp-content\/uploads\/Enrique-L\u00f3pez.jpg\" \/>\n<meta name=\"twitter:card\" content=\"summary_large_image\" \/>\n<meta name=\"twitter:label1\" content=\"Tiempo de lectura\" \/>\n\t<meta name=\"twitter:data1\" content=\"1 minuto\" \/>\n<script type=\"application\/ld+json\" class=\"yoast-schema-graph\">{\"@context\":\"https:\\\/\\\/schema.org\",\"@graph\":[{\"@type\":\"WebPage\",\"@id\":\"https:\\\/\\\/mont-roig.cat\\\/es\\\/enrique-lopez-gonzalez\\\/\",\"url\":\"https:\\\/\\\/mont-roig.cat\\\/es\\\/enrique-lopez-gonzalez\\\/\",\"name\":\"Enrique L\u00f3pez Gonz\u00e1lez - Ajuntament de Mont-roig del Camp\",\"isPartOf\":{\"@id\":\"https:\\\/\\\/mont-roig.cat\\\/es\\\/#website\"},\"datePublished\":\"2016-02-18T09:29:44+00:00\",\"dateModified\":\"2019-11-27T13:00:59+00:00\",\"breadcrumb\":{\"@id\":\"https:\\\/\\\/mont-roig.cat\\\/es\\\/enrique-lopez-gonzalez\\\/#breadcrumb\"},\"inLanguage\":\"es\",\"potentialAction\":[{\"@type\":\"ReadAction\",\"target\":[\"https:\\\/\\\/mont-roig.cat\\\/es\\\/enrique-lopez-gonzalez\\\/\"]}]},{\"@type\":\"BreadcrumbList\",\"@id\":\"https:\\\/\\\/mont-roig.cat\\\/es\\\/enrique-lopez-gonzalez\\\/#breadcrumb\",\"itemListElement\":[{\"@type\":\"ListItem\",\"position\":1,\"name\":\"Inici\",\"item\":\"https:\\\/\\\/mont-roig.cat\\\/es\\\/pagina-de-inicio\\\/\"},{\"@type\":\"ListItem\",\"position\":2,\"name\":\"Enrique L\u00f3pez Gonz\u00e1lez\"}]},{\"@type\":\"WebSite\",\"@id\":\"https:\\\/\\\/mont-roig.cat\\\/es\\\/#website\",\"url\":\"https:\\\/\\\/mont-roig.cat\\\/es\\\/\",\"name\":\"Ajuntament de Mont-roig del Camp\",\"description\":\"Tota la informaci\u00f3 sobre la instituci\u00f3, els seus \u00f2rgans de govern, actualitat, serveis i molt m\u00e9s.\",\"potentialAction\":[{\"@type\":\"SearchAction\",\"target\":{\"@type\":\"EntryPoint\",\"urlTemplate\":\"https:\\\/\\\/mont-roig.cat\\\/es\\\/?s={search_term_string}\"},\"query-input\":{\"@type\":\"PropertyValueSpecification\",\"valueRequired\":true,\"valueName\":\"search_term_string\"}}],\"inLanguage\":\"es\"}]}<\/script>\n<!-- \/ Yoast SEO plugin. -->","yoast_head_json":{"title":"Enrique L\u00f3pez Gonz\u00e1lez - Ajuntament de Mont-roig del Camp","robots":{"index":"index","follow":"follow","max-snippet":"max-snippet:-1","max-image-preview":"max-image-preview:large","max-video-preview":"max-video-preview:-1"},"canonical":"https:\/\/mont-roig.cat\/es\/enrique-lopez-gonzalez\/","og_locale":"es_ES","og_type":"article","og_title":"Enrique L\u00f3pez Gonz\u00e1lez - Ajuntament de Mont-roig del Camp","og_description":"Enrique L\u00f3pez Gonz\u00e1lez naci\u00f3 en Mollet del Vall\u00e8s, y lleg\u00f3 a Miami Platja en 2006. Desde el a\u00f1o 2008 trabaja en Rexam como supervisor y anteriormente como t\u00e9cnico en reparaci\u00f3n y mantenimiento industrial. Tiene formaci\u00f3n de t\u00e9cnico polivalente, prevenci\u00f3n de riesgos laborales, liderazgo, resoluci\u00f3n de conflictos, psicolog\u00eda aplicada al mundo laboral, y programaci\u00f3n neuroling\u00fc\u00edstica. Se [&hellip;]","og_url":"https:\/\/mont-roig.cat\/es\/enrique-lopez-gonzalez\/","og_site_name":"Ajuntament de Mont-roig del Camp","article_modified_time":"2019-11-27T13:00:59+00:00","og_image":[{"url":"https:\/\/mont-roig.cat\/wp-content\/uploads\/Enrique-L\u00f3pez.jpg","type":"","width":"","height":""}],"twitter_card":"summary_large_image","twitter_misc":{"Tiempo de lectura":"1 minuto"},"schema":{"@context":"https:\/\/schema.org","@graph":[{"@type":"WebPage","@id":"https:\/\/mont-roig.cat\/es\/enrique-lopez-gonzalez\/","url":"https:\/\/mont-roig.cat\/es\/enrique-lopez-gonzalez\/","name":"Enrique L\u00f3pez Gonz\u00e1lez - Ajuntament de Mont-roig del Camp","isPartOf":{"@id":"https:\/\/mont-roig.cat\/es\/#website"},"datePublished":"2016-02-18T09:29:44+00:00","dateModified":"2019-11-27T13:00:59+00:00","breadcrumb":{"@id":"https:\/\/mont-roig.cat\/es\/enrique-lopez-gonzalez\/#breadcrumb"},"inLanguage":"es","potentialAction":[{"@type":"ReadAction","target":["https:\/\/mont-roig.cat\/es\/enrique-lopez-gonzalez\/"]}]},{"@type":"BreadcrumbList","@id":"https:\/\/mont-roig.cat\/es\/enrique-lopez-gonzalez\/#breadcrumb","itemListElement":[{"@type":"ListItem","position":1,"name":"Inici","item":"https:\/\/mont-roig.cat\/es\/pagina-de-inicio\/"},{"@type":"ListItem","position":2,"name":"Enrique L\u00f3pez Gonz\u00e1lez"}]},{"@type":"WebSite","@id":"https:\/\/mont-roig.cat\/es\/#website","url":"https:\/\/mont-roig.cat\/es\/","name":"Ajuntament de Mont-roig del Camp","description":"Tota la informaci\u00f3 sobre la instituci\u00f3, els seus \u00f2rgans de govern, actualitat, serveis i molt m\u00e9s.","potentialAction":[{"@type":"SearchAction","target":{"@type":"EntryPoint","urlTemplate":"https:\/\/mont-roig.cat\/es\/?s={search_term_string}"},"query-input":{"@type":"PropertyValueSpecification","valueRequired":true,"valueName":"search_term_string"}}],"inLanguage":"es"}]}},"_links":{"self":[{"href":"https:\/\/mont-roig.cat\/es\/wp-json\/wp\/v2\/pages\/9443","targetHints":{"allow":["GET"]}}],"collection":[{"href":"https:\/\/mont-roig.cat\/es\/wp-json\/wp\/v2\/pages"}],"about":[{"href":"https:\/\/mont-roig.cat\/es\/wp-json\/wp\/v2\/types\/page"}],"author":[{"embeddable":true,"href":"https:\/\/mont-roig.cat\/es\/wp-json\/wp\/v2\/users\/4"}],"replies":[{"embeddable":true,"href":"https:\/\/mont-roig.cat\/es\/wp-json\/wp\/v2\/comments?post=9443"}],"version-history":[{"count":5,"href":"https:\/\/mont-roig.cat\/es\/wp-json\/wp\/v2\/pages\/9443\/revisions"}],"predecessor-version":[{"id":40979,"href":"https:\/\/mont-roig.cat\/es\/wp-json\/wp\/v2\/pages\/9443\/revisions\/40979"}],"wp:attachment":[{"href":"https:\/\/mont-roig.cat\/es\/wp-json\/wp\/v2\/media?parent=9443"}],"curies":[{"name":"wp","href":"https:\/\/api.w.org\/{rel}","templated":true}]}}