{"id":9448,"date":"2016-02-18T10:27:12","date_gmt":"2016-02-18T09:27:12","guid":{"rendered":"http:\/\/mont-roig.cat\/es\/ferran-pellicer-roca\/"},"modified":"2019-11-28T08:16:16","modified_gmt":"2019-11-28T07:16:16","slug":"ferran-pellicer-roca","status":"publish","type":"page","link":"https:\/\/mont-roig.cat\/es\/ferran-pellicer-roca\/","title":{"rendered":"Ferran Pellicer Roca"},"content":{"rendered":"<div id=\"attachment_38384\" style=\"width: 260px\" class=\"wp-caption alignright\"><a href=\"https:\/\/mont-roig.cat\/wp-content\/uploads\/Ferran-Pellicer-.jpg\"><img loading=\"lazy\" decoding=\"async\" aria-describedby=\"caption-attachment-38384\" class=\"wp-image-38384\" src=\"https:\/\/mont-roig.cat\/wp-content\/uploads\/Ferran-Pellicer-.jpg\" alt=\"\" width=\"250\" height=\"250\" srcset=\"https:\/\/mont-roig.cat\/wp-content\/uploads\/Ferran-Pellicer-.jpg 2410w, https:\/\/mont-roig.cat\/wp-content\/uploads\/Ferran-Pellicer--50x50.jpg 50w, https:\/\/mont-roig.cat\/wp-content\/uploads\/Ferran-Pellicer--500x500.jpg 500w, https:\/\/mont-roig.cat\/wp-content\/uploads\/Ferran-Pellicer--768x768.jpg 768w, https:\/\/mont-roig.cat\/wp-content\/uploads\/Ferran-Pellicer--1024x1024.jpg 1024w, https:\/\/mont-roig.cat\/wp-content\/uploads\/Ferran-Pellicer--560x560.jpg 560w, https:\/\/mont-roig.cat\/wp-content\/uploads\/Ferran-Pellicer--367x367.jpg 367w, https:\/\/mont-roig.cat\/wp-content\/uploads\/Ferran-Pellicer--450x450.jpg 450w, https:\/\/mont-roig.cat\/wp-content\/uploads\/Ferran-Pellicer--85x85.jpg 85w, https:\/\/mont-roig.cat\/wp-content\/uploads\/Ferran-Pellicer--45x45.jpg 45w\" sizes=\"auto, (max-width: 250px) 100vw, 250px\" \/><\/a><p id=\"caption-attachment-38384\" class=\"wp-caption-text\">Ferran Pellicer Roca<\/p><\/div>\n<p style=\"text-align: justify;\">Ferran Pellicer Roca naci\u00f3 el 19 de diciembre de 1958, y ha vivido siempre en el pueblo. Inici\u00f3 los estudios de ingenier\u00eda electr\u00f3nica, sin embargo se dedic\u00f3 a la agricultura como empresario. En su participaci\u00f3n en los asuntos del municipio ha formado parte de varias asociaciones y ha sido presidente de las AMPA de los CEIP. Cuando se crearon los institutos de Mont-roig y Miami gestion\u00f3 la implementaci\u00f3n de los derechos de transporte y comedor. Como pol\u00edtico, fue concejal por primera vez en 1995. Posteriormente, en 2003, apoy\u00f3 al partido de CIU, y fue concejal de Educaci\u00f3n, Servicios Sociales y Fiestas. En el siguiente mandato, en 2007, continu\u00f3 como regidor de Obra P\u00fablica y Servicios, dentro del partido de d\u2019Esquerra Republicana. Durante la legislatura del 2011 al 2015 fue Alcalde del municipio. En la pasada legislatura ocup\u00f3 el cargo de 1er Teniente de Alcalde, formando parte del equipo de gobierno como concejal de Mantenimiento de infraestructuras, espacios p\u00fablicos, edificios p\u00fablicos, v\u00eda p\u00fablica, parques y jardines, y siendo miembro de la Consejer\u00eda delegada de empresas p\u00fablicas. Actualmente, es concejal de la oposici\u00f3n por el partido Ara Mont-roig Miami &#8211; Verds per M\u00e9s.<\/p>\n<p>&nbsp;<\/p>\n<p>Pod\u00e9is consultar el documento de declaraci\u00f3n de Actividades y Bienes de Ferran Pellicer Roca en este enlace:<\/p>\n<p><a href=\"https:\/\/mont-roig.cat\/wp-content\/uploads\/Declaraci\u00f3-dActivitats-i-B\u00e9ns-Ferran-Pellicer-Roca.pdf\">Declaraci\u00f3n de Actividades y Bienes &#8211; Ferran Pellicer Roca<\/a><\/p>\n","protected":false},"excerpt":{"rendered":"<p>Ferran Pellicer Roca naci\u00f3 el 19 de diciembre de 1958, y ha vivido siempre en el pueblo. Inici\u00f3 los estudios de ingenier\u00eda electr\u00f3nica, sin embargo se dedic\u00f3 a la agricultura como empresario. En su participaci\u00f3n en los asuntos del municipio ha formado parte de varias asociaciones y ha sido presidente de las AMPA de los [&hellip;]<\/p>\n","protected":false},"author":4,"featured_media":0,"parent":0,"menu_order":0,"comment_status":"closed","ping_status":"closed","template":"","meta":{"inline_featured_image":false,"_monsterinsights_skip_tracking":false,"_monsterinsights_sitenote_active":false,"_monsterinsights_sitenote_note":"","_monsterinsights_sitenote_category":0,"footnotes":""},"class_list":["post-9448","page","type-page","status-publish","hentry"],"yoast_head":"<!-- This site is optimized with the Yoast SEO plugin v27.4 - https:\/\/yoast.com\/product\/yoast-seo-wordpress\/ -->\n<title>Ferran Pellicer Roca - Ajuntament de Mont-roig del Camp<\/title>\n<meta name=\"robots\" content=\"index, follow, max-snippet:-1, max-image-preview:large, max-video-preview:-1\" \/>\n<link rel=\"canonical\" href=\"https:\/\/mont-roig.cat\/es\/ferran-pellicer-roca\/\" \/>\n<meta property=\"og:locale\" content=\"es_ES\" \/>\n<meta property=\"og:type\" content=\"article\" \/>\n<meta property=\"og:title\" content=\"Ferran Pellicer Roca - Ajuntament de Mont-roig del Camp\" \/>\n<meta property=\"og:description\" content=\"Ferran Pellicer Roca naci\u00f3 el 19 de diciembre de 1958, y ha vivido siempre en el pueblo. Inici\u00f3 los estudios de ingenier\u00eda electr\u00f3nica, sin embargo se dedic\u00f3 a la agricultura como empresario. En su participaci\u00f3n en los asuntos del municipio ha formado parte de varias asociaciones y ha sido presidente de las AMPA de los [&hellip;]\" \/>\n<meta property=\"og:url\" content=\"https:\/\/mont-roig.cat\/es\/ferran-pellicer-roca\/\" \/>\n<meta property=\"og:site_name\" content=\"Ajuntament de Mont-roig del Camp\" \/>\n<meta property=\"article:modified_time\" content=\"2019-11-28T07:16:16+00:00\" \/>\n<meta property=\"og:image\" content=\"https:\/\/mont-roig.cat\/wp-content\/uploads\/Ferran-Pellicer-.jpg\" \/>\n<meta name=\"twitter:card\" content=\"summary_large_image\" \/>\n<meta name=\"twitter:label1\" content=\"Tiempo de lectura\" \/>\n\t<meta name=\"twitter:data1\" content=\"1 minuto\" \/>\n<script type=\"application\/ld+json\" class=\"yoast-schema-graph\">{\"@context\":\"https:\\\/\\\/schema.org\",\"@graph\":[{\"@type\":\"WebPage\",\"@id\":\"https:\\\/\\\/mont-roig.cat\\\/es\\\/ferran-pellicer-roca\\\/\",\"url\":\"https:\\\/\\\/mont-roig.cat\\\/es\\\/ferran-pellicer-roca\\\/\",\"name\":\"Ferran Pellicer Roca - Ajuntament de Mont-roig del Camp\",\"isPartOf\":{\"@id\":\"https:\\\/\\\/mont-roig.cat\\\/es\\\/#website\"},\"primaryImageOfPage\":{\"@id\":\"https:\\\/\\\/mont-roig.cat\\\/es\\\/ferran-pellicer-roca\\\/#primaryimage\"},\"image\":{\"@id\":\"https:\\\/\\\/mont-roig.cat\\\/es\\\/ferran-pellicer-roca\\\/#primaryimage\"},\"thumbnailUrl\":\"https:\\\/\\\/mont-roig.cat\\\/wp-content\\\/uploads\\\/Ferran-Pellicer-.jpg\",\"datePublished\":\"2016-02-18T09:27:12+00:00\",\"dateModified\":\"2019-11-28T07:16:16+00:00\",\"breadcrumb\":{\"@id\":\"https:\\\/\\\/mont-roig.cat\\\/es\\\/ferran-pellicer-roca\\\/#breadcrumb\"},\"inLanguage\":\"es\",\"potentialAction\":[{\"@type\":\"ReadAction\",\"target\":[\"https:\\\/\\\/mont-roig.cat\\\/es\\\/ferran-pellicer-roca\\\/\"]}]},{\"@type\":\"ImageObject\",\"inLanguage\":\"es\",\"@id\":\"https:\\\/\\\/mont-roig.cat\\\/es\\\/ferran-pellicer-roca\\\/#primaryimage\",\"url\":\"https:\\\/\\\/mont-roig.cat\\\/wp-content\\\/uploads\\\/Ferran-Pellicer-.jpg\",\"contentUrl\":\"https:\\\/\\\/mont-roig.cat\\\/wp-content\\\/uploads\\\/Ferran-Pellicer-.jpg\"},{\"@type\":\"BreadcrumbList\",\"@id\":\"https:\\\/\\\/mont-roig.cat\\\/es\\\/ferran-pellicer-roca\\\/#breadcrumb\",\"itemListElement\":[{\"@type\":\"ListItem\",\"position\":1,\"name\":\"Inici\",\"item\":\"https:\\\/\\\/mont-roig.cat\\\/es\\\/pagina-de-inicio\\\/\"},{\"@type\":\"ListItem\",\"position\":2,\"name\":\"Ferran Pellicer Roca\"}]},{\"@type\":\"WebSite\",\"@id\":\"https:\\\/\\\/mont-roig.cat\\\/es\\\/#website\",\"url\":\"https:\\\/\\\/mont-roig.cat\\\/es\\\/\",\"name\":\"Ajuntament de Mont-roig del Camp\",\"description\":\"Tota la informaci\u00f3 sobre la instituci\u00f3, els seus \u00f2rgans de govern, actualitat, serveis i molt m\u00e9s.\",\"potentialAction\":[{\"@type\":\"SearchAction\",\"target\":{\"@type\":\"EntryPoint\",\"urlTemplate\":\"https:\\\/\\\/mont-roig.cat\\\/es\\\/?s={search_term_string}\"},\"query-input\":{\"@type\":\"PropertyValueSpecification\",\"valueRequired\":true,\"valueName\":\"search_term_string\"}}],\"inLanguage\":\"es\"}]}<\/script>\n<!-- \/ Yoast SEO plugin. -->","yoast_head_json":{"title":"Ferran Pellicer Roca - Ajuntament de Mont-roig del Camp","robots":{"index":"index","follow":"follow","max-snippet":"max-snippet:-1","max-image-preview":"max-image-preview:large","max-video-preview":"max-video-preview:-1"},"canonical":"https:\/\/mont-roig.cat\/es\/ferran-pellicer-roca\/","og_locale":"es_ES","og_type":"article","og_title":"Ferran Pellicer Roca - Ajuntament de Mont-roig del Camp","og_description":"Ferran Pellicer Roca naci\u00f3 el 19 de diciembre de 1958, y ha vivido siempre en el pueblo. Inici\u00f3 los estudios de ingenier\u00eda electr\u00f3nica, sin embargo se dedic\u00f3 a la agricultura como empresario. En su participaci\u00f3n en los asuntos del municipio ha formado parte de varias asociaciones y ha sido presidente de las AMPA de los [&hellip;]","og_url":"https:\/\/mont-roig.cat\/es\/ferran-pellicer-roca\/","og_site_name":"Ajuntament de Mont-roig del Camp","article_modified_time":"2019-11-28T07:16:16+00:00","og_image":[{"url":"https:\/\/mont-roig.cat\/wp-content\/uploads\/Ferran-Pellicer-.jpg","type":"","width":"","height":""}],"twitter_card":"summary_large_image","twitter_misc":{"Tiempo de lectura":"1 minuto"},"schema":{"@context":"https:\/\/schema.org","@graph":[{"@type":"WebPage","@id":"https:\/\/mont-roig.cat\/es\/ferran-pellicer-roca\/","url":"https:\/\/mont-roig.cat\/es\/ferran-pellicer-roca\/","name":"Ferran Pellicer Roca - Ajuntament de Mont-roig del Camp","isPartOf":{"@id":"https:\/\/mont-roig.cat\/es\/#website"},"primaryImageOfPage":{"@id":"https:\/\/mont-roig.cat\/es\/ferran-pellicer-roca\/#primaryimage"},"image":{"@id":"https:\/\/mont-roig.cat\/es\/ferran-pellicer-roca\/#primaryimage"},"thumbnailUrl":"https:\/\/mont-roig.cat\/wp-content\/uploads\/Ferran-Pellicer-.jpg","datePublished":"2016-02-18T09:27:12+00:00","dateModified":"2019-11-28T07:16:16+00:00","breadcrumb":{"@id":"https:\/\/mont-roig.cat\/es\/ferran-pellicer-roca\/#breadcrumb"},"inLanguage":"es","potentialAction":[{"@type":"ReadAction","target":["https:\/\/mont-roig.cat\/es\/ferran-pellicer-roca\/"]}]},{"@type":"ImageObject","inLanguage":"es","@id":"https:\/\/mont-roig.cat\/es\/ferran-pellicer-roca\/#primaryimage","url":"https:\/\/mont-roig.cat\/wp-content\/uploads\/Ferran-Pellicer-.jpg","contentUrl":"https:\/\/mont-roig.cat\/wp-content\/uploads\/Ferran-Pellicer-.jpg"},{"@type":"BreadcrumbList","@id":"https:\/\/mont-roig.cat\/es\/ferran-pellicer-roca\/#breadcrumb","itemListElement":[{"@type":"ListItem","position":1,"name":"Inici","item":"https:\/\/mont-roig.cat\/es\/pagina-de-inicio\/"},{"@type":"ListItem","position":2,"name":"Ferran Pellicer Roca"}]},{"@type":"WebSite","@id":"https:\/\/mont-roig.cat\/es\/#website","url":"https:\/\/mont-roig.cat\/es\/","name":"Ajuntament de Mont-roig del Camp","description":"Tota la informaci\u00f3 sobre la instituci\u00f3, els seus \u00f2rgans de govern, actualitat, serveis i molt m\u00e9s.","potentialAction":[{"@type":"SearchAction","target":{"@type":"EntryPoint","urlTemplate":"https:\/\/mont-roig.cat\/es\/?s={search_term_string}"},"query-input":{"@type":"PropertyValueSpecification","valueRequired":true,"valueName":"search_term_string"}}],"inLanguage":"es"}]}},"_links":{"self":[{"href":"https:\/\/mont-roig.cat\/es\/wp-json\/wp\/v2\/pages\/9448","targetHints":{"allow":["GET"]}}],"collection":[{"href":"https:\/\/mont-roig.cat\/es\/wp-json\/wp\/v2\/pages"}],"about":[{"href":"https:\/\/mont-roig.cat\/es\/wp-json\/wp\/v2\/types\/page"}],"author":[{"embeddable":true,"href":"https:\/\/mont-roig.cat\/es\/wp-json\/wp\/v2\/users\/4"}],"replies":[{"embeddable":true,"href":"https:\/\/mont-roig.cat\/es\/wp-json\/wp\/v2\/comments?post=9448"}],"version-history":[{"count":7,"href":"https:\/\/mont-roig.cat\/es\/wp-json\/wp\/v2\/pages\/9448\/revisions"}],"predecessor-version":[{"id":41039,"href":"https:\/\/mont-roig.cat\/es\/wp-json\/wp\/v2\/pages\/9448\/revisions\/41039"}],"wp:attachment":[{"href":"https:\/\/mont-roig.cat\/es\/wp-json\/wp\/v2\/media?parent=9448"}],"curies":[{"name":"wp","href":"https:\/\/api.w.org\/{rel}","templated":true}]}}