{"id":9453,"date":"2016-02-18T10:41:28","date_gmt":"2016-02-18T09:41:28","guid":{"rendered":"http:\/\/mont-roig.cat\/es\/francisco-velasco-autor\/"},"modified":"2019-01-15T12:11:53","modified_gmt":"2019-01-15T11:11:53","slug":"francisco-velasco-autor","status":"publish","type":"page","link":"https:\/\/mont-roig.cat\/es\/francisco-velasco-autor\/","title":{"rendered":"Francisco Velasco Autor"},"content":{"rendered":"<p style=\"text-align: justify;\"><a href=\"http:\/\/mont-roig.cat\/wp-content\/uploads\/C\u2019S_Francisco-Velasco-Autor.jpg\"><img loading=\"lazy\" decoding=\"async\" class=\"size-full wp-image-15219 alignright\" src=\"http:\/\/mont-roig.cat\/wp-content\/uploads\/C\u2019S_Francisco-Velasco-Autor.jpg\" alt=\"\" width=\"200\" height=\"299\" \/><\/a><span class=\"tlid-translation translation\" tabindex=\"-1\"><span class=\"\" title=\"\">Francisco<\/span> <span title=\"\">Velasco<\/span> <span title=\"\">naci\u00f3<\/span> <span title=\"\">en Santander<\/span><span title=\"\">,<\/span> <span title=\"\">y<\/span> <span title=\"\">lleg\u00f3 a<\/span> <span title=\"\">Miami<\/span> <span title=\"\">Platja<\/span> <span title=\"\">hace<\/span> <span class=\"\" title=\"\">28 a\u00f1os,<\/span> <span title=\"\">para trabajar<\/span> <span title=\"\">en la central nuclear<\/span> <span title=\"\">de Vandell\u00f3s<\/span><span title=\"\">, como t\u00e9cnico<\/span> <span title=\"\">superior<\/span> <span title=\"\">de sistemas de<\/span> <span title=\"\">regulaci\u00f3n y<\/span> <span title=\"\">control autom\u00e1tico<\/span><span title=\"\">.<\/span> <span class=\"\" title=\"\">Recientemente se ha<\/span> <span title=\"\">especializado<\/span> <span title=\"\">como t\u00e9cnico<\/span> <span title=\"\">superior en<\/span> <span title=\"\">mantenimiento de instalaciones<\/span> <span title=\"\">t\u00e9rmicas<\/span> <span title=\"\">y<\/span> <span title=\"\">fluidos<\/span><span title=\"\">.<\/span> <span title=\"\">Es<\/span> <span title=\"\">t\u00e9cnico<\/span> <span title=\"\">deportivo<\/span> <span title=\"\">de f\u00fatbol<\/span> <span title=\"\">vinculado<\/span> <span title=\"\">con el mundo<\/span> <span title=\"\">deportivo<\/span> <span title=\"\">local<\/span> <span title=\"\">como presidente<\/span> <span title=\"\">del Club<\/span> <span title=\"\">esportiu <\/span><span title=\"\">Miami<\/span><span title=\"\">.<\/span> <span title=\"\">Entr\u00f3<\/span> <span title=\"\">a formar parte<\/span> <span title=\"\">del partido<\/span> <span title=\"\">de Ciudadanos<\/span> <span title=\"\">desde los<\/span> <span title=\"\">or\u00edgenes.<\/span> <span title=\"\">Ahora mismo<\/span> <span title=\"\">es<\/span> <span title=\"\">el coordinador<\/span> <span title=\"\">del partido<\/span> <span class=\"\" title=\"\">de Ciudadanos de<\/span> <span title=\"\">la agrupaci\u00f3n<\/span> <span title=\"\">Mont-roig<\/span> <span title=\"\">Miami<\/span><span title=\"\">.<\/span> <span title=\"\">En<\/span> <span title=\"\">las elecciones<\/span> <span class=\"\" title=\"\">municipales<\/span> <span title=\"\">del a\u00f1o<\/span> <span title=\"\">2011 ya<\/span> <span title=\"\">apoy\u00f3 la<\/span> <span title=\"\">lista<\/span> <span class=\"\" title=\"\">de Ciudadanos<\/span><span class=\"\" title=\"\">, aunque no<\/span> <span title=\"\">obtuvo<\/span> <span title=\"\">representaci\u00f3n.<\/span> <span title=\"\">En esta ocasi\u00f3n<\/span> <span class=\"\" title=\"\">forma parte del<\/span> <span title=\"\">consistorio<\/span> <span title=\"\">como concejal<\/span> <span title=\"\">de la<\/span> <span title=\"\">oposici\u00f3n<\/span> <span class=\"\" title=\"\">del Ayuntamiento<\/span><\/span>.<\/p>\n","protected":false},"excerpt":{"rendered":"<p>Francisco Velasco naci\u00f3 en Santander, y lleg\u00f3 a Miami Platja hace 28 a\u00f1os, para trabajar en la central nuclear de Vandell\u00f3s, como t\u00e9cnico superior de sistemas de regulaci\u00f3n y control autom\u00e1tico. Recientemente se ha especializado como t\u00e9cnico superior en mantenimiento de instalaciones t\u00e9rmicas y fluidos. Es t\u00e9cnico deportivo de f\u00fatbol vinculado con el mundo deportivo [&hellip;]<\/p>\n","protected":false},"author":4,"featured_media":0,"parent":0,"menu_order":0,"comment_status":"closed","ping_status":"closed","template":"","meta":{"inline_featured_image":false,"_monsterinsights_skip_tracking":false,"_monsterinsights_sitenote_active":false,"_monsterinsights_sitenote_note":"","_monsterinsights_sitenote_category":0,"footnotes":""},"class_list":["post-9453","page","type-page","status-publish","hentry"],"yoast_head":"<!-- This site is optimized with the Yoast SEO plugin v27.4 - https:\/\/yoast.com\/product\/yoast-seo-wordpress\/ -->\n<title>Francisco Velasco Autor - Ajuntament de Mont-roig del Camp<\/title>\n<meta name=\"robots\" content=\"index, follow, max-snippet:-1, max-image-preview:large, max-video-preview:-1\" \/>\n<link rel=\"canonical\" href=\"https:\/\/mont-roig.cat\/es\/francisco-velasco-autor\/\" \/>\n<meta property=\"og:locale\" content=\"es_ES\" \/>\n<meta property=\"og:type\" content=\"article\" \/>\n<meta property=\"og:title\" content=\"Francisco Velasco Autor - Ajuntament de Mont-roig del Camp\" \/>\n<meta property=\"og:description\" content=\"Francisco Velasco naci\u00f3 en Santander, y lleg\u00f3 a Miami Platja hace 28 a\u00f1os, para trabajar en la central nuclear de Vandell\u00f3s, como t\u00e9cnico superior de sistemas de regulaci\u00f3n y control autom\u00e1tico. Recientemente se ha especializado como t\u00e9cnico superior en mantenimiento de instalaciones t\u00e9rmicas y fluidos. Es t\u00e9cnico deportivo de f\u00fatbol vinculado con el mundo deportivo [&hellip;]\" \/>\n<meta property=\"og:url\" content=\"https:\/\/mont-roig.cat\/es\/francisco-velasco-autor\/\" \/>\n<meta property=\"og:site_name\" content=\"Ajuntament de Mont-roig del Camp\" \/>\n<meta property=\"article:modified_time\" content=\"2019-01-15T11:11:53+00:00\" \/>\n<meta property=\"og:image\" content=\"http:\/\/mont-roig.cat\/wp-content\/uploads\/C\u2019S_Francisco-Velasco-Autor.jpg\" \/>\n<meta name=\"twitter:card\" content=\"summary_large_image\" \/>\n<meta name=\"twitter:label1\" content=\"Tiempo de lectura\" \/>\n\t<meta name=\"twitter:data1\" content=\"1 minuto\" \/>\n<script type=\"application\/ld+json\" class=\"yoast-schema-graph\">{\"@context\":\"https:\\\/\\\/schema.org\",\"@graph\":[{\"@type\":\"WebPage\",\"@id\":\"https:\\\/\\\/mont-roig.cat\\\/es\\\/francisco-velasco-autor\\\/\",\"url\":\"https:\\\/\\\/mont-roig.cat\\\/es\\\/francisco-velasco-autor\\\/\",\"name\":\"Francisco Velasco Autor - Ajuntament de Mont-roig del Camp\",\"isPartOf\":{\"@id\":\"https:\\\/\\\/mont-roig.cat\\\/es\\\/#website\"},\"datePublished\":\"2016-02-18T09:41:28+00:00\",\"dateModified\":\"2019-01-15T11:11:53+00:00\",\"breadcrumb\":{\"@id\":\"https:\\\/\\\/mont-roig.cat\\\/es\\\/francisco-velasco-autor\\\/#breadcrumb\"},\"inLanguage\":\"es\",\"potentialAction\":[{\"@type\":\"ReadAction\",\"target\":[\"https:\\\/\\\/mont-roig.cat\\\/es\\\/francisco-velasco-autor\\\/\"]}]},{\"@type\":\"BreadcrumbList\",\"@id\":\"https:\\\/\\\/mont-roig.cat\\\/es\\\/francisco-velasco-autor\\\/#breadcrumb\",\"itemListElement\":[{\"@type\":\"ListItem\",\"position\":1,\"name\":\"Inici\",\"item\":\"https:\\\/\\\/mont-roig.cat\\\/es\\\/pagina-de-inicio\\\/\"},{\"@type\":\"ListItem\",\"position\":2,\"name\":\"Francisco Velasco Autor\"}]},{\"@type\":\"WebSite\",\"@id\":\"https:\\\/\\\/mont-roig.cat\\\/es\\\/#website\",\"url\":\"https:\\\/\\\/mont-roig.cat\\\/es\\\/\",\"name\":\"Ajuntament de Mont-roig del Camp\",\"description\":\"Tota la informaci\u00f3 sobre la instituci\u00f3, els seus \u00f2rgans de govern, actualitat, serveis i molt m\u00e9s.\",\"potentialAction\":[{\"@type\":\"SearchAction\",\"target\":{\"@type\":\"EntryPoint\",\"urlTemplate\":\"https:\\\/\\\/mont-roig.cat\\\/es\\\/?s={search_term_string}\"},\"query-input\":{\"@type\":\"PropertyValueSpecification\",\"valueRequired\":true,\"valueName\":\"search_term_string\"}}],\"inLanguage\":\"es\"}]}<\/script>\n<!-- \/ Yoast SEO plugin. -->","yoast_head_json":{"title":"Francisco Velasco Autor - Ajuntament de Mont-roig del Camp","robots":{"index":"index","follow":"follow","max-snippet":"max-snippet:-1","max-image-preview":"max-image-preview:large","max-video-preview":"max-video-preview:-1"},"canonical":"https:\/\/mont-roig.cat\/es\/francisco-velasco-autor\/","og_locale":"es_ES","og_type":"article","og_title":"Francisco Velasco Autor - Ajuntament de Mont-roig del Camp","og_description":"Francisco Velasco naci\u00f3 en Santander, y lleg\u00f3 a Miami Platja hace 28 a\u00f1os, para trabajar en la central nuclear de Vandell\u00f3s, como t\u00e9cnico superior de sistemas de regulaci\u00f3n y control autom\u00e1tico. Recientemente se ha especializado como t\u00e9cnico superior en mantenimiento de instalaciones t\u00e9rmicas y fluidos. Es t\u00e9cnico deportivo de f\u00fatbol vinculado con el mundo deportivo [&hellip;]","og_url":"https:\/\/mont-roig.cat\/es\/francisco-velasco-autor\/","og_site_name":"Ajuntament de Mont-roig del Camp","article_modified_time":"2019-01-15T11:11:53+00:00","og_image":[{"url":"http:\/\/mont-roig.cat\/wp-content\/uploads\/C\u2019S_Francisco-Velasco-Autor.jpg","type":"","width":"","height":""}],"twitter_card":"summary_large_image","twitter_misc":{"Tiempo de lectura":"1 minuto"},"schema":{"@context":"https:\/\/schema.org","@graph":[{"@type":"WebPage","@id":"https:\/\/mont-roig.cat\/es\/francisco-velasco-autor\/","url":"https:\/\/mont-roig.cat\/es\/francisco-velasco-autor\/","name":"Francisco Velasco Autor - Ajuntament de Mont-roig del Camp","isPartOf":{"@id":"https:\/\/mont-roig.cat\/es\/#website"},"datePublished":"2016-02-18T09:41:28+00:00","dateModified":"2019-01-15T11:11:53+00:00","breadcrumb":{"@id":"https:\/\/mont-roig.cat\/es\/francisco-velasco-autor\/#breadcrumb"},"inLanguage":"es","potentialAction":[{"@type":"ReadAction","target":["https:\/\/mont-roig.cat\/es\/francisco-velasco-autor\/"]}]},{"@type":"BreadcrumbList","@id":"https:\/\/mont-roig.cat\/es\/francisco-velasco-autor\/#breadcrumb","itemListElement":[{"@type":"ListItem","position":1,"name":"Inici","item":"https:\/\/mont-roig.cat\/es\/pagina-de-inicio\/"},{"@type":"ListItem","position":2,"name":"Francisco Velasco Autor"}]},{"@type":"WebSite","@id":"https:\/\/mont-roig.cat\/es\/#website","url":"https:\/\/mont-roig.cat\/es\/","name":"Ajuntament de Mont-roig del Camp","description":"Tota la informaci\u00f3 sobre la instituci\u00f3, els seus \u00f2rgans de govern, actualitat, serveis i molt m\u00e9s.","potentialAction":[{"@type":"SearchAction","target":{"@type":"EntryPoint","urlTemplate":"https:\/\/mont-roig.cat\/es\/?s={search_term_string}"},"query-input":{"@type":"PropertyValueSpecification","valueRequired":true,"valueName":"search_term_string"}}],"inLanguage":"es"}]}},"_links":{"self":[{"href":"https:\/\/mont-roig.cat\/es\/wp-json\/wp\/v2\/pages\/9453","targetHints":{"allow":["GET"]}}],"collection":[{"href":"https:\/\/mont-roig.cat\/es\/wp-json\/wp\/v2\/pages"}],"about":[{"href":"https:\/\/mont-roig.cat\/es\/wp-json\/wp\/v2\/types\/page"}],"author":[{"embeddable":true,"href":"https:\/\/mont-roig.cat\/es\/wp-json\/wp\/v2\/users\/4"}],"replies":[{"embeddable":true,"href":"https:\/\/mont-roig.cat\/es\/wp-json\/wp\/v2\/comments?post=9453"}],"version-history":[{"count":2,"href":"https:\/\/mont-roig.cat\/es\/wp-json\/wp\/v2\/pages\/9453\/revisions"}],"predecessor-version":[{"id":33352,"href":"https:\/\/mont-roig.cat\/es\/wp-json\/wp\/v2\/pages\/9453\/revisions\/33352"}],"wp:attachment":[{"href":"https:\/\/mont-roig.cat\/es\/wp-json\/wp\/v2\/media?parent=9453"}],"curies":[{"name":"wp","href":"https:\/\/api.w.org\/{rel}","templated":true}]}}