{"id":9459,"date":"2016-02-18T10:49:28","date_gmt":"2016-02-18T09:49:28","guid":{"rendered":"http:\/\/mont-roig.cat\/es\/imma-margalef-ciurana\/"},"modified":"2019-01-15T12:35:31","modified_gmt":"2019-01-15T11:35:31","slug":"imma-margalef-ciurana","status":"publish","type":"page","link":"https:\/\/mont-roig.cat\/es\/imma-margalef-ciurana\/","title":{"rendered":"Imma Margalef Ciurana"},"content":{"rendered":"<p style=\"text-align: justify;\"><a href=\"http:\/\/mont-roig.cat\/wp-content\/uploads\/CIU_Imma-Margalef-Ciurana.jpg\"><img loading=\"lazy\" decoding=\"async\" class=\"size-full wp-image-15191 alignright\" src=\"http:\/\/mont-roig.cat\/wp-content\/uploads\/CIU_Imma-Margalef-Ciurana.jpg\" alt=\"\" width=\"200\" height=\"299\" \/><\/a><span class=\"tlid-translation translation\">Imma Margalef y Ciurana es hija de Mont-roig del Camp aunque ha vivido de manera intermitente. Se ha instalado de manera definitiva en 2008. En el \u00e1mbito profesional, se ha formado en Magisterio, Psicopedagog\u00eda y Master en Dificultades del Aprendizaje. Ejerce de maestra en una escuela de la comarca y colabora con el Instituto Nacional de Tecnolog\u00edas Educativas y de Formaci\u00f3n del Profesorado como formadora de formadores. A nivel pol\u00edtico y social, forma parte de la Asamblea Nacional Catalana y, desde el a\u00f1o 2009, es jugadora del equipo de f\u00fatbol sala femenino, el Club Esportiu Mont-roig. Actualmente, forma parte del consistorio como concejal de la oposici\u00f3n del <span title=\"\">Grupo Municipal <\/span><span class=\"\" title=\"\">PDeCAT<\/span>. Seg\u00fan ella deber\u00eda haber un firme compromiso de trabajo para potenciar nuestro territorio: el n\u00facleo de Mont-roig, de Miami Platja y las 22 urbanizaciones y garantizar que se den las condiciones b\u00e1sicas para la obtenci\u00f3n de la calidad de vida y la generaci\u00f3n de prosperidad.<\/span><\/p>\n","protected":false},"excerpt":{"rendered":"<p>Imma Margalef y Ciurana es hija de Mont-roig del Camp aunque ha vivido de manera intermitente. Se ha instalado de manera definitiva en 2008. En el \u00e1mbito profesional, se ha formado en Magisterio, Psicopedagog\u00eda y Master en Dificultades del Aprendizaje. Ejerce de maestra en una escuela de la comarca y colabora con el Instituto Nacional [&hellip;]<\/p>\n","protected":false},"author":4,"featured_media":0,"parent":0,"menu_order":0,"comment_status":"closed","ping_status":"closed","template":"","meta":{"inline_featured_image":false,"_monsterinsights_skip_tracking":false,"_monsterinsights_sitenote_active":false,"_monsterinsights_sitenote_note":"","_monsterinsights_sitenote_category":0,"footnotes":""},"class_list":["post-9459","page","type-page","status-publish","hentry"],"yoast_head":"<!-- This site is optimized with the Yoast SEO plugin v27.4 - https:\/\/yoast.com\/product\/yoast-seo-wordpress\/ -->\n<title>Imma Margalef Ciurana - Ajuntament de Mont-roig del Camp<\/title>\n<meta name=\"robots\" content=\"index, follow, max-snippet:-1, max-image-preview:large, max-video-preview:-1\" \/>\n<link rel=\"canonical\" href=\"https:\/\/mont-roig.cat\/es\/imma-margalef-ciurana\/\" \/>\n<meta property=\"og:locale\" content=\"es_ES\" \/>\n<meta property=\"og:type\" content=\"article\" \/>\n<meta property=\"og:title\" content=\"Imma Margalef Ciurana - Ajuntament de Mont-roig del Camp\" \/>\n<meta property=\"og:description\" content=\"Imma Margalef y Ciurana es hija de Mont-roig del Camp aunque ha vivido de manera intermitente. Se ha instalado de manera definitiva en 2008. En el \u00e1mbito profesional, se ha formado en Magisterio, Psicopedagog\u00eda y Master en Dificultades del Aprendizaje. Ejerce de maestra en una escuela de la comarca y colabora con el Instituto Nacional [&hellip;]\" \/>\n<meta property=\"og:url\" content=\"https:\/\/mont-roig.cat\/es\/imma-margalef-ciurana\/\" \/>\n<meta property=\"og:site_name\" content=\"Ajuntament de Mont-roig del Camp\" \/>\n<meta property=\"article:modified_time\" content=\"2019-01-15T11:35:31+00:00\" \/>\n<meta property=\"og:image\" content=\"http:\/\/mont-roig.cat\/wp-content\/uploads\/CIU_Imma-Margalef-Ciurana.jpg\" \/>\n<meta name=\"twitter:card\" content=\"summary_large_image\" \/>\n<meta name=\"twitter:label1\" content=\"Tiempo de lectura\" \/>\n\t<meta name=\"twitter:data1\" content=\"1 minuto\" \/>\n<script type=\"application\/ld+json\" class=\"yoast-schema-graph\">{\"@context\":\"https:\\\/\\\/schema.org\",\"@graph\":[{\"@type\":\"WebPage\",\"@id\":\"https:\\\/\\\/mont-roig.cat\\\/es\\\/imma-margalef-ciurana\\\/\",\"url\":\"https:\\\/\\\/mont-roig.cat\\\/es\\\/imma-margalef-ciurana\\\/\",\"name\":\"Imma Margalef Ciurana - Ajuntament de Mont-roig del Camp\",\"isPartOf\":{\"@id\":\"https:\\\/\\\/mont-roig.cat\\\/es\\\/#website\"},\"primaryImageOfPage\":{\"@id\":\"https:\\\/\\\/mont-roig.cat\\\/es\\\/imma-margalef-ciurana\\\/#primaryimage\"},\"image\":{\"@id\":\"https:\\\/\\\/mont-roig.cat\\\/es\\\/imma-margalef-ciurana\\\/#primaryimage\"},\"thumbnailUrl\":\"http:\\\/\\\/mont-roig.cat\\\/wp-content\\\/uploads\\\/CIU_Imma-Margalef-Ciurana.jpg\",\"datePublished\":\"2016-02-18T09:49:28+00:00\",\"dateModified\":\"2019-01-15T11:35:31+00:00\",\"breadcrumb\":{\"@id\":\"https:\\\/\\\/mont-roig.cat\\\/es\\\/imma-margalef-ciurana\\\/#breadcrumb\"},\"inLanguage\":\"es\",\"potentialAction\":[{\"@type\":\"ReadAction\",\"target\":[\"https:\\\/\\\/mont-roig.cat\\\/es\\\/imma-margalef-ciurana\\\/\"]}]},{\"@type\":\"ImageObject\",\"inLanguage\":\"es\",\"@id\":\"https:\\\/\\\/mont-roig.cat\\\/es\\\/imma-margalef-ciurana\\\/#primaryimage\",\"url\":\"http:\\\/\\\/mont-roig.cat\\\/wp-content\\\/uploads\\\/CIU_Imma-Margalef-Ciurana.jpg\",\"contentUrl\":\"http:\\\/\\\/mont-roig.cat\\\/wp-content\\\/uploads\\\/CIU_Imma-Margalef-Ciurana.jpg\"},{\"@type\":\"BreadcrumbList\",\"@id\":\"https:\\\/\\\/mont-roig.cat\\\/es\\\/imma-margalef-ciurana\\\/#breadcrumb\",\"itemListElement\":[{\"@type\":\"ListItem\",\"position\":1,\"name\":\"Inici\",\"item\":\"https:\\\/\\\/mont-roig.cat\\\/es\\\/pagina-de-inicio\\\/\"},{\"@type\":\"ListItem\",\"position\":2,\"name\":\"Imma Margalef Ciurana\"}]},{\"@type\":\"WebSite\",\"@id\":\"https:\\\/\\\/mont-roig.cat\\\/es\\\/#website\",\"url\":\"https:\\\/\\\/mont-roig.cat\\\/es\\\/\",\"name\":\"Ajuntament de Mont-roig del Camp\",\"description\":\"Tota la informaci\u00f3 sobre la instituci\u00f3, els seus \u00f2rgans de govern, actualitat, serveis i molt m\u00e9s.\",\"potentialAction\":[{\"@type\":\"SearchAction\",\"target\":{\"@type\":\"EntryPoint\",\"urlTemplate\":\"https:\\\/\\\/mont-roig.cat\\\/es\\\/?s={search_term_string}\"},\"query-input\":{\"@type\":\"PropertyValueSpecification\",\"valueRequired\":true,\"valueName\":\"search_term_string\"}}],\"inLanguage\":\"es\"}]}<\/script>\n<!-- \/ Yoast SEO plugin. -->","yoast_head_json":{"title":"Imma Margalef Ciurana - Ajuntament de Mont-roig del Camp","robots":{"index":"index","follow":"follow","max-snippet":"max-snippet:-1","max-image-preview":"max-image-preview:large","max-video-preview":"max-video-preview:-1"},"canonical":"https:\/\/mont-roig.cat\/es\/imma-margalef-ciurana\/","og_locale":"es_ES","og_type":"article","og_title":"Imma Margalef Ciurana - Ajuntament de Mont-roig del Camp","og_description":"Imma Margalef y Ciurana es hija de Mont-roig del Camp aunque ha vivido de manera intermitente. Se ha instalado de manera definitiva en 2008. En el \u00e1mbito profesional, se ha formado en Magisterio, Psicopedagog\u00eda y Master en Dificultades del Aprendizaje. Ejerce de maestra en una escuela de la comarca y colabora con el Instituto Nacional [&hellip;]","og_url":"https:\/\/mont-roig.cat\/es\/imma-margalef-ciurana\/","og_site_name":"Ajuntament de Mont-roig del Camp","article_modified_time":"2019-01-15T11:35:31+00:00","og_image":[{"url":"http:\/\/mont-roig.cat\/wp-content\/uploads\/CIU_Imma-Margalef-Ciurana.jpg","type":"","width":"","height":""}],"twitter_card":"summary_large_image","twitter_misc":{"Tiempo de lectura":"1 minuto"},"schema":{"@context":"https:\/\/schema.org","@graph":[{"@type":"WebPage","@id":"https:\/\/mont-roig.cat\/es\/imma-margalef-ciurana\/","url":"https:\/\/mont-roig.cat\/es\/imma-margalef-ciurana\/","name":"Imma Margalef Ciurana - Ajuntament de Mont-roig del Camp","isPartOf":{"@id":"https:\/\/mont-roig.cat\/es\/#website"},"primaryImageOfPage":{"@id":"https:\/\/mont-roig.cat\/es\/imma-margalef-ciurana\/#primaryimage"},"image":{"@id":"https:\/\/mont-roig.cat\/es\/imma-margalef-ciurana\/#primaryimage"},"thumbnailUrl":"http:\/\/mont-roig.cat\/wp-content\/uploads\/CIU_Imma-Margalef-Ciurana.jpg","datePublished":"2016-02-18T09:49:28+00:00","dateModified":"2019-01-15T11:35:31+00:00","breadcrumb":{"@id":"https:\/\/mont-roig.cat\/es\/imma-margalef-ciurana\/#breadcrumb"},"inLanguage":"es","potentialAction":[{"@type":"ReadAction","target":["https:\/\/mont-roig.cat\/es\/imma-margalef-ciurana\/"]}]},{"@type":"ImageObject","inLanguage":"es","@id":"https:\/\/mont-roig.cat\/es\/imma-margalef-ciurana\/#primaryimage","url":"http:\/\/mont-roig.cat\/wp-content\/uploads\/CIU_Imma-Margalef-Ciurana.jpg","contentUrl":"http:\/\/mont-roig.cat\/wp-content\/uploads\/CIU_Imma-Margalef-Ciurana.jpg"},{"@type":"BreadcrumbList","@id":"https:\/\/mont-roig.cat\/es\/imma-margalef-ciurana\/#breadcrumb","itemListElement":[{"@type":"ListItem","position":1,"name":"Inici","item":"https:\/\/mont-roig.cat\/es\/pagina-de-inicio\/"},{"@type":"ListItem","position":2,"name":"Imma Margalef Ciurana"}]},{"@type":"WebSite","@id":"https:\/\/mont-roig.cat\/es\/#website","url":"https:\/\/mont-roig.cat\/es\/","name":"Ajuntament de Mont-roig del Camp","description":"Tota la informaci\u00f3 sobre la instituci\u00f3, els seus \u00f2rgans de govern, actualitat, serveis i molt m\u00e9s.","potentialAction":[{"@type":"SearchAction","target":{"@type":"EntryPoint","urlTemplate":"https:\/\/mont-roig.cat\/es\/?s={search_term_string}"},"query-input":{"@type":"PropertyValueSpecification","valueRequired":true,"valueName":"search_term_string"}}],"inLanguage":"es"}]}},"_links":{"self":[{"href":"https:\/\/mont-roig.cat\/es\/wp-json\/wp\/v2\/pages\/9459","targetHints":{"allow":["GET"]}}],"collection":[{"href":"https:\/\/mont-roig.cat\/es\/wp-json\/wp\/v2\/pages"}],"about":[{"href":"https:\/\/mont-roig.cat\/es\/wp-json\/wp\/v2\/types\/page"}],"author":[{"embeddable":true,"href":"https:\/\/mont-roig.cat\/es\/wp-json\/wp\/v2\/users\/4"}],"replies":[{"embeddable":true,"href":"https:\/\/mont-roig.cat\/es\/wp-json\/wp\/v2\/comments?post=9459"}],"version-history":[{"count":3,"href":"https:\/\/mont-roig.cat\/es\/wp-json\/wp\/v2\/pages\/9459\/revisions"}],"predecessor-version":[{"id":33366,"href":"https:\/\/mont-roig.cat\/es\/wp-json\/wp\/v2\/pages\/9459\/revisions\/33366"}],"wp:attachment":[{"href":"https:\/\/mont-roig.cat\/es\/wp-json\/wp\/v2\/media?parent=9459"}],"curies":[{"name":"wp","href":"https:\/\/api.w.org\/{rel}","templated":true}]}}