{"id":9467,"date":"2016-02-18T10:52:14","date_gmt":"2016-02-18T09:52:14","guid":{"rendered":"http:\/\/mont-roig.cat\/es\/jose-francisco-moreno-herrero\/"},"modified":"2019-11-28T08:12:28","modified_gmt":"2019-11-28T07:12:28","slug":"quique-moreno-herrero","status":"publish","type":"page","link":"https:\/\/mont-roig.cat\/es\/quique-moreno-herrero\/","title":{"rendered":"Quique Moreno Herrero"},"content":{"rendered":"<div id=\"attachment_38402\" style=\"width: 260px\" class=\"wp-caption alignright\"><a href=\"https:\/\/mont-roig.cat\/wp-content\/uploads\/Quique-Moreno.jpg\"><img loading=\"lazy\" decoding=\"async\" aria-describedby=\"caption-attachment-38402\" class=\"wp-image-38402\" src=\"https:\/\/mont-roig.cat\/wp-content\/uploads\/Quique-Moreno.jpg\" alt=\"\" width=\"250\" height=\"250\" srcset=\"https:\/\/mont-roig.cat\/wp-content\/uploads\/Quique-Moreno.jpg 2598w, https:\/\/mont-roig.cat\/wp-content\/uploads\/Quique-Moreno-50x50.jpg 50w, https:\/\/mont-roig.cat\/wp-content\/uploads\/Quique-Moreno-500x500.jpg 500w, https:\/\/mont-roig.cat\/wp-content\/uploads\/Quique-Moreno-768x768.jpg 768w, https:\/\/mont-roig.cat\/wp-content\/uploads\/Quique-Moreno-1024x1024.jpg 1024w, https:\/\/mont-roig.cat\/wp-content\/uploads\/Quique-Moreno-560x560.jpg 560w, https:\/\/mont-roig.cat\/wp-content\/uploads\/Quique-Moreno-367x367.jpg 367w, https:\/\/mont-roig.cat\/wp-content\/uploads\/Quique-Moreno-450x450.jpg 450w, https:\/\/mont-roig.cat\/wp-content\/uploads\/Quique-Moreno-85x85.jpg 85w, https:\/\/mont-roig.cat\/wp-content\/uploads\/Quique-Moreno-45x45.jpg 45w\" sizes=\"auto, (max-width: 250px) 100vw, 250px\" \/><\/a><p id=\"caption-attachment-38402\" class=\"wp-caption-text\">Quique Moreno Herrero<\/p><\/div>\n<p style=\"text-align: justify;\">Quique Moreno Herrero naci\u00f3 el 9 de enero de 1972 en Mont-roig del Camp. Es empresario, y actualmente ejerce como gerente en el sector de la construcci\u00f3n. Es responsable de la escuela de ciclismo de Montroig, ejerce como director deportivo y est\u00e1 muy implicado con la mejora del mundo deportivo local. En la pasada legislatura 2015-2019 fue concejal de la oposici\u00f3n por el partido de CIU. Actualmente es concejal de la oposici\u00f3n del Ayuntamiento de Mont-roig del Camp en representaci\u00f3n del partido Junts per Mont-roig Miami.<\/p>\n<p>&nbsp;<\/p>\n<p>&nbsp;<\/p>\n<p>Pod\u00e9is consultar el documento de declaraci\u00f3n de Actividades y Bienes de Quique Moreno Herrero en este enlace:<\/p>\n<p><a href=\"https:\/\/mont-roig.cat\/wp-content\/uploads\/Declaraci\u00f3-dActivitats-i-B\u00e9ns-Jose-Francisco-Moreno-Herrero.pdf\">Declaraci\u00f3n de Actividades y Bienes &#8211; Quique Moreno Herrero<\/a><\/p>\n","protected":false},"excerpt":{"rendered":"<p>Quique Moreno Herrero naci\u00f3 el 9 de enero de 1972 en Mont-roig del Camp. Es empresario, y actualmente ejerce como gerente en el sector de la construcci\u00f3n. Es responsable de la escuela de ciclismo de Montroig, ejerce como director deportivo y est\u00e1 muy implicado con la mejora del mundo deportivo local. En la pasada legislatura [&hellip;]<\/p>\n","protected":false},"author":4,"featured_media":0,"parent":0,"menu_order":0,"comment_status":"closed","ping_status":"closed","template":"","meta":{"inline_featured_image":false,"_monsterinsights_skip_tracking":false,"_monsterinsights_sitenote_active":false,"_monsterinsights_sitenote_note":"","_monsterinsights_sitenote_category":0,"footnotes":""},"class_list":["post-9467","page","type-page","status-publish","hentry"],"yoast_head":"<!-- This site is optimized with the Yoast SEO plugin v27.4 - https:\/\/yoast.com\/product\/yoast-seo-wordpress\/ -->\n<title>Quique Moreno Herrero - Ajuntament de Mont-roig del Camp<\/title>\n<meta name=\"robots\" content=\"index, follow, max-snippet:-1, max-image-preview:large, max-video-preview:-1\" \/>\n<link rel=\"canonical\" href=\"https:\/\/mont-roig.cat\/es\/quique-moreno-herrero\/\" \/>\n<meta property=\"og:locale\" content=\"es_ES\" \/>\n<meta property=\"og:type\" content=\"article\" \/>\n<meta property=\"og:title\" content=\"Quique Moreno Herrero - Ajuntament de Mont-roig del Camp\" \/>\n<meta property=\"og:description\" content=\"Quique Moreno Herrero naci\u00f3 el 9 de enero de 1972 en Mont-roig del Camp. Es empresario, y actualmente ejerce como gerente en el sector de la construcci\u00f3n. Es responsable de la escuela de ciclismo de Montroig, ejerce como director deportivo y est\u00e1 muy implicado con la mejora del mundo deportivo local. En la pasada legislatura [&hellip;]\" \/>\n<meta property=\"og:url\" content=\"https:\/\/mont-roig.cat\/es\/quique-moreno-herrero\/\" \/>\n<meta property=\"og:site_name\" content=\"Ajuntament de Mont-roig del Camp\" \/>\n<meta property=\"article:modified_time\" content=\"2019-11-28T07:12:28+00:00\" \/>\n<meta property=\"og:image\" content=\"https:\/\/mont-roig.cat\/wp-content\/uploads\/Quique-Moreno.jpg\" \/>\n<meta name=\"twitter:card\" content=\"summary_large_image\" \/>\n<meta name=\"twitter:label1\" content=\"Tiempo de lectura\" \/>\n\t<meta name=\"twitter:data1\" content=\"1 minuto\" \/>\n<script type=\"application\/ld+json\" class=\"yoast-schema-graph\">{\"@context\":\"https:\\\/\\\/schema.org\",\"@graph\":[{\"@type\":\"WebPage\",\"@id\":\"https:\\\/\\\/mont-roig.cat\\\/es\\\/quique-moreno-herrero\\\/\",\"url\":\"https:\\\/\\\/mont-roig.cat\\\/es\\\/quique-moreno-herrero\\\/\",\"name\":\"Quique Moreno Herrero - Ajuntament de Mont-roig del Camp\",\"isPartOf\":{\"@id\":\"https:\\\/\\\/mont-roig.cat\\\/es\\\/#website\"},\"primaryImageOfPage\":{\"@id\":\"https:\\\/\\\/mont-roig.cat\\\/es\\\/quique-moreno-herrero\\\/#primaryimage\"},\"image\":{\"@id\":\"https:\\\/\\\/mont-roig.cat\\\/es\\\/quique-moreno-herrero\\\/#primaryimage\"},\"thumbnailUrl\":\"https:\\\/\\\/mont-roig.cat\\\/wp-content\\\/uploads\\\/Quique-Moreno.jpg\",\"datePublished\":\"2016-02-18T09:52:14+00:00\",\"dateModified\":\"2019-11-28T07:12:28+00:00\",\"breadcrumb\":{\"@id\":\"https:\\\/\\\/mont-roig.cat\\\/es\\\/quique-moreno-herrero\\\/#breadcrumb\"},\"inLanguage\":\"es\",\"potentialAction\":[{\"@type\":\"ReadAction\",\"target\":[\"https:\\\/\\\/mont-roig.cat\\\/es\\\/quique-moreno-herrero\\\/\"]}]},{\"@type\":\"ImageObject\",\"inLanguage\":\"es\",\"@id\":\"https:\\\/\\\/mont-roig.cat\\\/es\\\/quique-moreno-herrero\\\/#primaryimage\",\"url\":\"https:\\\/\\\/mont-roig.cat\\\/wp-content\\\/uploads\\\/Quique-Moreno.jpg\",\"contentUrl\":\"https:\\\/\\\/mont-roig.cat\\\/wp-content\\\/uploads\\\/Quique-Moreno.jpg\"},{\"@type\":\"BreadcrumbList\",\"@id\":\"https:\\\/\\\/mont-roig.cat\\\/es\\\/quique-moreno-herrero\\\/#breadcrumb\",\"itemListElement\":[{\"@type\":\"ListItem\",\"position\":1,\"name\":\"Inici\",\"item\":\"https:\\\/\\\/mont-roig.cat\\\/es\\\/pagina-de-inicio\\\/\"},{\"@type\":\"ListItem\",\"position\":2,\"name\":\"Quique Moreno Herrero\"}]},{\"@type\":\"WebSite\",\"@id\":\"https:\\\/\\\/mont-roig.cat\\\/es\\\/#website\",\"url\":\"https:\\\/\\\/mont-roig.cat\\\/es\\\/\",\"name\":\"Ajuntament de Mont-roig del Camp\",\"description\":\"Tota la informaci\u00f3 sobre la instituci\u00f3, els seus \u00f2rgans de govern, actualitat, serveis i molt m\u00e9s.\",\"potentialAction\":[{\"@type\":\"SearchAction\",\"target\":{\"@type\":\"EntryPoint\",\"urlTemplate\":\"https:\\\/\\\/mont-roig.cat\\\/es\\\/?s={search_term_string}\"},\"query-input\":{\"@type\":\"PropertyValueSpecification\",\"valueRequired\":true,\"valueName\":\"search_term_string\"}}],\"inLanguage\":\"es\"}]}<\/script>\n<!-- \/ Yoast SEO plugin. -->","yoast_head_json":{"title":"Quique Moreno Herrero - Ajuntament de Mont-roig del Camp","robots":{"index":"index","follow":"follow","max-snippet":"max-snippet:-1","max-image-preview":"max-image-preview:large","max-video-preview":"max-video-preview:-1"},"canonical":"https:\/\/mont-roig.cat\/es\/quique-moreno-herrero\/","og_locale":"es_ES","og_type":"article","og_title":"Quique Moreno Herrero - Ajuntament de Mont-roig del Camp","og_description":"Quique Moreno Herrero naci\u00f3 el 9 de enero de 1972 en Mont-roig del Camp. Es empresario, y actualmente ejerce como gerente en el sector de la construcci\u00f3n. Es responsable de la escuela de ciclismo de Montroig, ejerce como director deportivo y est\u00e1 muy implicado con la mejora del mundo deportivo local. En la pasada legislatura [&hellip;]","og_url":"https:\/\/mont-roig.cat\/es\/quique-moreno-herrero\/","og_site_name":"Ajuntament de Mont-roig del Camp","article_modified_time":"2019-11-28T07:12:28+00:00","og_image":[{"url":"https:\/\/mont-roig.cat\/wp-content\/uploads\/Quique-Moreno.jpg","type":"","width":"","height":""}],"twitter_card":"summary_large_image","twitter_misc":{"Tiempo de lectura":"1 minuto"},"schema":{"@context":"https:\/\/schema.org","@graph":[{"@type":"WebPage","@id":"https:\/\/mont-roig.cat\/es\/quique-moreno-herrero\/","url":"https:\/\/mont-roig.cat\/es\/quique-moreno-herrero\/","name":"Quique Moreno Herrero - Ajuntament de Mont-roig del Camp","isPartOf":{"@id":"https:\/\/mont-roig.cat\/es\/#website"},"primaryImageOfPage":{"@id":"https:\/\/mont-roig.cat\/es\/quique-moreno-herrero\/#primaryimage"},"image":{"@id":"https:\/\/mont-roig.cat\/es\/quique-moreno-herrero\/#primaryimage"},"thumbnailUrl":"https:\/\/mont-roig.cat\/wp-content\/uploads\/Quique-Moreno.jpg","datePublished":"2016-02-18T09:52:14+00:00","dateModified":"2019-11-28T07:12:28+00:00","breadcrumb":{"@id":"https:\/\/mont-roig.cat\/es\/quique-moreno-herrero\/#breadcrumb"},"inLanguage":"es","potentialAction":[{"@type":"ReadAction","target":["https:\/\/mont-roig.cat\/es\/quique-moreno-herrero\/"]}]},{"@type":"ImageObject","inLanguage":"es","@id":"https:\/\/mont-roig.cat\/es\/quique-moreno-herrero\/#primaryimage","url":"https:\/\/mont-roig.cat\/wp-content\/uploads\/Quique-Moreno.jpg","contentUrl":"https:\/\/mont-roig.cat\/wp-content\/uploads\/Quique-Moreno.jpg"},{"@type":"BreadcrumbList","@id":"https:\/\/mont-roig.cat\/es\/quique-moreno-herrero\/#breadcrumb","itemListElement":[{"@type":"ListItem","position":1,"name":"Inici","item":"https:\/\/mont-roig.cat\/es\/pagina-de-inicio\/"},{"@type":"ListItem","position":2,"name":"Quique Moreno Herrero"}]},{"@type":"WebSite","@id":"https:\/\/mont-roig.cat\/es\/#website","url":"https:\/\/mont-roig.cat\/es\/","name":"Ajuntament de Mont-roig del Camp","description":"Tota la informaci\u00f3 sobre la instituci\u00f3, els seus \u00f2rgans de govern, actualitat, serveis i molt m\u00e9s.","potentialAction":[{"@type":"SearchAction","target":{"@type":"EntryPoint","urlTemplate":"https:\/\/mont-roig.cat\/es\/?s={search_term_string}"},"query-input":{"@type":"PropertyValueSpecification","valueRequired":true,"valueName":"search_term_string"}}],"inLanguage":"es"}]}},"_links":{"self":[{"href":"https:\/\/mont-roig.cat\/es\/wp-json\/wp\/v2\/pages\/9467","targetHints":{"allow":["GET"]}}],"collection":[{"href":"https:\/\/mont-roig.cat\/es\/wp-json\/wp\/v2\/pages"}],"about":[{"href":"https:\/\/mont-roig.cat\/es\/wp-json\/wp\/v2\/types\/page"}],"author":[{"embeddable":true,"href":"https:\/\/mont-roig.cat\/es\/wp-json\/wp\/v2\/users\/4"}],"replies":[{"embeddable":true,"href":"https:\/\/mont-roig.cat\/es\/wp-json\/wp\/v2\/comments?post=9467"}],"version-history":[{"count":9,"href":"https:\/\/mont-roig.cat\/es\/wp-json\/wp\/v2\/pages\/9467\/revisions"}],"predecessor-version":[{"id":41035,"href":"https:\/\/mont-roig.cat\/es\/wp-json\/wp\/v2\/pages\/9467\/revisions\/41035"}],"wp:attachment":[{"href":"https:\/\/mont-roig.cat\/es\/wp-json\/wp\/v2\/media?parent=9467"}],"curies":[{"name":"wp","href":"https:\/\/api.w.org\/{rel}","templated":true}]}}