{"id":9468,"date":"2016-02-18T10:37:17","date_gmt":"2016-02-18T09:37:17","guid":{"rendered":"http:\/\/mont-roig.cat\/es\/josep-maria-gairal-marti\/"},"modified":"2019-01-15T12:02:47","modified_gmt":"2019-01-15T11:02:47","slug":"josep-maria-gairal-marti","status":"publish","type":"page","link":"https:\/\/mont-roig.cat\/es\/josep-maria-gairal-marti\/","title":{"rendered":"Jos\u00e9 Maria Gairal Marti"},"content":{"rendered":"<p style=\"text-align: justify;\"><a href=\"http:\/\/mont-roig.cat\/wp-content\/uploads\/Josep-M.jpg\"><img loading=\"lazy\" decoding=\"async\" class=\"size-full wp-image-15216 alignright\" src=\"http:\/\/mont-roig.cat\/wp-content\/uploads\/Josep-M.jpg\" alt=\"\" width=\"200\" height=\"299\" \/><\/a><span class=\"tlid-translation translation\">Jos\u00e9 Mar\u00eda Gairal naci\u00f3 en 1956. Est\u00e1 casado y es padre de tres hijos mayores de edad. Se define a s\u00ed mismo como cat\u00f3lico y devoto de la Mare de D\u00e9u de la Roca. Vivi\u00f3 en el pueblo hasta los 32 a\u00f1os, edad en la que se traslad\u00f3 a Reus por motivos familiares. Sin embargo, siempre ha desarrollado su actividad social y de trabajo en el municipio, y ha participado de forma activa en grupos juveniles, agr\u00edcolas y sociales. En el \u00e1mbito profesional ha trabajado de campo de los 18 a los 32, y despu\u00e9s en el Ayuntamiento de Mont-roig del Camp en el \u00e1rea de protecci\u00f3n civil y gobernaci\u00f3n. Fue voluntario en la Cruz Roja de los 19 a\u00f1os a los 37, y desde entonces hasta ahora ha trabajado como profesional. A d\u00eda de hoy, es el director. En el mundo pol\u00edtico ha sido concejal del Ayuntamiento en 1983, durante el segundo mandato democr\u00e1tico, en un grupo independiente. Desde el a\u00f1o 2003 hasta el d\u00eda de hoy ha formado parte del consistorio como cargo electo, por el partido Verds per m\u00e9s. De 2003 a 2007 form\u00f3 parte del equipo de gobierno, de 2007 al a\u00f1o 2011 fue concejal en la oposici\u00f3n, y nuevamente, del a\u00f1o 2011 al 2015 form\u00f3 parte del gobierno. Ha sido concejal de Gobernaci\u00f3n, Medio Ambiente, Sanidad y Agricultura. Y en la presente legislatura forma parte del equipo de gobierno como Concejal de Medio Ambiente, Agricultura y Salud P\u00fablica<\/span>.<\/p>\n","protected":false},"excerpt":{"rendered":"<p>Jos\u00e9 Mar\u00eda Gairal naci\u00f3 en 1956. Est\u00e1 casado y es padre de tres hijos mayores de edad. Se define a s\u00ed mismo como cat\u00f3lico y devoto de la Mare de D\u00e9u de la Roca. Vivi\u00f3 en el pueblo hasta los 32 a\u00f1os, edad en la que se traslad\u00f3 a Reus por motivos familiares. Sin embargo, [&hellip;]<\/p>\n","protected":false},"author":4,"featured_media":0,"parent":0,"menu_order":0,"comment_status":"closed","ping_status":"closed","template":"","meta":{"inline_featured_image":false,"_monsterinsights_skip_tracking":false,"_monsterinsights_sitenote_active":false,"_monsterinsights_sitenote_note":"","_monsterinsights_sitenote_category":0,"footnotes":""},"class_list":["post-9468","page","type-page","status-publish","hentry"],"yoast_head":"<!-- This site is optimized with the Yoast SEO plugin v27.4 - https:\/\/yoast.com\/product\/yoast-seo-wordpress\/ -->\n<title>Jos\u00e9 Maria Gairal Marti - Ajuntament de Mont-roig del Camp<\/title>\n<meta name=\"robots\" content=\"index, follow, max-snippet:-1, max-image-preview:large, max-video-preview:-1\" \/>\n<link rel=\"canonical\" href=\"https:\/\/mont-roig.cat\/es\/josep-maria-gairal-marti\/\" \/>\n<meta property=\"og:locale\" content=\"es_ES\" \/>\n<meta property=\"og:type\" content=\"article\" \/>\n<meta property=\"og:title\" content=\"Jos\u00e9 Maria Gairal Marti - Ajuntament de Mont-roig del Camp\" \/>\n<meta property=\"og:description\" content=\"Jos\u00e9 Mar\u00eda Gairal naci\u00f3 en 1956. Est\u00e1 casado y es padre de tres hijos mayores de edad. Se define a s\u00ed mismo como cat\u00f3lico y devoto de la Mare de D\u00e9u de la Roca. Vivi\u00f3 en el pueblo hasta los 32 a\u00f1os, edad en la que se traslad\u00f3 a Reus por motivos familiares. Sin embargo, [&hellip;]\" \/>\n<meta property=\"og:url\" content=\"https:\/\/mont-roig.cat\/es\/josep-maria-gairal-marti\/\" \/>\n<meta property=\"og:site_name\" content=\"Ajuntament de Mont-roig del Camp\" \/>\n<meta property=\"article:modified_time\" content=\"2019-01-15T11:02:47+00:00\" \/>\n<meta property=\"og:image\" content=\"http:\/\/mont-roig.cat\/wp-content\/uploads\/Josep-M.jpg\" \/>\n<meta name=\"twitter:card\" content=\"summary_large_image\" \/>\n<meta name=\"twitter:label1\" content=\"Tiempo de lectura\" \/>\n\t<meta name=\"twitter:data1\" content=\"1 minuto\" \/>\n<script type=\"application\/ld+json\" class=\"yoast-schema-graph\">{\"@context\":\"https:\\\/\\\/schema.org\",\"@graph\":[{\"@type\":\"WebPage\",\"@id\":\"https:\\\/\\\/mont-roig.cat\\\/es\\\/josep-maria-gairal-marti\\\/\",\"url\":\"https:\\\/\\\/mont-roig.cat\\\/es\\\/josep-maria-gairal-marti\\\/\",\"name\":\"Jos\u00e9 Maria Gairal Marti - Ajuntament de Mont-roig del Camp\",\"isPartOf\":{\"@id\":\"https:\\\/\\\/mont-roig.cat\\\/es\\\/#website\"},\"primaryImageOfPage\":{\"@id\":\"https:\\\/\\\/mont-roig.cat\\\/es\\\/josep-maria-gairal-marti\\\/#primaryimage\"},\"image\":{\"@id\":\"https:\\\/\\\/mont-roig.cat\\\/es\\\/josep-maria-gairal-marti\\\/#primaryimage\"},\"thumbnailUrl\":\"http:\\\/\\\/mont-roig.cat\\\/wp-content\\\/uploads\\\/Josep-M.jpg\",\"datePublished\":\"2016-02-18T09:37:17+00:00\",\"dateModified\":\"2019-01-15T11:02:47+00:00\",\"breadcrumb\":{\"@id\":\"https:\\\/\\\/mont-roig.cat\\\/es\\\/josep-maria-gairal-marti\\\/#breadcrumb\"},\"inLanguage\":\"es\",\"potentialAction\":[{\"@type\":\"ReadAction\",\"target\":[\"https:\\\/\\\/mont-roig.cat\\\/es\\\/josep-maria-gairal-marti\\\/\"]}]},{\"@type\":\"ImageObject\",\"inLanguage\":\"es\",\"@id\":\"https:\\\/\\\/mont-roig.cat\\\/es\\\/josep-maria-gairal-marti\\\/#primaryimage\",\"url\":\"http:\\\/\\\/mont-roig.cat\\\/wp-content\\\/uploads\\\/Josep-M.jpg\",\"contentUrl\":\"http:\\\/\\\/mont-roig.cat\\\/wp-content\\\/uploads\\\/Josep-M.jpg\"},{\"@type\":\"BreadcrumbList\",\"@id\":\"https:\\\/\\\/mont-roig.cat\\\/es\\\/josep-maria-gairal-marti\\\/#breadcrumb\",\"itemListElement\":[{\"@type\":\"ListItem\",\"position\":1,\"name\":\"Inici\",\"item\":\"https:\\\/\\\/mont-roig.cat\\\/es\\\/pagina-de-inicio\\\/\"},{\"@type\":\"ListItem\",\"position\":2,\"name\":\"Jos\u00e9 Maria Gairal Marti\"}]},{\"@type\":\"WebSite\",\"@id\":\"https:\\\/\\\/mont-roig.cat\\\/es\\\/#website\",\"url\":\"https:\\\/\\\/mont-roig.cat\\\/es\\\/\",\"name\":\"Ajuntament de Mont-roig del Camp\",\"description\":\"Tota la informaci\u00f3 sobre la instituci\u00f3, els seus \u00f2rgans de govern, actualitat, serveis i molt m\u00e9s.\",\"potentialAction\":[{\"@type\":\"SearchAction\",\"target\":{\"@type\":\"EntryPoint\",\"urlTemplate\":\"https:\\\/\\\/mont-roig.cat\\\/es\\\/?s={search_term_string}\"},\"query-input\":{\"@type\":\"PropertyValueSpecification\",\"valueRequired\":true,\"valueName\":\"search_term_string\"}}],\"inLanguage\":\"es\"}]}<\/script>\n<!-- \/ Yoast SEO plugin. -->","yoast_head_json":{"title":"Jos\u00e9 Maria Gairal Marti - Ajuntament de Mont-roig del Camp","robots":{"index":"index","follow":"follow","max-snippet":"max-snippet:-1","max-image-preview":"max-image-preview:large","max-video-preview":"max-video-preview:-1"},"canonical":"https:\/\/mont-roig.cat\/es\/josep-maria-gairal-marti\/","og_locale":"es_ES","og_type":"article","og_title":"Jos\u00e9 Maria Gairal Marti - Ajuntament de Mont-roig del Camp","og_description":"Jos\u00e9 Mar\u00eda Gairal naci\u00f3 en 1956. Est\u00e1 casado y es padre de tres hijos mayores de edad. Se define a s\u00ed mismo como cat\u00f3lico y devoto de la Mare de D\u00e9u de la Roca. Vivi\u00f3 en el pueblo hasta los 32 a\u00f1os, edad en la que se traslad\u00f3 a Reus por motivos familiares. Sin embargo, [&hellip;]","og_url":"https:\/\/mont-roig.cat\/es\/josep-maria-gairal-marti\/","og_site_name":"Ajuntament de Mont-roig del Camp","article_modified_time":"2019-01-15T11:02:47+00:00","og_image":[{"url":"http:\/\/mont-roig.cat\/wp-content\/uploads\/Josep-M.jpg","type":"","width":"","height":""}],"twitter_card":"summary_large_image","twitter_misc":{"Tiempo de lectura":"1 minuto"},"schema":{"@context":"https:\/\/schema.org","@graph":[{"@type":"WebPage","@id":"https:\/\/mont-roig.cat\/es\/josep-maria-gairal-marti\/","url":"https:\/\/mont-roig.cat\/es\/josep-maria-gairal-marti\/","name":"Jos\u00e9 Maria Gairal Marti - Ajuntament de Mont-roig del Camp","isPartOf":{"@id":"https:\/\/mont-roig.cat\/es\/#website"},"primaryImageOfPage":{"@id":"https:\/\/mont-roig.cat\/es\/josep-maria-gairal-marti\/#primaryimage"},"image":{"@id":"https:\/\/mont-roig.cat\/es\/josep-maria-gairal-marti\/#primaryimage"},"thumbnailUrl":"http:\/\/mont-roig.cat\/wp-content\/uploads\/Josep-M.jpg","datePublished":"2016-02-18T09:37:17+00:00","dateModified":"2019-01-15T11:02:47+00:00","breadcrumb":{"@id":"https:\/\/mont-roig.cat\/es\/josep-maria-gairal-marti\/#breadcrumb"},"inLanguage":"es","potentialAction":[{"@type":"ReadAction","target":["https:\/\/mont-roig.cat\/es\/josep-maria-gairal-marti\/"]}]},{"@type":"ImageObject","inLanguage":"es","@id":"https:\/\/mont-roig.cat\/es\/josep-maria-gairal-marti\/#primaryimage","url":"http:\/\/mont-roig.cat\/wp-content\/uploads\/Josep-M.jpg","contentUrl":"http:\/\/mont-roig.cat\/wp-content\/uploads\/Josep-M.jpg"},{"@type":"BreadcrumbList","@id":"https:\/\/mont-roig.cat\/es\/josep-maria-gairal-marti\/#breadcrumb","itemListElement":[{"@type":"ListItem","position":1,"name":"Inici","item":"https:\/\/mont-roig.cat\/es\/pagina-de-inicio\/"},{"@type":"ListItem","position":2,"name":"Jos\u00e9 Maria Gairal Marti"}]},{"@type":"WebSite","@id":"https:\/\/mont-roig.cat\/es\/#website","url":"https:\/\/mont-roig.cat\/es\/","name":"Ajuntament de Mont-roig del Camp","description":"Tota la informaci\u00f3 sobre la instituci\u00f3, els seus \u00f2rgans de govern, actualitat, serveis i molt m\u00e9s.","potentialAction":[{"@type":"SearchAction","target":{"@type":"EntryPoint","urlTemplate":"https:\/\/mont-roig.cat\/es\/?s={search_term_string}"},"query-input":{"@type":"PropertyValueSpecification","valueRequired":true,"valueName":"search_term_string"}}],"inLanguage":"es"}]}},"_links":{"self":[{"href":"https:\/\/mont-roig.cat\/es\/wp-json\/wp\/v2\/pages\/9468","targetHints":{"allow":["GET"]}}],"collection":[{"href":"https:\/\/mont-roig.cat\/es\/wp-json\/wp\/v2\/pages"}],"about":[{"href":"https:\/\/mont-roig.cat\/es\/wp-json\/wp\/v2\/types\/page"}],"author":[{"embeddable":true,"href":"https:\/\/mont-roig.cat\/es\/wp-json\/wp\/v2\/users\/4"}],"replies":[{"embeddable":true,"href":"https:\/\/mont-roig.cat\/es\/wp-json\/wp\/v2\/comments?post=9468"}],"version-history":[{"count":2,"href":"https:\/\/mont-roig.cat\/es\/wp-json\/wp\/v2\/pages\/9468\/revisions"}],"predecessor-version":[{"id":33350,"href":"https:\/\/mont-roig.cat\/es\/wp-json\/wp\/v2\/pages\/9468\/revisions\/33350"}],"wp:attachment":[{"href":"https:\/\/mont-roig.cat\/es\/wp-json\/wp\/v2\/media?parent=9468"}],"curies":[{"name":"wp","href":"https:\/\/api.w.org\/{rel}","templated":true}]}}