{"id":9474,"date":"2016-02-18T10:33:24","date_gmt":"2016-02-18T09:33:24","guid":{"rendered":"http:\/\/mont-roig.cat\/es\/juan-gallardo-alguero\/"},"modified":"2019-01-15T10:25:22","modified_gmt":"2019-01-15T09:25:22","slug":"juan-gallardo-alguero","status":"publish","type":"page","link":"https:\/\/mont-roig.cat\/es\/juan-gallardo-alguero\/","title":{"rendered":"Juan Gallardo Alguer\u00f3"},"content":{"rendered":"<p style=\"text-align: justify;\"><a href=\"http:\/\/mont-roig.cat\/wp-content\/uploads\/Juan-Gallardo.jpg\"><img loading=\"lazy\" decoding=\"async\" class=\"size-full wp-image-15202 alignright\" src=\"http:\/\/mont-roig.cat\/wp-content\/uploads\/Juan-Gallardo.jpg\" alt=\"\" width=\"200\" height=\"299\" \/><\/a><span class=\"tlid-translation translation\"><span title=\"\">Juan<\/span> <span title=\"\">Gallardo<\/span> <span title=\"\">es<\/span> <span title=\"\">Licenciado<\/span> <span class=\"\" title=\"\">en Ciencias<\/span> <span title=\"\">Empresariales y<\/span> <span title=\"\">Master en<\/span> <span title=\"\">Administraci\u00f3n y Direcci\u00f3n<\/span> <span title=\"\">de Empresas por ESADE<\/span><span title=\"\">,<\/span> <span title=\"\">licenciado en<\/span> <span title=\"\">Derecho por la UNED<\/span><span title=\"\">,<\/span> <span class=\"\" title=\"\">y Econom\u00eda<\/span> <span title=\"\">del transporte<\/span> <span title=\"\">y financiaci\u00f3n privada<\/span> <span title=\"\">de infraestructuras por<\/span> <span title=\"\">la UIMP<\/span><span title=\"\">.<\/span> <span title=\"\">Es<\/span> <span title=\"\">experto<\/span> <span title=\"\">en estudios<\/span> <span title=\"\">de infraestructuras<\/span><span title=\"\">, desarrollo<\/span> <span title=\"\">local<\/span> <span title=\"\">e impacto<\/span> <span title=\"\">econ\u00f3mico<\/span> <span title=\"\">de municipios<\/span><span title=\"\">.<\/span> <span title=\"\">Actualmente<\/span><span title=\"\">, tiene una<\/span> <span title=\"\">consultor\u00eda<\/span> <span title=\"\">a<\/span> <span title=\"\">trav\u00e9s de la cual<\/span> <span title=\"\">asesora<\/span> <span title=\"\">empresas y<\/span> <span title=\"\">es jefe del<\/span> <span title=\"\">gabinete<\/span> <span title=\"\">de estudios de la<\/span> <span title=\"\">CEPTA<\/span><span title=\"\">.<\/span> <span title=\"\">En cuanto<\/span> <span title=\"\">a su actividad<\/span> <span title=\"\">p\u00fablica,<\/span> <span title=\"\">es<\/span> <span title=\"\">concejal del Ayuntamiento<\/span> <span title=\"\">de Mont-<\/span><span title=\"\">roig del Camp<\/span> <span title=\"\">desde el a\u00f1o<\/span> <span title=\"\">2011.<\/span> <span title=\"\">Hasta marzo<\/span> <span title=\"\">de este<\/span> <span title=\"\">2018,<\/span> <span title=\"\">fue miembro<\/span> <span class=\"\" title=\"\">del Consejo<\/span> <span title=\"\">de Administraci\u00f3n<\/span> <span title=\"\">de las dos<\/span> <span title=\"\">Entidades<\/span> <span title=\"\">P\u00fablicas<\/span> <span class=\"\" title=\"\">Empresariales<\/span><span title=\"\">,<\/span> <span title=\"\">Nostreserveis<\/span> <span title=\"\">y<\/span> <span title=\"\">Nostraigua<\/span><span title=\"\">.<\/span> <span title=\"\">Su cargo<\/span> <span title=\"\">actual<\/span> <span class=\"\" title=\"\">en el Ayuntamiento<\/span> <span class=\"\" title=\"\">es<\/span> <span class=\"\" title=\"\">segundo<\/span> <span title=\"\">teniente<\/span> <span title=\"\">de Alcalde y<\/span> <span title=\"\">concejal<\/span> <span title=\"\">del \u00e1rea<\/span> <span title=\"\">de seguridad<\/span> <span class=\"\" title=\"\">ciudadana y<\/span> <span title=\"\">protecci\u00f3n<\/span> <span title=\"\">civil<\/span><span title=\"\">, hacienda,<\/span> <span title=\"\">contrataci\u00f3n<\/span><span title=\"\">, movilidad<\/span><span class=\"\" title=\"\">, actividades y<\/span> <span class=\"\" title=\"\">mercados.<\/span><\/span><\/p>\n","protected":false},"excerpt":{"rendered":"<p>Juan Gallardo es Licenciado en Ciencias Empresariales y Master en Administraci\u00f3n y Direcci\u00f3n de Empresas por ESADE, licenciado en Derecho por la UNED, y Econom\u00eda del transporte y financiaci\u00f3n privada de infraestructuras por la UIMP. Es experto en estudios de infraestructuras, desarrollo local e impacto econ\u00f3mico de municipios. Actualmente, tiene una consultor\u00eda a trav\u00e9s de [&hellip;]<\/p>\n","protected":false},"author":4,"featured_media":0,"parent":0,"menu_order":0,"comment_status":"closed","ping_status":"closed","template":"","meta":{"inline_featured_image":false,"_monsterinsights_skip_tracking":false,"_monsterinsights_sitenote_active":false,"_monsterinsights_sitenote_note":"","_monsterinsights_sitenote_category":0,"footnotes":""},"class_list":["post-9474","page","type-page","status-publish","hentry"],"yoast_head":"<!-- This site is optimized with the Yoast SEO plugin v27.4 - https:\/\/yoast.com\/product\/yoast-seo-wordpress\/ -->\n<title>Juan Gallardo Alguer\u00f3 - Ajuntament de Mont-roig del Camp<\/title>\n<meta name=\"robots\" content=\"index, follow, max-snippet:-1, max-image-preview:large, max-video-preview:-1\" \/>\n<link rel=\"canonical\" href=\"https:\/\/mont-roig.cat\/es\/juan-gallardo-alguero\/\" \/>\n<meta property=\"og:locale\" content=\"es_ES\" \/>\n<meta property=\"og:type\" content=\"article\" \/>\n<meta property=\"og:title\" content=\"Juan Gallardo Alguer\u00f3 - Ajuntament de Mont-roig del Camp\" \/>\n<meta property=\"og:description\" content=\"Juan Gallardo es Licenciado en Ciencias Empresariales y Master en Administraci\u00f3n y Direcci\u00f3n de Empresas por ESADE, licenciado en Derecho por la UNED, y Econom\u00eda del transporte y financiaci\u00f3n privada de infraestructuras por la UIMP. Es experto en estudios de infraestructuras, desarrollo local e impacto econ\u00f3mico de municipios. Actualmente, tiene una consultor\u00eda a trav\u00e9s de [&hellip;]\" \/>\n<meta property=\"og:url\" content=\"https:\/\/mont-roig.cat\/es\/juan-gallardo-alguero\/\" \/>\n<meta property=\"og:site_name\" content=\"Ajuntament de Mont-roig del Camp\" \/>\n<meta property=\"article:modified_time\" content=\"2019-01-15T09:25:22+00:00\" \/>\n<meta property=\"og:image\" content=\"http:\/\/mont-roig.cat\/wp-content\/uploads\/Juan-Gallardo.jpg\" \/>\n<meta name=\"twitter:card\" content=\"summary_large_image\" \/>\n<meta name=\"twitter:label1\" content=\"Tiempo de lectura\" \/>\n\t<meta name=\"twitter:data1\" content=\"1 minuto\" \/>\n<script type=\"application\/ld+json\" class=\"yoast-schema-graph\">{\"@context\":\"https:\\\/\\\/schema.org\",\"@graph\":[{\"@type\":\"WebPage\",\"@id\":\"https:\\\/\\\/mont-roig.cat\\\/es\\\/juan-gallardo-alguero\\\/\",\"url\":\"https:\\\/\\\/mont-roig.cat\\\/es\\\/juan-gallardo-alguero\\\/\",\"name\":\"Juan Gallardo Alguer\u00f3 - Ajuntament de Mont-roig del Camp\",\"isPartOf\":{\"@id\":\"https:\\\/\\\/mont-roig.cat\\\/es\\\/#website\"},\"primaryImageOfPage\":{\"@id\":\"https:\\\/\\\/mont-roig.cat\\\/es\\\/juan-gallardo-alguero\\\/#primaryimage\"},\"image\":{\"@id\":\"https:\\\/\\\/mont-roig.cat\\\/es\\\/juan-gallardo-alguero\\\/#primaryimage\"},\"thumbnailUrl\":\"http:\\\/\\\/mont-roig.cat\\\/wp-content\\\/uploads\\\/Juan-Gallardo.jpg\",\"datePublished\":\"2016-02-18T09:33:24+00:00\",\"dateModified\":\"2019-01-15T09:25:22+00:00\",\"breadcrumb\":{\"@id\":\"https:\\\/\\\/mont-roig.cat\\\/es\\\/juan-gallardo-alguero\\\/#breadcrumb\"},\"inLanguage\":\"es\",\"potentialAction\":[{\"@type\":\"ReadAction\",\"target\":[\"https:\\\/\\\/mont-roig.cat\\\/es\\\/juan-gallardo-alguero\\\/\"]}]},{\"@type\":\"ImageObject\",\"inLanguage\":\"es\",\"@id\":\"https:\\\/\\\/mont-roig.cat\\\/es\\\/juan-gallardo-alguero\\\/#primaryimage\",\"url\":\"http:\\\/\\\/mont-roig.cat\\\/wp-content\\\/uploads\\\/Juan-Gallardo.jpg\",\"contentUrl\":\"http:\\\/\\\/mont-roig.cat\\\/wp-content\\\/uploads\\\/Juan-Gallardo.jpg\"},{\"@type\":\"BreadcrumbList\",\"@id\":\"https:\\\/\\\/mont-roig.cat\\\/es\\\/juan-gallardo-alguero\\\/#breadcrumb\",\"itemListElement\":[{\"@type\":\"ListItem\",\"position\":1,\"name\":\"Inici\",\"item\":\"https:\\\/\\\/mont-roig.cat\\\/es\\\/pagina-de-inicio\\\/\"},{\"@type\":\"ListItem\",\"position\":2,\"name\":\"Juan Gallardo Alguer\u00f3\"}]},{\"@type\":\"WebSite\",\"@id\":\"https:\\\/\\\/mont-roig.cat\\\/es\\\/#website\",\"url\":\"https:\\\/\\\/mont-roig.cat\\\/es\\\/\",\"name\":\"Ajuntament de Mont-roig del Camp\",\"description\":\"Tota la informaci\u00f3 sobre la instituci\u00f3, els seus \u00f2rgans de govern, actualitat, serveis i molt m\u00e9s.\",\"potentialAction\":[{\"@type\":\"SearchAction\",\"target\":{\"@type\":\"EntryPoint\",\"urlTemplate\":\"https:\\\/\\\/mont-roig.cat\\\/es\\\/?s={search_term_string}\"},\"query-input\":{\"@type\":\"PropertyValueSpecification\",\"valueRequired\":true,\"valueName\":\"search_term_string\"}}],\"inLanguage\":\"es\"}]}<\/script>\n<!-- \/ Yoast SEO plugin. -->","yoast_head_json":{"title":"Juan Gallardo Alguer\u00f3 - Ajuntament de Mont-roig del Camp","robots":{"index":"index","follow":"follow","max-snippet":"max-snippet:-1","max-image-preview":"max-image-preview:large","max-video-preview":"max-video-preview:-1"},"canonical":"https:\/\/mont-roig.cat\/es\/juan-gallardo-alguero\/","og_locale":"es_ES","og_type":"article","og_title":"Juan Gallardo Alguer\u00f3 - Ajuntament de Mont-roig del Camp","og_description":"Juan Gallardo es Licenciado en Ciencias Empresariales y Master en Administraci\u00f3n y Direcci\u00f3n de Empresas por ESADE, licenciado en Derecho por la UNED, y Econom\u00eda del transporte y financiaci\u00f3n privada de infraestructuras por la UIMP. Es experto en estudios de infraestructuras, desarrollo local e impacto econ\u00f3mico de municipios. Actualmente, tiene una consultor\u00eda a trav\u00e9s de [&hellip;]","og_url":"https:\/\/mont-roig.cat\/es\/juan-gallardo-alguero\/","og_site_name":"Ajuntament de Mont-roig del Camp","article_modified_time":"2019-01-15T09:25:22+00:00","og_image":[{"url":"http:\/\/mont-roig.cat\/wp-content\/uploads\/Juan-Gallardo.jpg","type":"","width":"","height":""}],"twitter_card":"summary_large_image","twitter_misc":{"Tiempo de lectura":"1 minuto"},"schema":{"@context":"https:\/\/schema.org","@graph":[{"@type":"WebPage","@id":"https:\/\/mont-roig.cat\/es\/juan-gallardo-alguero\/","url":"https:\/\/mont-roig.cat\/es\/juan-gallardo-alguero\/","name":"Juan Gallardo Alguer\u00f3 - Ajuntament de Mont-roig del Camp","isPartOf":{"@id":"https:\/\/mont-roig.cat\/es\/#website"},"primaryImageOfPage":{"@id":"https:\/\/mont-roig.cat\/es\/juan-gallardo-alguero\/#primaryimage"},"image":{"@id":"https:\/\/mont-roig.cat\/es\/juan-gallardo-alguero\/#primaryimage"},"thumbnailUrl":"http:\/\/mont-roig.cat\/wp-content\/uploads\/Juan-Gallardo.jpg","datePublished":"2016-02-18T09:33:24+00:00","dateModified":"2019-01-15T09:25:22+00:00","breadcrumb":{"@id":"https:\/\/mont-roig.cat\/es\/juan-gallardo-alguero\/#breadcrumb"},"inLanguage":"es","potentialAction":[{"@type":"ReadAction","target":["https:\/\/mont-roig.cat\/es\/juan-gallardo-alguero\/"]}]},{"@type":"ImageObject","inLanguage":"es","@id":"https:\/\/mont-roig.cat\/es\/juan-gallardo-alguero\/#primaryimage","url":"http:\/\/mont-roig.cat\/wp-content\/uploads\/Juan-Gallardo.jpg","contentUrl":"http:\/\/mont-roig.cat\/wp-content\/uploads\/Juan-Gallardo.jpg"},{"@type":"BreadcrumbList","@id":"https:\/\/mont-roig.cat\/es\/juan-gallardo-alguero\/#breadcrumb","itemListElement":[{"@type":"ListItem","position":1,"name":"Inici","item":"https:\/\/mont-roig.cat\/es\/pagina-de-inicio\/"},{"@type":"ListItem","position":2,"name":"Juan Gallardo Alguer\u00f3"}]},{"@type":"WebSite","@id":"https:\/\/mont-roig.cat\/es\/#website","url":"https:\/\/mont-roig.cat\/es\/","name":"Ajuntament de Mont-roig del Camp","description":"Tota la informaci\u00f3 sobre la instituci\u00f3, els seus \u00f2rgans de govern, actualitat, serveis i molt m\u00e9s.","potentialAction":[{"@type":"SearchAction","target":{"@type":"EntryPoint","urlTemplate":"https:\/\/mont-roig.cat\/es\/?s={search_term_string}"},"query-input":{"@type":"PropertyValueSpecification","valueRequired":true,"valueName":"search_term_string"}}],"inLanguage":"es"}]}},"_links":{"self":[{"href":"https:\/\/mont-roig.cat\/es\/wp-json\/wp\/v2\/pages\/9474","targetHints":{"allow":["GET"]}}],"collection":[{"href":"https:\/\/mont-roig.cat\/es\/wp-json\/wp\/v2\/pages"}],"about":[{"href":"https:\/\/mont-roig.cat\/es\/wp-json\/wp\/v2\/types\/page"}],"author":[{"embeddable":true,"href":"https:\/\/mont-roig.cat\/es\/wp-json\/wp\/v2\/users\/4"}],"replies":[{"embeddable":true,"href":"https:\/\/mont-roig.cat\/es\/wp-json\/wp\/v2\/comments?post=9474"}],"version-history":[{"count":5,"href":"https:\/\/mont-roig.cat\/es\/wp-json\/wp\/v2\/pages\/9474\/revisions"}],"predecessor-version":[{"id":33327,"href":"https:\/\/mont-roig.cat\/es\/wp-json\/wp\/v2\/pages\/9474\/revisions\/33327"}],"wp:attachment":[{"href":"https:\/\/mont-roig.cat\/es\/wp-json\/wp\/v2\/media?parent=9474"}],"curies":[{"name":"wp","href":"https:\/\/api.w.org\/{rel}","templated":true}]}}