{"id":9478,"date":"2016-02-18T10:51:31","date_gmt":"2016-02-18T09:51:31","guid":{"rendered":"http:\/\/mont-roig.cat\/es\/manuel-andreu-ruiz\/"},"modified":"2016-02-26T17:50:17","modified_gmt":"2016-02-26T16:50:17","slug":"manuel-andreu-ruiz","status":"publish","type":"page","link":"https:\/\/mont-roig.cat\/es\/manuel-andreu-ruiz\/","title":{"rendered":"Manuel Andreu Ruiz."},"content":{"rendered":"<p>Manuel Andreu naci\u00f3 en la provincia de Alicante, y lleg\u00f3 a Mont- roig del Camp en 1991. Es m\u00e9dico desde hace 35 a\u00f1os, y actualmente ejerce como especialista en salud p\u00fablica en Mont-roig del Camp. En las anteriores elecciones municipales ya apoy\u00f3 la lista de CIU, ocupando el cargo de concejal de Salud P\u00fablica. Y en esta ocasi\u00f3n forma parte del consistorio como cargo electo de la oposici\u00f3n, tambi\u00e9n como representante de CIU.<\/p>\n","protected":false},"excerpt":{"rendered":"<p>Manuel Andreu naci\u00f3 en la provincia de Alicante, y lleg\u00f3 a Mont- roig del Camp en 1991. Es m\u00e9dico desde hace 35 a\u00f1os, y actualmente ejerce como especialista en salud p\u00fablica en Mont-roig del Camp. En las anteriores elecciones municipales ya apoy\u00f3 la lista de CIU, ocupando el cargo de concejal de Salud P\u00fablica. Y [&hellip;]<\/p>\n","protected":false},"author":4,"featured_media":0,"parent":0,"menu_order":0,"comment_status":"closed","ping_status":"closed","template":"","meta":{"inline_featured_image":false,"_monsterinsights_skip_tracking":false,"_monsterinsights_sitenote_active":false,"_monsterinsights_sitenote_note":"","_monsterinsights_sitenote_category":0,"footnotes":""},"class_list":["post-9478","page","type-page","status-publish","hentry"],"yoast_head":"<!-- This site is optimized with the Yoast SEO plugin v27.1.1 - https:\/\/yoast.com\/product\/yoast-seo-wordpress\/ -->\n<title>Manuel Andreu Ruiz. - Ajuntament de Mont-roig del Camp<\/title>\n<meta name=\"robots\" content=\"index, follow, max-snippet:-1, max-image-preview:large, max-video-preview:-1\" \/>\n<link rel=\"canonical\" href=\"https:\/\/mont-roig.cat\/es\/manuel-andreu-ruiz\/\" \/>\n<meta property=\"og:locale\" content=\"es_ES\" \/>\n<meta property=\"og:type\" content=\"article\" \/>\n<meta property=\"og:title\" content=\"Manuel Andreu Ruiz. - Ajuntament de Mont-roig del Camp\" \/>\n<meta property=\"og:description\" content=\"Manuel Andreu naci\u00f3 en la provincia de Alicante, y lleg\u00f3 a Mont- roig del Camp en 1991. Es m\u00e9dico desde hace 35 a\u00f1os, y actualmente ejerce como especialista en salud p\u00fablica en Mont-roig del Camp. En las anteriores elecciones municipales ya apoy\u00f3 la lista de CIU, ocupando el cargo de concejal de Salud P\u00fablica. Y [&hellip;]\" \/>\n<meta property=\"og:url\" content=\"https:\/\/mont-roig.cat\/es\/manuel-andreu-ruiz\/\" \/>\n<meta property=\"og:site_name\" content=\"Ajuntament de Mont-roig del Camp\" \/>\n<meta property=\"article:modified_time\" content=\"2016-02-26T16:50:17+00:00\" \/>\n<meta property=\"og:image\" content=\"https:\/\/mont-roig.cat\/wp-content\/uploads\/aj-mont-roig-2.jpg\" \/>\n\t<meta property=\"og:image:width\" content=\"1200\" \/>\n\t<meta property=\"og:image:height\" content=\"600\" \/>\n\t<meta property=\"og:image:type\" content=\"image\/jpeg\" \/>\n<meta name=\"twitter:card\" content=\"summary_large_image\" \/>\n<script type=\"application\/ld+json\" class=\"yoast-schema-graph\">{\"@context\":\"https:\/\/schema.org\",\"@graph\":[{\"@type\":\"WebPage\",\"@id\":\"https:\/\/mont-roig.cat\/es\/manuel-andreu-ruiz\/\",\"url\":\"https:\/\/mont-roig.cat\/es\/manuel-andreu-ruiz\/\",\"name\":\"Manuel Andreu Ruiz. - Ajuntament de Mont-roig del Camp\",\"isPartOf\":{\"@id\":\"https:\/\/mont-roig.cat\/es\/#website\"},\"datePublished\":\"2016-02-18T09:51:31+00:00\",\"dateModified\":\"2016-02-26T16:50:17+00:00\",\"breadcrumb\":{\"@id\":\"https:\/\/mont-roig.cat\/es\/manuel-andreu-ruiz\/#breadcrumb\"},\"inLanguage\":\"es\",\"potentialAction\":[{\"@type\":\"ReadAction\",\"target\":[\"https:\/\/mont-roig.cat\/es\/manuel-andreu-ruiz\/\"]}]},{\"@type\":\"BreadcrumbList\",\"@id\":\"https:\/\/mont-roig.cat\/es\/manuel-andreu-ruiz\/#breadcrumb\",\"itemListElement\":[{\"@type\":\"ListItem\",\"position\":1,\"name\":\"Inici\",\"item\":\"https:\/\/mont-roig.cat\/es\/pagina-de-inicio\/\"},{\"@type\":\"ListItem\",\"position\":2,\"name\":\"Manuel Andreu Ruiz.\"}]},{\"@type\":\"WebSite\",\"@id\":\"https:\/\/mont-roig.cat\/es\/#website\",\"url\":\"https:\/\/mont-roig.cat\/es\/\",\"name\":\"Ajuntament de Mont-roig del Camp\",\"description\":\"Tota la informaci\u00f3 sobre la instituci\u00f3, els seus \u00f2rgans de govern, actualitat, serveis i molt m\u00e9s.\",\"potentialAction\":[{\"@type\":\"SearchAction\",\"target\":{\"@type\":\"EntryPoint\",\"urlTemplate\":\"https:\/\/mont-roig.cat\/es\/?s={search_term_string}\"},\"query-input\":{\"@type\":\"PropertyValueSpecification\",\"valueRequired\":true,\"valueName\":\"search_term_string\"}}],\"inLanguage\":\"es\"}]}<\/script>\n<!-- \/ Yoast SEO plugin. -->","yoast_head_json":{"title":"Manuel Andreu Ruiz. - Ajuntament de Mont-roig del Camp","robots":{"index":"index","follow":"follow","max-snippet":"max-snippet:-1","max-image-preview":"max-image-preview:large","max-video-preview":"max-video-preview:-1"},"canonical":"https:\/\/mont-roig.cat\/es\/manuel-andreu-ruiz\/","og_locale":"es_ES","og_type":"article","og_title":"Manuel Andreu Ruiz. - Ajuntament de Mont-roig del Camp","og_description":"Manuel Andreu naci\u00f3 en la provincia de Alicante, y lleg\u00f3 a Mont- roig del Camp en 1991. Es m\u00e9dico desde hace 35 a\u00f1os, y actualmente ejerce como especialista en salud p\u00fablica en Mont-roig del Camp. En las anteriores elecciones municipales ya apoy\u00f3 la lista de CIU, ocupando el cargo de concejal de Salud P\u00fablica. Y [&hellip;]","og_url":"https:\/\/mont-roig.cat\/es\/manuel-andreu-ruiz\/","og_site_name":"Ajuntament de Mont-roig del Camp","article_modified_time":"2016-02-26T16:50:17+00:00","og_image":[{"width":1200,"height":600,"url":"https:\/\/mont-roig.cat\/wp-content\/uploads\/aj-mont-roig-2.jpg","type":"image\/jpeg"}],"twitter_card":"summary_large_image","schema":{"@context":"https:\/\/schema.org","@graph":[{"@type":"WebPage","@id":"https:\/\/mont-roig.cat\/es\/manuel-andreu-ruiz\/","url":"https:\/\/mont-roig.cat\/es\/manuel-andreu-ruiz\/","name":"Manuel Andreu Ruiz. - Ajuntament de Mont-roig del Camp","isPartOf":{"@id":"https:\/\/mont-roig.cat\/es\/#website"},"datePublished":"2016-02-18T09:51:31+00:00","dateModified":"2016-02-26T16:50:17+00:00","breadcrumb":{"@id":"https:\/\/mont-roig.cat\/es\/manuel-andreu-ruiz\/#breadcrumb"},"inLanguage":"es","potentialAction":[{"@type":"ReadAction","target":["https:\/\/mont-roig.cat\/es\/manuel-andreu-ruiz\/"]}]},{"@type":"BreadcrumbList","@id":"https:\/\/mont-roig.cat\/es\/manuel-andreu-ruiz\/#breadcrumb","itemListElement":[{"@type":"ListItem","position":1,"name":"Inici","item":"https:\/\/mont-roig.cat\/es\/pagina-de-inicio\/"},{"@type":"ListItem","position":2,"name":"Manuel Andreu Ruiz."}]},{"@type":"WebSite","@id":"https:\/\/mont-roig.cat\/es\/#website","url":"https:\/\/mont-roig.cat\/es\/","name":"Ajuntament de Mont-roig del Camp","description":"Tota la informaci\u00f3 sobre la instituci\u00f3, els seus \u00f2rgans de govern, actualitat, serveis i molt m\u00e9s.","potentialAction":[{"@type":"SearchAction","target":{"@type":"EntryPoint","urlTemplate":"https:\/\/mont-roig.cat\/es\/?s={search_term_string}"},"query-input":{"@type":"PropertyValueSpecification","valueRequired":true,"valueName":"search_term_string"}}],"inLanguage":"es"}]}},"_links":{"self":[{"href":"https:\/\/mont-roig.cat\/es\/wp-json\/wp\/v2\/pages\/9478","targetHints":{"allow":["GET"]}}],"collection":[{"href":"https:\/\/mont-roig.cat\/es\/wp-json\/wp\/v2\/pages"}],"about":[{"href":"https:\/\/mont-roig.cat\/es\/wp-json\/wp\/v2\/types\/page"}],"author":[{"embeddable":true,"href":"https:\/\/mont-roig.cat\/es\/wp-json\/wp\/v2\/users\/4"}],"replies":[{"embeddable":true,"href":"https:\/\/mont-roig.cat\/es\/wp-json\/wp\/v2\/comments?post=9478"}],"version-history":[{"count":0,"href":"https:\/\/mont-roig.cat\/es\/wp-json\/wp\/v2\/pages\/9478\/revisions"}],"wp:attachment":[{"href":"https:\/\/mont-roig.cat\/es\/wp-json\/wp\/v2\/media?parent=9478"}],"curies":[{"name":"wp","href":"https:\/\/api.w.org\/{rel}","templated":true}]}}