{"id":9491,"date":"2016-02-18T10:40:08","date_gmt":"2016-02-18T09:40:08","guid":{"rendered":"http:\/\/mont-roig.cat\/es\/nuria-esquius-sanchez\/"},"modified":"2019-01-15T12:21:21","modified_gmt":"2019-01-15T11:21:21","slug":"nuria-esquius-sanchez","status":"publish","type":"page","link":"https:\/\/mont-roig.cat\/es\/nuria-esquius-sanchez\/","title":{"rendered":"N\u00faria Esquius S\u00e1nchez"},"content":{"rendered":"<p style=\"text-align: justify;\"><a href=\"http:\/\/mont-roig.cat\/wp-content\/uploads\/foto_n_0-1.jpg\"><img loading=\"lazy\" decoding=\"async\" class=\" wp-image-15227 alignright\" src=\"http:\/\/mont-roig.cat\/wp-content\/uploads\/foto_n_0-1-500x332.jpg\" alt=\"\" width=\"300\" height=\"199\" srcset=\"https:\/\/mont-roig.cat\/wp-content\/uploads\/foto_n_0-1-500x332.jpg 500w, https:\/\/mont-roig.cat\/wp-content\/uploads\/foto_n_0-1-768x511.jpg 768w, https:\/\/mont-roig.cat\/wp-content\/uploads\/foto_n_0-1-1024x681.jpg 1024w, https:\/\/mont-roig.cat\/wp-content\/uploads\/foto_n_0-1.jpg 1280w\" sizes=\"auto, (max-width: 300px) 100vw, 300px\" \/><\/a><span class=\"tlid-translation translation\"><span title=\"\">N\u00faria<\/span> <span title=\"\">Esquius<\/span> <span title=\"\">es arquitecta<\/span> <span title=\"\">y tiene<\/span> <span title=\"\">despacho<\/span> <span title=\"\">en el municipio<\/span> <span title=\"\">desde 1999<\/span> <span title=\"\">en Miami<\/span> <span title=\"\">Platja<\/span><span title=\"\">.<\/span> <span title=\"\">Se<\/span> <span title=\"\">form\u00f3<\/span> <span title=\"\">en Barcelona<\/span><span title=\"\">, en la Escuela<\/span> <span title=\"\">T\u00e9cnica Superior<\/span> <span class=\"\" title=\"\">de Arquitectura<\/span> <span title=\"\">de la UPC<\/span> <span title=\"\">compaginando<\/span> <span title=\"\">la carrera<\/span> <span title=\"\">con el trabajo<\/span> <span title=\"\">en varios<\/span> <span class=\"\" title=\"\">despachos<\/span> <span title=\"\">t\u00e9cnicos.<\/span> <span title=\"\">Por otra parte,<\/span> <span title=\"\">es<\/span> <span title=\"\">cantante<\/span> <span title=\"\">l\u00edrica<\/span><span title=\"\">,<\/span> <span title=\"\">estudi\u00f3<\/span> <span class=\"\" title=\"\">en el Conservatorio<\/span> <span title=\"\">Superior<\/span> <span title=\"\">Municipal de M\u00fasica<\/span> <span title=\"\">de Barcelona y<\/span> <span title=\"\">se<\/span> <span class=\"\" title=\"\">dedica<\/span> <span title=\"\">de forma<\/span> <span title=\"\">profesional.<\/span> <span title=\"\">Entre otras<\/span> <span title=\"\">form\u00f3<\/span> <span title=\"\">parte<\/span> <span title=\"\">de la compa\u00f1\u00eda<\/span> <span class=\"\" title=\"\">Dagoll<\/span> <span class=\"\" title=\"\">Dagom<\/span><span title=\"\">.<\/span> <span title=\"\">Hija<\/span> <span title=\"\">del pueblo<\/span><span title=\"\">, su<\/span> <span title=\"\">familia tiene<\/span> <span title=\"\">una<\/span> <span title=\"\">vinculaci\u00f3n<\/span> <span title=\"\">hist\u00f3rica<\/span> <span class=\"\" title=\"\">con el municipio<\/span> <span title=\"\">dado que su<\/span> <span title=\"\">abuelo<\/span> <span title=\"\">promovi\u00f3<\/span> <span title=\"\">el inicio<\/span> <span title=\"\">del n\u00facleo<\/span> <span class=\"\" title=\"\">urbano<\/span> <span title=\"\">de<\/span> <span title=\"\">Miami<\/span> <span title=\"\">Platja<\/span><span title=\"\">.<\/span> <span title=\"\">Es la primera vez<\/span> <span title=\"\">que<\/span> <span title=\"\">entra<\/span> <span title=\"\">en pol\u00edtica<\/span> <span class=\"\" title=\"\">y actualmente<\/span><span title=\"\">,<\/span> <span title=\"\">forma parte<\/span> <span title=\"\">del Equipo<\/span> <span title=\"\">de Gobierno<\/span> <span title=\"\">como concejala<\/span> <span class=\"\" title=\"\">de cultura<\/span><span title=\"\">, pol\u00edticas<\/span> <span title=\"\">de igualdad<\/span> <span title=\"\">y de las<\/span> <span title=\"\">mujeres<\/span> <span title=\"\">y personas mayores<\/span><\/span>.<\/p>\n","protected":false},"excerpt":{"rendered":"<p>N\u00faria Esquius es arquitecta y tiene despacho en el municipio desde 1999 en Miami Platja. Se form\u00f3 en Barcelona, en la Escuela T\u00e9cnica Superior de Arquitectura de la UPC compaginando la carrera con el trabajo en varios despachos t\u00e9cnicos. Por otra parte, es cantante l\u00edrica, estudi\u00f3 en el Conservatorio Superior Municipal de M\u00fasica de Barcelona [&hellip;]<\/p>\n","protected":false},"author":4,"featured_media":0,"parent":0,"menu_order":0,"comment_status":"closed","ping_status":"closed","template":"","meta":{"inline_featured_image":false,"_monsterinsights_skip_tracking":false,"_monsterinsights_sitenote_active":false,"_monsterinsights_sitenote_note":"","_monsterinsights_sitenote_category":0,"footnotes":""},"class_list":["post-9491","page","type-page","status-publish","hentry"],"yoast_head":"<!-- This site is optimized with the Yoast SEO plugin v27.1.1 - https:\/\/yoast.com\/product\/yoast-seo-wordpress\/ -->\n<title>N\u00faria Esquius S\u00e1nchez - Ajuntament de Mont-roig del Camp<\/title>\n<meta name=\"robots\" content=\"index, follow, max-snippet:-1, max-image-preview:large, max-video-preview:-1\" \/>\n<link rel=\"canonical\" href=\"https:\/\/mont-roig.cat\/es\/nuria-esquius-sanchez\/\" \/>\n<meta property=\"og:locale\" content=\"es_ES\" \/>\n<meta property=\"og:type\" content=\"article\" \/>\n<meta property=\"og:title\" content=\"N\u00faria Esquius S\u00e1nchez - Ajuntament de Mont-roig del Camp\" \/>\n<meta property=\"og:description\" content=\"N\u00faria Esquius es arquitecta y tiene despacho en el municipio desde 1999 en Miami Platja. Se form\u00f3 en Barcelona, en la Escuela T\u00e9cnica Superior de Arquitectura de la UPC compaginando la carrera con el trabajo en varios despachos t\u00e9cnicos. Por otra parte, es cantante l\u00edrica, estudi\u00f3 en el Conservatorio Superior Municipal de M\u00fasica de Barcelona [&hellip;]\" \/>\n<meta property=\"og:url\" content=\"https:\/\/mont-roig.cat\/es\/nuria-esquius-sanchez\/\" \/>\n<meta property=\"og:site_name\" content=\"Ajuntament de Mont-roig del Camp\" \/>\n<meta property=\"article:modified_time\" content=\"2019-01-15T11:21:21+00:00\" \/>\n<meta property=\"og:image\" content=\"http:\/\/mont-roig.cat\/wp-content\/uploads\/foto_n_0-1-500x332.jpg\" \/>\n<meta name=\"twitter:card\" content=\"summary_large_image\" \/>\n<meta name=\"twitter:label1\" content=\"Tiempo de lectura\" \/>\n\t<meta name=\"twitter:data1\" content=\"1 minuto\" \/>\n<script type=\"application\/ld+json\" class=\"yoast-schema-graph\">{\"@context\":\"https:\/\/schema.org\",\"@graph\":[{\"@type\":\"WebPage\",\"@id\":\"https:\/\/mont-roig.cat\/es\/nuria-esquius-sanchez\/\",\"url\":\"https:\/\/mont-roig.cat\/es\/nuria-esquius-sanchez\/\",\"name\":\"N\u00faria Esquius S\u00e1nchez - Ajuntament de Mont-roig del Camp\",\"isPartOf\":{\"@id\":\"https:\/\/mont-roig.cat\/es\/#website\"},\"primaryImageOfPage\":{\"@id\":\"https:\/\/mont-roig.cat\/es\/nuria-esquius-sanchez\/#primaryimage\"},\"image\":{\"@id\":\"https:\/\/mont-roig.cat\/es\/nuria-esquius-sanchez\/#primaryimage\"},\"thumbnailUrl\":\"http:\/\/mont-roig.cat\/wp-content\/uploads\/foto_n_0-1-500x332.jpg\",\"datePublished\":\"2016-02-18T09:40:08+00:00\",\"dateModified\":\"2019-01-15T11:21:21+00:00\",\"breadcrumb\":{\"@id\":\"https:\/\/mont-roig.cat\/es\/nuria-esquius-sanchez\/#breadcrumb\"},\"inLanguage\":\"es\",\"potentialAction\":[{\"@type\":\"ReadAction\",\"target\":[\"https:\/\/mont-roig.cat\/es\/nuria-esquius-sanchez\/\"]}]},{\"@type\":\"ImageObject\",\"inLanguage\":\"es\",\"@id\":\"https:\/\/mont-roig.cat\/es\/nuria-esquius-sanchez\/#primaryimage\",\"url\":\"http:\/\/mont-roig.cat\/wp-content\/uploads\/foto_n_0-1-500x332.jpg\",\"contentUrl\":\"http:\/\/mont-roig.cat\/wp-content\/uploads\/foto_n_0-1-500x332.jpg\"},{\"@type\":\"BreadcrumbList\",\"@id\":\"https:\/\/mont-roig.cat\/es\/nuria-esquius-sanchez\/#breadcrumb\",\"itemListElement\":[{\"@type\":\"ListItem\",\"position\":1,\"name\":\"Inici\",\"item\":\"https:\/\/mont-roig.cat\/es\/pagina-de-inicio\/\"},{\"@type\":\"ListItem\",\"position\":2,\"name\":\"N\u00faria Esquius S\u00e1nchez\"}]},{\"@type\":\"WebSite\",\"@id\":\"https:\/\/mont-roig.cat\/es\/#website\",\"url\":\"https:\/\/mont-roig.cat\/es\/\",\"name\":\"Ajuntament de Mont-roig del Camp\",\"description\":\"Tota la informaci\u00f3 sobre la instituci\u00f3, els seus \u00f2rgans de govern, actualitat, serveis i molt m\u00e9s.\",\"potentialAction\":[{\"@type\":\"SearchAction\",\"target\":{\"@type\":\"EntryPoint\",\"urlTemplate\":\"https:\/\/mont-roig.cat\/es\/?s={search_term_string}\"},\"query-input\":{\"@type\":\"PropertyValueSpecification\",\"valueRequired\":true,\"valueName\":\"search_term_string\"}}],\"inLanguage\":\"es\"}]}<\/script>\n<!-- \/ Yoast SEO plugin. -->","yoast_head_json":{"title":"N\u00faria Esquius S\u00e1nchez - Ajuntament de Mont-roig del Camp","robots":{"index":"index","follow":"follow","max-snippet":"max-snippet:-1","max-image-preview":"max-image-preview:large","max-video-preview":"max-video-preview:-1"},"canonical":"https:\/\/mont-roig.cat\/es\/nuria-esquius-sanchez\/","og_locale":"es_ES","og_type":"article","og_title":"N\u00faria Esquius S\u00e1nchez - Ajuntament de Mont-roig del Camp","og_description":"N\u00faria Esquius es arquitecta y tiene despacho en el municipio desde 1999 en Miami Platja. Se form\u00f3 en Barcelona, en la Escuela T\u00e9cnica Superior de Arquitectura de la UPC compaginando la carrera con el trabajo en varios despachos t\u00e9cnicos. Por otra parte, es cantante l\u00edrica, estudi\u00f3 en el Conservatorio Superior Municipal de M\u00fasica de Barcelona [&hellip;]","og_url":"https:\/\/mont-roig.cat\/es\/nuria-esquius-sanchez\/","og_site_name":"Ajuntament de Mont-roig del Camp","article_modified_time":"2019-01-15T11:21:21+00:00","og_image":[{"url":"http:\/\/mont-roig.cat\/wp-content\/uploads\/foto_n_0-1-500x332.jpg","type":"","width":"","height":""}],"twitter_card":"summary_large_image","twitter_misc":{"Tiempo de lectura":"1 minuto"},"schema":{"@context":"https:\/\/schema.org","@graph":[{"@type":"WebPage","@id":"https:\/\/mont-roig.cat\/es\/nuria-esquius-sanchez\/","url":"https:\/\/mont-roig.cat\/es\/nuria-esquius-sanchez\/","name":"N\u00faria Esquius S\u00e1nchez - Ajuntament de Mont-roig del Camp","isPartOf":{"@id":"https:\/\/mont-roig.cat\/es\/#website"},"primaryImageOfPage":{"@id":"https:\/\/mont-roig.cat\/es\/nuria-esquius-sanchez\/#primaryimage"},"image":{"@id":"https:\/\/mont-roig.cat\/es\/nuria-esquius-sanchez\/#primaryimage"},"thumbnailUrl":"http:\/\/mont-roig.cat\/wp-content\/uploads\/foto_n_0-1-500x332.jpg","datePublished":"2016-02-18T09:40:08+00:00","dateModified":"2019-01-15T11:21:21+00:00","breadcrumb":{"@id":"https:\/\/mont-roig.cat\/es\/nuria-esquius-sanchez\/#breadcrumb"},"inLanguage":"es","potentialAction":[{"@type":"ReadAction","target":["https:\/\/mont-roig.cat\/es\/nuria-esquius-sanchez\/"]}]},{"@type":"ImageObject","inLanguage":"es","@id":"https:\/\/mont-roig.cat\/es\/nuria-esquius-sanchez\/#primaryimage","url":"http:\/\/mont-roig.cat\/wp-content\/uploads\/foto_n_0-1-500x332.jpg","contentUrl":"http:\/\/mont-roig.cat\/wp-content\/uploads\/foto_n_0-1-500x332.jpg"},{"@type":"BreadcrumbList","@id":"https:\/\/mont-roig.cat\/es\/nuria-esquius-sanchez\/#breadcrumb","itemListElement":[{"@type":"ListItem","position":1,"name":"Inici","item":"https:\/\/mont-roig.cat\/es\/pagina-de-inicio\/"},{"@type":"ListItem","position":2,"name":"N\u00faria Esquius S\u00e1nchez"}]},{"@type":"WebSite","@id":"https:\/\/mont-roig.cat\/es\/#website","url":"https:\/\/mont-roig.cat\/es\/","name":"Ajuntament de Mont-roig del Camp","description":"Tota la informaci\u00f3 sobre la instituci\u00f3, els seus \u00f2rgans de govern, actualitat, serveis i molt m\u00e9s.","potentialAction":[{"@type":"SearchAction","target":{"@type":"EntryPoint","urlTemplate":"https:\/\/mont-roig.cat\/es\/?s={search_term_string}"},"query-input":{"@type":"PropertyValueSpecification","valueRequired":true,"valueName":"search_term_string"}}],"inLanguage":"es"}]}},"_links":{"self":[{"href":"https:\/\/mont-roig.cat\/es\/wp-json\/wp\/v2\/pages\/9491","targetHints":{"allow":["GET"]}}],"collection":[{"href":"https:\/\/mont-roig.cat\/es\/wp-json\/wp\/v2\/pages"}],"about":[{"href":"https:\/\/mont-roig.cat\/es\/wp-json\/wp\/v2\/types\/page"}],"author":[{"embeddable":true,"href":"https:\/\/mont-roig.cat\/es\/wp-json\/wp\/v2\/users\/4"}],"replies":[{"embeddable":true,"href":"https:\/\/mont-roig.cat\/es\/wp-json\/wp\/v2\/comments?post=9491"}],"version-history":[{"count":2,"href":"https:\/\/mont-roig.cat\/es\/wp-json\/wp\/v2\/pages\/9491\/revisions"}],"predecessor-version":[{"id":33355,"href":"https:\/\/mont-roig.cat\/es\/wp-json\/wp\/v2\/pages\/9491\/revisions\/33355"}],"wp:attachment":[{"href":"https:\/\/mont-roig.cat\/es\/wp-json\/wp\/v2\/media?parent=9491"}],"curies":[{"name":"wp","href":"https:\/\/api.w.org\/{rel}","templated":true}]}}