{"id":9496,"date":"2016-02-18T10:44:23","date_gmt":"2016-02-18T09:44:23","guid":{"rendered":"http:\/\/mont-roig.cat\/es\/josep-maria-aragones-roca\/"},"modified":"2019-01-15T12:17:03","modified_gmt":"2019-01-15T11:17:03","slug":"josep-maria-aragones-roca","status":"publish","type":"page","link":"https:\/\/mont-roig.cat\/es\/josep-maria-aragones-roca\/","title":{"rendered":"Josep Maria Aragon\u00e8s Roca"},"content":{"rendered":"<p style=\"text-align: justify;\"><a href=\"http:\/\/mont-roig.cat\/wp-content\/uploads\/FIC_Josep-Maria-Aragone\u0300s-Roca.jpg\"><img loading=\"lazy\" decoding=\"async\" class=\"size-full wp-image-15223 alignright\" src=\"http:\/\/mont-roig.cat\/wp-content\/uploads\/FIC_Josep-Maria-Aragone\u0300s-Roca.jpg\" alt=\"\" width=\"200\" height=\"299\" \/><\/a><span class=\"tlid-translation translation\"><span title=\"\">Josep Maria<\/span> <span title=\"\">Aragon\u00e9s<\/span> <span title=\"\">fue<\/span> <span title=\"\">alcalde<\/span> <span title=\"\">del Ayuntamiento<\/span> <span title=\"\">de Mont-<\/span><span title=\"\">roig del Camp<\/span> <span title=\"\">desde<\/span> <span title=\"\">1979<\/span> <span title=\"\">hasta 1999.<\/span> <span title=\"\">Actualmente es<\/span> <span title=\"\">concejal<\/span> <span class=\"\" title=\"\">de la oposici\u00f3n<\/span> <span class=\"\" title=\"\">en representaci\u00f3n del<\/span> <span class=\"\" title=\"\">partido<\/span> <span class=\"\" title=\"\">pol\u00edtico<\/span> <span class=\"\" title=\"\">FIC<\/span><\/span>.<\/p>\n","protected":false},"excerpt":{"rendered":"<p>Josep Maria Aragon\u00e9s fue alcalde del Ayuntamiento de Mont-roig del Camp desde 1979 hasta 1999. Actualmente es concejal de la oposici\u00f3n en representaci\u00f3n del partido pol\u00edtico FIC.<\/p>\n","protected":false},"author":4,"featured_media":0,"parent":0,"menu_order":0,"comment_status":"closed","ping_status":"closed","template":"","meta":{"inline_featured_image":false,"_monsterinsights_skip_tracking":false,"_monsterinsights_sitenote_active":false,"_monsterinsights_sitenote_note":"","_monsterinsights_sitenote_category":0,"footnotes":""},"class_list":["post-9496","page","type-page","status-publish","hentry"],"yoast_head":"<!-- This site is optimized with the Yoast SEO plugin v27.4 - https:\/\/yoast.com\/product\/yoast-seo-wordpress\/ -->\n<title>Josep Maria Aragon\u00e8s Roca - Ajuntament de Mont-roig del Camp<\/title>\n<meta name=\"robots\" content=\"index, follow, max-snippet:-1, max-image-preview:large, max-video-preview:-1\" \/>\n<link rel=\"canonical\" href=\"https:\/\/mont-roig.cat\/es\/josep-maria-aragones-roca\/\" \/>\n<meta property=\"og:locale\" content=\"es_ES\" \/>\n<meta property=\"og:type\" content=\"article\" \/>\n<meta property=\"og:title\" content=\"Josep Maria Aragon\u00e8s Roca - Ajuntament de Mont-roig del Camp\" \/>\n<meta property=\"og:description\" content=\"Josep Maria Aragon\u00e9s fue alcalde del Ayuntamiento de Mont-roig del Camp desde 1979 hasta 1999. Actualmente es concejal de la oposici\u00f3n en representaci\u00f3n del partido pol\u00edtico FIC.\" \/>\n<meta property=\"og:url\" content=\"https:\/\/mont-roig.cat\/es\/josep-maria-aragones-roca\/\" \/>\n<meta property=\"og:site_name\" content=\"Ajuntament de Mont-roig del Camp\" \/>\n<meta property=\"article:modified_time\" content=\"2019-01-15T11:17:03+00:00\" \/>\n<meta property=\"og:image\" content=\"http:\/\/mont-roig.cat\/wp-content\/uploads\/FIC_Josep-Maria-Aragone\u0300s-Roca.jpg\" \/>\n<meta name=\"twitter:card\" content=\"summary_large_image\" \/>\n<script type=\"application\/ld+json\" class=\"yoast-schema-graph\">{\"@context\":\"https:\\\/\\\/schema.org\",\"@graph\":[{\"@type\":\"WebPage\",\"@id\":\"https:\\\/\\\/mont-roig.cat\\\/es\\\/josep-maria-aragones-roca\\\/\",\"url\":\"https:\\\/\\\/mont-roig.cat\\\/es\\\/josep-maria-aragones-roca\\\/\",\"name\":\"Josep Maria Aragon\u00e8s Roca - Ajuntament de Mont-roig del Camp\",\"isPartOf\":{\"@id\":\"https:\\\/\\\/mont-roig.cat\\\/es\\\/#website\"},\"datePublished\":\"2016-02-18T09:44:23+00:00\",\"dateModified\":\"2019-01-15T11:17:03+00:00\",\"breadcrumb\":{\"@id\":\"https:\\\/\\\/mont-roig.cat\\\/es\\\/josep-maria-aragones-roca\\\/#breadcrumb\"},\"inLanguage\":\"es\",\"potentialAction\":[{\"@type\":\"ReadAction\",\"target\":[\"https:\\\/\\\/mont-roig.cat\\\/es\\\/josep-maria-aragones-roca\\\/\"]}]},{\"@type\":\"BreadcrumbList\",\"@id\":\"https:\\\/\\\/mont-roig.cat\\\/es\\\/josep-maria-aragones-roca\\\/#breadcrumb\",\"itemListElement\":[{\"@type\":\"ListItem\",\"position\":1,\"name\":\"Inici\",\"item\":\"https:\\\/\\\/mont-roig.cat\\\/es\\\/pagina-de-inicio\\\/\"},{\"@type\":\"ListItem\",\"position\":2,\"name\":\"Josep Maria Aragon\u00e8s Roca\"}]},{\"@type\":\"WebSite\",\"@id\":\"https:\\\/\\\/mont-roig.cat\\\/es\\\/#website\",\"url\":\"https:\\\/\\\/mont-roig.cat\\\/es\\\/\",\"name\":\"Ajuntament de Mont-roig del Camp\",\"description\":\"Tota la informaci\u00f3 sobre la instituci\u00f3, els seus \u00f2rgans de govern, actualitat, serveis i molt m\u00e9s.\",\"potentialAction\":[{\"@type\":\"SearchAction\",\"target\":{\"@type\":\"EntryPoint\",\"urlTemplate\":\"https:\\\/\\\/mont-roig.cat\\\/es\\\/?s={search_term_string}\"},\"query-input\":{\"@type\":\"PropertyValueSpecification\",\"valueRequired\":true,\"valueName\":\"search_term_string\"}}],\"inLanguage\":\"es\"}]}<\/script>\n<!-- \/ Yoast SEO plugin. -->","yoast_head_json":{"title":"Josep Maria Aragon\u00e8s Roca - Ajuntament de Mont-roig del Camp","robots":{"index":"index","follow":"follow","max-snippet":"max-snippet:-1","max-image-preview":"max-image-preview:large","max-video-preview":"max-video-preview:-1"},"canonical":"https:\/\/mont-roig.cat\/es\/josep-maria-aragones-roca\/","og_locale":"es_ES","og_type":"article","og_title":"Josep Maria Aragon\u00e8s Roca - Ajuntament de Mont-roig del Camp","og_description":"Josep Maria Aragon\u00e9s fue alcalde del Ayuntamiento de Mont-roig del Camp desde 1979 hasta 1999. Actualmente es concejal de la oposici\u00f3n en representaci\u00f3n del partido pol\u00edtico FIC.","og_url":"https:\/\/mont-roig.cat\/es\/josep-maria-aragones-roca\/","og_site_name":"Ajuntament de Mont-roig del Camp","article_modified_time":"2019-01-15T11:17:03+00:00","og_image":[{"url":"http:\/\/mont-roig.cat\/wp-content\/uploads\/FIC_Josep-Maria-Aragone\u0300s-Roca.jpg","type":"","width":"","height":""}],"twitter_card":"summary_large_image","schema":{"@context":"https:\/\/schema.org","@graph":[{"@type":"WebPage","@id":"https:\/\/mont-roig.cat\/es\/josep-maria-aragones-roca\/","url":"https:\/\/mont-roig.cat\/es\/josep-maria-aragones-roca\/","name":"Josep Maria Aragon\u00e8s Roca - Ajuntament de Mont-roig del Camp","isPartOf":{"@id":"https:\/\/mont-roig.cat\/es\/#website"},"datePublished":"2016-02-18T09:44:23+00:00","dateModified":"2019-01-15T11:17:03+00:00","breadcrumb":{"@id":"https:\/\/mont-roig.cat\/es\/josep-maria-aragones-roca\/#breadcrumb"},"inLanguage":"es","potentialAction":[{"@type":"ReadAction","target":["https:\/\/mont-roig.cat\/es\/josep-maria-aragones-roca\/"]}]},{"@type":"BreadcrumbList","@id":"https:\/\/mont-roig.cat\/es\/josep-maria-aragones-roca\/#breadcrumb","itemListElement":[{"@type":"ListItem","position":1,"name":"Inici","item":"https:\/\/mont-roig.cat\/es\/pagina-de-inicio\/"},{"@type":"ListItem","position":2,"name":"Josep Maria Aragon\u00e8s Roca"}]},{"@type":"WebSite","@id":"https:\/\/mont-roig.cat\/es\/#website","url":"https:\/\/mont-roig.cat\/es\/","name":"Ajuntament de Mont-roig del Camp","description":"Tota la informaci\u00f3 sobre la instituci\u00f3, els seus \u00f2rgans de govern, actualitat, serveis i molt m\u00e9s.","potentialAction":[{"@type":"SearchAction","target":{"@type":"EntryPoint","urlTemplate":"https:\/\/mont-roig.cat\/es\/?s={search_term_string}"},"query-input":{"@type":"PropertyValueSpecification","valueRequired":true,"valueName":"search_term_string"}}],"inLanguage":"es"}]}},"_links":{"self":[{"href":"https:\/\/mont-roig.cat\/es\/wp-json\/wp\/v2\/pages\/9496","targetHints":{"allow":["GET"]}}],"collection":[{"href":"https:\/\/mont-roig.cat\/es\/wp-json\/wp\/v2\/pages"}],"about":[{"href":"https:\/\/mont-roig.cat\/es\/wp-json\/wp\/v2\/types\/page"}],"author":[{"embeddable":true,"href":"https:\/\/mont-roig.cat\/es\/wp-json\/wp\/v2\/users\/4"}],"replies":[{"embeddable":true,"href":"https:\/\/mont-roig.cat\/es\/wp-json\/wp\/v2\/comments?post=9496"}],"version-history":[{"count":1,"href":"https:\/\/mont-roig.cat\/es\/wp-json\/wp\/v2\/pages\/9496\/revisions"}],"predecessor-version":[{"id":33353,"href":"https:\/\/mont-roig.cat\/es\/wp-json\/wp\/v2\/pages\/9496\/revisions\/33353"}],"wp:attachment":[{"href":"https:\/\/mont-roig.cat\/es\/wp-json\/wp\/v2\/media?parent=9496"}],"curies":[{"name":"wp","href":"https:\/\/api.w.org\/{rel}","templated":true}]}}