{"id":9501,"date":"2016-02-26T18:06:15","date_gmt":"2016-02-26T17:06:15","guid":{"rendered":"http:\/\/mont-roig.cat\/es\/?page_id=9501"},"modified":"2025-10-30T11:53:27","modified_gmt":"2025-10-30T10:53:27","slug":"retribuciones-de-personal","status":"publish","type":"page","link":"https:\/\/mont-roig.cat\/es\/ayuntamiento\/funcionament\/recursos-humanos\/retribuciones-de-personal\/","title":{"rendered":"Retribuciones de personal"},"content":{"rendered":"<div class=\"wpb-content-wrapper\">[vc_row][vc_column][vc_column_text css=&#8221;&#8221;]\n<p style=\"text-align: justify;\">Las retribuciones del personal al servicio de este Ayuntamiento tendr\u00e1n la estructura legalmente establecida para la funci\u00f3n p\u00fablica, clasific\u00e1ndose en retribuciones b\u00e1sicas y retribuciones complementarias. Y se continuar\u00e1n aplicando los conceptos retributivos actualmente vigentes en los t\u00e9rminos que se indican en el documento adjunto.<\/p>\n<p><a href=\"https:\/\/seu-e.cat\/es\/web\/mont-roigdelcamp\/govern-obert-i-transparencia\/informacio-institucional-i-organitzativa\/empleats-publics\/retribucions-indemnitzacions-i-dietes-dels-empleats-publics\" target=\"_blank\" rel=\"noopener\">Retribuciones del personal<\/a>[\/vc_column_text][\/vc_column][\/vc_row]\n<\/div>","protected":false},"excerpt":{"rendered":"<p>[vc_row][vc_column][vc_column_text css=&#8221;&#8221;] Las retribuciones del personal al servicio de este Ayuntamiento tendr\u00e1n la estructura legalmente establecida para la funci\u00f3n p\u00fablica, clasific\u00e1ndose en retribuciones b\u00e1sicas y retribuciones complementarias. Y se continuar\u00e1n aplicando los conceptos retributivos actualmente vigentes en los t\u00e9rminos que se indican en el documento adjunto. Retribuciones del personal[\/vc_column_text][\/vc_column][\/vc_row]<\/p>\n","protected":false},"author":4,"featured_media":0,"parent":4328,"menu_order":0,"comment_status":"closed","ping_status":"closed","template":"","meta":{"inline_featured_image":false,"_monsterinsights_skip_tracking":false,"_monsterinsights_sitenote_active":false,"_monsterinsights_sitenote_note":"","_monsterinsights_sitenote_category":0,"footnotes":""},"class_list":["post-9501","page","type-page","status-publish","hentry"],"yoast_head":"<!-- This site is optimized with the Yoast SEO plugin v27.4 - https:\/\/yoast.com\/product\/yoast-seo-wordpress\/ -->\n<title>Retribuciones de personal - Ajuntament de Mont-roig del Camp<\/title>\n<meta name=\"robots\" content=\"index, follow, max-snippet:-1, max-image-preview:large, max-video-preview:-1\" \/>\n<link rel=\"canonical\" href=\"https:\/\/mont-roig.cat\/es\/ayuntamiento\/funcionament\/recursos-humanos\/retribuciones-de-personal\/\" \/>\n<meta property=\"og:locale\" content=\"es_ES\" \/>\n<meta property=\"og:type\" content=\"article\" \/>\n<meta property=\"og:title\" content=\"Retribuciones de personal - Ajuntament de Mont-roig del Camp\" \/>\n<meta property=\"og:description\" content=\"[vc_row][vc_column][vc_column_text css=&#8221;&#8221;] Las retribuciones del personal al servicio de este Ayuntamiento tendr\u00e1n la estructura legalmente establecida para la funci\u00f3n p\u00fablica, clasific\u00e1ndose en retribuciones b\u00e1sicas y retribuciones complementarias. Y se continuar\u00e1n aplicando los conceptos retributivos actualmente vigentes en los t\u00e9rminos que se indican en el documento adjunto. Retribuciones del personal[\/vc_column_text][\/vc_column][\/vc_row]\" \/>\n<meta property=\"og:url\" content=\"https:\/\/mont-roig.cat\/es\/ayuntamiento\/funcionament\/recursos-humanos\/retribuciones-de-personal\/\" \/>\n<meta property=\"og:site_name\" content=\"Ajuntament de Mont-roig del Camp\" \/>\n<meta property=\"article:modified_time\" content=\"2025-10-30T10:53:27+00:00\" \/>\n<meta property=\"og:image\" content=\"https:\/\/mont-roig.cat\/wp-content\/uploads\/aj-mont-roig-2.jpg\" \/>\n\t<meta property=\"og:image:width\" content=\"1200\" \/>\n\t<meta property=\"og:image:height\" content=\"600\" \/>\n\t<meta property=\"og:image:type\" content=\"image\/jpeg\" \/>\n<meta name=\"twitter:card\" content=\"summary_large_image\" \/>\n<meta name=\"twitter:label1\" content=\"Tiempo de lectura\" \/>\n\t<meta name=\"twitter:data1\" content=\"1 minuto\" \/>\n<script type=\"application\/ld+json\" class=\"yoast-schema-graph\">{\"@context\":\"https:\\\/\\\/schema.org\",\"@graph\":[{\"@type\":\"WebPage\",\"@id\":\"https:\\\/\\\/mont-roig.cat\\\/es\\\/ayuntamiento\\\/funcionament\\\/recursos-humanos\\\/retribuciones-de-personal\\\/\",\"url\":\"https:\\\/\\\/mont-roig.cat\\\/es\\\/ayuntamiento\\\/funcionament\\\/recursos-humanos\\\/retribuciones-de-personal\\\/\",\"name\":\"Retribuciones de personal - Ajuntament de Mont-roig del Camp\",\"isPartOf\":{\"@id\":\"https:\\\/\\\/mont-roig.cat\\\/es\\\/#website\"},\"datePublished\":\"2016-02-26T17:06:15+00:00\",\"dateModified\":\"2025-10-30T10:53:27+00:00\",\"breadcrumb\":{\"@id\":\"https:\\\/\\\/mont-roig.cat\\\/es\\\/ayuntamiento\\\/funcionament\\\/recursos-humanos\\\/retribuciones-de-personal\\\/#breadcrumb\"},\"inLanguage\":\"es\",\"potentialAction\":[{\"@type\":\"ReadAction\",\"target\":[\"https:\\\/\\\/mont-roig.cat\\\/es\\\/ayuntamiento\\\/funcionament\\\/recursos-humanos\\\/retribuciones-de-personal\\\/\"]}]},{\"@type\":\"BreadcrumbList\",\"@id\":\"https:\\\/\\\/mont-roig.cat\\\/es\\\/ayuntamiento\\\/funcionament\\\/recursos-humanos\\\/retribuciones-de-personal\\\/#breadcrumb\",\"itemListElement\":[{\"@type\":\"ListItem\",\"position\":1,\"name\":\"Inici\",\"item\":\"https:\\\/\\\/mont-roig.cat\\\/es\\\/pagina-de-inicio\\\/\"},{\"@type\":\"ListItem\",\"position\":2,\"name\":\"Ayuntamiento\",\"item\":\"https:\\\/\\\/mont-roig.cat\\\/es\\\/ayuntamiento\\\/\"},{\"@type\":\"ListItem\",\"position\":3,\"name\":\"Funcionamento\",\"item\":\"https:\\\/\\\/mont-roig.cat\\\/es\\\/ayuntamiento\\\/funcionament\\\/\"},{\"@type\":\"ListItem\",\"position\":4,\"name\":\"Recursos humanos\",\"item\":\"https:\\\/\\\/mont-roig.cat\\\/es\\\/ayuntamiento\\\/funcionament\\\/recursos-humanos\\\/\"},{\"@type\":\"ListItem\",\"position\":5,\"name\":\"Retribuciones de personal\"}]},{\"@type\":\"WebSite\",\"@id\":\"https:\\\/\\\/mont-roig.cat\\\/es\\\/#website\",\"url\":\"https:\\\/\\\/mont-roig.cat\\\/es\\\/\",\"name\":\"Ajuntament de Mont-roig del Camp\",\"description\":\"Tota la informaci\u00f3 sobre la instituci\u00f3, els seus \u00f2rgans de govern, actualitat, serveis i molt m\u00e9s.\",\"potentialAction\":[{\"@type\":\"SearchAction\",\"target\":{\"@type\":\"EntryPoint\",\"urlTemplate\":\"https:\\\/\\\/mont-roig.cat\\\/es\\\/?s={search_term_string}\"},\"query-input\":{\"@type\":\"PropertyValueSpecification\",\"valueRequired\":true,\"valueName\":\"search_term_string\"}}],\"inLanguage\":\"es\"}]}<\/script>\n<!-- \/ Yoast SEO plugin. -->","yoast_head_json":{"title":"Retribuciones de personal - Ajuntament de Mont-roig del Camp","robots":{"index":"index","follow":"follow","max-snippet":"max-snippet:-1","max-image-preview":"max-image-preview:large","max-video-preview":"max-video-preview:-1"},"canonical":"https:\/\/mont-roig.cat\/es\/ayuntamiento\/funcionament\/recursos-humanos\/retribuciones-de-personal\/","og_locale":"es_ES","og_type":"article","og_title":"Retribuciones de personal - Ajuntament de Mont-roig del Camp","og_description":"[vc_row][vc_column][vc_column_text css=&#8221;&#8221;] Las retribuciones del personal al servicio de este Ayuntamiento tendr\u00e1n la estructura legalmente establecida para la funci\u00f3n p\u00fablica, clasific\u00e1ndose en retribuciones b\u00e1sicas y retribuciones complementarias. Y se continuar\u00e1n aplicando los conceptos retributivos actualmente vigentes en los t\u00e9rminos que se indican en el documento adjunto. Retribuciones del personal[\/vc_column_text][\/vc_column][\/vc_row]","og_url":"https:\/\/mont-roig.cat\/es\/ayuntamiento\/funcionament\/recursos-humanos\/retribuciones-de-personal\/","og_site_name":"Ajuntament de Mont-roig del Camp","article_modified_time":"2025-10-30T10:53:27+00:00","og_image":[{"width":1200,"height":600,"url":"https:\/\/mont-roig.cat\/wp-content\/uploads\/aj-mont-roig-2.jpg","type":"image\/jpeg"}],"twitter_card":"summary_large_image","twitter_misc":{"Tiempo de lectura":"1 minuto"},"schema":{"@context":"https:\/\/schema.org","@graph":[{"@type":"WebPage","@id":"https:\/\/mont-roig.cat\/es\/ayuntamiento\/funcionament\/recursos-humanos\/retribuciones-de-personal\/","url":"https:\/\/mont-roig.cat\/es\/ayuntamiento\/funcionament\/recursos-humanos\/retribuciones-de-personal\/","name":"Retribuciones de personal - Ajuntament de Mont-roig del Camp","isPartOf":{"@id":"https:\/\/mont-roig.cat\/es\/#website"},"datePublished":"2016-02-26T17:06:15+00:00","dateModified":"2025-10-30T10:53:27+00:00","breadcrumb":{"@id":"https:\/\/mont-roig.cat\/es\/ayuntamiento\/funcionament\/recursos-humanos\/retribuciones-de-personal\/#breadcrumb"},"inLanguage":"es","potentialAction":[{"@type":"ReadAction","target":["https:\/\/mont-roig.cat\/es\/ayuntamiento\/funcionament\/recursos-humanos\/retribuciones-de-personal\/"]}]},{"@type":"BreadcrumbList","@id":"https:\/\/mont-roig.cat\/es\/ayuntamiento\/funcionament\/recursos-humanos\/retribuciones-de-personal\/#breadcrumb","itemListElement":[{"@type":"ListItem","position":1,"name":"Inici","item":"https:\/\/mont-roig.cat\/es\/pagina-de-inicio\/"},{"@type":"ListItem","position":2,"name":"Ayuntamiento","item":"https:\/\/mont-roig.cat\/es\/ayuntamiento\/"},{"@type":"ListItem","position":3,"name":"Funcionamento","item":"https:\/\/mont-roig.cat\/es\/ayuntamiento\/funcionament\/"},{"@type":"ListItem","position":4,"name":"Recursos humanos","item":"https:\/\/mont-roig.cat\/es\/ayuntamiento\/funcionament\/recursos-humanos\/"},{"@type":"ListItem","position":5,"name":"Retribuciones de personal"}]},{"@type":"WebSite","@id":"https:\/\/mont-roig.cat\/es\/#website","url":"https:\/\/mont-roig.cat\/es\/","name":"Ajuntament de Mont-roig del Camp","description":"Tota la informaci\u00f3 sobre la instituci\u00f3, els seus \u00f2rgans de govern, actualitat, serveis i molt m\u00e9s.","potentialAction":[{"@type":"SearchAction","target":{"@type":"EntryPoint","urlTemplate":"https:\/\/mont-roig.cat\/es\/?s={search_term_string}"},"query-input":{"@type":"PropertyValueSpecification","valueRequired":true,"valueName":"search_term_string"}}],"inLanguage":"es"}]}},"_links":{"self":[{"href":"https:\/\/mont-roig.cat\/es\/wp-json\/wp\/v2\/pages\/9501","targetHints":{"allow":["GET"]}}],"collection":[{"href":"https:\/\/mont-roig.cat\/es\/wp-json\/wp\/v2\/pages"}],"about":[{"href":"https:\/\/mont-roig.cat\/es\/wp-json\/wp\/v2\/types\/page"}],"author":[{"embeddable":true,"href":"https:\/\/mont-roig.cat\/es\/wp-json\/wp\/v2\/users\/4"}],"replies":[{"embeddable":true,"href":"https:\/\/mont-roig.cat\/es\/wp-json\/wp\/v2\/comments?post=9501"}],"version-history":[{"count":4,"href":"https:\/\/mont-roig.cat\/es\/wp-json\/wp\/v2\/pages\/9501\/revisions"}],"predecessor-version":[{"id":86386,"href":"https:\/\/mont-roig.cat\/es\/wp-json\/wp\/v2\/pages\/9501\/revisions\/86386"}],"up":[{"embeddable":true,"href":"https:\/\/mont-roig.cat\/es\/wp-json\/wp\/v2\/pages\/4328"}],"wp:attachment":[{"href":"https:\/\/mont-roig.cat\/es\/wp-json\/wp\/v2\/media?parent=9501"}],"curies":[{"name":"wp","href":"https:\/\/api.w.org\/{rel}","templated":true}]}}