{"id":9506,"date":"2016-02-26T18:15:28","date_gmt":"2016-02-26T17:15:28","guid":{"rendered":"http:\/\/mont-roig.cat\/es\/?page_id=9506"},"modified":"2026-02-16T11:03:42","modified_gmt":"2026-02-16T10:03:42","slug":"convenios-colectivos-y-organos-sindicales","status":"publish","type":"page","link":"https:\/\/mont-roig.cat\/es\/ayuntamiento\/funcionament\/recursos-humanos\/convenios-colectivos-y-organos-sindicales\/","title":{"rendered":"Convenios colectivos y \u00f3rganos sindicales"},"content":{"rendered":"<div class=\"wpb-content-wrapper\">[vc_row][vc_column][vc_column_text css=&#8221;&#8221;]\n<p style=\"text-align: justify;\">La Junta de Personal es el \u00f3rgano que representa los derechos, deberes y obligaciones del personal funcionario del Ayuntamiento, que se constituye en todos los ayuntamientos que tengan como m\u00ednimo 50 funcionarios.<\/p>\n<p style=\"text-align: justify;\">Sus miembros se eligen cada 4 a\u00f1os, mediante la presentaci\u00f3n de listas y votaciones por parte de todo el personal funcionario del Ayuntamiento.<\/p>\n<p style=\"text-align: justify;\">En el Ayuntamiento de Mont-roig del Camp, la Junta se encuentra integrada por 9 miembros, que gozan mensualmente cada uno de ellos de un cr\u00e9dito horario para realizar funciones sindicales con un m\u00e1ximo de 15 horas.<\/p>\n<p style=\"text-align: justify;\">Actualmente ning\u00fan miembro de la Junta goza de <strong>ninguna liberaci\u00f3n sindical<\/strong> para poder dedicarse a funciones de representaci\u00f3n sindical.<\/p>\n<p>Por otra parte, el personal laboral est\u00e1 representado por 3 delegadas de personal que tambi\u00e9n ejercen las funciones de representaci\u00f3n sindical.<\/p>\n<p style=\"text-align: justify;\">Los convenios colectivos son acuerdos o pactos relativos a las condiciones de trabajo y de empleo, en este caso, entre el Ayuntamiento y los representantes de los trabajadores. En el Ayuntamiento de Mont-roig del Camp est\u00e1 el siguiente convenio colectivo:<\/p>\n<ul>\n<li style=\"text-align: justify;\"><a href=\"http:\/\/mont-roig.cat\/wp-content\/uploads\/ACORD-DE-CONDICIONS-DE-TREBALL-DEL-PERSONAL-FUNCIONARI-I-LABORAL-DE-LAJUNTAMENT-DE-MONT-ROIG.pdf\" target=\"_blank\" rel=\"noopener noreferrer\">Acuerdo de condiciones de trabajo del personal laboral y funcionario del Ayuntamiento de Mont-roig del Camp<\/a><\/li>\n<li><a href=\"https:\/\/mont-roig.cat\/wp-content\/uploads\/Modificacions-pacte-de-condicions-de-treball-2019.pdf\" target=\"_blank\" rel=\"noopener noreferrer\">Modificaciones pacto de condiciones de trabajo<\/a><\/li>\n<\/ul>\n<p>Por otro lado, pod\u00e9is consultar otros documentos relacionados aprovados por el Ayuntamiento:<\/p>\n<ul>\n<li><a href=\"https:\/\/mont-roig.cat\/wp-content\/uploads\/Anunci_DOGC_reglament_Teletreball.pdf\" target=\"_blank\" rel=\"noopener\" data-wpel-link=\"internal\">Reglamento de Teletrabajo<\/a><\/li>\n<li><a href=\"https:\/\/mont-roig.cat\/wp-content\/uploads\/Pla-igualtat-2018.pdf\" target=\"_blank\" rel=\"noopener\" data-wpel-link=\"internal\">Plan de igualtdad<\/a><\/li>\n<li><a href=\"https:\/\/mont-roig.cat\/wp-content\/uploads\/Protocol-dassetjament-sexual.pdf\" target=\"_blank\" rel=\"noopener\" data-wpel-link=\"internal\">Protocolo de prevenci\u00f3n de acoso sexual<\/a><\/li>\n<\/ul>\n[\/vc_column_text][\/vc_column][\/vc_row]\n<\/div>","protected":false},"excerpt":{"rendered":"<p>[vc_row][vc_column][vc_column_text css=&#8221;&#8221;] La Junta de Personal es el \u00f3rgano que representa los derechos, deberes y obligaciones del personal funcionario del Ayuntamiento, que se constituye en todos los ayuntamientos que tengan como m\u00ednimo 50 funcionarios. Sus miembros se eligen cada 4 a\u00f1os, mediante la presentaci\u00f3n de listas y votaciones por parte de todo el personal funcionario [&hellip;]<\/p>\n","protected":false},"author":4,"featured_media":0,"parent":4328,"menu_order":0,"comment_status":"closed","ping_status":"closed","template":"","meta":{"inline_featured_image":false,"_monsterinsights_skip_tracking":false,"_monsterinsights_sitenote_active":false,"_monsterinsights_sitenote_note":"","_monsterinsights_sitenote_category":0,"footnotes":""},"class_list":["post-9506","page","type-page","status-publish","hentry"],"yoast_head":"<!-- This site is optimized with the Yoast SEO plugin v27.1.1 - https:\/\/yoast.com\/product\/yoast-seo-wordpress\/ -->\n<title>Convenios colectivos y \u00f3rganos sindicales - Ajuntament de Mont-roig del Camp<\/title>\n<meta name=\"robots\" content=\"index, follow, max-snippet:-1, max-image-preview:large, max-video-preview:-1\" \/>\n<link rel=\"canonical\" href=\"https:\/\/mont-roig.cat\/es\/ayuntamiento\/funcionament\/recursos-humanos\/convenios-colectivos-y-organos-sindicales\/\" \/>\n<meta property=\"og:locale\" content=\"es_ES\" \/>\n<meta property=\"og:type\" content=\"article\" \/>\n<meta property=\"og:title\" content=\"Convenios colectivos y \u00f3rganos sindicales - Ajuntament de Mont-roig del Camp\" \/>\n<meta property=\"og:description\" content=\"[vc_row][vc_column][vc_column_text css=&#8221;&#8221;] La Junta de Personal es el \u00f3rgano que representa los derechos, deberes y obligaciones del personal funcionario del Ayuntamiento, que se constituye en todos los ayuntamientos que tengan como m\u00ednimo 50 funcionarios. Sus miembros se eligen cada 4 a\u00f1os, mediante la presentaci\u00f3n de listas y votaciones por parte de todo el personal funcionario [&hellip;]\" \/>\n<meta property=\"og:url\" content=\"https:\/\/mont-roig.cat\/es\/ayuntamiento\/funcionament\/recursos-humanos\/convenios-colectivos-y-organos-sindicales\/\" \/>\n<meta property=\"og:site_name\" content=\"Ajuntament de Mont-roig del Camp\" \/>\n<meta property=\"article:modified_time\" content=\"2026-02-16T10:03:42+00:00\" \/>\n<meta property=\"og:image\" content=\"https:\/\/mont-roig.cat\/wp-content\/uploads\/aj-mont-roig-2.jpg\" \/>\n\t<meta property=\"og:image:width\" content=\"1200\" \/>\n\t<meta property=\"og:image:height\" content=\"600\" \/>\n\t<meta property=\"og:image:type\" content=\"image\/jpeg\" \/>\n<meta name=\"twitter:card\" content=\"summary_large_image\" \/>\n<meta name=\"twitter:label1\" content=\"Tiempo de lectura\" \/>\n\t<meta name=\"twitter:data1\" content=\"2 minutos\" \/>\n<script type=\"application\/ld+json\" class=\"yoast-schema-graph\">{\"@context\":\"https:\/\/schema.org\",\"@graph\":[{\"@type\":\"WebPage\",\"@id\":\"https:\/\/mont-roig.cat\/es\/ayuntamiento\/funcionament\/recursos-humanos\/convenios-colectivos-y-organos-sindicales\/\",\"url\":\"https:\/\/mont-roig.cat\/es\/ayuntamiento\/funcionament\/recursos-humanos\/convenios-colectivos-y-organos-sindicales\/\",\"name\":\"Convenios colectivos y \u00f3rganos sindicales - Ajuntament de Mont-roig del Camp\",\"isPartOf\":{\"@id\":\"https:\/\/mont-roig.cat\/es\/#website\"},\"datePublished\":\"2016-02-26T17:15:28+00:00\",\"dateModified\":\"2026-02-16T10:03:42+00:00\",\"breadcrumb\":{\"@id\":\"https:\/\/mont-roig.cat\/es\/ayuntamiento\/funcionament\/recursos-humanos\/convenios-colectivos-y-organos-sindicales\/#breadcrumb\"},\"inLanguage\":\"es\",\"potentialAction\":[{\"@type\":\"ReadAction\",\"target\":[\"https:\/\/mont-roig.cat\/es\/ayuntamiento\/funcionament\/recursos-humanos\/convenios-colectivos-y-organos-sindicales\/\"]}]},{\"@type\":\"BreadcrumbList\",\"@id\":\"https:\/\/mont-roig.cat\/es\/ayuntamiento\/funcionament\/recursos-humanos\/convenios-colectivos-y-organos-sindicales\/#breadcrumb\",\"itemListElement\":[{\"@type\":\"ListItem\",\"position\":1,\"name\":\"Inici\",\"item\":\"https:\/\/mont-roig.cat\/es\/pagina-de-inicio\/\"},{\"@type\":\"ListItem\",\"position\":2,\"name\":\"Ayuntamiento\",\"item\":\"https:\/\/mont-roig.cat\/es\/ayuntamiento\/\"},{\"@type\":\"ListItem\",\"position\":3,\"name\":\"Funcionamento\",\"item\":\"https:\/\/mont-roig.cat\/es\/ayuntamiento\/funcionament\/\"},{\"@type\":\"ListItem\",\"position\":4,\"name\":\"Recursos humanos\",\"item\":\"https:\/\/mont-roig.cat\/es\/ayuntamiento\/funcionament\/recursos-humanos\/\"},{\"@type\":\"ListItem\",\"position\":5,\"name\":\"Convenios colectivos y \u00f3rganos sindicales\"}]},{\"@type\":\"WebSite\",\"@id\":\"https:\/\/mont-roig.cat\/es\/#website\",\"url\":\"https:\/\/mont-roig.cat\/es\/\",\"name\":\"Ajuntament de Mont-roig del Camp\",\"description\":\"Tota la informaci\u00f3 sobre la instituci\u00f3, els seus \u00f2rgans de govern, actualitat, serveis i molt m\u00e9s.\",\"potentialAction\":[{\"@type\":\"SearchAction\",\"target\":{\"@type\":\"EntryPoint\",\"urlTemplate\":\"https:\/\/mont-roig.cat\/es\/?s={search_term_string}\"},\"query-input\":{\"@type\":\"PropertyValueSpecification\",\"valueRequired\":true,\"valueName\":\"search_term_string\"}}],\"inLanguage\":\"es\"}]}<\/script>\n<!-- \/ Yoast SEO plugin. -->","yoast_head_json":{"title":"Convenios colectivos y \u00f3rganos sindicales - Ajuntament de Mont-roig del Camp","robots":{"index":"index","follow":"follow","max-snippet":"max-snippet:-1","max-image-preview":"max-image-preview:large","max-video-preview":"max-video-preview:-1"},"canonical":"https:\/\/mont-roig.cat\/es\/ayuntamiento\/funcionament\/recursos-humanos\/convenios-colectivos-y-organos-sindicales\/","og_locale":"es_ES","og_type":"article","og_title":"Convenios colectivos y \u00f3rganos sindicales - Ajuntament de Mont-roig del Camp","og_description":"[vc_row][vc_column][vc_column_text css=&#8221;&#8221;] La Junta de Personal es el \u00f3rgano que representa los derechos, deberes y obligaciones del personal funcionario del Ayuntamiento, que se constituye en todos los ayuntamientos que tengan como m\u00ednimo 50 funcionarios. Sus miembros se eligen cada 4 a\u00f1os, mediante la presentaci\u00f3n de listas y votaciones por parte de todo el personal funcionario [&hellip;]","og_url":"https:\/\/mont-roig.cat\/es\/ayuntamiento\/funcionament\/recursos-humanos\/convenios-colectivos-y-organos-sindicales\/","og_site_name":"Ajuntament de Mont-roig del Camp","article_modified_time":"2026-02-16T10:03:42+00:00","og_image":[{"width":1200,"height":600,"url":"https:\/\/mont-roig.cat\/wp-content\/uploads\/aj-mont-roig-2.jpg","type":"image\/jpeg"}],"twitter_card":"summary_large_image","twitter_misc":{"Tiempo de lectura":"2 minutos"},"schema":{"@context":"https:\/\/schema.org","@graph":[{"@type":"WebPage","@id":"https:\/\/mont-roig.cat\/es\/ayuntamiento\/funcionament\/recursos-humanos\/convenios-colectivos-y-organos-sindicales\/","url":"https:\/\/mont-roig.cat\/es\/ayuntamiento\/funcionament\/recursos-humanos\/convenios-colectivos-y-organos-sindicales\/","name":"Convenios colectivos y \u00f3rganos sindicales - Ajuntament de Mont-roig del Camp","isPartOf":{"@id":"https:\/\/mont-roig.cat\/es\/#website"},"datePublished":"2016-02-26T17:15:28+00:00","dateModified":"2026-02-16T10:03:42+00:00","breadcrumb":{"@id":"https:\/\/mont-roig.cat\/es\/ayuntamiento\/funcionament\/recursos-humanos\/convenios-colectivos-y-organos-sindicales\/#breadcrumb"},"inLanguage":"es","potentialAction":[{"@type":"ReadAction","target":["https:\/\/mont-roig.cat\/es\/ayuntamiento\/funcionament\/recursos-humanos\/convenios-colectivos-y-organos-sindicales\/"]}]},{"@type":"BreadcrumbList","@id":"https:\/\/mont-roig.cat\/es\/ayuntamiento\/funcionament\/recursos-humanos\/convenios-colectivos-y-organos-sindicales\/#breadcrumb","itemListElement":[{"@type":"ListItem","position":1,"name":"Inici","item":"https:\/\/mont-roig.cat\/es\/pagina-de-inicio\/"},{"@type":"ListItem","position":2,"name":"Ayuntamiento","item":"https:\/\/mont-roig.cat\/es\/ayuntamiento\/"},{"@type":"ListItem","position":3,"name":"Funcionamento","item":"https:\/\/mont-roig.cat\/es\/ayuntamiento\/funcionament\/"},{"@type":"ListItem","position":4,"name":"Recursos humanos","item":"https:\/\/mont-roig.cat\/es\/ayuntamiento\/funcionament\/recursos-humanos\/"},{"@type":"ListItem","position":5,"name":"Convenios colectivos y \u00f3rganos sindicales"}]},{"@type":"WebSite","@id":"https:\/\/mont-roig.cat\/es\/#website","url":"https:\/\/mont-roig.cat\/es\/","name":"Ajuntament de Mont-roig del Camp","description":"Tota la informaci\u00f3 sobre la instituci\u00f3, els seus \u00f2rgans de govern, actualitat, serveis i molt m\u00e9s.","potentialAction":[{"@type":"SearchAction","target":{"@type":"EntryPoint","urlTemplate":"https:\/\/mont-roig.cat\/es\/?s={search_term_string}"},"query-input":{"@type":"PropertyValueSpecification","valueRequired":true,"valueName":"search_term_string"}}],"inLanguage":"es"}]}},"_links":{"self":[{"href":"https:\/\/mont-roig.cat\/es\/wp-json\/wp\/v2\/pages\/9506","targetHints":{"allow":["GET"]}}],"collection":[{"href":"https:\/\/mont-roig.cat\/es\/wp-json\/wp\/v2\/pages"}],"about":[{"href":"https:\/\/mont-roig.cat\/es\/wp-json\/wp\/v2\/types\/page"}],"author":[{"embeddable":true,"href":"https:\/\/mont-roig.cat\/es\/wp-json\/wp\/v2\/users\/4"}],"replies":[{"embeddable":true,"href":"https:\/\/mont-roig.cat\/es\/wp-json\/wp\/v2\/comments?post=9506"}],"version-history":[{"count":5,"href":"https:\/\/mont-roig.cat\/es\/wp-json\/wp\/v2\/pages\/9506\/revisions"}],"predecessor-version":[{"id":89086,"href":"https:\/\/mont-roig.cat\/es\/wp-json\/wp\/v2\/pages\/9506\/revisions\/89086"}],"up":[{"embeddable":true,"href":"https:\/\/mont-roig.cat\/es\/wp-json\/wp\/v2\/pages\/4328"}],"wp:attachment":[{"href":"https:\/\/mont-roig.cat\/es\/wp-json\/wp\/v2\/media?parent=9506"}],"curies":[{"name":"wp","href":"https:\/\/api.w.org\/{rel}","templated":true}]}}